{"id":1527,"date":"2019-09-15T22:33:59","date_gmt":"2019-09-15T22:33:59","guid":{"rendered":"https:\/\/www.btaytd.org\/web\/?page_id=1527"},"modified":"2019-09-15T22:34:00","modified_gmt":"2019-09-15T22:34:00","slug":"etkinlikler","status":"publish","type":"page","link":"https:\/\/www.btaytd.org\/web\/tr\/etkinlik-takvimi\/etkinlikler\/","title":{"rendered":"Etkinlikler"},"content":{"rendered":"<div id=\"pl-gb1527-69f8599c7d522\"  class=\"panel-layout\" ><div id=\"pg-gb1527-69f8599c7d522-0\"  class=\"panel-grid panel-no-style\" ><div id=\"pgc-gb1527-69f8599c7d522-0-0\"  class=\"panel-grid-cell\"  data-weight=\"1\" ><div id=\"panel-gb1527-69f8599c7d522-0-0-0\" class=\"so-panel widget widget_oc-block-9 panel-first-child panel-last-child\" data-index=\"0\" data-style=\"{&quot;background_image_attachment&quot;:false,&quot;background_display&quot;:&quot;tile&quot;}\" ><div\n\t\t\t\n\t\t\tclass=\"so-widget-oc-block-9 so-widget-oc-block-9-default-8003f8db0a5a-1527\"\n\t\t\t\n\t\t><div id=\"flipmag-bid-ntzfqmldhpkvorycwuejbigxa\"><div class=\"oc-block block-9 row\"  data-id=\"ntzfqmldhpkvorycwuejbigxa\" id=\"block_ntzfqmldhpkvorycwuejbigxa\" ><div class=\"column half\"><article class=\"post-11041 post type-post status-publish format-standard has-post-thumbnail category-duyurular category-etkinlikler category-fotograflar category-mesleki-rehberlik \" itemscope itemtype=\"http:\/\/schema.org\/Article\" ><div class=\"thumbs\"><span class=\"cat-title cat-15\"><a href=\"https:\/\/www.btaytd.org\/web\/tr\/category\/duyurular\/\">Duyurular<\/a><\/span><span class=\"fa fa-circle-o-notch fa-spin loader-img\"><\/span><a href=\"https:\/\/www.btaytd.org\/web\/tr\/davetiye-duyuru-79\/\" itemprop=\"url\"><img loading=\"lazy\" decoding=\"async\" width=\"500\" height=\"336\" src=\"https:\/\/www.btaytd.org\/web\/wp-content\/uploads\/2025\/10\/Red-Blue-Dental-Clinic-Medical-Logo-500x336.jpg\" class=\"attachment-flipmag-main-slider size-flipmag-main-slider wp-post-image\" alt=\"\" title=\"DAVET\u0130YE \u2013 DUYURU\" itemprop=\"image\" srcset=\"https:\/\/www.btaytd.org\/web\/wp-content\/uploads\/2025\/10\/Red-Blue-Dental-Clinic-Medical-Logo-500x336.jpg 500w, https:\/\/www.btaytd.org\/web\/wp-content\/uploads\/2025\/10\/Red-Blue-Dental-Clinic-Medical-Logo-272x182.jpg 272w\" sizes=\"(max-width: 500px) 100vw, 500px\" \/><\/a><\/div><div class=\"content\"><a href=\"https:\/\/www.btaytd.org\/web\/tr\/davetiye-duyuru-79\/\" title=\"DAVET\u0130YE \u2013 DUYURU\" itemprop=\"name url\"><h3>DAVET\u0130YE \u2013 DUYURU<\/h3><\/a><div class=\"block-meta\"><span class=\"posted-by\">By <span class=\"author\" itemprop=\"author\"><a href=\"https:\/\/www.btaytd.org\/web\/author\/btaytd\/\">BTAYTD BTAYTD<\/a><\/span><\/span><time datetime=\"2025-10-22T14:51:59+00:00\" itemprop=\"datePublished\"><a href=\"https:\/\/www.btaytd.org\/web\/2025\/10\/22\/\">Ekim 22, 2025<\/a><\/time><span class=\"comments\"><a href=\"https:\/\/www.btaytd.org\/web\/tr\/davetiye-duyuru-79\/#respond\"><i class=\"fa fa-comments-o\"><\/i> 0<\/a><\/span><\/div><div class=\"excerpt\"><p>Bat\u0131 Trakya Az\u0131nl\u0131\u011f\u0131 Y\u00fcksek Tahsilliler Derne\u011fi b\u00fcnyesinde faaliyet g\u00f6steren MeslekiTan\u0131t\u0131m ve Rehberlik Kolu, \u00f6\u011frencilere y\u00f6nelik \u201cDi\u015f Hekimli\u011fi\u201d b\u00f6l\u00fcm\u00fcn\u00fcn tan\u0131t\u0131m\u0131n\u0131ger\u00e7ekle\u015ftirecektir.Etkinli\u011fe t\u00fcm \u00f6\u011frenciler&hellip;<\/p>\n<\/div><\/div><\/article><\/div><div class=\"column half\"><article class=\"post-10224 post type-post status-publish format-standard has-post-thumbnail category-etkinlikler category-fotograflar category-haberler \" itemscope itemtype=\"http:\/\/schema.org\/Article\" ><div class=\"thumbs\"><span class=\"cat-title cat-90\"><a href=\"https:\/\/www.btaytd.org\/web\/tr\/category\/etkinlikler\/\">Etkinlikler<\/a><\/span><span class=\"fa fa-circle-o-notch fa-spin loader-img\"><\/span><a href=\"https:\/\/www.btaytd.org\/web\/tr\/mucize-tiyatrosundan-kulturel-gezi\/\" itemprop=\"url\"><img loading=\"lazy\" decoding=\"async\" width=\"702\" height=\"336\" src=\"https:\/\/www.btaytd.org\/web\/wp-content\/uploads\/2025\/06\/4-1-702x336.jpg\" class=\"attachment-flipmag-main-slider size-flipmag-main-slider wp-post-image\" alt=\"\" title=\"Mucize Tiyatrosu\u2019ndan K\u00fclt\u00fcrel Gezi\" itemprop=\"image\" srcset=\"https:\/\/www.btaytd.org\/web\/wp-content\/uploads\/2025\/06\/4-1-702x336.jpg 702w, https:\/\/www.btaytd.org\/web\/wp-content\/uploads\/2025\/06\/4-1-1078x516.jpg 1078w\" sizes=\"(max-width: 702px) 100vw, 702px\" \/><\/a><\/div><div class=\"content\"><a href=\"https:\/\/www.btaytd.org\/web\/tr\/mucize-tiyatrosundan-kulturel-gezi\/\" title=\"Mucize Tiyatrosu\u2019ndan K\u00fclt\u00fcrel Gezi\" itemprop=\"name url\"><h3>Mucize Tiyatrosu\u2019ndan K\u00fclt\u00fcrel Gezi<\/h3><\/a><div class=\"block-meta\"><span class=\"posted-by\">By <span class=\"author\" itemprop=\"author\"><a href=\"https:\/\/www.btaytd.org\/web\/author\/btaytd\/\">BTAYTD BTAYTD<\/a><\/span><\/span><time datetime=\"2025-06-09T23:52:49+00:00\" itemprop=\"datePublished\"><a href=\"https:\/\/www.btaytd.org\/web\/2025\/06\/09\/\">Haziran 9, 2025<\/a><\/time><span class=\"comments\"><a href=\"https:\/\/www.btaytd.org\/web\/tr\/mucize-tiyatrosundan-kulturel-gezi\/#respond\"><i class=\"fa fa-comments-o\"><\/i> 0<\/a><\/span><\/div><div class=\"excerpt\"><p>9 Haziran Pazartesi g\u00fcn\u00fc, BTAYTD Mucize Tiyatrosu \u0130lkokul oyuncular\u0131 ve velileri ile hem k\u00fclt\u00fcrel hem de e\u011flenceli bir gezi ger\u00e7ekle\u015ftirdi.&hellip;<\/p>\n<\/div><\/div><\/article><\/div><div class=\"column half\"><article class=\"post-9350 post type-post status-publish format-standard has-post-thumbnail category-etkinlikler category-fotograflar category-haberler category-mesleki-rehberlik \" itemscope itemtype=\"http:\/\/schema.org\/Article\" ><div class=\"thumbs\"><span class=\"cat-title cat-90\"><a href=\"https:\/\/www.btaytd.org\/web\/tr\/category\/etkinlikler\/\">Etkinlikler<\/a><\/span><span class=\"fa fa-circle-o-notch fa-spin loader-img\"><\/span><a href=\"https:\/\/www.btaytd.org\/web\/tr\/bati-trakya-azinligi-yuksek-tahsilliler-dernegi-mesleki-tanitim-ve-rehberlik-kolu-ile-iskece-turk-birligi-genclik-kolunun-ortaklasa-duzenledigi-eczacilik-ve-veterinerlik-bolumlerinin-tanitimi-iskece\/\" itemprop=\"url\"><img loading=\"lazy\" decoding=\"async\" width=\"702\" height=\"336\" src=\"https:\/\/www.btaytd.org\/web\/wp-content\/uploads\/2025\/02\/WhatsApp-Image-2025-02-19-at-9.53.02-PM-1-702x336.jpeg\" class=\"attachment-flipmag-main-slider size-flipmag-main-slider wp-post-image\" alt=\"\" title=\"BATI TRAKYA AZINLI\u011eI Y\u00dcKSEK TAHS\u0130LL\u0130LER DERNE\u011e\u0130 MESLEK\u0130 TANITIM VE REHBERL\u0130K KOLU \u0130LE \u0130SKE\u00c7E T\u00dcRK B\u0130RL\u0130\u011e\u0130 GEN\u00c7L\u0130K KOLU&#8217;NUN ORTAKLA\u015eA D\u00dcZENLED\u0130\u011e\u0130 ECZACILIK VE VETER\u0130NERL\u0130K B\u00d6L\u00dcMLER\u0130N\u0130N TANITIMI \u0130SKE\u00c7E T\u00dcRK B\u0130RL\u0130\u011e\u0130 LOKAL\u0130NDE GER\u00c7EKLE\u015eT\u0130\" itemprop=\"image\" srcset=\"https:\/\/www.btaytd.org\/web\/wp-content\/uploads\/2025\/02\/WhatsApp-Image-2025-02-19-at-9.53.02-PM-1-702x336.jpeg 702w, https:\/\/www.btaytd.org\/web\/wp-content\/uploads\/2025\/02\/WhatsApp-Image-2025-02-19-at-9.53.02-PM-1-1078x516.jpeg 1078w\" sizes=\"(max-width: 702px) 100vw, 702px\" \/><\/a><\/div><div class=\"content\"><a href=\"https:\/\/www.btaytd.org\/web\/tr\/bati-trakya-azinligi-yuksek-tahsilliler-dernegi-mesleki-tanitim-ve-rehberlik-kolu-ile-iskece-turk-birligi-genclik-kolunun-ortaklasa-duzenledigi-eczacilik-ve-veterinerlik-bolumlerinin-tanitimi-iskece\/\" title=\"BATI TRAKYA AZINLI\u011eI Y\u00dcKSEK TAHS\u0130LL\u0130LER DERNE\u011e\u0130 MESLEK\u0130 TANITIM VE REHBERL\u0130K KOLU \u0130LE \u0130SKE\u00c7E T\u00dcRK B\u0130RL\u0130\u011e\u0130 GEN\u00c7L\u0130K KOLU&#8217;NUN ORTAKLA\u015eA D\u00dcZENLED\u0130\u011e\u0130 ECZACILIK VE VETER\u0130NERL\u0130K B\u00d6L\u00dcMLER\u0130N\u0130N TANITIMI \u0130SKE\u00c7E T\u00dcRK B\u0130RL\u0130\u011e\u0130 LOKAL\u0130NDE GER\u00c7EKLE\u015eT\u0130\" itemprop=\"name url\"><h3>BATI TRAKYA AZINLI\u011eI Y\u00dcKSEK TAHS\u0130LL\u0130LER DERNE\u011e\u0130 MESLEK\u0130 TANITIM VE REHBERL\u0130K KOLU \u0130LE \u0130SKE\u00c7E T\u00dcRK B\u0130RL\u0130\u011e\u0130 GEN\u00c7L\u0130K KOLU&#8217;NUN ORTAKLA\u015eA D\u00dcZENLED\u0130\u011e\u0130 ECZACILIK VE VETER\u0130NERL\u0130K B\u00d6L\u00dcMLER\u0130N\u0130N TANITIMI \u0130SKE\u00c7E T\u00dcRK B\u0130RL\u0130\u011e\u0130 LOKAL\u0130NDE GER\u00c7EKLE\u015eT\u0130<\/h3><\/a><div class=\"block-meta\"><span class=\"posted-by\">By <span class=\"author\" itemprop=\"author\"><a href=\"https:\/\/www.btaytd.org\/web\/author\/btaytd\/\">BTAYTD BTAYTD<\/a><\/span><\/span><time datetime=\"2025-02-19T20:32:11+00:00\" itemprop=\"datePublished\"><a href=\"https:\/\/www.btaytd.org\/web\/2025\/02\/19\/\">\u015eubat 19, 2025<\/a><\/time><span class=\"comments\"><a href=\"https:\/\/www.btaytd.org\/web\/tr\/bati-trakya-azinligi-yuksek-tahsilliler-dernegi-mesleki-tanitim-ve-rehberlik-kolu-ile-iskece-turk-birligi-genclik-kolunun-ortaklasa-duzenledigi-eczacilik-ve-veterinerlik-bolumlerinin-tanitimi-iskece\/#respond\"><i class=\"fa fa-comments-o\"><\/i> 0<\/a><\/span><\/div><div class=\"excerpt\"><p>19 \u015eubat 2025 \u00c7ar\u015famba ak\u015fam\u0131 \u0130ske\u00e7e T\u00fcrk Birli\u011fi Lokalinde Eczac\u0131l\u0131k ve Veterinerlik b\u00f6l\u00fcmlerinin tan\u0131t\u0131m\u0131 ger\u00e7ekle\u015fti.Eczac\u0131l\u0131k b\u00f6l\u00fcm\u00fcn\u00fcn tan\u0131t\u0131m\u0131n\u0131 eczac\u0131 sn. Fatma&hellip;<\/p>\n<\/div><\/div><\/article><\/div><div class=\"column half\"><article class=\"post-9346 post type-post status-publish format-standard has-post-thumbnail category-duyurular category-etkinlikler category-fotograflar category-mesleki-rehberlik \" itemscope itemtype=\"http:\/\/schema.org\/Article\" ><div class=\"thumbs\"><span class=\"cat-title cat-15\"><a href=\"https:\/\/www.btaytd.org\/web\/tr\/category\/duyurular\/\">Duyurular<\/a><\/span><span class=\"fa fa-circle-o-notch fa-spin loader-img\"><\/span><a href=\"https:\/\/www.btaytd.org\/web\/tr\/duyuru-davetiye-71\/\" itemprop=\"url\"><img loading=\"lazy\" decoding=\"async\" width=\"702\" height=\"336\" src=\"https:\/\/www.btaytd.org\/web\/wp-content\/uploads\/2025\/02\/3feb8f9f-71a6-481e-a494-dfb03c45cc21-1-702x336.jpg\" class=\"attachment-flipmag-main-slider size-flipmag-main-slider wp-post-image\" alt=\"\" title=\"DUYURU-DAVET\u0130YE\" itemprop=\"image\" srcset=\"https:\/\/www.btaytd.org\/web\/wp-content\/uploads\/2025\/02\/3feb8f9f-71a6-481e-a494-dfb03c45cc21-1-702x336.jpg 702w, https:\/\/www.btaytd.org\/web\/wp-content\/uploads\/2025\/02\/3feb8f9f-71a6-481e-a494-dfb03c45cc21-1-1078x516.jpg 1078w\" sizes=\"(max-width: 702px) 100vw, 702px\" \/><\/a><\/div><div class=\"content\"><a href=\"https:\/\/www.btaytd.org\/web\/tr\/duyuru-davetiye-71\/\" title=\"DUYURU-DAVET\u0130YE\" itemprop=\"name url\"><h3>DUYURU-DAVET\u0130YE<\/h3><\/a><div class=\"block-meta\"><span class=\"posted-by\">By <span class=\"author\" itemprop=\"author\"><a href=\"https:\/\/www.btaytd.org\/web\/author\/btaytd\/\">BTAYTD BTAYTD<\/a><\/span><\/span><time datetime=\"2025-02-18T08:20:18+00:00\" itemprop=\"datePublished\"><a href=\"https:\/\/www.btaytd.org\/web\/2025\/02\/18\/\">\u015eubat 18, 2025<\/a><\/time><span class=\"comments\"><a href=\"https:\/\/www.btaytd.org\/web\/tr\/duyuru-davetiye-71\/#respond\"><i class=\"fa fa-comments-o\"><\/i> 0<\/a><\/span><\/div><div class=\"excerpt\"><\/div><\/div><\/article><\/div><div class=\"column half\"><article class=\"post-9057 post type-post status-publish format-standard has-post-thumbnail category-duyurular category-etkinlikler category-fotograflar \" itemscope itemtype=\"http:\/\/schema.org\/Article\" ><div class=\"thumbs\"><span class=\"cat-title cat-15\"><a href=\"https:\/\/www.btaytd.org\/web\/tr\/category\/duyurular\/\">Duyurular<\/a><\/span><span class=\"fa fa-circle-o-notch fa-spin loader-img\"><\/span><a href=\"https:\/\/www.btaytd.org\/web\/tr\/duyuru-davetiye-68\/\" itemprop=\"url\"><img loading=\"lazy\" decoding=\"async\" width=\"702\" height=\"336\" src=\"https:\/\/www.btaytd.org\/web\/wp-content\/uploads\/2024\/12\/14816ec7-5bc1-449e-ac99-e0a78f9a36b6-702x336.jpg\" class=\"attachment-flipmag-main-slider size-flipmag-main-slider wp-post-image\" alt=\"\" title=\"DUYURU-DAVET\u0130YE\" itemprop=\"image\" srcset=\"https:\/\/www.btaytd.org\/web\/wp-content\/uploads\/2024\/12\/14816ec7-5bc1-449e-ac99-e0a78f9a36b6-702x336.jpg 702w, https:\/\/www.btaytd.org\/web\/wp-content\/uploads\/2024\/12\/14816ec7-5bc1-449e-ac99-e0a78f9a36b6-1078x516.jpg 1078w\" sizes=\"(max-width: 702px) 100vw, 702px\" \/><\/a><\/div><div class=\"content\"><a href=\"https:\/\/www.btaytd.org\/web\/tr\/duyuru-davetiye-68\/\" title=\"DUYURU-DAVET\u0130YE\" itemprop=\"name url\"><h3>DUYURU-DAVET\u0130YE<\/h3><\/a><div class=\"block-meta\"><span class=\"posted-by\">By <span class=\"author\" itemprop=\"author\"><a href=\"https:\/\/www.btaytd.org\/web\/author\/btaytd\/\">BTAYTD BTAYTD<\/a><\/span><\/span><time datetime=\"2024-12-16T13:59:12+00:00\" itemprop=\"datePublished\"><a href=\"https:\/\/www.btaytd.org\/web\/2024\/12\/16\/\">Aral\u0131k 16, 2024<\/a><\/time><span class=\"comments\"><a href=\"https:\/\/www.btaytd.org\/web\/tr\/duyuru-davetiye-68\/#respond\"><i class=\"fa fa-comments-o\"><\/i> 0<\/a><\/span><\/div><div class=\"excerpt\"><p>Bat\u0131 Trakya Az\u0131nl\u0131\u011f\u0131 Y\u00fcksek Tahsilliler Derne\u011fi\u2019nin d\u00fczenleyece\u011fi, Prof. Dr. El\u00e7in\u0130SKENDERZADE\u2019nin \u015fiir kitab\u0131n\u0131n tan\u0131t\u0131m\u0131 ve \u00f6d\u00fcl t\u00f6reni etkinli\u011fine kat\u0131l\u0131m\u0131n\u0131z bizlerionurland\u0131racakt\u0131r. Yer:&hellip;<\/p>\n<\/div><\/div><\/article><\/div><div class=\"column half\"><article class=\"post-8482 post type-post status-publish format-standard has-post-thumbnail category-duyurular category-etkinlikler category-fotograflar category-genc-akademisyenler-toplulugu \" itemscope itemtype=\"http:\/\/schema.org\/Article\" ><div class=\"thumbs\"><span class=\"cat-title cat-15\"><a href=\"https:\/\/www.btaytd.org\/web\/tr\/category\/duyurular\/\">Duyurular<\/a><\/span><span class=\"fa fa-circle-o-notch fa-spin loader-img\"><\/span><a href=\"https:\/\/www.btaytd.org\/web\/tr\/duyuru-davetiye-59\/\" itemprop=\"url\"><img loading=\"lazy\" decoding=\"async\" width=\"702\" height=\"336\" src=\"https:\/\/www.btaytd.org\/web\/wp-content\/uploads\/2024\/10\/85ba4f96-c6e9-4f84-bbd6-cdda3943b402-702x336.jpg\" class=\"attachment-flipmag-main-slider size-flipmag-main-slider wp-post-image\" alt=\"\" title=\"DUYURU-DAVET\u0130YE\" itemprop=\"image\" srcset=\"https:\/\/www.btaytd.org\/web\/wp-content\/uploads\/2024\/10\/85ba4f96-c6e9-4f84-bbd6-cdda3943b402-702x336.jpg 702w, https:\/\/www.btaytd.org\/web\/wp-content\/uploads\/2024\/10\/85ba4f96-c6e9-4f84-bbd6-cdda3943b402-1078x516.jpg 1078w\" sizes=\"(max-width: 702px) 100vw, 702px\" \/><\/a><\/div><div class=\"content\"><a href=\"https:\/\/www.btaytd.org\/web\/tr\/duyuru-davetiye-59\/\" title=\"DUYURU-DAVET\u0130YE\" itemprop=\"name url\"><h3>DUYURU-DAVET\u0130YE<\/h3><\/a><div class=\"block-meta\"><span class=\"posted-by\">By <span class=\"author\" itemprop=\"author\"><a href=\"https:\/\/www.btaytd.org\/web\/author\/btaytd\/\">BTAYTD BTAYTD<\/a><\/span><\/span><time datetime=\"2024-10-31T09:09:48+00:00\" itemprop=\"datePublished\"><a href=\"https:\/\/www.btaytd.org\/web\/2024\/10\/31\/\">Ekim 31, 2024<\/a><\/time><span class=\"comments\"><a href=\"https:\/\/www.btaytd.org\/web\/tr\/duyuru-davetiye-59\/#respond\"><i class=\"fa fa-comments-o\"><\/i> 0<\/a><\/span><\/div><div class=\"excerpt\"><\/div><\/div><\/article><\/div><div class=\"column half\"><article class=\"post-8412 post type-post status-publish format-standard has-post-thumbnail category-duyurular category-etkinlikler category-fotograflar category-genc-akademisyenler-toplulugu \" itemscope itemtype=\"http:\/\/schema.org\/Article\" ><div class=\"thumbs\"><span class=\"cat-title cat-15\"><a href=\"https:\/\/www.btaytd.org\/web\/tr\/category\/duyurular\/\">Duyurular<\/a><\/span><span class=\"fa fa-circle-o-notch fa-spin loader-img\"><\/span><a href=\"https:\/\/www.btaytd.org\/web\/tr\/btaytd-genc-akademisyenler-toplulugundan-kan-bagisi-kampanyasi\/\" itemprop=\"url\"><img loading=\"lazy\" decoding=\"async\" width=\"702\" height=\"336\" src=\"https:\/\/www.btaytd.org\/web\/wp-content\/uploads\/2024\/10\/4e3cf6c6-7b30-4295-b3be-263afcdaa1ba-1-702x336.jpg\" class=\"attachment-flipmag-main-slider size-flipmag-main-slider wp-post-image\" alt=\"\" title=\"BTAYTD GEN\u00c7 AKADEM\u0130SYENLER TOPLULU\u011eU&#8217;NDAN KAN BA\u011eI\u015eI KAMPANYASI\" itemprop=\"image\" srcset=\"https:\/\/www.btaytd.org\/web\/wp-content\/uploads\/2024\/10\/4e3cf6c6-7b30-4295-b3be-263afcdaa1ba-1-702x336.jpg 702w, https:\/\/www.btaytd.org\/web\/wp-content\/uploads\/2024\/10\/4e3cf6c6-7b30-4295-b3be-263afcdaa1ba-1-1078x516.jpg 1078w\" sizes=\"(max-width: 702px) 100vw, 702px\" \/><\/a><\/div><div class=\"content\"><a href=\"https:\/\/www.btaytd.org\/web\/tr\/btaytd-genc-akademisyenler-toplulugundan-kan-bagisi-kampanyasi\/\" title=\"BTAYTD GEN\u00c7 AKADEM\u0130SYENLER TOPLULU\u011eU&#8217;NDAN KAN BA\u011eI\u015eI KAMPANYASI\" itemprop=\"name url\"><h3>BTAYTD GEN\u00c7 AKADEM\u0130SYENLER TOPLULU\u011eU&#8217;NDAN KAN BA\u011eI\u015eI KAMPANYASI<\/h3><\/a><div class=\"block-meta\"><span class=\"posted-by\">By <span class=\"author\" itemprop=\"author\"><a href=\"https:\/\/www.btaytd.org\/web\/author\/btaytd\/\">BTAYTD BTAYTD<\/a><\/span><\/span><time datetime=\"2024-10-10T14:56:58+00:00\" itemprop=\"datePublished\"><a href=\"https:\/\/www.btaytd.org\/web\/2024\/10\/10\/\">Ekim 10, 2024<\/a><\/time><span class=\"comments\"><a href=\"https:\/\/www.btaytd.org\/web\/tr\/btaytd-genc-akademisyenler-toplulugundan-kan-bagisi-kampanyasi\/#respond\"><i class=\"fa fa-comments-o\"><\/i> 0<\/a><\/span><\/div><div class=\"excerpt\"><p>Son zamanlarda ya\u015fanan \u00fcz\u00fcc\u00fc hastal\u0131klar, ameliyatlar, kaza sonucu aranan kanlar\u0131n ne kadar \u00f6nemli oldu\u011funu hep beraber yapm\u0131\u015f oldu\u011fumuz payla\u015f\u0131mlarla g\u00f6rd\u00fck.&hellip;<\/p>\n<\/div><\/div><\/article><\/div><div class=\"column half\"><article class=\"post-8277 post type-post status-publish format-standard has-post-thumbnail category-duyurular category-etkinlikler category-fotograflar category-mesleki-rehberlik \" itemscope itemtype=\"http:\/\/schema.org\/Article\" ><div class=\"thumbs\"><span class=\"cat-title cat-15\"><a href=\"https:\/\/www.btaytd.org\/web\/tr\/category\/duyurular\/\">Duyurular<\/a><\/span><span class=\"fa fa-circle-o-notch fa-spin loader-img\"><\/span><a href=\"https:\/\/www.btaytd.org\/web\/tr\/davetiye-duyuru-74\/\" itemprop=\"url\"><img loading=\"lazy\" decoding=\"async\" width=\"702\" height=\"336\" src=\"https:\/\/www.btaytd.org\/web\/wp-content\/uploads\/2024\/10\/II-702x336.jpg\" class=\"attachment-flipmag-main-slider size-flipmag-main-slider wp-post-image\" alt=\"\" title=\"DAVET\u0130YE-DUYURU\" itemprop=\"image\" srcset=\"https:\/\/www.btaytd.org\/web\/wp-content\/uploads\/2024\/10\/II-702x336.jpg 702w, https:\/\/www.btaytd.org\/web\/wp-content\/uploads\/2024\/10\/II-1078x516.jpg 1078w\" sizes=\"(max-width: 702px) 100vw, 702px\" \/><\/a><\/div><div class=\"content\"><a href=\"https:\/\/www.btaytd.org\/web\/tr\/davetiye-duyuru-74\/\" title=\"DAVET\u0130YE-DUYURU\" itemprop=\"name url\"><h3>DAVET\u0130YE-DUYURU<\/h3><\/a><div class=\"block-meta\"><span class=\"posted-by\">By <span class=\"author\" itemprop=\"author\"><a href=\"https:\/\/www.btaytd.org\/web\/author\/btaytd\/\">BTAYTD BTAYTD<\/a><\/span><\/span><time datetime=\"2024-10-04T11:07:32+00:00\" itemprop=\"datePublished\"><a href=\"https:\/\/www.btaytd.org\/web\/2024\/10\/04\/\">Ekim 4, 2024<\/a><\/time><span class=\"comments\"><a href=\"https:\/\/www.btaytd.org\/web\/tr\/davetiye-duyuru-74\/#respond\"><i class=\"fa fa-comments-o\"><\/i> 0<\/a><\/span><\/div><div class=\"excerpt\"><p>Bat\u0131 Trakya Az\u0131nl\u0131\u011f\u0131 Y\u00fcksek Tahsilliler Derne\u011fi b\u00fcnyesinde faaliyet g\u00f6steren Mesleki Tan\u0131t\u0131m ve Rehberlik Kolu, lise \u00f6\u011frencilerine y\u00f6nelik \u201cZiraat M\u00fchendisli\u011fi\u201d konulu&hellip;<\/p>\n<\/div><\/div><\/article><\/div><div class=\"column half\"><article class=\"post-7522 post type-post status-publish format-standard has-post-thumbnail category-etkinlikler category-fotograflar category-mesleki-rehberlik \" itemscope itemtype=\"http:\/\/schema.org\/Article\" ><div class=\"thumbs\"><span class=\"cat-title cat-90\"><a href=\"https:\/\/www.btaytd.org\/web\/tr\/category\/etkinlikler\/\">Etkinlikler<\/a><\/span><span class=\"fa fa-circle-o-notch fa-spin loader-img\"><\/span><a href=\"https:\/\/www.btaytd.org\/web\/tr\/kisisel-gelisim-atolye-calismalarinin-ucuncu-oturumunda-gencler-icin-ozguven-konusu-islendi\/\" itemprop=\"url\"><img loading=\"lazy\" decoding=\"async\" width=\"702\" height=\"336\" src=\"https:\/\/www.btaytd.org\/web\/wp-content\/uploads\/2024\/02\/4-1-702x336.jpg\" class=\"attachment-flipmag-main-slider size-flipmag-main-slider wp-post-image\" alt=\"\" title=\"K\u0130\u015e\u0130SEL GEL\u0130\u015e\u0130M AT\u00d6LYE \u00c7ALI\u015eMALARININ \u00dc\u00c7\u00dcNC\u00dc OTURUMUNDA \u201cGEN\u00c7LER \u0130\u00c7\u0130N \u00d6ZG\u00dcVEN\u2019\u2019 KONUSU \u0130\u015eLEND\u0130\" itemprop=\"image\" srcset=\"https:\/\/www.btaytd.org\/web\/wp-content\/uploads\/2024\/02\/4-1-702x336.jpg 702w, https:\/\/www.btaytd.org\/web\/wp-content\/uploads\/2024\/02\/4-1-1074x516.jpg 1074w\" sizes=\"(max-width: 702px) 100vw, 702px\" \/><\/a><\/div><div class=\"content\"><a href=\"https:\/\/www.btaytd.org\/web\/tr\/kisisel-gelisim-atolye-calismalarinin-ucuncu-oturumunda-gencler-icin-ozguven-konusu-islendi\/\" title=\"K\u0130\u015e\u0130SEL GEL\u0130\u015e\u0130M AT\u00d6LYE \u00c7ALI\u015eMALARININ \u00dc\u00c7\u00dcNC\u00dc OTURUMUNDA \u201cGEN\u00c7LER \u0130\u00c7\u0130N \u00d6ZG\u00dcVEN\u2019\u2019 KONUSU \u0130\u015eLEND\u0130\" itemprop=\"name url\"><h3>K\u0130\u015e\u0130SEL GEL\u0130\u015e\u0130M AT\u00d6LYE \u00c7ALI\u015eMALARININ \u00dc\u00c7\u00dcNC\u00dc OTURUMUNDA \u201cGEN\u00c7LER \u0130\u00c7\u0130N \u00d6ZG\u00dcVEN\u2019\u2019 KONUSU \u0130\u015eLEND\u0130<\/h3><\/a><div class=\"block-meta\"><span class=\"posted-by\">By <span class=\"author\" itemprop=\"author\"><a href=\"https:\/\/www.btaytd.org\/web\/author\/btaytd\/\">BTAYTD BTAYTD<\/a><\/span><\/span><time datetime=\"2024-02-05T10:05:12+00:00\" itemprop=\"datePublished\"><a href=\"https:\/\/www.btaytd.org\/web\/2024\/02\/05\/\">\u015eubat 5, 2024<\/a><\/time><span class=\"comments\"><a href=\"https:\/\/www.btaytd.org\/web\/tr\/kisisel-gelisim-atolye-calismalarinin-ucuncu-oturumunda-gencler-icin-ozguven-konusu-islendi\/#respond\"><i class=\"fa fa-comments-o\"><\/i> 0<\/a><\/span><\/div><div class=\"excerpt\"><p>Bat\u0131 Trakya Az\u0131nl\u0131\u011f\u0131 Y\u00fcksek Tahsilliler Derne\u011fi b\u00fcnyesinde faaliyet g\u00f6steren Mesleki Tan\u0131t\u0131m ve Rehberlik Kolu, 2 \u015eubat 2024 tarihinde \u201cKi\u015fisel Geli\u015fim&hellip;<\/p>\n<\/div><\/div><\/article><\/div><div class=\"column half\"><article class=\"post-7405 post type-post status-publish format-standard has-post-thumbnail category-etkinlikler category-fotograflar category-haberler \" itemscope itemtype=\"http:\/\/schema.org\/Article\" ><div class=\"thumbs\"><span class=\"cat-title cat-90\"><a href=\"https:\/\/www.btaytd.org\/web\/tr\/category\/etkinlikler\/\">Etkinlikler<\/a><\/span><span class=\"fa fa-circle-o-notch fa-spin loader-img\"><\/span><a href=\"https:\/\/www.btaytd.org\/web\/tr\/btaytd-mucize-tiyatrosundan-mucize-dolu-kermes\/\" itemprop=\"url\"><img loading=\"lazy\" decoding=\"async\" width=\"702\" height=\"336\" src=\"https:\/\/www.btaytd.org\/web\/wp-content\/uploads\/2023\/12\/93957513-7f82-4d0f-b41a-8507237fa072-702x336.jpg\" class=\"attachment-flipmag-main-slider size-flipmag-main-slider wp-post-image\" alt=\"\" title=\"BTAYTD  MUC\u0130ZE T\u0130YATROSUNDAN &#8220;MUC\u0130ZE DOLU KERMES&#8221;\" itemprop=\"image\" srcset=\"https:\/\/www.btaytd.org\/web\/wp-content\/uploads\/2023\/12\/93957513-7f82-4d0f-b41a-8507237fa072-702x336.jpg 702w, https:\/\/www.btaytd.org\/web\/wp-content\/uploads\/2023\/12\/93957513-7f82-4d0f-b41a-8507237fa072-1078x516.jpg 1078w\" sizes=\"(max-width: 702px) 100vw, 702px\" \/><\/a><\/div><div class=\"content\"><a href=\"https:\/\/www.btaytd.org\/web\/tr\/btaytd-mucize-tiyatrosundan-mucize-dolu-kermes\/\" title=\"BTAYTD  MUC\u0130ZE T\u0130YATROSUNDAN &#8220;MUC\u0130ZE DOLU KERMES&#8221;\" itemprop=\"name url\"><h3>BTAYTD  MUC\u0130ZE T\u0130YATROSUNDAN &#8220;MUC\u0130ZE DOLU KERMES&#8221;<\/h3><\/a><div class=\"block-meta\"><span class=\"posted-by\">By <span class=\"author\" itemprop=\"author\"><a href=\"https:\/\/www.btaytd.org\/web\/author\/btaytd\/\">BTAYTD BTAYTD<\/a><\/span><\/span><time datetime=\"2023-12-16T20:17:01+00:00\" itemprop=\"datePublished\"><a href=\"https:\/\/www.btaytd.org\/web\/2023\/12\/16\/\">Aral\u0131k 16, 2023<\/a><\/time><span class=\"comments\"><a href=\"https:\/\/www.btaytd.org\/web\/tr\/btaytd-mucize-tiyatrosundan-mucize-dolu-kermes\/#respond\"><i class=\"fa fa-comments-o\"><\/i> 0<\/a><\/span><\/div><div class=\"excerpt\"><p>BTAYTD Mucize Tiyatrosunun 16 Aral\u0131k Cumartesi g\u00fcn\u00fc \u0130ske\u00e7e K\u00fclt\u00fcr Merkezinde ger\u00e7ekle\u015ftirmi\u015f oldu\u011fu &#8220;Mucize Dolu Kermes&#8221; olumsuz hava \u015fartlar\u0131na ra\u011fmen yo\u011fun&hellip;<\/p>\n<\/div><\/div><\/article><\/div><\/div><div id=\"page_ntzfqmldhpkvorycwuejbigxa\" class=\"main-pagination\"><span aria-current=\"page\" class=\"page-numbers current\">1<\/span>\n<a class=\"page-numbers\" href=\"\/web\/wp-json\/wp\/v2\/pages\/1527?paged=2\">2<\/a>\n<a class=\"page-numbers\" href=\"\/web\/wp-json\/wp\/v2\/pages\/1527?paged=3\">3<\/a>\n<span class=\"page-numbers dots\">&hellip;<\/span>\n<a class=\"page-numbers\" href=\"\/web\/wp-json\/wp\/v2\/pages\/1527?paged=11\">11<\/a>\n<a class=\"next page-numbers\" href=\"\/web\/wp-json\/wp\/v2\/pages\/1527?paged=2\"><span class=\"visuallyhidden\">Next<\/span><i class=\"fa fa-angle-right\"><\/i><\/a><\/div><\/div><\/div><\/div><\/div><\/div><\/div>","protected":false},"excerpt":{"rendered":"","protected":false},"author":4,"featured_media":0,"parent":71,"menu_order":0,"comment_status":"closed","ping_status":"closed","template":"","meta":{"footnotes":""},"class_list":["post-1527","page","type-page","status-publish"],"_links":{"self":[{"href":"https:\/\/www.btaytd.org\/web\/wp-json\/wp\/v2\/pages\/1527"}],"collection":[{"href":"https:\/\/www.btaytd.org\/web\/wp-json\/wp\/v2\/pages"}],"about":[{"href":"https:\/\/www.btaytd.org\/web\/wp-json\/wp\/v2\/types\/page"}],"author":[{"embeddable":true,"href":"https:\/\/www.btaytd.org\/web\/wp-json\/wp\/v2\/users\/4"}],"replies":[{"embeddable":true,"href":"https:\/\/www.btaytd.org\/web\/wp-json\/wp\/v2\/comments?post=1527"}],"version-history":[{"count":1,"href":"https:\/\/www.btaytd.org\/web\/wp-json\/wp\/v2\/pages\/1527\/revisions"}],"predecessor-version":[{"id":1528,"href":"https:\/\/www.btaytd.org\/web\/wp-json\/wp\/v2\/pages\/1527\/revisions\/1528"}],"up":[{"embeddable":true,"href":"https:\/\/www.btaytd.org\/web\/wp-json\/wp\/v2\/pages\/71"}],"wp:attachment":[{"href":"https:\/\/www.btaytd.org\/web\/wp-json\/wp\/v2\/media?parent=1527"}],"curies":[{"name":"wp","href":"https:\/\/api.w.org\/{rel}","templated":true}]}}