{"id":1537,"date":"2019-09-15T22:41:28","date_gmt":"2019-09-15T22:41:28","guid":{"rendered":"https:\/\/www.btaytd.org\/web\/?page_id=1537"},"modified":"2019-09-15T22:41:29","modified_gmt":"2019-09-15T22:41:29","slug":"haberler","status":"publish","type":"page","link":"https:\/\/www.btaytd.org\/web\/tr\/haberler\/","title":{"rendered":"Haberler"},"content":{"rendered":"<div id=\"pl-gb1537-69ff4de672296\"  class=\"panel-layout\" ><div id=\"pg-gb1537-69ff4de672296-0\"  class=\"panel-grid panel-no-style\" ><div id=\"pgc-gb1537-69ff4de672296-0-0\"  class=\"panel-grid-cell\"  data-weight=\"1\" ><div id=\"panel-gb1537-69ff4de672296-0-0-0\" class=\"so-panel widget widget_oc-block-9 panel-first-child panel-last-child\" data-index=\"0\" data-style=\"{&quot;background_image_attachment&quot;:false,&quot;background_display&quot;:&quot;tile&quot;}\" ><div\n\t\t\t\n\t\t\tclass=\"so-widget-oc-block-9 so-widget-oc-block-9-default-9f231620971c-1537\"\n\t\t\t\n\t\t><div id=\"flipmag-bid-pnjidtvkehgoufzlmbycwxqar\"><div class=\"oc-block block-9 row\"  data-id=\"pnjidtvkehgoufzlmbycwxqar\" id=\"block_pnjidtvkehgoufzlmbycwxqar\" ><div class=\"column half\"><article class=\"post-11904 post type-post status-publish format-standard has-post-thumbnail category-alt-kurullar category-fotograflar category-haberler \" itemscope itemtype=\"http:\/\/schema.org\/Article\" ><div class=\"thumbs\"><span class=\"cat-title cat-44\"><a href=\"https:\/\/www.btaytd.org\/web\/tr\/category\/alt-kurullar\/\">Alt Kurullar<\/a><\/span><span class=\"fa fa-circle-o-notch fa-spin loader-img\"><\/span><a href=\"https:\/\/www.btaytd.org\/web\/tr\/pusula-dergisi-olarak-turkiye-cumhuriyeti-gumulcine-baskonsolosu-aykut-unalin-esi-ilayda-unal-ile-bir-soylesi-gerceklestirdik-dergimize-vakit-ayirip-bizimle-bu-soylesiyi-gerceklestirdigi-icin-kendis\/\" itemprop=\"url\"><img loading=\"lazy\" decoding=\"async\" width=\"702\" height=\"336\" src=\"https:\/\/www.btaytd.org\/web\/wp-content\/uploads\/2026\/05\/Renkli-Meyveler-Duz-Egitim-Yatay-Afis-702x336.jpg\" class=\"attachment-flipmag-main-slider size-flipmag-main-slider wp-post-image\" alt=\"\" title=\"Pusula Dergisi olarak T\u00fcrkiye Cumhuriyeti G\u00fcm\u00fclcine Ba\u0219konsolosu Aykut \u00dcnal`\u0131n e\u0219i \u0130layda \u00dcnal ile bir s\u00f6yle\u0219i ger\u00e7ekle\u0219tirdik. Dergimize vakit ay\u0131r\u0131p bizimle bu s\u00f6yle\u0219iyi ger\u00e7ekle\u0219tirdi\u011fi i\u00e7in kendisine te\u0219ekk\u00fcr eder, keyifli okumalar dileriz.\" itemprop=\"image\" srcset=\"https:\/\/www.btaytd.org\/web\/wp-content\/uploads\/2026\/05\/Renkli-Meyveler-Duz-Egitim-Yatay-Afis-702x336.jpg 702w, https:\/\/www.btaytd.org\/web\/wp-content\/uploads\/2026\/05\/Renkli-Meyveler-Duz-Egitim-Yatay-Afis-1078x516.jpg 1078w\" sizes=\"(max-width: 702px) 100vw, 702px\" \/><\/a><\/div><div class=\"content\"><a href=\"https:\/\/www.btaytd.org\/web\/tr\/pusula-dergisi-olarak-turkiye-cumhuriyeti-gumulcine-baskonsolosu-aykut-unalin-esi-ilayda-unal-ile-bir-soylesi-gerceklestirdik-dergimize-vakit-ayirip-bizimle-bu-soylesiyi-gerceklestirdigi-icin-kendis\/\" title=\"Pusula Dergisi olarak T\u00fcrkiye Cumhuriyeti G\u00fcm\u00fclcine Ba\u0219konsolosu Aykut \u00dcnal`\u0131n e\u0219i \u0130layda \u00dcnal ile bir s\u00f6yle\u0219i ger\u00e7ekle\u0219tirdik. Dergimize vakit ay\u0131r\u0131p bizimle bu s\u00f6yle\u0219iyi ger\u00e7ekle\u0219tirdi\u011fi i\u00e7in kendisine te\u0219ekk\u00fcr eder, keyifli okumalar dileriz.\" itemprop=\"name url\"><h3>Pusula Dergisi olarak T\u00fcrkiye Cumhuriyeti G\u00fcm\u00fclcine Ba\u0219konsolosu Aykut \u00dcnal`\u0131n e\u0219i \u0130layda \u00dcnal ile bir s\u00f6yle\u0219i ger\u00e7ekle\u0219tirdik. Dergimize vakit ay\u0131r\u0131p bizimle bu s\u00f6yle\u0219iyi ger\u00e7ekle\u0219tirdi\u011fi i\u00e7in kendisine te\u0219ekk\u00fcr eder, keyifli okumalar dileriz.<\/h3><\/a><div class=\"block-meta\"><span class=\"posted-by\">By <span class=\"author\" itemprop=\"author\"><a href=\"https:\/\/www.btaytd.org\/web\/author\/btaytd\/\">BTAYTD BTAYTD<\/a><\/span><\/span><time datetime=\"2026-05-07T08:23:01+00:00\" itemprop=\"datePublished\"><a href=\"https:\/\/www.btaytd.org\/web\/2026\/05\/07\/\">May\u0131s 7, 2026<\/a><\/time><span class=\"comments\"><a href=\"https:\/\/www.btaytd.org\/web\/tr\/pusula-dergisi-olarak-turkiye-cumhuriyeti-gumulcine-baskonsolosu-aykut-unalin-esi-ilayda-unal-ile-bir-soylesi-gerceklestirdik-dergimize-vakit-ayirip-bizimle-bu-soylesiyi-gerceklestirdigi-icin-kendis\/#respond\"><i class=\"fa fa-comments-o\"><\/i> 0<\/a><\/span><\/div><div class=\"excerpt\"><p>Bat\u0131 Trakya\u2019da d\u00f6rd\u00fcnc\u00fc y\u0131l\u0131n\u0131zdas\u0131n\u0131z. Halk\u0131n severek yak\u0131ndan tan\u0131d\u0131\u011f\u0131, s\u00fcrekli toplumla i\u00e7 i\u00e7e olmaya \u00f6zen g\u00f6steren birisiniz. Sizi Bat\u0131 Trakya\u2019da bir\u00e7ok&hellip;<\/p>\n<\/div><\/div><\/article><\/div><div class=\"column half\"><article class=\"post-11895 post type-post status-publish format-standard has-post-thumbnail category-alt-kurullar category-fotograflar category-haberler \" itemscope itemtype=\"http:\/\/schema.org\/Article\" ><div class=\"thumbs\"><span class=\"cat-title cat-44\"><a href=\"https:\/\/www.btaytd.org\/web\/tr\/category\/alt-kurullar\/\">Alt Kurullar<\/a><\/span><span class=\"fa fa-circle-o-notch fa-spin loader-img\"><\/span><a href=\"https:\/\/www.btaytd.org\/web\/tr\/btaytd-darbuka-ritim-atolyesi-kakava-senliklerinde-sahne-aldi\/\" itemprop=\"url\"><img loading=\"lazy\" decoding=\"async\" width=\"702\" height=\"336\" src=\"https:\/\/www.btaytd.org\/web\/wp-content\/uploads\/2026\/05\/1-702x336.jpeg\" class=\"attachment-flipmag-main-slider size-flipmag-main-slider wp-post-image\" alt=\"\" title=\"BTAYTD Darbuka Ritim At\u00f6lyesi Kakava \u015eenliklerinde Sahne Ald\u0131\" itemprop=\"image\" \/><\/a><\/div><div class=\"content\"><a href=\"https:\/\/www.btaytd.org\/web\/tr\/btaytd-darbuka-ritim-atolyesi-kakava-senliklerinde-sahne-aldi\/\" title=\"BTAYTD Darbuka Ritim At\u00f6lyesi Kakava \u015eenliklerinde Sahne Ald\u0131\" itemprop=\"name url\"><h3>BTAYTD Darbuka Ritim At\u00f6lyesi Kakava \u015eenliklerinde Sahne Ald\u0131<\/h3><\/a><div class=\"block-meta\"><span class=\"posted-by\">By <span class=\"author\" itemprop=\"author\"><a href=\"https:\/\/www.btaytd.org\/web\/author\/btaytd\/\">BTAYTD BTAYTD<\/a><\/span><\/span><time datetime=\"2026-05-06T08:04:00+00:00\" itemprop=\"datePublished\"><a href=\"https:\/\/www.btaytd.org\/web\/2026\/05\/06\/\">May\u0131s 6, 2026<\/a><\/time><span class=\"comments\"><a href=\"https:\/\/www.btaytd.org\/web\/tr\/btaytd-darbuka-ritim-atolyesi-kakava-senliklerinde-sahne-aldi\/#respond\"><i class=\"fa fa-comments-o\"><\/i> 0<\/a><\/span><\/div><div class=\"excerpt\"><p>Bat\u0131 Trakya Az\u0131nl\u0131\u011f\u0131 Y\u00fcksek Tahsilliler Derne\u011fi (BTAYTD) b\u00fcnyesinde faaliyet g\u00f6steren Sevtap Hint\u2019in sorumlulu\u011funda, G\u00f6nen Molla\u2019n\u0131n \u00e7al\u0131\u015ft\u0131rd\u0131\u011f\u0131 Darbuka Ritim At\u00f6lyesi, Edirne&hellip;<\/p>\n<\/div><\/div><\/article><\/div><div class=\"column half\"><article class=\"post-11647 post type-post status-publish format-standard has-post-thumbnail category-fotograflar category-haberler \" itemscope itemtype=\"http:\/\/schema.org\/Article\" ><div class=\"thumbs\"><span class=\"cat-title cat-94\"><a href=\"https:\/\/www.btaytd.org\/web\/tr\/category\/fotograflar\/\">Foto\u011fraflar<\/a><\/span><span class=\"fa fa-circle-o-notch fa-spin loader-img\"><\/span><a href=\"https:\/\/www.btaytd.org\/web\/tr\/tesekkur-mesaji\/\" itemprop=\"url\"><img loading=\"lazy\" decoding=\"async\" width=\"702\" height=\"336\" src=\"https:\/\/www.btaytd.org\/web\/wp-content\/uploads\/2026\/04\/WhatsApp-Image-2026-04-02-at-11.00.08-AM-702x336.jpeg\" class=\"attachment-flipmag-main-slider size-flipmag-main-slider wp-post-image\" alt=\"\" title=\"TE\u015eEKK\u00dcR MESAJI\" itemprop=\"image\" srcset=\"https:\/\/www.btaytd.org\/web\/wp-content\/uploads\/2026\/04\/WhatsApp-Image-2026-04-02-at-11.00.08-AM-702x336.jpeg 702w, https:\/\/www.btaytd.org\/web\/wp-content\/uploads\/2026\/04\/WhatsApp-Image-2026-04-02-at-11.00.08-AM-1078x516.jpeg 1078w\" sizes=\"(max-width: 702px) 100vw, 702px\" \/><\/a><\/div><div class=\"content\"><a href=\"https:\/\/www.btaytd.org\/web\/tr\/tesekkur-mesaji\/\" title=\"TE\u015eEKK\u00dcR MESAJI\" itemprop=\"name url\"><h3>TE\u015eEKK\u00dcR MESAJI<\/h3><\/a><div class=\"block-meta\"><span class=\"posted-by\">By <span class=\"author\" itemprop=\"author\"><a href=\"https:\/\/www.btaytd.org\/web\/author\/btaytd\/\">BTAYTD BTAYTD<\/a><\/span><\/span><time datetime=\"2026-04-02T08:21:25+00:00\" itemprop=\"datePublished\"><a href=\"https:\/\/www.btaytd.org\/web\/2026\/04\/02\/\">Nisan 2, 2026<\/a><\/time><span class=\"comments\"><a href=\"https:\/\/www.btaytd.org\/web\/tr\/tesekkur-mesaji\/#respond\"><i class=\"fa fa-comments-o\"><\/i> 0<\/a><\/span><\/div><div class=\"excerpt\"><p>G\u00fcm\u00fclcine Se\u00e7ilmi\u015f M\u00fcft\u00fcm\u00fcz \u0130brahim \u015eER\u0130F&#8217;in, k\u0131ymetli e\u015fi Celile han\u0131m\u0131n da kat\u0131l\u0131m\u0131yla derne\u011fimizin kad\u0131n y\u00f6neticilerine y\u00f6nelik d\u00fczenledi\u011fi nazik davet i\u00e7in te\u015fekk\u00fcr&hellip;<\/p>\n<\/div><\/div><\/article><\/div><div class=\"column half\"><article class=\"post-11640 post type-post status-publish format-standard has-post-thumbnail category-alt-kurullar category-fotograflar category-haberler \" itemscope itemtype=\"http:\/\/schema.org\/Article\" ><div class=\"thumbs\"><span class=\"cat-title cat-44\"><a href=\"https:\/\/www.btaytd.org\/web\/tr\/category\/alt-kurullar\/\">Alt Kurullar<\/a><\/span><span class=\"fa fa-circle-o-notch fa-spin loader-img\"><\/span><a href=\"https:\/\/www.btaytd.org\/web\/tr\/pusula-dergisi-subat-2026-sayisi-genclerin-kalemi\/\" itemprop=\"url\"><img loading=\"lazy\" decoding=\"async\" width=\"702\" height=\"336\" src=\"https:\/\/www.btaytd.org\/web\/wp-content\/uploads\/2026\/03\/GENCLERIN-KALEMI-1-702x336.jpg\" class=\"attachment-flipmag-main-slider size-flipmag-main-slider wp-post-image\" alt=\"\" title=\"PUSULA DERG\u0130S\u0130 \u015eUBAT 2026 SAYISI- GEN\u00c7LER\u0130N KALEM\u0130\" itemprop=\"image\" srcset=\"https:\/\/www.btaytd.org\/web\/wp-content\/uploads\/2026\/03\/GENCLERIN-KALEMI-1-702x336.jpg 702w, https:\/\/www.btaytd.org\/web\/wp-content\/uploads\/2026\/03\/GENCLERIN-KALEMI-1-1078x516.jpg 1078w\" sizes=\"(max-width: 702px) 100vw, 702px\" \/><\/a><\/div><div class=\"content\"><a href=\"https:\/\/www.btaytd.org\/web\/tr\/pusula-dergisi-subat-2026-sayisi-genclerin-kalemi\/\" title=\"PUSULA DERG\u0130S\u0130 \u015eUBAT 2026 SAYISI- GEN\u00c7LER\u0130N KALEM\u0130\" itemprop=\"name url\"><h3>PUSULA DERG\u0130S\u0130 \u015eUBAT 2026 SAYISI- GEN\u00c7LER\u0130N KALEM\u0130<\/h3><\/a><div class=\"block-meta\"><span class=\"posted-by\">By <span class=\"author\" itemprop=\"author\"><a href=\"https:\/\/www.btaytd.org\/web\/author\/btaytd\/\">BTAYTD BTAYTD<\/a><\/span><\/span><time datetime=\"2026-03-27T11:57:59+00:00\" itemprop=\"datePublished\"><a href=\"https:\/\/www.btaytd.org\/web\/2026\/03\/27\/\">Mart 27, 2026<\/a><\/time><span class=\"comments\"><a href=\"https:\/\/www.btaytd.org\/web\/tr\/pusula-dergisi-subat-2026-sayisi-genclerin-kalemi\/#respond\"><i class=\"fa fa-comments-o\"><\/i> 0<\/a><\/span><\/div><div class=\"excerpt\"><p>Felsefe ve Bilimde Ak\u0131l\u2013Kalp \u0130li\u015fkisi      Ak\u0131l ve kalp, insan\u0131n d\u00fc\u015f\u00fcnce ve duygu d\u00fcnyas\u0131n\u0131 \u015fekillendiren iki temel unsur olarak&hellip;<\/p>\n<\/div><\/div><\/article><\/div><div class=\"column half\"><article class=\"post-11637 post type-post status-publish format-standard has-post-thumbnail category-alt-kurullar category-fotograflar category-haberler \" itemscope itemtype=\"http:\/\/schema.org\/Article\" ><div class=\"thumbs\"><span class=\"cat-title cat-44\"><a href=\"https:\/\/www.btaytd.org\/web\/tr\/category\/alt-kurullar\/\">Alt Kurullar<\/a><\/span><span class=\"fa fa-circle-o-notch fa-spin loader-img\"><\/span><a href=\"https:\/\/www.btaytd.org\/web\/tr\/pusula-dergisi-subat-2026-sayisi-yoresel-lezzetler\/\" itemprop=\"url\"><img loading=\"lazy\" decoding=\"async\" width=\"702\" height=\"336\" src=\"https:\/\/www.btaytd.org\/web\/wp-content\/uploads\/2026\/03\/YORESEL-LEZZETLER-1-702x336.jpg\" class=\"attachment-flipmag-main-slider size-flipmag-main-slider wp-post-image\" alt=\"\" title=\"PUSULA DERG\u0130S\u0130 \u015eUBAT 2026 SAYISI- Y\u00d6RESEL LEZZETLER\" itemprop=\"image\" srcset=\"https:\/\/www.btaytd.org\/web\/wp-content\/uploads\/2026\/03\/YORESEL-LEZZETLER-1-702x336.jpg 702w, https:\/\/www.btaytd.org\/web\/wp-content\/uploads\/2026\/03\/YORESEL-LEZZETLER-1-1078x516.jpg 1078w\" sizes=\"(max-width: 702px) 100vw, 702px\" \/><\/a><\/div><div class=\"content\"><a href=\"https:\/\/www.btaytd.org\/web\/tr\/pusula-dergisi-subat-2026-sayisi-yoresel-lezzetler\/\" title=\"PUSULA DERG\u0130S\u0130 \u015eUBAT 2026 SAYISI- Y\u00d6RESEL LEZZETLER\" itemprop=\"name url\"><h3>PUSULA DERG\u0130S\u0130 \u015eUBAT 2026 SAYISI- Y\u00d6RESEL LEZZETLER<\/h3><\/a><div class=\"block-meta\"><span class=\"posted-by\">By <span class=\"author\" itemprop=\"author\"><a href=\"https:\/\/www.btaytd.org\/web\/author\/btaytd\/\">BTAYTD BTAYTD<\/a><\/span><\/span><time datetime=\"2026-03-27T11:08:52+00:00\" itemprop=\"datePublished\"><a href=\"https:\/\/www.btaytd.org\/web\/2026\/03\/27\/\">Mart 27, 2026<\/a><\/time><span class=\"comments\"><a href=\"https:\/\/www.btaytd.org\/web\/tr\/pusula-dergisi-subat-2026-sayisi-yoresel-lezzetler\/#respond\"><i class=\"fa fa-comments-o\"><\/i> 0<\/a><\/span><\/div><div class=\"excerpt\"><p>Mantarlar\u0131n Mollas\u0131; Macrolepiota Procera Latince ad\u0131yla Macrolepiota procera olarak bilinen yabani bir mantar t\u00fcr\u00fcd\u00fcr. Evros b\u00f6lgesinde halk aras\u0131nda \u201cmolla\u201d olarak isimlendirilir. \u0130ske\u00e7e\u2019nin&hellip;<\/p>\n<\/div><\/div><\/article><\/div><div class=\"column half\"><article class=\"post-11631 post type-post status-publish format-standard has-post-thumbnail category-fotograflar category-haberler \" itemscope itemtype=\"http:\/\/schema.org\/Article\" ><div class=\"thumbs\"><span class=\"cat-title cat-94\"><a href=\"https:\/\/www.btaytd.org\/web\/tr\/category\/fotograflar\/\">Foto\u011fraflar<\/a><\/span><span class=\"fa fa-circle-o-notch fa-spin loader-img\"><\/span><a href=\"https:\/\/www.btaytd.org\/web\/tr\/dernegimize-ziyaret-30\/\" itemprop=\"url\"><img loading=\"lazy\" decoding=\"async\" width=\"702\" height=\"336\" src=\"https:\/\/www.btaytd.org\/web\/wp-content\/uploads\/2026\/03\/WhatsApp-Image-2026-03-26-at-8.23.22-PM-702x336.jpeg\" class=\"attachment-flipmag-main-slider size-flipmag-main-slider wp-post-image\" alt=\"\" title=\"Derne\u011fimize Ziyaret\" itemprop=\"image\" srcset=\"https:\/\/www.btaytd.org\/web\/wp-content\/uploads\/2026\/03\/WhatsApp-Image-2026-03-26-at-8.23.22-PM-702x336.jpeg 702w, https:\/\/www.btaytd.org\/web\/wp-content\/uploads\/2026\/03\/WhatsApp-Image-2026-03-26-at-8.23.22-PM-1078x516.jpeg 1078w\" sizes=\"(max-width: 702px) 100vw, 702px\" \/><\/a><\/div><div class=\"content\"><a href=\"https:\/\/www.btaytd.org\/web\/tr\/dernegimize-ziyaret-30\/\" title=\"Derne\u011fimize Ziyaret\" itemprop=\"name url\"><h3>Derne\u011fimize Ziyaret<\/h3><\/a><div class=\"block-meta\"><span class=\"posted-by\">By <span class=\"author\" itemprop=\"author\"><a href=\"https:\/\/www.btaytd.org\/web\/author\/btaytd\/\">BTAYTD BTAYTD<\/a><\/span><\/span><time datetime=\"2026-03-26T18:43:36+00:00\" itemprop=\"datePublished\"><a href=\"https:\/\/www.btaytd.org\/web\/2026\/03\/26\/\">Mart 26, 2026<\/a><\/time><span class=\"comments\"><a href=\"https:\/\/www.btaytd.org\/web\/tr\/dernegimize-ziyaret-30\/#respond\"><i class=\"fa fa-comments-o\"><\/i> 0<\/a><\/span><\/div><div class=\"excerpt\"><p>De\u011ferli \u00fcyemiz Semih \u00d6MER 26 Mart Per\u015fembe g\u00fcn\u00fc derne\u011fimize ziyarette bulunup kaleme alm\u0131\u015f oldu\u011fu &#8220;Bat\u0131 Trakya&#8217;n\u0131n Demografik Portresi&#8221; isimli kitab\u0131n\u0131&hellip;<\/p>\n<\/div><\/div><\/article><\/div><div class=\"column half\"><article class=\"post-11628 post type-post status-publish format-standard has-post-thumbnail category-alt-kurullar category-fotograflar category-haberler category-kadinlar-kolu \" itemscope itemtype=\"http:\/\/schema.org\/Article\" ><div class=\"thumbs\"><span class=\"cat-title cat-44\"><a href=\"https:\/\/www.btaytd.org\/web\/tr\/category\/alt-kurullar\/\">Alt Kurullar<\/a><\/span><span class=\"fa fa-circle-o-notch fa-spin loader-img\"><\/span><a href=\"https:\/\/www.btaytd.org\/web\/tr\/btaytd-kadinlar-kolundan-ziyaret-7\/\" itemprop=\"url\"><img loading=\"lazy\" decoding=\"async\" width=\"702\" height=\"336\" src=\"https:\/\/www.btaytd.org\/web\/wp-content\/uploads\/2026\/03\/IMG-20260326-WA0000-702x336.jpg\" class=\"attachment-flipmag-main-slider size-flipmag-main-slider wp-post-image\" alt=\"\" title=\"BTAYTD KADINLAR KOLU\u2019NDAN Z\u0130YARET\" itemprop=\"image\" srcset=\"https:\/\/www.btaytd.org\/web\/wp-content\/uploads\/2026\/03\/IMG-20260326-WA0000-702x336.jpg 702w, https:\/\/www.btaytd.org\/web\/wp-content\/uploads\/2026\/03\/IMG-20260326-WA0000-1078x516.jpg 1078w\" sizes=\"(max-width: 702px) 100vw, 702px\" \/><\/a><\/div><div class=\"content\"><a href=\"https:\/\/www.btaytd.org\/web\/tr\/btaytd-kadinlar-kolundan-ziyaret-7\/\" title=\"BTAYTD KADINLAR KOLU\u2019NDAN Z\u0130YARET\" itemprop=\"name url\"><h3>BTAYTD KADINLAR KOLU\u2019NDAN Z\u0130YARET<\/h3><\/a><div class=\"block-meta\"><span class=\"posted-by\">By <span class=\"author\" itemprop=\"author\"><a href=\"https:\/\/www.btaytd.org\/web\/author\/btaytd\/\">BTAYTD BTAYTD<\/a><\/span><\/span><time datetime=\"2026-03-26T13:21:16+00:00\" itemprop=\"datePublished\"><a href=\"https:\/\/www.btaytd.org\/web\/2026\/03\/26\/\">Mart 26, 2026<\/a><\/time><span class=\"comments\"><a href=\"https:\/\/www.btaytd.org\/web\/tr\/btaytd-kadinlar-kolundan-ziyaret-7\/#respond\"><i class=\"fa fa-comments-o\"><\/i> 0<\/a><\/span><\/div><div class=\"excerpt\"><p>Bat\u0131 Trakya Az\u0131nl\u0131\u011f\u0131 Y\u00fcksek Tahsilliler Derne\u011fi Kad\u0131nlar Kolu 26 Mart 2026 Per\u015fembe g\u00fcn\u00fc G\u00fcm\u00fclcine Se\u00e7ilmi\u015f M\u00fcft\u00fcs\u00fc Say\u0131n \u0130brahim \u015eER\u0130F\u2019 i&hellip;<\/p>\n<\/div><\/div><\/article><\/div><div class=\"column half\"><article class=\"post-11622 post type-post status-publish format-standard has-post-thumbnail category-haberler \" itemscope itemtype=\"http:\/\/schema.org\/Article\" ><div class=\"thumbs\"><span class=\"cat-title cat-88\"><a href=\"https:\/\/www.btaytd.org\/web\/tr\/category\/haberler\/\">Haberler<\/a><\/span><span class=\"fa fa-circle-o-notch fa-spin loader-img\"><\/span><a href=\"https:\/\/www.btaytd.org\/web\/tr\/pusula-dergisi-subat-2026-sayisi-yasam\/\" itemprop=\"url\"><img loading=\"lazy\" decoding=\"async\" width=\"702\" height=\"336\" src=\"https:\/\/www.btaytd.org\/web\/wp-content\/uploads\/2026\/03\/Renkli-Meyveler-Duz-Egitim-Yatay-Afis-702x336.jpg\" class=\"attachment-flipmag-main-slider size-flipmag-main-slider wp-post-image\" alt=\"\" title=\"PUSULA DERG\u0130S\u0130 \u015eUBAT 2026 SAYISI- YA\u015eAM\" itemprop=\"image\" srcset=\"https:\/\/www.btaytd.org\/web\/wp-content\/uploads\/2026\/03\/Renkli-Meyveler-Duz-Egitim-Yatay-Afis-702x336.jpg 702w, https:\/\/www.btaytd.org\/web\/wp-content\/uploads\/2026\/03\/Renkli-Meyveler-Duz-Egitim-Yatay-Afis-1078x516.jpg 1078w\" sizes=\"(max-width: 702px) 100vw, 702px\" \/><\/a><\/div><div class=\"content\"><a href=\"https:\/\/www.btaytd.org\/web\/tr\/pusula-dergisi-subat-2026-sayisi-yasam\/\" title=\"PUSULA DERG\u0130S\u0130 \u015eUBAT 2026 SAYISI- YA\u015eAM\" itemprop=\"name url\"><h3>PUSULA DERG\u0130S\u0130 \u015eUBAT 2026 SAYISI- YA\u015eAM<\/h3><\/a><div class=\"block-meta\"><span class=\"posted-by\">By <span class=\"author\" itemprop=\"author\"><a href=\"https:\/\/www.btaytd.org\/web\/author\/btaytd\/\">BTAYTD BTAYTD<\/a><\/span><\/span><time datetime=\"2026-03-26T11:31:33+00:00\" itemprop=\"datePublished\"><a href=\"https:\/\/www.btaytd.org\/web\/2026\/03\/26\/\">Mart 26, 2026<\/a><\/time><span class=\"comments\"><a href=\"https:\/\/www.btaytd.org\/web\/tr\/pusula-dergisi-subat-2026-sayisi-yasam\/#respond\"><i class=\"fa fa-comments-o\"><\/i> 0<\/a><\/span><\/div><div class=\"excerpt\"><p>KADINLAR KADIN OLMAKTAN MUTLU MU? Kad\u0131n olmak\u2026 Nedir kad\u0131n olmak, d\u00fc\u015f\u00fcnd\u00fcn\u00fcz m\u00fc hi\u00e7? Yolda y\u00fcr\u00fcrken yan\u0131n\u0131zdan ge\u00e7ip giden herhangi&hellip;<\/p>\n<\/div><\/div><\/article><\/div><div class=\"column half\"><article class=\"post-11618 post type-post status-publish format-standard has-post-thumbnail category-haberler \" itemscope itemtype=\"http:\/\/schema.org\/Article\" ><div class=\"thumbs\"><span class=\"cat-title cat-88\"><a href=\"https:\/\/www.btaytd.org\/web\/tr\/category\/haberler\/\">Haberler<\/a><\/span><span class=\"fa fa-circle-o-notch fa-spin loader-img\"><\/span><a href=\"https:\/\/www.btaytd.org\/web\/tr\/dernegimize-ziyaret-29\/\" itemprop=\"url\"><img loading=\"lazy\" decoding=\"async\" width=\"702\" height=\"336\" src=\"https:\/\/www.btaytd.org\/web\/wp-content\/uploads\/2026\/03\/WhatsApp-Image-2026-03-24-at-4.41.49-PM-702x336.jpeg\" class=\"attachment-flipmag-main-slider size-flipmag-main-slider wp-post-image\" alt=\"\" title=\"DERNE\u011e\u0130M\u0130ZE Z\u0130YARET\" itemprop=\"image\" srcset=\"https:\/\/www.btaytd.org\/web\/wp-content\/uploads\/2026\/03\/WhatsApp-Image-2026-03-24-at-4.41.49-PM-702x336.jpeg 702w, https:\/\/www.btaytd.org\/web\/wp-content\/uploads\/2026\/03\/WhatsApp-Image-2026-03-24-at-4.41.49-PM-1078x516.jpeg 1078w\" sizes=\"(max-width: 702px) 100vw, 702px\" \/><\/a><\/div><div class=\"content\"><a href=\"https:\/\/www.btaytd.org\/web\/tr\/dernegimize-ziyaret-29\/\" title=\"DERNE\u011e\u0130M\u0130ZE Z\u0130YARET\" itemprop=\"name url\"><h3>DERNE\u011e\u0130M\u0130ZE Z\u0130YARET<\/h3><\/a><div class=\"block-meta\"><span class=\"posted-by\">By <span class=\"author\" itemprop=\"author\"><a href=\"https:\/\/www.btaytd.org\/web\/author\/btaytd\/\">BTAYTD BTAYTD<\/a><\/span><\/span><time datetime=\"2026-03-24T15:18:03+00:00\" itemprop=\"datePublished\"><a href=\"https:\/\/www.btaytd.org\/web\/2026\/03\/24\/\">Mart 24, 2026<\/a><\/time><span class=\"comments\"><a href=\"https:\/\/www.btaytd.org\/web\/tr\/dernegimize-ziyaret-29\/#respond\"><i class=\"fa fa-comments-o\"><\/i> 0<\/a><\/span><\/div><div class=\"excerpt\"><p>Rodop ili milletvekili say\u0131n \u00d6zg\u00fcr Ferhat, 24 Mart Sal\u0131 g\u00fcn\u00fc derne\u011fimize ziyaret ger\u00e7ekle\u015ftirmi\u015ftir. Nazik ziyaretlerinden dolay\u0131 kendisine te\u015fekk\u00fcr ederiz.<\/p>\n<\/div><\/div><\/article><\/div><div class=\"column half\"><article class=\"post-11615 post type-post status-publish format-standard has-post-thumbnail category-alt-kurullar category-fotograflar category-haberler \" itemscope itemtype=\"http:\/\/schema.org\/Article\" ><div class=\"thumbs\"><span class=\"cat-title cat-44\"><a href=\"https:\/\/www.btaytd.org\/web\/tr\/category\/alt-kurullar\/\">Alt Kurullar<\/a><\/span><span class=\"fa fa-circle-o-notch fa-spin loader-img\"><\/span><a href=\"https:\/\/www.btaytd.org\/web\/tr\/pusula-dergisi-subat-2026-sayisi-saglik-bolumu\/\" itemprop=\"url\"><img loading=\"lazy\" decoding=\"async\" width=\"702\" height=\"336\" src=\"https:\/\/www.btaytd.org\/web\/wp-content\/uploads\/2026\/03\/SAGLIK-702x336.jpg\" class=\"attachment-flipmag-main-slider size-flipmag-main-slider wp-post-image\" alt=\"\" title=\"PUSULA DERG\u0130S\u0130 \u015eUBAT 2026 SAYISI- SA\u011eLIK B\u00d6L\u00dcM\u00dc\" itemprop=\"image\" srcset=\"https:\/\/www.btaytd.org\/web\/wp-content\/uploads\/2026\/03\/SAGLIK-702x336.jpg 702w, https:\/\/www.btaytd.org\/web\/wp-content\/uploads\/2026\/03\/SAGLIK-1078x516.jpg 1078w\" sizes=\"(max-width: 702px) 100vw, 702px\" \/><\/a><\/div><div class=\"content\"><a href=\"https:\/\/www.btaytd.org\/web\/tr\/pusula-dergisi-subat-2026-sayisi-saglik-bolumu\/\" title=\"PUSULA DERG\u0130S\u0130 \u015eUBAT 2026 SAYISI- SA\u011eLIK B\u00d6L\u00dcM\u00dc\" itemprop=\"name url\"><h3>PUSULA DERG\u0130S\u0130 \u015eUBAT 2026 SAYISI- SA\u011eLIK B\u00d6L\u00dcM\u00dc<\/h3><\/a><div class=\"block-meta\"><span class=\"posted-by\">By <span class=\"author\" itemprop=\"author\"><a href=\"https:\/\/www.btaytd.org\/web\/author\/btaytd\/\">BTAYTD BTAYTD<\/a><\/span><\/span><time datetime=\"2026-03-24T09:48:57+00:00\" itemprop=\"datePublished\"><a href=\"https:\/\/www.btaytd.org\/web\/2026\/03\/24\/\">Mart 24, 2026<\/a><\/time><span class=\"comments\"><a href=\"https:\/\/www.btaytd.org\/web\/tr\/pusula-dergisi-subat-2026-sayisi-saglik-bolumu\/#respond\"><i class=\"fa fa-comments-o\"><\/i> 0<\/a><\/span><\/div><div class=\"excerpt\"><p>Sa\u011fl\u0131kl\u0131 Ad\u0131mlar\u0131n Anahtar\u0131    Ortopedik Ayakkab\u0131lar    G\u00fcnl\u00fck hayat\u0131m\u0131zda ayaklar\u0131m\u0131z, fark etmesek de v\u00fccudumuzun en \u00e7ok \u00e7al\u0131\u015fan b\u00f6l\u00fcmlerinden biridir.&hellip;<\/p>\n<\/div><\/div><\/article><\/div><\/div><div id=\"page_pnjidtvkehgoufzlmbycwxqar\" class=\"main-pagination\"><span aria-current=\"page\" class=\"page-numbers current\">1<\/span>\n<a class=\"page-numbers\" href=\"\/web\/wp-json\/wp\/v2\/pages\/1537?paged=2\">2<\/a>\n<a class=\"page-numbers\" href=\"\/web\/wp-json\/wp\/v2\/pages\/1537?paged=3\">3<\/a>\n<span class=\"page-numbers dots\">&hellip;<\/span>\n<a class=\"page-numbers\" href=\"\/web\/wp-json\/wp\/v2\/pages\/1537?paged=81\">81<\/a>\n<a class=\"next page-numbers\" href=\"\/web\/wp-json\/wp\/v2\/pages\/1537?paged=2\"><span class=\"visuallyhidden\">Next<\/span><i class=\"fa fa-angle-right\"><\/i><\/a><\/div><\/div><\/div><\/div><\/div><\/div><\/div>","protected":false},"excerpt":{"rendered":"","protected":false},"author":4,"featured_media":0,"parent":0,"menu_order":0,"comment_status":"closed","ping_status":"closed","template":"","meta":{"footnotes":""},"class_list":["post-1537","page","type-page","status-publish"],"_links":{"self":[{"href":"https:\/\/www.btaytd.org\/web\/wp-json\/wp\/v2\/pages\/1537"}],"collection":[{"href":"https:\/\/www.btaytd.org\/web\/wp-json\/wp\/v2\/pages"}],"about":[{"href":"https:\/\/www.btaytd.org\/web\/wp-json\/wp\/v2\/types\/page"}],"author":[{"embeddable":true,"href":"https:\/\/www.btaytd.org\/web\/wp-json\/wp\/v2\/users\/4"}],"replies":[{"embeddable":true,"href":"https:\/\/www.btaytd.org\/web\/wp-json\/wp\/v2\/comments?post=1537"}],"version-history":[{"count":2,"href":"https:\/\/www.btaytd.org\/web\/wp-json\/wp\/v2\/pages\/1537\/revisions"}],"predecessor-version":[{"id":1540,"href":"https:\/\/www.btaytd.org\/web\/wp-json\/wp\/v2\/pages\/1537\/revisions\/1540"}],"wp:attachment":[{"href":"https:\/\/www.btaytd.org\/web\/wp-json\/wp\/v2\/media?parent=1537"}],"curies":[{"name":"wp","href":"https:\/\/api.w.org\/{rel}","templated":true}]}}