{"id":360,"date":"2019-09-09T17:49:05","date_gmt":"2019-09-09T17:49:05","guid":{"rendered":"https:\/\/www.btaytd.org\/web\/?page_id=360"},"modified":"2026-01-27T10:37:30","modified_gmt":"2026-01-27T10:37:30","slug":"yonetim-kurulu","status":"publish","type":"page","link":"https:\/\/www.btaytd.org\/web\/tr\/yonetim-kurulu\/","title":{"rendered":"Y\u00f6netim Kurulu"},"content":{"rendered":"\n<figure class=\"wp-block-table\"><table class=\"has-fixed-layout\"><tbody><tr><td> <strong>BA\u015eKAN<\/strong>  <\/td><td><\/td><\/tr><tr><td>Ad:<\/td><td>ZEYNEP<\/td><\/tr><tr><td> Soyad: <\/td><td>TEVF\u0130KO\u011eLU <\/td><\/tr><tr><td> Meslek: <\/td><td>G\u00dcZEL SANATLAR<\/td><\/tr><tr><td> E-mail: <\/td><td>zeyneptevfikoglu@gmail.com<\/td><\/tr><\/tbody><\/table><\/figure>\n\n\n\n<figure class=\"wp-block-table\"><table class=\"has-fixed-layout\"><tbody><tr><td> <strong>ASBA\u015eKAN<\/strong>     <\/td><td><\/td><\/tr><tr><td>Ad:<\/td><td>MELTEM<\/td><\/tr><tr><td> Soyad: <\/td><td>G\u0130R\u0130TL\u0130<\/td><\/tr><tr><td> Meslek: <\/td><td>SINIF \u00d6\u011eRETMEN\u0130<\/td><\/tr><tr><td> E-mail: <\/td><td>gkiritli.m@hotmail.gr<\/td><\/tr><\/tbody><\/table><\/figure>\n\n\n\n<figure class=\"wp-block-table\"><table class=\"has-fixed-layout\"><tbody><tr><td> <strong>GENEL<\/strong><br><strong>SEKRETER<\/strong> <\/td><td><\/td><\/tr><tr><td>Ad:<\/td><td>AL\u0130<\/td><\/tr><tr><td> Soyad: <\/td><td>AL\u0130O\u011eLU<\/td><\/tr><tr><td> Meslek: <\/td><td>MATEMAT\u0130K<\/td><\/tr><tr><td> E-mail: <\/td><td>alis_free@hotmail.com<\/td><\/tr><\/tbody><\/table><\/figure>\n\n\n\n<figure class=\"wp-block-table\"><table class=\"has-fixed-layout\"><tbody><tr><td> <strong>KASADAR<\/strong>   <\/td><td><\/td><\/tr><tr><td>Ad:<\/td><td>\u015e\u00dcKR\u0130YE<\/td><\/tr><tr><td> Soyad: <\/td><td>MEMET<\/td><\/tr><tr><td> Meslek: <\/td><td>OKUL \u00d6NCES\u0130 \u00d6\u011eRETMEN\u0130<\/td><\/tr><tr><td> E-mail: <\/td><td>sukriye_memet@yahoo.gr<\/td><\/tr><\/tbody><\/table><\/figure>\n\n\n\n<figure class=\"wp-block-table\"><table class=\"has-fixed-layout\"><tbody><tr><td> <strong>\u00dcYE<\/strong>                     <\/td><td><\/td><\/tr><tr><td>Ad:<\/td><td>DO\u011eA <\/td><\/tr><tr><td> Soyad: <\/td><td>KASAP<\/td><\/tr><tr><td> Meslek: <\/td><td>BESLENME VE D\u0130YETET\u0130K<\/td><\/tr><tr><td> E-mail: <\/td><td>ntoakasap759@gmail.com<\/td><\/tr><\/tbody><\/table><\/figure>\n\n\n\n<figure class=\"wp-block-table\"><table class=\"has-fixed-layout\"><tbody><tr><td> <strong>\u00dcYE<\/strong>               <\/td><td><\/td><\/tr><tr><td>Ad:<\/td><td>\u0130CLAL<\/td><\/tr><tr><td> Soyad: <\/td><td>AHMET<\/td><\/tr><tr><td> Meslek: <\/td><td>HEM\u015e\u0130RE<\/td><\/tr><tr><td> E-mail: <\/td><td>iciahmet@hotmail.com<\/td><\/tr><\/tbody><\/table><\/figure>\n\n\n\n<figure class=\"wp-block-table\"><table class=\"has-fixed-layout\"><tbody><tr><td> <strong>\u00dcYE<\/strong>                 <\/td><td><\/td><\/tr><tr><td>Ad:<\/td><td>FATMA <\/td><\/tr><tr><td> Soyad: <\/td><td>KARA OSMAN<\/td><\/tr><tr><td> Meslek: <\/td><td>M\u00dcZ\u0130K \u00d6\u011eRETMEN\u0130<\/td><\/tr><tr><td> E-mail: <\/td><td>fatmakrosman67@gmail.com<\/td><\/tr><\/tbody><\/table><\/figure>\n","protected":false},"excerpt":{"rendered":"<p>BA\u015eKAN Ad: ZEYNEP Soyad: TEVF\u0130KO\u011eLU Meslek: G\u00dcZEL SANATLAR E-mail: zeyneptevfikoglu@gmail.com ASBA\u015eKAN Ad: MELTEM Soyad: G\u0130R\u0130TL\u0130 Meslek: SINIF \u00d6\u011eRETMEN\u0130 E-mail: gkiritli.m@hotmail.gr GENELSEKRETER Ad: AL\u0130 Soyad: AL\u0130O\u011eLU Meslek: MATEMAT\u0130K E-mail: alis_free@hotmail.com KASADAR Ad: \u015e\u00dcKR\u0130YE Soyad: MEMET Meslek: OKUL \u00d6NCES\u0130 \u00d6\u011eRETMEN\u0130 E-mail: sukriye_memet@yahoo.gr \u00dcYE Ad: DO\u011eA Soyad: KASAP Meslek: BESLENME VE D\u0130YETET\u0130K E-mail: ntoakasap759@gmail.com \u00dcYE Ad: \u0130CLAL Soyad:<\/p>\n<div class=\"read-more\"><a href=\"https:\/\/www.btaytd.org\/web\/tr\/yonetim-kurulu\/\" title=\"Read More\">Read More<\/a><\/div>\n","protected":false},"author":2,"featured_media":0,"parent":0,"menu_order":0,"comment_status":"closed","ping_status":"closed","template":"","meta":{"footnotes":""},"class_list":["post-360","page","type-page","status-publish"],"_links":{"self":[{"href":"https:\/\/www.btaytd.org\/web\/wp-json\/wp\/v2\/pages\/360"}],"collection":[{"href":"https:\/\/www.btaytd.org\/web\/wp-json\/wp\/v2\/pages"}],"about":[{"href":"https:\/\/www.btaytd.org\/web\/wp-json\/wp\/v2\/types\/page"}],"author":[{"embeddable":true,"href":"https:\/\/www.btaytd.org\/web\/wp-json\/wp\/v2\/users\/2"}],"replies":[{"embeddable":true,"href":"https:\/\/www.btaytd.org\/web\/wp-json\/wp\/v2\/comments?post=360"}],"version-history":[{"count":18,"href":"https:\/\/www.btaytd.org\/web\/wp-json\/wp\/v2\/pages\/360\/revisions"}],"predecessor-version":[{"id":11382,"href":"https:\/\/www.btaytd.org\/web\/wp-json\/wp\/v2\/pages\/360\/revisions\/11382"}],"wp:attachment":[{"href":"https:\/\/www.btaytd.org\/web\/wp-json\/wp\/v2\/media?parent=360"}],"curies":[{"name":"wp","href":"https:\/\/api.w.org\/{rel}","templated":true}]}}