{"id":363,"date":"2019-09-09T17:49:17","date_gmt":"2019-09-09T17:49:17","guid":{"rendered":"https:\/\/www.btaytd.org\/web\/?page_id=363"},"modified":"2026-01-27T11:02:32","modified_gmt":"2026-01-27T11:02:32","slug":"denetim-kurulu","status":"publish","type":"page","link":"https:\/\/www.btaytd.org\/web\/tr\/denetim-kurulu\/","title":{"rendered":"Denetim Kurulu"},"content":{"rendered":"\n<figure class=\"wp-block-table\"><table class=\"has-fixed-layout\"><tbody><tr><td><strong>BA\u015eKAN<\/strong><\/td><td><\/td><\/tr><tr><td>Ad:<\/td><td>KENAN<\/td><\/tr><tr><td>Soyad:<\/td><td>GAGALI MUSTAFA<\/td><\/tr><tr><td>Meslek:<\/td><td>DOKTOR<\/td><\/tr><tr><td>E-mail:<\/td><td>drkenangagali@gmail.com<\/td><\/tr><\/tbody><\/table><\/figure>\n\n\n\n<figure class=\"wp-block-table\"><table class=\"has-fixed-layout\"><tbody><tr><td><strong>\u00dcYE<\/strong><\/td><td><\/td><\/tr><tr><td>Ad:<\/td><td>YILDIZ<\/td><\/tr><tr><td>Soyad:<\/td><td>CAFER<\/td><\/tr><tr><td>Meslek:<\/td><td>REHBERL\u0130K VE PS\u0130KOLOJ\u0130K DANI\u015eMANLIK <\/td><\/tr><tr><td>E-mail:<\/td><td>yildizcafer12@hotmail.com<\/td><\/tr><\/tbody><\/table><\/figure>\n\n\n\n<figure class=\"wp-block-table\"><table class=\"has-fixed-layout\"><tbody><tr><td><strong>\u00dcYE<\/strong><\/td><td><\/td><\/tr><tr><td>Ad:<\/td><td>SADIK<\/td><\/tr><tr><td>Soyad:<\/td><td>AL\u0130 NALBANT<\/td><\/tr><tr><td>Meslek:<\/td><td>T\u00dcRK D\u0130L\u0130 VE EDEB\u0130YATI<\/td><\/tr><tr><td>E-mail:<\/td><td>sadiknlbnt@gmail.com<\/td><\/tr><\/tbody><\/table><\/figure>\n\n\n","protected":false},"excerpt":{"rendered":"<p>BA\u015eKAN Ad: KENAN Soyad: GAGALI MUSTAFA Meslek: DOKTOR E-mail: drkenangagali@gmail.com \u00dcYE Ad: YILDIZ Soyad: CAFER Meslek: REHBERL\u0130K VE PS\u0130KOLOJ\u0130K DANI\u015eMANLIK E-mail: yildizcafer12@hotmail.com \u00dcYE Ad: SADIK Soyad: AL\u0130 NALBANT Meslek: T\u00dcRK D\u0130L\u0130 VE EDEB\u0130YATI E-mail: sadiknlbnt@gmail.com<\/p>\n","protected":false},"author":2,"featured_media":0,"parent":0,"menu_order":0,"comment_status":"closed","ping_status":"closed","template":"","meta":{"footnotes":""},"class_list":["post-363","page","type-page","status-publish"],"_links":{"self":[{"href":"https:\/\/www.btaytd.org\/web\/wp-json\/wp\/v2\/pages\/363"}],"collection":[{"href":"https:\/\/www.btaytd.org\/web\/wp-json\/wp\/v2\/pages"}],"about":[{"href":"https:\/\/www.btaytd.org\/web\/wp-json\/wp\/v2\/types\/page"}],"author":[{"embeddable":true,"href":"https:\/\/www.btaytd.org\/web\/wp-json\/wp\/v2\/users\/2"}],"replies":[{"embeddable":true,"href":"https:\/\/www.btaytd.org\/web\/wp-json\/wp\/v2\/comments?post=363"}],"version-history":[{"count":11,"href":"https:\/\/www.btaytd.org\/web\/wp-json\/wp\/v2\/pages\/363\/revisions"}],"predecessor-version":[{"id":11388,"href":"https:\/\/www.btaytd.org\/web\/wp-json\/wp\/v2\/pages\/363\/revisions\/11388"}],"wp:attachment":[{"href":"https:\/\/www.btaytd.org\/web\/wp-json\/wp\/v2\/media?parent=363"}],"curies":[{"name":"wp","href":"https:\/\/api.w.org\/{rel}","templated":true}]}}