{"id":387,"date":"2019-09-09T17:59:16","date_gmt":"2019-09-09T17:59:16","guid":{"rendered":"https:\/\/www.btaytd.org\/web\/?page_id=387"},"modified":"2019-09-15T22:29:55","modified_gmt":"2019-09-15T22:29:55","slug":"tarim-hayvancilik","status":"publish","type":"page","link":"https:\/\/www.btaytd.org\/web\/tr\/tarim-hayvancilik\/","title":{"rendered":"Tar\u0131m-Hayvanc\u0131l\u0131k"},"content":{"rendered":"<div id=\"pl-gb387-69d451da658f4\"  class=\"panel-layout\" ><div id=\"pg-gb387-69d451da658f4-0\"  class=\"panel-grid panel-no-style\" ><div id=\"pgc-gb387-69d451da658f4-0-0\"  class=\"panel-grid-cell\"  data-weight=\"1\" ><div id=\"panel-gb387-69d451da658f4-0-0-0\" class=\"so-panel widget widget_oc-block-9 panel-first-child panel-last-child\" data-index=\"0\" data-style=\"{&quot;background_image_attachment&quot;:false,&quot;background_display&quot;:&quot;tile&quot;}\" ><div\n\t\t\t\n\t\t\tclass=\"so-widget-oc-block-9 so-widget-oc-block-9-default-64aaa5ae3e1d-387\"\n\t\t\t\n\t\t><div id=\"flipmag-bid-ibrpjuwamyxdvncegqklohztf\"><div class=\"oc-block block-9 row\"  data-id=\"ibrpjuwamyxdvncegqklohztf\" id=\"block_ibrpjuwamyxdvncegqklohztf\" ><div class=\"column half\"><article class=\"post-3340 post type-post status-publish format-standard has-post-thumbnail category-duyurular category-fotograflar category-mesleki-rehberlik category-tarim-hayvancilik \" itemscope itemtype=\"http:\/\/schema.org\/Article\" ><div class=\"thumbs\"><span class=\"cat-title cat-15\"><a href=\"https:\/\/www.btaytd.org\/web\/tr\/category\/duyurular\/\">Duyurular<\/a><\/span><span class=\"fa fa-circle-o-notch fa-spin loader-img\"><\/span><a href=\"https:\/\/www.btaytd.org\/web\/tr\/hayir-diyorum-sinirlarimi-belirliyom-konulu-soylesi-gerceklestirildi\/\" itemprop=\"url\"><img loading=\"lazy\" decoding=\"async\" width=\"702\" height=\"336\" src=\"https:\/\/www.btaytd.org\/web\/wp-content\/uploads\/2020\/11\/Kapak-702x336.jpg\" class=\"attachment-flipmag-main-slider size-flipmag-main-slider wp-post-image\" alt=\"\" title=\"\u201cHAYIR D\u0130YORUM SINIRLARIMI BEL\u0130RL\u0130YOM\u201d KONULU S\u00d6YLE\u015e\u0130 GER\u00c7EKLE\u015eT\u0130R\u0130LD\u0130\" itemprop=\"image\" srcset=\"https:\/\/www.btaytd.org\/web\/wp-content\/uploads\/2020\/11\/Kapak-702x336.jpg 702w, https:\/\/www.btaytd.org\/web\/wp-content\/uploads\/2020\/11\/Kapak-1078x516.jpg 1078w\" sizes=\"(max-width: 702px) 100vw, 702px\" \/><\/a><\/div><div class=\"content\"><a href=\"https:\/\/www.btaytd.org\/web\/tr\/hayir-diyorum-sinirlarimi-belirliyom-konulu-soylesi-gerceklestirildi\/\" title=\"\u201cHAYIR D\u0130YORUM SINIRLARIMI BEL\u0130RL\u0130YOM\u201d KONULU S\u00d6YLE\u015e\u0130 GER\u00c7EKLE\u015eT\u0130R\u0130LD\u0130\" itemprop=\"name url\"><h3>\u201cHAYIR D\u0130YORUM SINIRLARIMI BEL\u0130RL\u0130YOM\u201d KONULU S\u00d6YLE\u015e\u0130 GER\u00c7EKLE\u015eT\u0130R\u0130LD\u0130<\/h3><\/a><div class=\"block-meta\"><span class=\"posted-by\">By <span class=\"author\" itemprop=\"author\"><a href=\"https:\/\/www.btaytd.org\/web\/author\/btaytd\/\">BTAYTD BTAYTD<\/a><\/span><\/span><time datetime=\"2020-11-19T13:44:22+00:00\" itemprop=\"datePublished\"><a href=\"https:\/\/www.btaytd.org\/web\/2020\/11\/19\/\">Kas\u0131m 19, 2020<\/a><\/time><span class=\"comments\"><a href=\"https:\/\/www.btaytd.org\/web\/tr\/hayir-diyorum-sinirlarimi-belirliyom-konulu-soylesi-gerceklestirildi\/#respond\"><i class=\"fa fa-comments-o\"><\/i> 0<\/a><\/span><\/div><div class=\"excerpt\"><p>Bat\u0131 Trakya Az\u0131nl\u0131\u011f\u0131 Y\u00fcksek Tahsilliler Derne\u011fi b\u00fcnyesinde faaliyet g\u00f6steren Mesleki Tan\u0131t\u0131m ve Rehberlik kolu, 18 Kas\u0131m \u00c7ar\u015famba g\u00fcn\u00fc, 18:00 ile&hellip;<\/p>\n<\/div><\/div><\/article><\/div><\/div><div id=\"page_ibrpjuwamyxdvncegqklohztf\" class=\"main-pagination\"><\/div><\/div><\/div><\/div><\/div><\/div><\/div>","protected":false},"excerpt":{"rendered":"","protected":false},"author":2,"featured_media":0,"parent":0,"menu_order":0,"comment_status":"closed","ping_status":"closed","template":"","meta":{"footnotes":""},"class_list":["post-387","page","type-page","status-publish"],"_links":{"self":[{"href":"https:\/\/www.btaytd.org\/web\/wp-json\/wp\/v2\/pages\/387"}],"collection":[{"href":"https:\/\/www.btaytd.org\/web\/wp-json\/wp\/v2\/pages"}],"about":[{"href":"https:\/\/www.btaytd.org\/web\/wp-json\/wp\/v2\/types\/page"}],"author":[{"embeddable":true,"href":"https:\/\/www.btaytd.org\/web\/wp-json\/wp\/v2\/users\/2"}],"replies":[{"embeddable":true,"href":"https:\/\/www.btaytd.org\/web\/wp-json\/wp\/v2\/comments?post=387"}],"version-history":[{"count":3,"href":"https:\/\/www.btaytd.org\/web\/wp-json\/wp\/v2\/pages\/387\/revisions"}],"predecessor-version":[{"id":1523,"href":"https:\/\/www.btaytd.org\/web\/wp-json\/wp\/v2\/pages\/387\/revisions\/1523"}],"wp:attachment":[{"href":"https:\/\/www.btaytd.org\/web\/wp-json\/wp\/v2\/media?parent=387"}],"curies":[{"name":"wp","href":"https:\/\/api.w.org\/{rel}","templated":true}]}}