{"id":396,"date":"2019-09-09T18:00:04","date_gmt":"2019-09-09T18:00:04","guid":{"rendered":"https:\/\/www.btaytd.org\/web\/?page_id=396"},"modified":"2019-09-15T22:26:16","modified_gmt":"2019-09-15T22:26:16","slug":"kadinlar-kolu","status":"publish","type":"page","link":"https:\/\/www.btaytd.org\/web\/tr\/kadinlar-kolu\/","title":{"rendered":"Kad\u0131nlar Kolu"},"content":{"rendered":"<div id=\"pl-gb396-69f2b84470e58\"  class=\"panel-layout\" ><div id=\"pg-gb396-69f2b84470e58-0\"  class=\"panel-grid panel-no-style\" ><div id=\"pgc-gb396-69f2b84470e58-0-0\"  class=\"panel-grid-cell\"  data-weight=\"1\" ><div id=\"panel-gb396-69f2b84470e58-0-0-0\" class=\"so-panel widget widget_oc-block-9 panel-first-child panel-last-child\" data-index=\"0\" data-style=\"{&quot;background_image_attachment&quot;:false,&quot;background_display&quot;:&quot;tile&quot;}\" ><div\n\t\t\t\n\t\t\tclass=\"so-widget-oc-block-9 so-widget-oc-block-9-default-4a0bcf87715c-396\"\n\t\t\t\n\t\t><div id=\"flipmag-bid-jfqchdyivtewounzxbmprlagk\"><div class=\"oc-block block-9 row\"  data-id=\"jfqchdyivtewounzxbmprlagk\" id=\"block_jfqchdyivtewounzxbmprlagk\" ><div class=\"column half\"><article class=\"post-11628 post type-post status-publish format-standard has-post-thumbnail category-alt-kurullar category-fotograflar category-haberler category-kadinlar-kolu \" itemscope itemtype=\"http:\/\/schema.org\/Article\" ><div class=\"thumbs\"><span class=\"cat-title cat-44\"><a href=\"https:\/\/www.btaytd.org\/web\/tr\/category\/alt-kurullar\/\">Alt Kurullar<\/a><\/span><span class=\"fa fa-circle-o-notch fa-spin loader-img\"><\/span><a href=\"https:\/\/www.btaytd.org\/web\/tr\/btaytd-kadinlar-kolundan-ziyaret-7\/\" itemprop=\"url\"><img loading=\"lazy\" decoding=\"async\" width=\"702\" height=\"336\" src=\"https:\/\/www.btaytd.org\/web\/wp-content\/uploads\/2026\/03\/IMG-20260326-WA0000-702x336.jpg\" class=\"attachment-flipmag-main-slider size-flipmag-main-slider wp-post-image\" alt=\"\" title=\"BTAYTD KADINLAR KOLU\u2019NDAN Z\u0130YARET\" itemprop=\"image\" srcset=\"https:\/\/www.btaytd.org\/web\/wp-content\/uploads\/2026\/03\/IMG-20260326-WA0000-702x336.jpg 702w, https:\/\/www.btaytd.org\/web\/wp-content\/uploads\/2026\/03\/IMG-20260326-WA0000-1078x516.jpg 1078w\" sizes=\"(max-width: 702px) 100vw, 702px\" \/><\/a><\/div><div class=\"content\"><a href=\"https:\/\/www.btaytd.org\/web\/tr\/btaytd-kadinlar-kolundan-ziyaret-7\/\" title=\"BTAYTD KADINLAR KOLU\u2019NDAN Z\u0130YARET\" itemprop=\"name url\"><h3>BTAYTD KADINLAR KOLU\u2019NDAN Z\u0130YARET<\/h3><\/a><div class=\"block-meta\"><span class=\"posted-by\">By <span class=\"author\" itemprop=\"author\"><a href=\"https:\/\/www.btaytd.org\/web\/author\/btaytd\/\">BTAYTD BTAYTD<\/a><\/span><\/span><time datetime=\"2026-03-26T13:21:16+00:00\" itemprop=\"datePublished\"><a href=\"https:\/\/www.btaytd.org\/web\/2026\/03\/26\/\">Mart 26, 2026<\/a><\/time><span class=\"comments\"><a href=\"https:\/\/www.btaytd.org\/web\/tr\/btaytd-kadinlar-kolundan-ziyaret-7\/#respond\"><i class=\"fa fa-comments-o\"><\/i> 0<\/a><\/span><\/div><div class=\"excerpt\"><p>Bat\u0131 Trakya Az\u0131nl\u0131\u011f\u0131 Y\u00fcksek Tahsilliler Derne\u011fi Kad\u0131nlar Kolu 26 Mart 2026 Per\u015fembe g\u00fcn\u00fc G\u00fcm\u00fclcine Se\u00e7ilmi\u015f M\u00fcft\u00fcs\u00fc Say\u0131n \u0130brahim \u015eER\u0130F\u2019 i&hellip;<\/p>\n<\/div><\/div><\/article><\/div><div class=\"column half\"><article class=\"post-11566 post type-post status-publish format-standard has-post-thumbnail category-alt-kurullar category-fotograflar category-haberler category-kadinlar-kolu \" itemscope itemtype=\"http:\/\/schema.org\/Article\" ><div class=\"thumbs\"><span class=\"cat-title cat-44\"><a href=\"https:\/\/www.btaytd.org\/web\/tr\/category\/alt-kurullar\/\">Alt Kurullar<\/a><\/span><span class=\"fa fa-circle-o-notch fa-spin loader-img\"><\/span><a href=\"https:\/\/www.btaytd.org\/web\/tr\/btaytd-kadinlar-kolunun-kucuk-bir-oyuncak-buyuk-bir-mutluluk-projesi-basari-ile-tamamlandi\/\" itemprop=\"url\"><img loading=\"lazy\" decoding=\"async\" width=\"702\" height=\"336\" src=\"https:\/\/www.btaytd.org\/web\/wp-content\/uploads\/2026\/03\/1-702x336.jpeg\" class=\"attachment-flipmag-main-slider size-flipmag-main-slider wp-post-image\" alt=\"\" title=\"BTAYTD Kad\u0131nlar Kolu&#8217;nun \u201cK\u00fc\u00e7\u00fck Bir Oyuncak, B\u00fcy\u00fck Bir Mutluluk\u201d Projesi Ba\u015far\u0131 ile Tamamland\u0131\" itemprop=\"image\" srcset=\"https:\/\/www.btaytd.org\/web\/wp-content\/uploads\/2026\/03\/1-702x336.jpeg 702w, https:\/\/www.btaytd.org\/web\/wp-content\/uploads\/2026\/03\/1-1078x516.jpeg 1078w\" sizes=\"(max-width: 702px) 100vw, 702px\" \/><\/a><\/div><div class=\"content\"><a href=\"https:\/\/www.btaytd.org\/web\/tr\/btaytd-kadinlar-kolunun-kucuk-bir-oyuncak-buyuk-bir-mutluluk-projesi-basari-ile-tamamlandi\/\" title=\"BTAYTD Kad\u0131nlar Kolu&#8217;nun \u201cK\u00fc\u00e7\u00fck Bir Oyuncak, B\u00fcy\u00fck Bir Mutluluk\u201d Projesi Ba\u015far\u0131 ile Tamamland\u0131\" itemprop=\"name url\"><h3>BTAYTD Kad\u0131nlar Kolu&#8217;nun \u201cK\u00fc\u00e7\u00fck Bir Oyuncak, B\u00fcy\u00fck Bir Mutluluk\u201d Projesi Ba\u015far\u0131 ile Tamamland\u0131<\/h3><\/a><div class=\"block-meta\"><span class=\"posted-by\">By <span class=\"author\" itemprop=\"author\"><a href=\"https:\/\/www.btaytd.org\/web\/author\/btaytd\/\">BTAYTD BTAYTD<\/a><\/span><\/span><time datetime=\"2026-03-16T08:31:37+00:00\" itemprop=\"datePublished\"><a href=\"https:\/\/www.btaytd.org\/web\/2026\/03\/16\/\">Mart 16, 2026<\/a><\/time><span class=\"comments\"><a href=\"https:\/\/www.btaytd.org\/web\/tr\/btaytd-kadinlar-kolunun-kucuk-bir-oyuncak-buyuk-bir-mutluluk-projesi-basari-ile-tamamlandi\/#respond\"><i class=\"fa fa-comments-o\"><\/i> 0<\/a><\/span><\/div><div class=\"excerpt\"><p>Bat\u0131 Trakya Az\u0131nl\u0131\u011f\u0131 Y\u00fcksek Tahsilliler Derne\u011fi Y\u00f6netimi ve Kad\u0131nlar Kolu olarak, Kad\u0131nlar Kolu\u2019nun y\u00fcr\u00fctt\u00fc\u011f\u00fc \u201cK\u00fc\u00e7\u00fck Bir Oyuncak, B\u00fcy\u00fck Bir Mutluluk\u201d&hellip;<\/p>\n<\/div><\/div><\/article><\/div><div class=\"column half\"><article class=\"post-11486 post type-post status-publish format-standard has-post-thumbnail category-duyurular category-fotograflar category-kadinlar-kolu \" itemscope itemtype=\"http:\/\/schema.org\/Article\" ><div class=\"thumbs\"><span class=\"cat-title cat-15\"><a href=\"https:\/\/www.btaytd.org\/web\/tr\/category\/duyurular\/\">Duyurular<\/a><\/span><span class=\"fa fa-circle-o-notch fa-spin loader-img\"><\/span><a href=\"https:\/\/www.btaytd.org\/web\/tr\/btaytd-kadinlar-kolundan-nezaket-ziyareti-2\/\" itemprop=\"url\"><img loading=\"lazy\" decoding=\"async\" width=\"702\" height=\"336\" src=\"https:\/\/www.btaytd.org\/web\/wp-content\/uploads\/2026\/02\/573edeaf-7159-43c4-a091-911310436758-702x336.jpg\" class=\"attachment-flipmag-main-slider size-flipmag-main-slider wp-post-image\" alt=\"\" title=\"BTAYTD KADINLAR KOLU&#8217;NDAN NEZAKET Z\u0130YARET\u0130\" itemprop=\"image\" \/><\/a><\/div><div class=\"content\"><a href=\"https:\/\/www.btaytd.org\/web\/tr\/btaytd-kadinlar-kolundan-nezaket-ziyareti-2\/\" title=\"BTAYTD KADINLAR KOLU&#8217;NDAN NEZAKET Z\u0130YARET\u0130\" itemprop=\"name url\"><h3>BTAYTD KADINLAR KOLU&#8217;NDAN NEZAKET Z\u0130YARET\u0130<\/h3><\/a><div class=\"block-meta\"><span class=\"posted-by\">By <span class=\"author\" itemprop=\"author\"><a href=\"https:\/\/www.btaytd.org\/web\/author\/btaytd\/\">BTAYTD BTAYTD<\/a><\/span><\/span><time datetime=\"2026-02-26T19:00:09+00:00\" itemprop=\"datePublished\"><a href=\"https:\/\/www.btaytd.org\/web\/2026\/02\/26\/\">\u015eubat 26, 2026<\/a><\/time><span class=\"comments\"><a href=\"https:\/\/www.btaytd.org\/web\/tr\/btaytd-kadinlar-kolundan-nezaket-ziyareti-2\/#respond\"><i class=\"fa fa-comments-o\"><\/i> 0<\/a><\/span><\/div><div class=\"excerpt\"><p>Bat\u0131 Trakya Az\u0131nl\u0131\u011f\u0131 Y\u00fcksek Tahsilliler Derne\u011fi Kad\u0131nlar Kolu 26 \u015eubat Per\u015fembe g\u00fcn\u00fc T\u00fcrkiye Cumhuriyeti G\u00fcm\u00fclcine Ba\u015fkonsolosu Say\u0131n Aykut \u00dcNAL\u2019 a&hellip;<\/p>\n<\/div><\/div><\/article><\/div><div class=\"column half\"><article class=\"post-11465 post type-post status-publish format-standard has-post-thumbnail category-duyurular category-fotograflar category-kadinlar-kolu \" itemscope itemtype=\"http:\/\/schema.org\/Article\" ><div class=\"thumbs\"><span class=\"cat-title cat-15\"><a href=\"https:\/\/www.btaytd.org\/web\/tr\/category\/duyurular\/\">Duyurular<\/a><\/span><span class=\"fa fa-circle-o-notch fa-spin loader-img\"><\/span><a href=\"https:\/\/www.btaytd.org\/web\/tr\/btaytd-kadinlar-kolu-secimleri-gerceklestirildi-4\/\" itemprop=\"url\"><img loading=\"lazy\" decoding=\"async\" width=\"702\" height=\"336\" src=\"https:\/\/www.btaytd.org\/web\/wp-content\/uploads\/2026\/02\/637725839_25541520448882997_7856369911367650089_n-702x336.jpg\" class=\"attachment-flipmag-main-slider size-flipmag-main-slider wp-post-image\" alt=\"\" title=\"BTAYTD KADINLAR KOLU SE\u00c7\u0130MLER\u0130 GER\u00c7EKLE\u015eT\u0130R\u0130LD\u0130\" itemprop=\"image\" \/><\/a><\/div><div class=\"content\"><a href=\"https:\/\/www.btaytd.org\/web\/tr\/btaytd-kadinlar-kolu-secimleri-gerceklestirildi-4\/\" title=\"BTAYTD KADINLAR KOLU SE\u00c7\u0130MLER\u0130 GER\u00c7EKLE\u015eT\u0130R\u0130LD\u0130\" itemprop=\"name url\"><h3>BTAYTD KADINLAR KOLU SE\u00c7\u0130MLER\u0130 GER\u00c7EKLE\u015eT\u0130R\u0130LD\u0130<\/h3><\/a><div class=\"block-meta\"><span class=\"posted-by\">By <span class=\"author\" itemprop=\"author\"><a href=\"https:\/\/www.btaytd.org\/web\/author\/btaytd\/\">BTAYTD BTAYTD<\/a><\/span><\/span><time datetime=\"2026-02-23T11:49:32+00:00\" itemprop=\"datePublished\"><a href=\"https:\/\/www.btaytd.org\/web\/2026\/02\/23\/\">\u015eubat 23, 2026<\/a><\/time><span class=\"comments\"><a href=\"https:\/\/www.btaytd.org\/web\/tr\/btaytd-kadinlar-kolu-secimleri-gerceklestirildi-4\/#respond\"><i class=\"fa fa-comments-o\"><\/i> 0<\/a><\/span><\/div><div class=\"excerpt\"><p>18 \u015eubat 2026 \u00c7ar\u015famba g\u00fcn\u00fc Bat\u0131 Trakya Az\u0131nl\u0131\u011f\u0131 Y\u00fcksek Tahsilliler Derne\u011fi&#8217;nin merkez lokalinde BTAYTD Kad\u0131nlar Kolu&#8217;nun se\u00e7imleri ger\u00e7ekle\u015ftirildi. 84 kad\u0131n&hellip;<\/p>\n<\/div><\/div><\/article><\/div><div class=\"column half\"><article class=\"post-11421 post type-post status-publish format-standard has-post-thumbnail category-duyurular category-fotograflar category-kadinlar-kolu \" itemscope itemtype=\"http:\/\/schema.org\/Article\" ><div class=\"thumbs\"><span class=\"cat-title cat-15\"><a href=\"https:\/\/www.btaytd.org\/web\/tr\/category\/duyurular\/\">Duyurular<\/a><\/span><span class=\"fa fa-circle-o-notch fa-spin loader-img\"><\/span><a href=\"https:\/\/www.btaytd.org\/web\/tr\/davetiye-duyuru-85\/\" itemprop=\"url\"><img loading=\"lazy\" decoding=\"async\" width=\"702\" height=\"336\" src=\"https:\/\/www.btaytd.org\/web\/wp-content\/uploads\/2026\/01\/normal-702x336.jpg\" class=\"attachment-flipmag-main-slider size-flipmag-main-slider wp-post-image\" alt=\"\" title=\"DAVET\u0130YE-DUYURU\" itemprop=\"image\" srcset=\"https:\/\/www.btaytd.org\/web\/wp-content\/uploads\/2026\/01\/normal-702x336.jpg 702w, https:\/\/www.btaytd.org\/web\/wp-content\/uploads\/2026\/01\/normal-1078x516.jpg 1078w\" sizes=\"(max-width: 702px) 100vw, 702px\" \/><\/a><\/div><div class=\"content\"><a href=\"https:\/\/www.btaytd.org\/web\/tr\/davetiye-duyuru-85\/\" title=\"DAVET\u0130YE-DUYURU\" itemprop=\"name url\"><h3>DAVET\u0130YE-DUYURU<\/h3><\/a><div class=\"block-meta\"><span class=\"posted-by\">By <span class=\"author\" itemprop=\"author\"><a href=\"https:\/\/www.btaytd.org\/web\/author\/btaytd\/\">BTAYTD BTAYTD<\/a><\/span><\/span><time datetime=\"2026-02-16T10:02:12+00:00\" itemprop=\"datePublished\"><a href=\"https:\/\/www.btaytd.org\/web\/2026\/02\/16\/\">\u015eubat 16, 2026<\/a><\/time><span class=\"comments\"><a href=\"https:\/\/www.btaytd.org\/web\/tr\/davetiye-duyuru-85\/#respond\"><i class=\"fa fa-comments-o\"><\/i> 0<\/a><\/span><\/div><div class=\"excerpt\"><p>BTAYTD KADINLAR KOLU SE\u00c7\u0130MLER\u0130 Kad\u0131n \u00dcyelerimizin Dikkatine, De\u011ferli \u00fcyemiz, BTAYTD Kad\u0131nlar Kolu se\u00e7imleri 16 \u015eubat 2026 Pazartesi g\u00fcn\u00fc saat 18:00&hellip;<\/p>\n<\/div><\/div><\/article><\/div><div class=\"column half\"><article class=\"post-10240 post type-post status-publish format-standard has-post-thumbnail category-duyurular category-fotograflar category-kadinlar-kolu \" itemscope itemtype=\"http:\/\/schema.org\/Article\" ><div class=\"thumbs\"><span class=\"cat-title cat-15\"><a href=\"https:\/\/www.btaytd.org\/web\/tr\/category\/duyurular\/\">Duyurular<\/a><\/span><span class=\"fa fa-circle-o-notch fa-spin loader-img\"><\/span><a href=\"https:\/\/www.btaytd.org\/web\/tr\/btaytd-kadinlar-kolu-filibeye-kultur-gezi-duzenledi\/\" itemprop=\"url\"><img loading=\"lazy\" decoding=\"async\" width=\"702\" height=\"336\" src=\"https:\/\/www.btaytd.org\/web\/wp-content\/uploads\/2025\/06\/WhatsApp-Image-2025-06-15-at-9.51.02-PM-702x336.jpeg\" class=\"attachment-flipmag-main-slider size-flipmag-main-slider wp-post-image\" alt=\"\" title=\"BTAYTD Kad\u0131nlar Kolu Filibe&#8217;ye K\u00fclt\u00fcr Gezi D\u00fczenledi.\" itemprop=\"image\" srcset=\"https:\/\/www.btaytd.org\/web\/wp-content\/uploads\/2025\/06\/WhatsApp-Image-2025-06-15-at-9.51.02-PM-702x336.jpeg 702w, https:\/\/www.btaytd.org\/web\/wp-content\/uploads\/2025\/06\/WhatsApp-Image-2025-06-15-at-9.51.02-PM-1078x516.jpeg 1078w\" sizes=\"(max-width: 702px) 100vw, 702px\" \/><\/a><\/div><div class=\"content\"><a href=\"https:\/\/www.btaytd.org\/web\/tr\/btaytd-kadinlar-kolu-filibeye-kultur-gezi-duzenledi\/\" title=\"BTAYTD Kad\u0131nlar Kolu Filibe&#8217;ye K\u00fclt\u00fcr Gezi D\u00fczenledi.\" itemprop=\"name url\"><h3>BTAYTD Kad\u0131nlar Kolu Filibe&#8217;ye K\u00fclt\u00fcr Gezi D\u00fczenledi.<\/h3><\/a><div class=\"block-meta\"><span class=\"posted-by\">By <span class=\"author\" itemprop=\"author\"><a href=\"https:\/\/www.btaytd.org\/web\/author\/btaytd\/\">BTAYTD BTAYTD<\/a><\/span><\/span><time datetime=\"2025-06-15T22:10:00+00:00\" itemprop=\"datePublished\"><a href=\"https:\/\/www.btaytd.org\/web\/2025\/06\/15\/\">Haziran 15, 2025<\/a><\/time><span class=\"comments\"><a href=\"https:\/\/www.btaytd.org\/web\/tr\/btaytd-kadinlar-kolu-filibeye-kultur-gezi-duzenledi\/#respond\"><i class=\"fa fa-comments-o\"><\/i> 0<\/a><\/span><\/div><div class=\"excerpt\"><p>BTAYTD Kad\u0131nlar Kolu 14-15 Haziran 2025&#8217;te Bulgaristan\u2019\u0131n 2019 K\u00fclt\u00fcr Ba\u015fkenti Filibe(Plovdiv)&#8217;ye K\u00fclt\u00fcr gezisi d\u00fczenledi. Gezi kapsam\u0131nda ilk olarak 14 Haziran&hellip;<\/p>\n<\/div><\/div><\/article><\/div><div class=\"column half\"><article class=\"post-10134 post type-post status-publish format-standard has-post-thumbnail category-alt-kurullar category-duyurular category-fotograflar category-kadinlar-kolu \" itemscope itemtype=\"http:\/\/schema.org\/Article\" ><div class=\"thumbs\"><span class=\"cat-title cat-44\"><a href=\"https:\/\/www.btaytd.org\/web\/tr\/category\/alt-kurullar\/\">Alt Kurullar<\/a><\/span><span class=\"fa fa-circle-o-notch fa-spin loader-img\"><\/span><a href=\"https:\/\/www.btaytd.org\/web\/tr\/duyuru-30\/\" itemprop=\"url\"><img loading=\"lazy\" decoding=\"async\" width=\"702\" height=\"336\" src=\"https:\/\/www.btaytd.org\/web\/wp-content\/uploads\/2025\/05\/495150652_9493472950781003_4271951060330970798_n-702x336.jpg\" class=\"attachment-flipmag-main-slider size-flipmag-main-slider wp-post-image\" alt=\"\" title=\"DUYURU\" itemprop=\"image\" srcset=\"https:\/\/www.btaytd.org\/web\/wp-content\/uploads\/2025\/05\/495150652_9493472950781003_4271951060330970798_n-702x336.jpg 702w, https:\/\/www.btaytd.org\/web\/wp-content\/uploads\/2025\/05\/495150652_9493472950781003_4271951060330970798_n-1078x516.jpg 1078w\" sizes=\"(max-width: 702px) 100vw, 702px\" \/><\/a><\/div><div class=\"content\"><a href=\"https:\/\/www.btaytd.org\/web\/tr\/duyuru-30\/\" title=\"DUYURU\" itemprop=\"name url\"><h3>DUYURU<\/h3><\/a><div class=\"block-meta\"><span class=\"posted-by\">By <span class=\"author\" itemprop=\"author\"><a href=\"https:\/\/www.btaytd.org\/web\/author\/btaytd\/\">BTAYTD BTAYTD<\/a><\/span><\/span><time datetime=\"2025-05-19T20:24:03+00:00\" itemprop=\"datePublished\"><a href=\"https:\/\/www.btaytd.org\/web\/2025\/05\/19\/\">May\u0131s 19, 2025<\/a><\/time><span class=\"comments\"><a href=\"https:\/\/www.btaytd.org\/web\/tr\/duyuru-30\/#respond\"><i class=\"fa fa-comments-o\"><\/i> 0<\/a><\/span><\/div><div class=\"excerpt\"><p>BTAYTD Kad\u0131nlar Kolunun D\u00fczenledi\u011fi Bulgaristan\u2019\u0131n K\u00fclt\u00fcr Ba\u015fkenti Filibe (Plovdiv) Gezisi Program\u0131 14-15 Haziran (1 Gece Konaklamal\u0131) Ramada by Wyndham Plovdiv&hellip;<\/p>\n<\/div><\/div><\/article><\/div><div class=\"column half\"><article class=\"post-9908 post type-post status-publish format-standard has-post-thumbnail category-alt-kurullar category-fotograflar category-haberler category-kadinlar-kolu \" itemscope itemtype=\"http:\/\/schema.org\/Article\" ><div class=\"thumbs\"><span class=\"cat-title cat-44\"><a href=\"https:\/\/www.btaytd.org\/web\/tr\/category\/alt-kurullar\/\">Alt Kurullar<\/a><\/span><span class=\"fa fa-circle-o-notch fa-spin loader-img\"><\/span><a href=\"https:\/\/www.btaytd.org\/web\/tr\/btaytd-kadinlar-kolundan-anneler-gunu-yemegi\/\" itemprop=\"url\"><img loading=\"lazy\" decoding=\"async\" width=\"702\" height=\"336\" src=\"https:\/\/www.btaytd.org\/web\/wp-content\/uploads\/2025\/05\/kapak-702x336.jpeg\" class=\"attachment-flipmag-main-slider size-flipmag-main-slider wp-post-image\" alt=\"\" title=\"BTAYTD Kad\u0131nlar Kolundan Anneler G\u00fcn\u00fc Yeme\u011fi\" itemprop=\"image\" srcset=\"https:\/\/www.btaytd.org\/web\/wp-content\/uploads\/2025\/05\/kapak-702x336.jpeg 702w, https:\/\/www.btaytd.org\/web\/wp-content\/uploads\/2025\/05\/kapak-1078x516.jpeg 1078w\" sizes=\"(max-width: 702px) 100vw, 702px\" \/><\/a><\/div><div class=\"content\"><a href=\"https:\/\/www.btaytd.org\/web\/tr\/btaytd-kadinlar-kolundan-anneler-gunu-yemegi\/\" title=\"BTAYTD Kad\u0131nlar Kolundan Anneler G\u00fcn\u00fc Yeme\u011fi\" itemprop=\"name url\"><h3>BTAYTD Kad\u0131nlar Kolundan Anneler G\u00fcn\u00fc Yeme\u011fi<\/h3><\/a><div class=\"block-meta\"><span class=\"posted-by\">By <span class=\"author\" itemprop=\"author\"><a href=\"https:\/\/www.btaytd.org\/web\/author\/btaytd\/\">BTAYTD BTAYTD<\/a><\/span><\/span><time datetime=\"2025-05-11T08:15:35+00:00\" itemprop=\"datePublished\"><a href=\"https:\/\/www.btaytd.org\/web\/2025\/05\/11\/\">May\u0131s 11, 2025<\/a><\/time><span class=\"comments\"><a href=\"https:\/\/www.btaytd.org\/web\/tr\/btaytd-kadinlar-kolundan-anneler-gunu-yemegi\/#respond\"><i class=\"fa fa-comments-o\"><\/i> 0<\/a><\/span><\/div><div class=\"excerpt\"><p>BTAYTD Kad\u0131nlar Kolu 10 May\u0131s 2025 Cumartesi ak\u015fam\u0131 Yass\u0131k\u00f6y Arnemousi lokantas\u0131nda, Anneler G\u00fcn\u00fc arifesinde, kendi hayat\u0131n\u0131n kahraman\u0131, sevgi dolu kad\u0131nlarla&hellip;<\/p>\n<\/div><\/div><\/article><\/div><div class=\"column half\"><article class=\"post-9891 post type-post status-publish format-standard has-post-thumbnail category-alt-kurullar category-fotograflar category-haberler category-kadinlar-kolu \" itemscope itemtype=\"http:\/\/schema.org\/Article\" ><div class=\"thumbs\"><span class=\"cat-title cat-44\"><a href=\"https:\/\/www.btaytd.org\/web\/tr\/category\/alt-kurullar\/\">Alt Kurullar<\/a><\/span><span class=\"fa fa-circle-o-notch fa-spin loader-img\"><\/span><a href=\"https:\/\/www.btaytd.org\/web\/tr\/btaytd-kadinlar-kolu-nezaket-ziyaretlerine-devam-ediyor\/\" itemprop=\"url\"><img loading=\"lazy\" decoding=\"async\" width=\"702\" height=\"336\" src=\"https:\/\/www.btaytd.org\/web\/wp-content\/uploads\/2025\/05\/muft-702x336.jpeg\" class=\"attachment-flipmag-main-slider size-flipmag-main-slider wp-post-image\" alt=\"\" title=\"BTAYTD Kad\u0131nlar Kolu Nezaket Ziyaretlerine Devam Ediyor\" itemprop=\"image\" srcset=\"https:\/\/www.btaytd.org\/web\/wp-content\/uploads\/2025\/05\/muft-702x336.jpeg 702w, https:\/\/www.btaytd.org\/web\/wp-content\/uploads\/2025\/05\/muft-1078x516.jpeg 1078w\" sizes=\"(max-width: 702px) 100vw, 702px\" \/><\/a><\/div><div class=\"content\"><a href=\"https:\/\/www.btaytd.org\/web\/tr\/btaytd-kadinlar-kolu-nezaket-ziyaretlerine-devam-ediyor\/\" title=\"BTAYTD Kad\u0131nlar Kolu Nezaket Ziyaretlerine Devam Ediyor\" itemprop=\"name url\"><h3>BTAYTD Kad\u0131nlar Kolu Nezaket Ziyaretlerine Devam Ediyor<\/h3><\/a><div class=\"block-meta\"><span class=\"posted-by\">By <span class=\"author\" itemprop=\"author\"><a href=\"https:\/\/www.btaytd.org\/web\/author\/btaytd\/\">BTAYTD BTAYTD<\/a><\/span><\/span><time datetime=\"2025-05-07T17:35:07+00:00\" itemprop=\"datePublished\"><a href=\"https:\/\/www.btaytd.org\/web\/2025\/05\/07\/\">May\u0131s 7, 2025<\/a><\/time><span class=\"comments\"><a href=\"https:\/\/www.btaytd.org\/web\/tr\/btaytd-kadinlar-kolu-nezaket-ziyaretlerine-devam-ediyor\/#respond\"><i class=\"fa fa-comments-o\"><\/i> 0<\/a><\/span><\/div><div class=\"excerpt\"><p>Bat\u0131 Trakya Az\u0131nl\u0131\u011f\u0131 Y\u00fcksek Tahsilliler Derne\u011fi Kad\u0131nlar Kolu Ba\u015fkan\u0131 Sevtap H\u0130NT ve Y\u00f6netim Kurulu \u00fcyeleri, 7 May\u0131s 2025 \u00c7ar\u015famba g\u00fcn\u00fc,&hellip;<\/p>\n<\/div><\/div><\/article><\/div><div class=\"column half\"><article class=\"post-9867 post type-post status-publish format-standard has-post-thumbnail category-duyurular category-fotograflar category-kadinlar-kolu \" itemscope itemtype=\"http:\/\/schema.org\/Article\" ><div class=\"thumbs\"><span class=\"cat-title cat-15\"><a href=\"https:\/\/www.btaytd.org\/web\/tr\/category\/duyurular\/\">Duyurular<\/a><\/span><span class=\"fa fa-circle-o-notch fa-spin loader-img\"><\/span><a href=\"https:\/\/www.btaytd.org\/web\/tr\/duyuru-davetiye-74\/\" itemprop=\"url\"><img loading=\"lazy\" decoding=\"async\" width=\"702\" height=\"336\" src=\"https:\/\/www.btaytd.org\/web\/wp-content\/uploads\/2025\/04\/0325f310-bcf9-40ec-8497-fe5d5dbffbbb-1-702x336.jpg\" class=\"attachment-flipmag-main-slider size-flipmag-main-slider wp-post-image\" alt=\"\" title=\"DUYURU &#8211; DAVET\u0130YE\" itemprop=\"image\" \/><\/a><\/div><div class=\"content\"><a href=\"https:\/\/www.btaytd.org\/web\/tr\/duyuru-davetiye-74\/\" title=\"DUYURU &#8211; DAVET\u0130YE\" itemprop=\"name url\"><h3>DUYURU &#8211; DAVET\u0130YE<\/h3><\/a><div class=\"block-meta\"><span class=\"posted-by\">By <span class=\"author\" itemprop=\"author\"><a href=\"https:\/\/www.btaytd.org\/web\/author\/btaytd\/\">BTAYTD BTAYTD<\/a><\/span><\/span><time datetime=\"2025-04-30T21:42:18+00:00\" itemprop=\"datePublished\"><a href=\"https:\/\/www.btaytd.org\/web\/2025\/04\/30\/\">Nisan 30, 2025<\/a><\/time><span class=\"comments\"><a href=\"https:\/\/www.btaytd.org\/web\/tr\/duyuru-davetiye-74\/#respond\"><i class=\"fa fa-comments-o\"><\/i> 0<\/a><\/span><\/div><div class=\"excerpt\"><\/div><\/div><\/article><\/div><\/div><div id=\"page_jfqchdyivtewounzxbmprlagk\" class=\"main-pagination\"><span aria-current=\"page\" class=\"page-numbers current\">1<\/span>\n<a class=\"page-numbers\" href=\"\/web\/wp-json\/wp\/v2\/pages\/396?paged=2\">2<\/a>\n<a class=\"page-numbers\" href=\"\/web\/wp-json\/wp\/v2\/pages\/396?paged=3\">3<\/a>\n<span class=\"page-numbers dots\">&hellip;<\/span>\n<a class=\"page-numbers\" href=\"\/web\/wp-json\/wp\/v2\/pages\/396?paged=8\">8<\/a>\n<a class=\"next page-numbers\" href=\"\/web\/wp-json\/wp\/v2\/pages\/396?paged=2\"><span class=\"visuallyhidden\">Next<\/span><i class=\"fa fa-angle-right\"><\/i><\/a><\/div><\/div><\/div><\/div><\/div><\/div><\/div>","protected":false},"excerpt":{"rendered":"","protected":false},"author":2,"featured_media":0,"parent":0,"menu_order":0,"comment_status":"closed","ping_status":"closed","template":"","meta":{"footnotes":""},"class_list":["post-396","page","type-page","status-publish"],"_links":{"self":[{"href":"https:\/\/www.btaytd.org\/web\/wp-json\/wp\/v2\/pages\/396"}],"collection":[{"href":"https:\/\/www.btaytd.org\/web\/wp-json\/wp\/v2\/pages"}],"about":[{"href":"https:\/\/www.btaytd.org\/web\/wp-json\/wp\/v2\/types\/page"}],"author":[{"embeddable":true,"href":"https:\/\/www.btaytd.org\/web\/wp-json\/wp\/v2\/users\/2"}],"replies":[{"embeddable":true,"href":"https:\/\/www.btaytd.org\/web\/wp-json\/wp\/v2\/comments?post=396"}],"version-history":[{"count":4,"href":"https:\/\/www.btaytd.org\/web\/wp-json\/wp\/v2\/pages\/396\/revisions"}],"predecessor-version":[{"id":1519,"href":"https:\/\/www.btaytd.org\/web\/wp-json\/wp\/v2\/pages\/396\/revisions\/1519"}],"wp:attachment":[{"href":"https:\/\/www.btaytd.org\/web\/wp-json\/wp\/v2\/media?parent=396"}],"curies":[{"name":"wp","href":"https:\/\/api.w.org\/{rel}","templated":true}]}}