{"id":399,"date":"2019-09-09T18:00:22","date_gmt":"2019-09-09T18:00:22","guid":{"rendered":"https:\/\/www.btaytd.org\/web\/?page_id=399"},"modified":"2019-09-15T20:45:38","modified_gmt":"2019-09-15T20:45:38","slug":"egitim","status":"publish","type":"page","link":"https:\/\/www.btaytd.org\/web\/tr\/egitim\/","title":{"rendered":"E\u011fitim"},"content":{"rendered":"<div id=\"pl-gb399-69d451eab2069\"  class=\"panel-layout\" ><div id=\"pg-gb399-69d451eab2069-0\"  class=\"panel-grid panel-no-style\" ><div id=\"pgc-gb399-69d451eab2069-0-0\"  class=\"panel-grid-cell\"  data-weight=\"1\" ><div id=\"panel-gb399-69d451eab2069-0-0-0\" class=\"so-panel widget widget_oc-block-7 panel-first-child panel-last-child\" data-index=\"0\" data-style=\"{&quot;background_image_attachment&quot;:false,&quot;background_display&quot;:&quot;tile&quot;}\" ><div\n\t\t\t\n\t\t\tclass=\"so-widget-oc-block-7 so-widget-oc-block-7-default-ff6c115cafe8-399\"\n\t\t\t\n\t\t><div id=\"flipmag-bid-fbxonizjdgmctuqwhyevprakl\"><div class=\"oc-block block-7 \"  data-id=\"fbxonizjdgmctuqwhyevprakl\" id=\"block_fbxonizjdgmctuqwhyevprakl\" ><article class=\"post-7978 post type-post status-publish format-standard has-post-thumbnail category-alt-kurullar category-egitim-tr category-fotograflar category-haberler \" itemscope itemtype=\"http:\/\/schema.org\/Article\" ><div class=\"thumbs\"><span class=\"cat-title cat-44\"><a href=\"https:\/\/www.btaytd.org\/web\/tr\/category\/alt-kurullar\/\">Alt Kurullar<\/a><\/span><span class=\"fa fa-circle-o-notch fa-spin loader-img\"><\/span><a href=\"https:\/\/www.btaytd.org\/web\/tr\/btaytd-mucize-tiyatrosundan-istanbul-kultur-gezisi\/\" itemprop=\"url\"><img loading=\"lazy\" decoding=\"async\" width=\"702\" height=\"336\" src=\"https:\/\/www.btaytd.org\/web\/wp-content\/uploads\/2024\/04\/1-8-702x336.jpeg\" class=\"attachment-flipmag-main-slider size-flipmag-main-slider wp-post-image\" alt=\"\" title=\"BTAYTD MUC\u0130ZE T\u0130YATROSU\u2019NDAN \u0130STANBUL K\u00dcLT\u00dcR GEZ\u0130S\u0130\" itemprop=\"image\" srcset=\"https:\/\/www.btaytd.org\/web\/wp-content\/uploads\/2024\/04\/1-8-702x336.jpeg 702w, https:\/\/www.btaytd.org\/web\/wp-content\/uploads\/2024\/04\/1-8-1078x516.jpeg 1078w\" sizes=\"(max-width: 702px) 100vw, 702px\" \/><\/a><\/div><div class=\"content\"><a href=\"https:\/\/www.btaytd.org\/web\/tr\/btaytd-mucize-tiyatrosundan-istanbul-kultur-gezisi\/\" title=\"BTAYTD MUC\u0130ZE T\u0130YATROSU\u2019NDAN \u0130STANBUL K\u00dcLT\u00dcR GEZ\u0130S\u0130\" itemprop=\"name url\"><h3>BTAYTD MUC\u0130ZE T\u0130YATROSU\u2019NDAN \u0130STANBUL K\u00dcLT\u00dcR GEZ\u0130S\u0130<\/h3><\/a><div class=\"block-meta\"><span class=\"posted-by\">By <span class=\"author\" itemprop=\"author\"><a href=\"https:\/\/www.btaytd.org\/web\/author\/btaytd\/\">BTAYTD BTAYTD<\/a><\/span><\/span><time datetime=\"2024-04-29T10:00:30+00:00\" itemprop=\"datePublished\"><a href=\"https:\/\/www.btaytd.org\/web\/2024\/04\/29\/\">Nisan 29, 2024<\/a><\/time><span class=\"comments\"><a href=\"https:\/\/www.btaytd.org\/web\/tr\/btaytd-mucize-tiyatrosundan-istanbul-kultur-gezisi\/#respond\"><i class=\"fa fa-comments-o\"><\/i> 0<\/a><\/span><\/div><div class=\"excerpt\"><p>Bat\u0131 Trakya Az\u0131nl\u0131\u011f\u0131 Y\u00fcksek Tahsilliler Derne\u011fi \u00e7at\u0131s\u0131 alt\u0131nda faaliyetlerini y\u00fcr\u00fcten Mucize Tiyatrosu 27-28 Nisan tarihlerinde Mucize Tiyatrosu sorumlusu Senemahu TOPUZ&hellip;<\/p>\n<\/div><\/div><\/article><article class=\"post-5629 post type-post status-publish format-standard category-duyurular category-egitim-tr category-etkinlikler category-fotograflar category-mesleki-rehberlik \" itemscope itemtype=\"http:\/\/schema.org\/Article\" ><div class=\"content\"><a href=\"https:\/\/www.btaytd.org\/web\/tr\/davetiye-duyuru-logoterapi-bolumu-tanitimi\/\" title=\"DAVET\u0130YE &#8211; DUYURU LOGOTERAP\u0130 B\u00d6L\u00dcM\u00dc TANITIMI\" itemprop=\"name url\"><h3>DAVET\u0130YE &#8211; DUYURU LOGOTERAP\u0130 B\u00d6L\u00dcM\u00dc TANITIMI<\/h3><\/a><div class=\"block-meta\"><span class=\"posted-by\">By <span class=\"author\" itemprop=\"author\"><a href=\"https:\/\/www.btaytd.org\/web\/author\/btaytd\/\">BTAYTD BTAYTD<\/a><\/span><\/span><time datetime=\"2022-11-11T08:13:42+00:00\" itemprop=\"datePublished\"><a href=\"https:\/\/www.btaytd.org\/web\/2022\/11\/11\/\">Kas\u0131m 11, 2022<\/a><\/time><span class=\"comments\"><a href=\"https:\/\/www.btaytd.org\/web\/tr\/davetiye-duyuru-logoterapi-bolumu-tanitimi\/#respond\"><i class=\"fa fa-comments-o\"><\/i> 0<\/a><\/span><\/div><div class=\"excerpt\"><p>Bat\u0131 Trakya Az\u0131nl\u0131\u011f\u0131 Y\u00fcksek Tahsilliler Derne\u011fi Mesleki Tan\u0131t\u0131m ve Rehberlik Kolu 12 Kas\u0131m 2022 Cumartesi g\u00fcn\u00fc Ketenlik&#8217;te lise \u00f6\u011frencilerine Logoterapi&hellip;<\/p>\n<\/div><\/div><\/article><article class=\"post-4294 post type-post status-publish format-standard has-post-thumbnail category-egitim-tr category-fotograflar category-haberler \" itemscope itemtype=\"http:\/\/schema.org\/Article\" ><div class=\"thumbs\"><span class=\"cat-title cat-72\"><a href=\"https:\/\/www.btaytd.org\/web\/tr\/category\/egitim-tr\/\">E\u011fitim<\/a><\/span><span class=\"fa fa-circle-o-notch fa-spin loader-img\"><\/span><a href=\"https:\/\/www.btaytd.org\/web\/tr\/btaytd-mucize-tiyatrosundan-rahmi-aliye-onur-gecesi\/\" itemprop=\"url\"><img loading=\"lazy\" decoding=\"async\" width=\"702\" height=\"336\" src=\"https:\/\/www.btaytd.org\/web\/wp-content\/uploads\/2021\/12\/1-8-702x336.jpeg\" class=\"attachment-flipmag-main-slider size-flipmag-main-slider wp-post-image\" alt=\"\" title=\"BTAYTD MUC\u0130ZE T\u0130YATROSU\u2019NDAN RAHM\u0130 AL\u0130\u2019YE ONUR GECES\u0130\" itemprop=\"image\" srcset=\"https:\/\/www.btaytd.org\/web\/wp-content\/uploads\/2021\/12\/1-8-702x336.jpeg 702w, https:\/\/www.btaytd.org\/web\/wp-content\/uploads\/2021\/12\/1-8-1078x516.jpeg 1078w\" sizes=\"(max-width: 702px) 100vw, 702px\" \/><\/a><\/div><div class=\"content\"><a href=\"https:\/\/www.btaytd.org\/web\/tr\/btaytd-mucize-tiyatrosundan-rahmi-aliye-onur-gecesi\/\" title=\"BTAYTD MUC\u0130ZE T\u0130YATROSU\u2019NDAN RAHM\u0130 AL\u0130\u2019YE ONUR GECES\u0130\" itemprop=\"name url\"><h3>BTAYTD MUC\u0130ZE T\u0130YATROSU\u2019NDAN RAHM\u0130 AL\u0130\u2019YE ONUR GECES\u0130<\/h3><\/a><div class=\"block-meta\"><span class=\"posted-by\">By <span class=\"author\" itemprop=\"author\"><a href=\"https:\/\/www.btaytd.org\/web\/author\/btaytd\/\">BTAYTD BTAYTD<\/a><\/span><\/span><time datetime=\"2021-12-15T20:25:19+00:00\" itemprop=\"datePublished\"><a href=\"https:\/\/www.btaytd.org\/web\/2021\/12\/15\/\">Aral\u0131k 15, 2021<\/a><\/time><span class=\"comments\"><a href=\"https:\/\/www.btaytd.org\/web\/tr\/btaytd-mucize-tiyatrosundan-rahmi-aliye-onur-gecesi\/#respond\"><i class=\"fa fa-comments-o\"><\/i> 0<\/a><\/span><\/div><div class=\"excerpt\"><p>15 Aral\u0131k 2021 \u00c7ar\u015famba ak\u015fam\u0131 BTAYTD Mucize Tiyatrosu \u0130ske\u00e7e K\u00fclt\u00fcr Merkezi\u2019nde \u2018Rahmi Ali\u2019ye Onur Gecesi\u2019 d\u00fczenledi. Bat\u0131 Trakya Az\u0131nl\u0131\u011f\u0131 Y\u00fcksek&hellip;<\/p>\n<\/div><\/div><\/article><article class=\"post-3661 post type-post status-publish format-standard has-post-thumbnail category-alt-kurullar category-duyurular category-egitim-tr category-fotograflar \" itemscope itemtype=\"http:\/\/schema.org\/Article\" ><div class=\"thumbs\"><span class=\"cat-title cat-44\"><a href=\"https:\/\/www.btaytd.org\/web\/tr\/category\/alt-kurullar\/\">Alt Kurullar<\/a><\/span><span class=\"fa fa-circle-o-notch fa-spin loader-img\"><\/span><a href=\"https:\/\/www.btaytd.org\/web\/tr\/duyuru-davetiye-7\/\" itemprop=\"url\"><img loading=\"lazy\" decoding=\"async\" width=\"702\" height=\"336\" src=\"https:\/\/www.btaytd.org\/web\/wp-content\/uploads\/2021\/04\/DAVETIYE-DUYURU-702x336.jpeg\" class=\"attachment-flipmag-main-slider size-flipmag-main-slider wp-post-image\" alt=\"\" title=\"DUYURU &#8211; DAVET\u0130YE\" itemprop=\"image\" \/><\/a><\/div><div class=\"content\"><a href=\"https:\/\/www.btaytd.org\/web\/tr\/duyuru-davetiye-7\/\" title=\"DUYURU &#8211; DAVET\u0130YE\" itemprop=\"name url\"><h3>DUYURU &#8211; DAVET\u0130YE<\/h3><\/a><div class=\"block-meta\"><span class=\"posted-by\">By <span class=\"author\" itemprop=\"author\"><a href=\"https:\/\/www.btaytd.org\/web\/author\/btaytd\/\">BTAYTD BTAYTD<\/a><\/span><\/span><time datetime=\"2021-04-07T06:31:27+00:00\" itemprop=\"datePublished\"><a href=\"https:\/\/www.btaytd.org\/web\/2021\/04\/07\/\">Nisan 7, 2021<\/a><\/time><span class=\"comments\"><a href=\"https:\/\/www.btaytd.org\/web\/tr\/duyuru-davetiye-7\/#respond\"><i class=\"fa fa-comments-o\"><\/i> 0<\/a><\/span><\/div><div class=\"excerpt\"><p>https:\/\/us05web.zoom.us\/j\/81311005967?pwd=V3VpcW5jVG45YzNCU3ZINWYzUkFIdz09 Meeting ID: 813 1100 5967Passcode: pryU5w<\/p>\n<\/div><\/div><\/article><article class=\"post-3635 post type-post status-publish format-standard has-post-thumbnail category-alt-kurullar category-egitim-tr category-fotograflar category-haberler \" itemscope itemtype=\"http:\/\/schema.org\/Article\" ><div class=\"thumbs\"><span class=\"cat-title cat-44\"><a href=\"https:\/\/www.btaytd.org\/web\/tr\/category\/alt-kurullar\/\">Alt Kurullar<\/a><\/span><span class=\"fa fa-circle-o-notch fa-spin loader-img\"><\/span><a href=\"https:\/\/www.btaytd.org\/web\/tr\/btaytd-mucize-tiyatrosu-engel-olma\/\" itemprop=\"url\"><img loading=\"lazy\" decoding=\"async\" width=\"702\" height=\"336\" src=\"https:\/\/www.btaytd.org\/web\/wp-content\/uploads\/2021\/03\/btaytd_logo-702x336.jpg\" class=\"attachment-flipmag-main-slider size-flipmag-main-slider wp-post-image\" alt=\"\" title=\"BTAYTD Mucize Tiyatrosu &#8216;Engel Olma&#8217;\" itemprop=\"image\" srcset=\"https:\/\/www.btaytd.org\/web\/wp-content\/uploads\/2021\/03\/btaytd_logo-702x336.jpg 702w, https:\/\/www.btaytd.org\/web\/wp-content\/uploads\/2021\/03\/btaytd_logo-1078x516.jpg 1078w\" sizes=\"(max-width: 702px) 100vw, 702px\" \/><\/a><\/div><div class=\"content\"><a href=\"https:\/\/www.btaytd.org\/web\/tr\/btaytd-mucize-tiyatrosu-engel-olma\/\" title=\"BTAYTD Mucize Tiyatrosu &#8216;Engel Olma&#8217;\" itemprop=\"name url\"><h3>BTAYTD Mucize Tiyatrosu &#8216;Engel Olma&#8217;<\/h3><\/a><div class=\"block-meta\"><span class=\"posted-by\">By <span class=\"author\" itemprop=\"author\"><a href=\"https:\/\/www.btaytd.org\/web\/author\/btaytd\/\">BTAYTD BTAYTD<\/a><\/span><\/span><time datetime=\"2021-03-27T08:32:07+00:00\" itemprop=\"datePublished\"><a href=\"https:\/\/www.btaytd.org\/web\/2021\/03\/27\/\">Mart 27, 2021<\/a><\/time><span class=\"comments\"><a href=\"https:\/\/www.btaytd.org\/web\/tr\/btaytd-mucize-tiyatrosu-engel-olma\/#respond\"><i class=\"fa fa-comments-o\"><\/i> 0<\/a><\/span><\/div><div class=\"excerpt\"><p>https:\/\/www.youtube.com\/watch?v=qwhSMzWilY0<\/p>\n<\/div><\/div><\/article><article class=\"post-3139 post type-post status-publish format-standard has-post-thumbnail category-egitim-tr category-haberler \" itemscope itemtype=\"http:\/\/schema.org\/Article\" ><div class=\"thumbs\"><span class=\"cat-title cat-72\"><a href=\"https:\/\/www.btaytd.org\/web\/tr\/category\/egitim-tr\/\">E\u011fitim<\/a><\/span><span class=\"fa fa-circle-o-notch fa-spin loader-img\"><\/span><a href=\"https:\/\/www.btaytd.org\/web\/tr\/btaytd-online-etkinlikler-pandemi-sonrasi-okula-donus\/\" itemprop=\"url\"><img loading=\"lazy\" decoding=\"async\" width=\"702\" height=\"336\" src=\"https:\/\/www.btaytd.org\/web\/wp-content\/uploads\/2020\/01\/btaytd_logo-702x336.jpg\" class=\"attachment-flipmag-main-slider size-flipmag-main-slider wp-post-image\" alt=\"\" title=\"BTAYTD ONL\u0130NE ETK\u0130NL\u0130KLER &#8211; Pandemi Sonras\u0131 Okula D\u00f6n\u00fc\u015f\" itemprop=\"image\" srcset=\"https:\/\/www.btaytd.org\/web\/wp-content\/uploads\/2020\/01\/btaytd_logo-702x336.jpg 702w, https:\/\/www.btaytd.org\/web\/wp-content\/uploads\/2020\/01\/btaytd_logo-1078x516.jpg 1078w\" sizes=\"(max-width: 702px) 100vw, 702px\" \/><\/a><\/div><div class=\"content\"><a href=\"https:\/\/www.btaytd.org\/web\/tr\/btaytd-online-etkinlikler-pandemi-sonrasi-okula-donus\/\" title=\"BTAYTD ONL\u0130NE ETK\u0130NL\u0130KLER &#8211; Pandemi Sonras\u0131 Okula D\u00f6n\u00fc\u015f\" itemprop=\"name url\"><h3>BTAYTD ONL\u0130NE ETK\u0130NL\u0130KLER &#8211; Pandemi Sonras\u0131 Okula D\u00f6n\u00fc\u015f<\/h3><\/a><div class=\"block-meta\"><span class=\"posted-by\">By <span class=\"author\" itemprop=\"author\"><a href=\"https:\/\/www.btaytd.org\/web\/author\/btaytd\/\">BTAYTD BTAYTD<\/a><\/span><\/span><time datetime=\"2020-09-18T09:51:14+00:00\" itemprop=\"datePublished\"><a href=\"https:\/\/www.btaytd.org\/web\/2020\/09\/18\/\">Eyl\u00fcl 18, 2020<\/a><\/time><span class=\"comments\"><a href=\"https:\/\/www.btaytd.org\/web\/tr\/btaytd-online-etkinlikler-pandemi-sonrasi-okula-donus\/#respond\"><i class=\"fa fa-comments-o\"><\/i> 0<\/a><\/span><\/div><div class=\"excerpt\"><p>https:\/\/www.youtube.com\/watch?v=5rWtVkDl71o<\/p>\n<\/div><\/div><\/article><article class=\"post-3128 post type-post status-publish format-standard has-post-thumbnail category-duyurular category-egitim-tr category-haberler category-saglik \" itemscope itemtype=\"http:\/\/schema.org\/Article\" ><div class=\"thumbs\"><span class=\"cat-title cat-15\"><a href=\"https:\/\/www.btaytd.org\/web\/tr\/category\/duyurular\/\">Duyurular<\/a><\/span><span class=\"fa fa-circle-o-notch fa-spin loader-img\"><\/span><a href=\"https:\/\/www.btaytd.org\/web\/tr\/pandemi-surecinde-faaliyetlere-online-olarak-devam\/\" itemprop=\"url\"><img loading=\"lazy\" decoding=\"async\" width=\"702\" height=\"336\" src=\"https:\/\/www.btaytd.org\/web\/wp-content\/uploads\/2020\/01\/btaytd_logo-702x336.jpg\" class=\"attachment-flipmag-main-slider size-flipmag-main-slider wp-post-image\" alt=\"\" title=\"PANDEM\u0130 S\u00dcREC\u0130NDE FAAL\u0130YETLERE ONL\u0130NE OLARAK DEVAM\" itemprop=\"image\" srcset=\"https:\/\/www.btaytd.org\/web\/wp-content\/uploads\/2020\/01\/btaytd_logo-702x336.jpg 702w, https:\/\/www.btaytd.org\/web\/wp-content\/uploads\/2020\/01\/btaytd_logo-1078x516.jpg 1078w\" sizes=\"(max-width: 702px) 100vw, 702px\" \/><\/a><\/div><div class=\"content\"><a href=\"https:\/\/www.btaytd.org\/web\/tr\/pandemi-surecinde-faaliyetlere-online-olarak-devam\/\" title=\"PANDEM\u0130 S\u00dcREC\u0130NDE FAAL\u0130YETLERE ONL\u0130NE OLARAK DEVAM\" itemprop=\"name url\"><h3>PANDEM\u0130 S\u00dcREC\u0130NDE FAAL\u0130YETLERE ONL\u0130NE OLARAK DEVAM<\/h3><\/a><div class=\"block-meta\"><span class=\"posted-by\">By <span class=\"author\" itemprop=\"author\"><a href=\"https:\/\/www.btaytd.org\/web\/author\/btaytd\/\">BTAYTD BTAYTD<\/a><\/span><\/span><time datetime=\"2020-09-10T12:39:01+00:00\" itemprop=\"datePublished\"><a href=\"https:\/\/www.btaytd.org\/web\/2020\/09\/10\/\">Eyl\u00fcl 10, 2020<\/a><\/time><span class=\"comments\"><a href=\"https:\/\/www.btaytd.org\/web\/tr\/pandemi-surecinde-faaliyetlere-online-olarak-devam\/#respond\"><i class=\"fa fa-comments-o\"><\/i> 0<\/a><\/span><\/div><div class=\"excerpt\"><p>https:\/\/www.youtube.com\/watch?v=jbOBplorjHE<\/p>\n<\/div><\/div><\/article><article class=\"post-2969 post type-post status-publish format-standard has-post-thumbnail category-egitim-tr \" itemscope itemtype=\"http:\/\/schema.org\/Article\" ><div class=\"thumbs\"><span class=\"cat-title cat-72\"><a href=\"https:\/\/www.btaytd.org\/web\/tr\/category\/egitim-tr\/\">E\u011fitim<\/a><\/span><span class=\"fa fa-circle-o-notch fa-spin loader-img\"><\/span><a href=\"https:\/\/www.btaytd.org\/web\/tr\/hacivat-karagoz-gosterisi\/\" itemprop=\"url\"><img loading=\"lazy\" decoding=\"async\" width=\"702\" height=\"336\" src=\"https:\/\/www.btaytd.org\/web\/wp-content\/uploads\/2020\/04\/hacivat-karagoz-702x336.jpg\" class=\"attachment-flipmag-main-slider size-flipmag-main-slider wp-post-image\" alt=\"\" title=\"HAC\u0130VAT-KARAG\u00d6Z G\u00d6STER\u0130S\u0130\" itemprop=\"image\" srcset=\"https:\/\/www.btaytd.org\/web\/wp-content\/uploads\/2020\/04\/hacivat-karagoz-702x336.jpg 702w, https:\/\/www.btaytd.org\/web\/wp-content\/uploads\/2020\/04\/hacivat-karagoz-1078x516.jpg 1078w\" sizes=\"(max-width: 702px) 100vw, 702px\" \/><\/a><\/div><div class=\"content\"><a href=\"https:\/\/www.btaytd.org\/web\/tr\/hacivat-karagoz-gosterisi\/\" title=\"HAC\u0130VAT-KARAG\u00d6Z G\u00d6STER\u0130S\u0130\" itemprop=\"name url\"><h3>HAC\u0130VAT-KARAG\u00d6Z G\u00d6STER\u0130S\u0130<\/h3><\/a><div class=\"block-meta\"><span class=\"posted-by\">By <span class=\"author\" itemprop=\"author\"><a href=\"https:\/\/www.btaytd.org\/web\/author\/btaytd\/\">BTAYTD BTAYTD<\/a><\/span><\/span><time datetime=\"2020-04-30T13:46:51+00:00\" itemprop=\"datePublished\"><a href=\"https:\/\/www.btaytd.org\/web\/2020\/04\/30\/\">Nisan 30, 2020<\/a><\/time><span class=\"comments\"><a href=\"https:\/\/www.btaytd.org\/web\/tr\/hacivat-karagoz-gosterisi\/#respond\"><i class=\"fa fa-comments-o\"><\/i> 0<\/a><\/span><\/div><div class=\"excerpt\"><\/div><\/div><\/article><article class=\"post-2850 post type-post status-publish format-standard has-post-thumbnail category-alt-kurullar category-egitim-tr category-haberler \" itemscope itemtype=\"http:\/\/schema.org\/Article\" ><div class=\"thumbs\"><span class=\"cat-title cat-44\"><a href=\"https:\/\/www.btaytd.org\/web\/tr\/category\/alt-kurullar\/\">Alt Kurullar<\/a><\/span><span class=\"fa fa-circle-o-notch fa-spin loader-img\"><\/span><a href=\"https:\/\/www.btaytd.org\/web\/tr\/farkindalik-zamani-2\/\" itemprop=\"url\"><img loading=\"lazy\" decoding=\"async\" width=\"702\" height=\"336\" src=\"https:\/\/www.btaytd.org\/web\/wp-content\/uploads\/2020\/02\/IMG-20200211-WA0001-702x336.jpg\" class=\"attachment-flipmag-main-slider size-flipmag-main-slider wp-post-image\" alt=\"\" title=\"FARKINDALIK ZAMANI\" itemprop=\"image\" srcset=\"https:\/\/www.btaytd.org\/web\/wp-content\/uploads\/2020\/02\/IMG-20200211-WA0001-702x336.jpg 702w, https:\/\/www.btaytd.org\/web\/wp-content\/uploads\/2020\/02\/IMG-20200211-WA0001-1078x516.jpg 1078w\" sizes=\"(max-width: 702px) 100vw, 702px\" \/><\/a><\/div><div class=\"content\"><a href=\"https:\/\/www.btaytd.org\/web\/tr\/farkindalik-zamani-2\/\" title=\"FARKINDALIK ZAMANI\" itemprop=\"name url\"><h3>FARKINDALIK ZAMANI<\/h3><\/a><div class=\"block-meta\"><span class=\"posted-by\">By <span class=\"author\" itemprop=\"author\"><a href=\"https:\/\/www.btaytd.org\/web\/author\/btaytd\/\">BTAYTD BTAYTD<\/a><\/span><\/span><time datetime=\"2020-02-18T12:26:35+00:00\" itemprop=\"datePublished\"><a href=\"https:\/\/www.btaytd.org\/web\/2020\/02\/18\/\">\u015eubat 18, 2020<\/a><\/time><span class=\"comments\"><a href=\"https:\/\/www.btaytd.org\/web\/tr\/farkindalik-zamani-2\/#respond\"><i class=\"fa fa-comments-o\"><\/i> 0<\/a><\/span><\/div><div class=\"excerpt\"><p>15-16 \u015eubat 2020 tarihlerinde \u00c7anakkale On sekiz Mart \u00dcniversitesi ve Bat\u0131 Trakya Az\u0131nl\u0131\u011f\u0131 Y\u00fcksek Tahsilliler Derne\u011fi i\u015fbirli\u011fi ile seminerler d\u00fczenlendi.&hellip;<\/p>\n<\/div><\/div><\/article><article class=\"post-2814 post type-post status-publish format-standard has-post-thumbnail category-alt-kurullar category-egitim-tr \" itemscope itemtype=\"http:\/\/schema.org\/Article\" ><div class=\"thumbs\"><span class=\"cat-title cat-44\"><a href=\"https:\/\/www.btaytd.org\/web\/tr\/category\/alt-kurullar\/\">Alt Kurullar<\/a><\/span><span class=\"fa fa-circle-o-notch fa-spin loader-img\"><\/span><a href=\"https:\/\/www.btaytd.org\/web\/tr\/farkindalik-zamani\/\" itemprop=\"url\"><img loading=\"lazy\" decoding=\"async\" width=\"702\" height=\"336\" src=\"https:\/\/www.btaytd.org\/web\/wp-content\/uploads\/2020\/02\/IMG-20200211-WA0001-702x336.jpg\" class=\"attachment-flipmag-main-slider size-flipmag-main-slider wp-post-image\" alt=\"\" title=\"FARKINDALIK ZAMANI\" itemprop=\"image\" srcset=\"https:\/\/www.btaytd.org\/web\/wp-content\/uploads\/2020\/02\/IMG-20200211-WA0001-702x336.jpg 702w, https:\/\/www.btaytd.org\/web\/wp-content\/uploads\/2020\/02\/IMG-20200211-WA0001-1078x516.jpg 1078w\" sizes=\"(max-width: 702px) 100vw, 702px\" \/><\/a><\/div><div class=\"content\"><a href=\"https:\/\/www.btaytd.org\/web\/tr\/farkindalik-zamani\/\" title=\"FARKINDALIK ZAMANI\" itemprop=\"name url\"><h3>FARKINDALIK ZAMANI<\/h3><\/a><div class=\"block-meta\"><span class=\"posted-by\">By <span class=\"author\" itemprop=\"author\"><a href=\"https:\/\/www.btaytd.org\/web\/author\/btaytd\/\">BTAYTD BTAYTD<\/a><\/span><\/span><time datetime=\"2020-02-10T17:58:05+00:00\" itemprop=\"datePublished\"><a href=\"https:\/\/www.btaytd.org\/web\/2020\/02\/10\/\">\u015eubat 10, 2020<\/a><\/time><span class=\"comments\"><a href=\"https:\/\/www.btaytd.org\/web\/tr\/farkindalik-zamani\/#respond\"><i class=\"fa fa-comments-o\"><\/i> 0<\/a><\/span><\/div><div class=\"excerpt\"><p>T\u00fcm halk\u0131m\u0131z davetlidir.<\/p>\n<\/div><\/div><\/article><\/div><div id=\"page_fbxonizjdgmctuqwhyevprakl\" class=\"main-pagination\"><span aria-current=\"page\" class=\"page-numbers current\">1<\/span>\n<a class=\"page-numbers\" href=\"\/web\/wp-json\/wp\/v2\/pages\/399?paged=2\">2<\/a>\n<a class=\"page-numbers\" href=\"\/web\/wp-json\/wp\/v2\/pages\/399?paged=3\">3<\/a>\n<a class=\"next page-numbers\" href=\"\/web\/wp-json\/wp\/v2\/pages\/399?paged=2\"><span class=\"visuallyhidden\">Next<\/span><i class=\"fa fa-angle-right\"><\/i><\/a><\/div><\/div><\/div><\/div><\/div><\/div><\/div>","protected":false},"excerpt":{"rendered":"","protected":false},"author":2,"featured_media":0,"parent":0,"menu_order":0,"comment_status":"closed","ping_status":"closed","template":"","meta":{"footnotes":""},"class_list":["post-399","page","type-page","status-publish"],"_links":{"self":[{"href":"https:\/\/www.btaytd.org\/web\/wp-json\/wp\/v2\/pages\/399"}],"collection":[{"href":"https:\/\/www.btaytd.org\/web\/wp-json\/wp\/v2\/pages"}],"about":[{"href":"https:\/\/www.btaytd.org\/web\/wp-json\/wp\/v2\/types\/page"}],"author":[{"embeddable":true,"href":"https:\/\/www.btaytd.org\/web\/wp-json\/wp\/v2\/users\/2"}],"replies":[{"embeddable":true,"href":"https:\/\/www.btaytd.org\/web\/wp-json\/wp\/v2\/comments?post=399"}],"version-history":[{"count":3,"href":"https:\/\/www.btaytd.org\/web\/wp-json\/wp\/v2\/pages\/399\/revisions"}],"predecessor-version":[{"id":1478,"href":"https:\/\/www.btaytd.org\/web\/wp-json\/wp\/v2\/pages\/399\/revisions\/1478"}],"wp:attachment":[{"href":"https:\/\/www.btaytd.org\/web\/wp-json\/wp\/v2\/media?parent=399"}],"curies":[{"name":"wp","href":"https:\/\/api.w.org\/{rel}","templated":true}]}}