{"id":405,"date":"2019-09-09T18:01:04","date_gmt":"2019-09-09T18:01:04","guid":{"rendered":"https:\/\/www.btaytd.org\/web\/?page_id=405"},"modified":"2019-09-15T22:28:08","modified_gmt":"2019-09-15T22:28:08","slug":"mesleki-rehberlik","status":"publish","type":"page","link":"https:\/\/www.btaytd.org\/web\/tr\/mesleki-rehberlik\/","title":{"rendered":"Mesleki Rehberlik"},"content":{"rendered":"<div id=\"pl-gb405-69f9c12255cbf\"  class=\"panel-layout\" ><div id=\"pg-gb405-69f9c12255cbf-0\"  class=\"panel-grid panel-no-style\" ><div id=\"pgc-gb405-69f9c12255cbf-0-0\"  class=\"panel-grid-cell\"  data-weight=\"1\" ><div id=\"panel-gb405-69f9c12255cbf-0-0-0\" class=\"so-panel widget widget_oc-block-9 panel-first-child panel-last-child\" data-index=\"0\" data-style=\"{&quot;background_image_attachment&quot;:false,&quot;background_display&quot;:&quot;tile&quot;}\" ><div\n\t\t\t\n\t\t\tclass=\"so-widget-oc-block-9 so-widget-oc-block-9-default-698f18d1652d-405\"\n\t\t\t\n\t\t><div id=\"flipmag-bid-qothbjnykepazfucwmrivgxld\"><div class=\"oc-block block-9 row\"  data-id=\"qothbjnykepazfucwmrivgxld\" id=\"block_qothbjnykepazfucwmrivgxld\" ><div class=\"column half\"><article class=\"post-11557 post type-post status-publish format-standard has-post-thumbnail category-alt-kurullar category-fotograflar category-haberler category-mesleki-rehberlik \" itemscope itemtype=\"http:\/\/schema.org\/Article\" ><div class=\"thumbs\"><span class=\"cat-title cat-44\"><a href=\"https:\/\/www.btaytd.org\/web\/tr\/category\/alt-kurullar\/\">Alt Kurullar<\/a><\/span><span class=\"fa fa-circle-o-notch fa-spin loader-img\"><\/span><a href=\"https:\/\/www.btaytd.org\/web\/tr\/lise-ogrencilerine-yonelik-degerlendirme-yolunda-gelecege-atilan-adim-baslikli-sunumun-ilk-oturumu-gerceklestirildi\/\" itemprop=\"url\"><img loading=\"lazy\" decoding=\"async\" width=\"702\" height=\"336\" src=\"https:\/\/www.btaytd.org\/web\/wp-content\/uploads\/2026\/03\/WhatsApp-Image-2026-03-13-at-3.07.40-PM-702x336.jpeg\" class=\"attachment-flipmag-main-slider size-flipmag-main-slider wp-post-image\" alt=\"\" title=\"Lise \u00a0\u00d6\u011frencilerine Y\u00f6nelik \u201cDe\u011ferlendirme Yolunda Gelece\u011fe At\u0131lan Ad\u0131m\u201d Ba\u015fl\u0131kl\u0131 Sunumun \u0130lk Oturumu Ger\u00e7ekle\u015ftirildi\" itemprop=\"image\" \/><\/a><\/div><div class=\"content\"><a href=\"https:\/\/www.btaytd.org\/web\/tr\/lise-ogrencilerine-yonelik-degerlendirme-yolunda-gelecege-atilan-adim-baslikli-sunumun-ilk-oturumu-gerceklestirildi\/\" title=\"Lise \u00a0\u00d6\u011frencilerine Y\u00f6nelik \u201cDe\u011ferlendirme Yolunda Gelece\u011fe At\u0131lan Ad\u0131m\u201d Ba\u015fl\u0131kl\u0131 Sunumun \u0130lk Oturumu Ger\u00e7ekle\u015ftirildi\" itemprop=\"name url\"><h3>Lise \u00a0\u00d6\u011frencilerine Y\u00f6nelik \u201cDe\u011ferlendirme Yolunda Gelece\u011fe At\u0131lan Ad\u0131m\u201d Ba\u015fl\u0131kl\u0131 Sunumun \u0130lk Oturumu Ger\u00e7ekle\u015ftirildi<\/h3><\/a><div class=\"block-meta\"><span class=\"posted-by\">By <span class=\"author\" itemprop=\"author\"><a href=\"https:\/\/www.btaytd.org\/web\/author\/btaytd\/\">BTAYTD BTAYTD<\/a><\/span><\/span><time datetime=\"2026-03-13T14:18:26+00:00\" itemprop=\"datePublished\"><a href=\"https:\/\/www.btaytd.org\/web\/2026\/03\/13\/\">Mart 13, 2026<\/a><\/time><span class=\"comments\"><a href=\"https:\/\/www.btaytd.org\/web\/tr\/lise-ogrencilerine-yonelik-degerlendirme-yolunda-gelecege-atilan-adim-baslikli-sunumun-ilk-oturumu-gerceklestirildi\/#respond\"><i class=\"fa fa-comments-o\"><\/i> 0<\/a><\/span><\/div><div class=\"excerpt\"><p>Bat\u0131 Trakya Az\u0131nl\u0131\u011f\u0131 Y\u00fcksek Tahsilliler Derne\u011fi b\u00fcnyesinde faaliyet g\u00f6steren Mesleki Tan\u0131t\u0131m ve Rehberlik Kolu taraf\u0131ndan, 13 Mart Cuma g\u00fcn\u00fc saat&hellip;<\/p>\n<\/div><\/div><\/article><\/div><div class=\"column half\"><article class=\"post-11547 post type-post status-publish format-standard has-post-thumbnail category-alt-kurullar category-duyurular category-fotograflar category-mesleki-rehberlik \" itemscope itemtype=\"http:\/\/schema.org\/Article\" ><div class=\"thumbs\"><span class=\"cat-title cat-44\"><a href=\"https:\/\/www.btaytd.org\/web\/tr\/category\/alt-kurullar\/\">Alt Kurullar<\/a><\/span><span class=\"fa fa-circle-o-notch fa-spin loader-img\"><\/span><a href=\"https:\/\/www.btaytd.org\/web\/tr\/duyuru-davetiye-88\/\" itemprop=\"url\"><img loading=\"lazy\" decoding=\"async\" width=\"702\" height=\"336\" src=\"https:\/\/www.btaytd.org\/web\/wp-content\/uploads\/2026\/03\/image0-1-702x336.jpeg\" class=\"attachment-flipmag-main-slider size-flipmag-main-slider wp-post-image\" alt=\"\" title=\"DUYURU- DAVET\u0130YE\" itemprop=\"image\" srcset=\"https:\/\/www.btaytd.org\/web\/wp-content\/uploads\/2026\/03\/image0-1-702x336.jpeg 702w, https:\/\/www.btaytd.org\/web\/wp-content\/uploads\/2026\/03\/image0-1-1078x516.jpeg 1078w\" sizes=\"(max-width: 702px) 100vw, 702px\" \/><\/a><\/div><div class=\"content\"><a href=\"https:\/\/www.btaytd.org\/web\/tr\/duyuru-davetiye-88\/\" title=\"DUYURU- DAVET\u0130YE\" itemprop=\"name url\"><h3>DUYURU- DAVET\u0130YE<\/h3><\/a><div class=\"block-meta\"><span class=\"posted-by\">By <span class=\"author\" itemprop=\"author\"><a href=\"https:\/\/www.btaytd.org\/web\/author\/btaytd\/\">BTAYTD BTAYTD<\/a><\/span><\/span><time datetime=\"2026-03-11T13:52:16+00:00\" itemprop=\"datePublished\"><a href=\"https:\/\/www.btaytd.org\/web\/2026\/03\/11\/\">Mart 11, 2026<\/a><\/time><span class=\"comments\"><a href=\"https:\/\/www.btaytd.org\/web\/tr\/duyuru-davetiye-88\/#respond\"><i class=\"fa fa-comments-o\"><\/i> 0<\/a><\/span><\/div><div class=\"excerpt\"><p>DE\u011eERLEND\u0130RME YOLUNDA GELECE\u011eE ATILAN ADIM -I- Bat\u0131 Trakya Az\u0131nl\u0131\u011f\u0131 Y\u00fcksek Tahsilliler Derne\u011fi b\u00fcnyesinde faaliyet g\u00f6steren Mesleki Tan\u0131t\u0131m ve Rehberlik Kolu,&hellip;<\/p>\n<\/div><\/div><\/article><\/div><div class=\"column half\"><article class=\"post-11526 post type-post status-publish format-standard has-post-thumbnail category-alt-kurullar category-fotograflar category-haberler category-mesleki-rehberlik \" itemscope itemtype=\"http:\/\/schema.org\/Article\" ><div class=\"thumbs\"><span class=\"cat-title cat-44\"><a href=\"https:\/\/www.btaytd.org\/web\/tr\/category\/alt-kurullar\/\">Alt Kurullar<\/a><\/span><span class=\"fa fa-circle-o-notch fa-spin loader-img\"><\/span><a href=\"https:\/\/www.btaytd.org\/web\/tr\/kisisel-gelisim-atolyesinde-farkliliklari-anlamak-konusu-islendi\/\" itemprop=\"url\"><img loading=\"lazy\" decoding=\"async\" width=\"702\" height=\"336\" src=\"https:\/\/www.btaytd.org\/web\/wp-content\/uploads\/2026\/03\/WhatsApp-Image-2026-03-06-at-2.27.40-PM-702x336.jpeg\" class=\"attachment-flipmag-main-slider size-flipmag-main-slider wp-post-image\" alt=\"\" title=\"K\u0130\u015e\u0130SEL GEL\u0130\u015e\u0130M AT\u00d6LYES\u0130NDE \u201cFARKLILIKLARI ANLAMAK\u201d KONUSU \u0130\u015eLEND\u0130\" itemprop=\"image\" srcset=\"https:\/\/www.btaytd.org\/web\/wp-content\/uploads\/2026\/03\/WhatsApp-Image-2026-03-06-at-2.27.40-PM-702x336.jpeg 702w, https:\/\/www.btaytd.org\/web\/wp-content\/uploads\/2026\/03\/WhatsApp-Image-2026-03-06-at-2.27.40-PM-1078x516.jpeg 1078w\" sizes=\"(max-width: 702px) 100vw, 702px\" \/><\/a><\/div><div class=\"content\"><a href=\"https:\/\/www.btaytd.org\/web\/tr\/kisisel-gelisim-atolyesinde-farkliliklari-anlamak-konusu-islendi\/\" title=\"K\u0130\u015e\u0130SEL GEL\u0130\u015e\u0130M AT\u00d6LYES\u0130NDE \u201cFARKLILIKLARI ANLAMAK\u201d KONUSU \u0130\u015eLEND\u0130\" itemprop=\"name url\"><h3>K\u0130\u015e\u0130SEL GEL\u0130\u015e\u0130M AT\u00d6LYES\u0130NDE \u201cFARKLILIKLARI ANLAMAK\u201d KONUSU \u0130\u015eLEND\u0130<\/h3><\/a><div class=\"block-meta\"><span class=\"posted-by\">By <span class=\"author\" itemprop=\"author\"><a href=\"https:\/\/www.btaytd.org\/web\/author\/btaytd\/\">BTAYTD BTAYTD<\/a><\/span><\/span><time datetime=\"2026-03-06T13:53:38+00:00\" itemprop=\"datePublished\"><a href=\"https:\/\/www.btaytd.org\/web\/2026\/03\/06\/\">Mart 6, 2026<\/a><\/time><span class=\"comments\"><a href=\"https:\/\/www.btaytd.org\/web\/tr\/kisisel-gelisim-atolyesinde-farkliliklari-anlamak-konusu-islendi\/#respond\"><i class=\"fa fa-comments-o\"><\/i> 0<\/a><\/span><\/div><div class=\"excerpt\"><p>Bat\u0131 Trakya Az\u0131nl\u0131\u011f\u0131 Y\u00fcksek Tahsilliler Derne\u011fi b\u00fcnyesinde faaliyet g\u00f6steren Mesleki Tan\u0131t\u0131m ve Rehberlik Kolu, 6 Mart 2026 tarihinde \u201cKi\u015fisel Geli\u015fim&hellip;<\/p>\n<\/div><\/div><\/article><\/div><div class=\"column half\"><article class=\"post-11517 post type-post status-publish format-standard has-post-thumbnail category-alt-kurullar category-duyurular category-fotograflar category-mesleki-rehberlik \" itemscope itemtype=\"http:\/\/schema.org\/Article\" ><div class=\"thumbs\"><span class=\"cat-title cat-44\"><a href=\"https:\/\/www.btaytd.org\/web\/tr\/category\/alt-kurullar\/\">Alt Kurullar<\/a><\/span><span class=\"fa fa-circle-o-notch fa-spin loader-img\"><\/span><a href=\"https:\/\/www.btaytd.org\/web\/tr\/duyuru-davetiye-83\/\" itemprop=\"url\"><img loading=\"lazy\" decoding=\"async\" width=\"702\" height=\"336\" src=\"https:\/\/www.btaytd.org\/web\/wp-content\/uploads\/2026\/03\/image0-702x336.jpeg\" class=\"attachment-flipmag-main-slider size-flipmag-main-slider wp-post-image\" alt=\"\" title=\"Duyuru &#8211; Davetiye\" itemprop=\"image\" srcset=\"https:\/\/www.btaytd.org\/web\/wp-content\/uploads\/2026\/03\/image0-702x336.jpeg 702w, https:\/\/www.btaytd.org\/web\/wp-content\/uploads\/2026\/03\/image0-1078x516.jpeg 1078w\" sizes=\"(max-width: 702px) 100vw, 702px\" \/><\/a><\/div><div class=\"content\"><a href=\"https:\/\/www.btaytd.org\/web\/tr\/duyuru-davetiye-83\/\" title=\"Duyuru &#8211; Davetiye\" itemprop=\"name url\"><h3>Duyuru &#8211; Davetiye<\/h3><\/a><div class=\"block-meta\"><span class=\"posted-by\">By <span class=\"author\" itemprop=\"author\"><a href=\"https:\/\/www.btaytd.org\/web\/author\/btaytd\/\">BTAYTD BTAYTD<\/a><\/span><\/span><time datetime=\"2026-03-05T08:22:46+00:00\" itemprop=\"datePublished\"><a href=\"https:\/\/www.btaytd.org\/web\/2026\/03\/05\/\">Mart 5, 2026<\/a><\/time><span class=\"comments\"><a href=\"https:\/\/www.btaytd.org\/web\/tr\/duyuru-davetiye-83\/#respond\"><i class=\"fa fa-comments-o\"><\/i> 0<\/a><\/span><\/div><div class=\"excerpt\"><p>Bat\u0131 Trakya Az\u0131nl\u0131\u011f\u0131 Y\u00fcksek Tahsilliler Derne\u011fi b\u00fcnyesinde faaliyet g\u00f6steren Mesleki Tan\u0131t\u0131m ve Rehberlik Kolu, &#8220;Farkl\u0131l\u0131klar\u0131 Anlamak&#8221; konulu Ki\u015fisel Geli\u015fim At\u00f6lye&hellip;<\/p>\n<\/div><\/div><\/article><\/div><div class=\"column half\"><article class=\"post-11493 post type-post status-publish format-standard has-post-thumbnail category-duyurular category-fotograflar category-mesleki-rehberlik \" itemscope itemtype=\"http:\/\/schema.org\/Article\" ><div class=\"thumbs\"><span class=\"cat-title cat-15\"><a href=\"https:\/\/www.btaytd.org\/web\/tr\/category\/duyurular\/\">Duyurular<\/a><\/span><span class=\"fa fa-circle-o-notch fa-spin loader-img\"><\/span><a href=\"https:\/\/www.btaytd.org\/web\/tr\/kisisel-gelisim-atolyesinde-hayat-bize-olanlarla-ilgili-degil-hayat-bize-olanlara-verdigimiz-tepkilerle-ilgilidir-konusu-ele-alindi\/\" itemprop=\"url\"><img loading=\"lazy\" decoding=\"async\" width=\"702\" height=\"336\" src=\"https:\/\/www.btaytd.org\/web\/wp-content\/uploads\/2026\/02\/1-1-3-702x336.jpg\" class=\"attachment-flipmag-main-slider size-flipmag-main-slider wp-post-image\" alt=\"\" title=\"K\u0130\u015e\u0130SEL GEL\u0130\u015e\u0130M AT\u00d6LYES\u0130NDE \u201cHAYAT B\u0130ZE OLANLARLA \u0130LG\u0130L\u0130 DE\u011e\u0130L , HAYAT B\u0130ZE OLANLARA VERD\u0130\u011e\u0130M\u0130Z TEPK\u0130LERLE \u0130LG\u0130L\u0130D\u0130R\u201d KONUSU ELE ALINDI\" itemprop=\"image\" srcset=\"https:\/\/www.btaytd.org\/web\/wp-content\/uploads\/2026\/02\/1-1-3-702x336.jpg 702w, https:\/\/www.btaytd.org\/web\/wp-content\/uploads\/2026\/02\/1-1-3-1078x516.jpg 1078w\" sizes=\"(max-width: 702px) 100vw, 702px\" \/><\/a><\/div><div class=\"content\"><a href=\"https:\/\/www.btaytd.org\/web\/tr\/kisisel-gelisim-atolyesinde-hayat-bize-olanlarla-ilgili-degil-hayat-bize-olanlara-verdigimiz-tepkilerle-ilgilidir-konusu-ele-alindi\/\" title=\"K\u0130\u015e\u0130SEL GEL\u0130\u015e\u0130M AT\u00d6LYES\u0130NDE \u201cHAYAT B\u0130ZE OLANLARLA \u0130LG\u0130L\u0130 DE\u011e\u0130L , HAYAT B\u0130ZE OLANLARA VERD\u0130\u011e\u0130M\u0130Z TEPK\u0130LERLE \u0130LG\u0130L\u0130D\u0130R\u201d KONUSU ELE ALINDI\" itemprop=\"name url\"><h3>K\u0130\u015e\u0130SEL GEL\u0130\u015e\u0130M AT\u00d6LYES\u0130NDE \u201cHAYAT B\u0130ZE OLANLARLA \u0130LG\u0130L\u0130 DE\u011e\u0130L , HAYAT B\u0130ZE OLANLARA VERD\u0130\u011e\u0130M\u0130Z TEPK\u0130LERLE \u0130LG\u0130L\u0130D\u0130R\u201d KONUSU ELE ALINDI<\/h3><\/a><div class=\"block-meta\"><span class=\"posted-by\">By <span class=\"author\" itemprop=\"author\"><a href=\"https:\/\/www.btaytd.org\/web\/author\/btaytd\/\">BTAYTD BTAYTD<\/a><\/span><\/span><time datetime=\"2026-02-27T15:13:02+00:00\" itemprop=\"datePublished\"><a href=\"https:\/\/www.btaytd.org\/web\/2026\/02\/27\/\">\u015eubat 27, 2026<\/a><\/time><span class=\"comments\"><a href=\"https:\/\/www.btaytd.org\/web\/tr\/kisisel-gelisim-atolyesinde-hayat-bize-olanlarla-ilgili-degil-hayat-bize-olanlara-verdigimiz-tepkilerle-ilgilidir-konusu-ele-alindi\/#respond\"><i class=\"fa fa-comments-o\"><\/i> 0<\/a><\/span><\/div><div class=\"excerpt\"><p>Bat\u0131 Trakya Az\u0131nl\u0131\u011f\u0131 Y\u00fcksek Tahsilliler Derne\u011fi b\u00fcnyesinde faaliyet g\u00f6steren Mesleki Tan\u0131t\u0131m ve Rehberlik Kolu , 27 \u015eubat 2026 tarihinde, Ki\u015fisel&hellip;<\/p>\n<\/div><\/div><\/article><\/div><div class=\"column half\"><article class=\"post-11482 post type-post status-publish format-standard has-post-thumbnail category-duyurular category-fotograflar category-mesleki-rehberlik \" itemscope itemtype=\"http:\/\/schema.org\/Article\" ><div class=\"thumbs\"><span class=\"cat-title cat-15\"><a href=\"https:\/\/www.btaytd.org\/web\/tr\/category\/duyurular\/\">Duyurular<\/a><\/span><span class=\"fa fa-circle-o-notch fa-spin loader-img\"><\/span><a href=\"https:\/\/www.btaytd.org\/web\/tr\/davetiye-duyuru-88\/\" itemprop=\"url\"><img loading=\"lazy\" decoding=\"async\" width=\"702\" height=\"336\" src=\"https:\/\/www.btaytd.org\/web\/wp-content\/uploads\/2026\/02\/WhatsApp-Image-2026-02-25-at-2.40.28-PM-702x336.jpeg\" class=\"attachment-flipmag-main-slider size-flipmag-main-slider wp-post-image\" alt=\"\" title=\"DAVET\u0130YE-DUYURU\" itemprop=\"image\" \/><\/a><\/div><div class=\"content\"><a href=\"https:\/\/www.btaytd.org\/web\/tr\/davetiye-duyuru-88\/\" title=\"DAVET\u0130YE-DUYURU\" itemprop=\"name url\"><h3>DAVET\u0130YE-DUYURU<\/h3><\/a><div class=\"block-meta\"><span class=\"posted-by\">By <span class=\"author\" itemprop=\"author\"><a href=\"https:\/\/www.btaytd.org\/web\/author\/btaytd\/\">BTAYTD BTAYTD<\/a><\/span><\/span><time datetime=\"2026-02-25T13:24:13+00:00\" itemprop=\"datePublished\"><a href=\"https:\/\/www.btaytd.org\/web\/2026\/02\/25\/\">\u015eubat 25, 2026<\/a><\/time><span class=\"comments\"><a href=\"https:\/\/www.btaytd.org\/web\/tr\/davetiye-duyuru-88\/#respond\"><i class=\"fa fa-comments-o\"><\/i> 0<\/a><\/span><\/div><div class=\"excerpt\"><p>Bat\u0131 Trakya Az\u0131nl\u0131\u011f\u0131 Y\u00fcksek Tahsilliler Derne\u011fi b\u00fcnyesinde faaliyet g\u00f6steren Mesleki Tan\u0131t\u0131m ve Rehberlik Kolu, Ki\u015fisel Geli\u015fim At\u00f6lyesi \u00e7er\u00e7evesinde \u201cHayat Bize&hellip;<\/p>\n<\/div><\/div><\/article><\/div><div class=\"column half\"><article class=\"post-11469 post type-post status-publish format-standard has-post-thumbnail category-duyurular category-fotograflar category-mesleki-rehberlik \" itemscope itemtype=\"http:\/\/schema.org\/Article\" ><div class=\"thumbs\"><span class=\"cat-title cat-15\"><a href=\"https:\/\/www.btaytd.org\/web\/tr\/category\/duyurular\/\">Duyurular<\/a><\/span><span class=\"fa fa-circle-o-notch fa-spin loader-img\"><\/span><a href=\"https:\/\/www.btaytd.org\/web\/tr\/kisisel-gelisim-atolyesinde-mimari-tasarimin-iyilestirici-gucu-mekan-bir-tedavi-araci-mi-konusu-ele-alindi\/\" itemprop=\"url\"><img loading=\"lazy\" decoding=\"async\" width=\"702\" height=\"336\" src=\"https:\/\/www.btaytd.org\/web\/wp-content\/uploads\/2026\/02\/1-1-1-702x336.jpg\" class=\"attachment-flipmag-main-slider size-flipmag-main-slider wp-post-image\" alt=\"\" title=\"K\u0130\u015e\u0130SEL GEL\u0130\u015e\u0130M AT\u00d6LYES\u0130NDE \u201cM\u0130MAR\u0130 TASARIMIN \u0130Y\u0130LE\u015eT\u0130R\u0130C\u0130 G\u00dcC\u00dc: MEK\u00c2N B\u0130R TEDAV\u0130 ARACI MI?\u201d KONUSU ELE ALINDI\" itemprop=\"image\" srcset=\"https:\/\/www.btaytd.org\/web\/wp-content\/uploads\/2026\/02\/1-1-1-702x336.jpg 702w, https:\/\/www.btaytd.org\/web\/wp-content\/uploads\/2026\/02\/1-1-1-1078x516.jpg 1078w\" sizes=\"(max-width: 702px) 100vw, 702px\" \/><\/a><\/div><div class=\"content\"><a href=\"https:\/\/www.btaytd.org\/web\/tr\/kisisel-gelisim-atolyesinde-mimari-tasarimin-iyilestirici-gucu-mekan-bir-tedavi-araci-mi-konusu-ele-alindi\/\" title=\"K\u0130\u015e\u0130SEL GEL\u0130\u015e\u0130M AT\u00d6LYES\u0130NDE \u201cM\u0130MAR\u0130 TASARIMIN \u0130Y\u0130LE\u015eT\u0130R\u0130C\u0130 G\u00dcC\u00dc: MEK\u00c2N B\u0130R TEDAV\u0130 ARACI MI?\u201d KONUSU ELE ALINDI\" itemprop=\"name url\"><h3>K\u0130\u015e\u0130SEL GEL\u0130\u015e\u0130M AT\u00d6LYES\u0130NDE \u201cM\u0130MAR\u0130 TASARIMIN \u0130Y\u0130LE\u015eT\u0130R\u0130C\u0130 G\u00dcC\u00dc: MEK\u00c2N B\u0130R TEDAV\u0130 ARACI MI?\u201d KONUSU ELE ALINDI<\/h3><\/a><div class=\"block-meta\"><span class=\"posted-by\">By <span class=\"author\" itemprop=\"author\"><a href=\"https:\/\/www.btaytd.org\/web\/author\/btaytd\/\">BTAYTD BTAYTD<\/a><\/span><\/span><time datetime=\"2026-02-23T11:53:31+00:00\" itemprop=\"datePublished\"><a href=\"https:\/\/www.btaytd.org\/web\/2026\/02\/23\/\">\u015eubat 23, 2026<\/a><\/time><span class=\"comments\"><a href=\"https:\/\/www.btaytd.org\/web\/tr\/kisisel-gelisim-atolyesinde-mimari-tasarimin-iyilestirici-gucu-mekan-bir-tedavi-araci-mi-konusu-ele-alindi\/#respond\"><i class=\"fa fa-comments-o\"><\/i> 0<\/a><\/span><\/div><div class=\"excerpt\"><p>Bat\u0131 Trakya Az\u0131nl\u0131\u011f\u0131 Y\u00fcksek Tahsilliler Derne\u011fi b\u00fcnyesinde faaliyet g\u00f6steren Mesleki Tan\u0131t\u0131m ve Rehberlik Kolu, 20 \u015eubat 2026 tarihinde \u201cKi\u015fisel Geli\u015fim&hellip;<\/p>\n<\/div><\/div><\/article><\/div><div class=\"column half\"><article class=\"post-11458 post type-post status-publish format-standard has-post-thumbnail category-duyurular category-fotograflar category-mesleki-rehberlik \" itemscope itemtype=\"http:\/\/schema.org\/Article\" ><div class=\"thumbs\"><span class=\"cat-title cat-15\"><a href=\"https:\/\/www.btaytd.org\/web\/tr\/category\/duyurular\/\">Duyurular<\/a><\/span><span class=\"fa fa-circle-o-notch fa-spin loader-img\"><\/span><a href=\"https:\/\/www.btaytd.org\/web\/tr\/davetiye-duyuru-87\/\" itemprop=\"url\"><img loading=\"lazy\" decoding=\"async\" width=\"702\" height=\"336\" src=\"https:\/\/www.btaytd.org\/web\/wp-content\/uploads\/2026\/02\/1660228245-702x336.jpg\" class=\"attachment-flipmag-main-slider size-flipmag-main-slider wp-post-image\" alt=\"\" title=\"DAVET\u0130YE-DUYURU\" itemprop=\"image\" srcset=\"https:\/\/www.btaytd.org\/web\/wp-content\/uploads\/2026\/02\/1660228245-702x336.jpg 702w, https:\/\/www.btaytd.org\/web\/wp-content\/uploads\/2026\/02\/1660228245-1078x516.jpg 1078w\" sizes=\"(max-width: 702px) 100vw, 702px\" \/><\/a><\/div><div class=\"content\"><a href=\"https:\/\/www.btaytd.org\/web\/tr\/davetiye-duyuru-87\/\" title=\"DAVET\u0130YE-DUYURU\" itemprop=\"name url\"><h3>DAVET\u0130YE-DUYURU<\/h3><\/a><div class=\"block-meta\"><span class=\"posted-by\">By <span class=\"author\" itemprop=\"author\"><a href=\"https:\/\/www.btaytd.org\/web\/author\/btaytd\/\">BTAYTD BTAYTD<\/a><\/span><\/span><time datetime=\"2026-02-18T17:19:00+00:00\" itemprop=\"datePublished\"><a href=\"https:\/\/www.btaytd.org\/web\/2026\/02\/18\/\">\u015eubat 18, 2026<\/a><\/time><span class=\"comments\"><a href=\"https:\/\/www.btaytd.org\/web\/tr\/davetiye-duyuru-87\/#respond\"><i class=\"fa fa-comments-o\"><\/i> 0<\/a><\/span><\/div><div class=\"excerpt\"><p>Bat\u0131 Trakya Az\u0131nl\u0131\u011f\u0131 Y\u00fcksek Tahsilliler Derne\u011fi b\u00fcnyesinde faaliyet g\u00f6steren Mesleki Tan\u0131t\u0131m ve Rehberlik Kolu, Ki\u015fisel Geli\u015fim At\u00f6lyesi \u00e7er\u00e7evesinde \u201cMimari tasar\u0131m\u0131n&hellip;<\/p>\n<\/div><\/div><\/article><\/div><div class=\"column half\"><article class=\"post-11450 post type-post status-publish format-standard has-post-thumbnail category-duyurular category-fotograflar category-mesleki-rehberlik \" itemscope itemtype=\"http:\/\/schema.org\/Article\" ><div class=\"thumbs\"><span class=\"cat-title cat-15\"><a href=\"https:\/\/www.btaytd.org\/web\/tr\/category\/duyurular\/\">Duyurular<\/a><\/span><span class=\"fa fa-circle-o-notch fa-spin loader-img\"><\/span><a href=\"https:\/\/www.btaytd.org\/web\/tr\/bati-trakya-azinligi-yuksek-tahsilliler-dernegi-mesleki-tanitim-ve-rehberlik-kolu-ile-iskece-turk-birligi-genclik-kolu-tip-bolumu-tanitim-programi-duzenledi\/\" itemprop=\"url\"><img loading=\"lazy\" decoding=\"async\" width=\"702\" height=\"336\" src=\"https:\/\/www.btaytd.org\/web\/wp-content\/uploads\/2026\/02\/WhatsApp-Image-2026-02-17-at-11.53.58-AM-702x336.jpeg\" class=\"attachment-flipmag-main-slider size-flipmag-main-slider wp-post-image\" alt=\"\" title=\"BATI TRAKYA AZINLI\u011eI Y\u00dcKSEK TAHS\u0130LL\u0130LER DERNE\u011e\u0130 MESLEK\u0130 TANITIM VE REHBERL\u0130K KOLU \u0130LE \u0130SKE\u00c7E T\u00dcRK B\u0130RL\u0130\u011e\u0130 GEN\u00c7L\u0130K KOLU TIP B\u00d6L\u00dcM\u00dc TANITIM PROGRAMI D\u00dcZENLED\u0130\" itemprop=\"image\" srcset=\"https:\/\/www.btaytd.org\/web\/wp-content\/uploads\/2026\/02\/WhatsApp-Image-2026-02-17-at-11.53.58-AM-702x336.jpeg 702w, https:\/\/www.btaytd.org\/web\/wp-content\/uploads\/2026\/02\/WhatsApp-Image-2026-02-17-at-11.53.58-AM-1078x516.jpeg 1078w\" sizes=\"(max-width: 702px) 100vw, 702px\" \/><\/a><\/div><div class=\"content\"><a href=\"https:\/\/www.btaytd.org\/web\/tr\/bati-trakya-azinligi-yuksek-tahsilliler-dernegi-mesleki-tanitim-ve-rehberlik-kolu-ile-iskece-turk-birligi-genclik-kolu-tip-bolumu-tanitim-programi-duzenledi\/\" title=\"BATI TRAKYA AZINLI\u011eI Y\u00dcKSEK TAHS\u0130LL\u0130LER DERNE\u011e\u0130 MESLEK\u0130 TANITIM VE REHBERL\u0130K KOLU \u0130LE \u0130SKE\u00c7E T\u00dcRK B\u0130RL\u0130\u011e\u0130 GEN\u00c7L\u0130K KOLU TIP B\u00d6L\u00dcM\u00dc TANITIM PROGRAMI D\u00dcZENLED\u0130\" itemprop=\"name url\"><h3>BATI TRAKYA AZINLI\u011eI Y\u00dcKSEK TAHS\u0130LL\u0130LER DERNE\u011e\u0130 MESLEK\u0130 TANITIM VE REHBERL\u0130K KOLU \u0130LE \u0130SKE\u00c7E T\u00dcRK B\u0130RL\u0130\u011e\u0130 GEN\u00c7L\u0130K KOLU TIP B\u00d6L\u00dcM\u00dc TANITIM PROGRAMI D\u00dcZENLED\u0130<\/h3><\/a><div class=\"block-meta\"><span class=\"posted-by\">By <span class=\"author\" itemprop=\"author\"><a href=\"https:\/\/www.btaytd.org\/web\/author\/btaytd\/\">BTAYTD BTAYTD<\/a><\/span><\/span><time datetime=\"2026-02-17T10:53:40+00:00\" itemprop=\"datePublished\"><a href=\"https:\/\/www.btaytd.org\/web\/2026\/02\/17\/\">\u015eubat 17, 2026<\/a><\/time><span class=\"comments\"><a href=\"https:\/\/www.btaytd.org\/web\/tr\/bati-trakya-azinligi-yuksek-tahsilliler-dernegi-mesleki-tanitim-ve-rehberlik-kolu-ile-iskece-turk-birligi-genclik-kolu-tip-bolumu-tanitim-programi-duzenledi\/#respond\"><i class=\"fa fa-comments-o\"><\/i> 0<\/a><\/span><\/div><div class=\"excerpt\"><p>Bat\u0131 Trakya Az\u0131nl\u0131\u011f\u0131 Y\u00fcksek Tahsilliler Derne\u011fi Mesleki Tan\u0131t\u0131m ve Rehberlik Kolu ile \u0130ske\u00e7e T\u00fcrk Birli\u011fi Gen\u00e7lik Kolu\u2019nun ortakla\u015fa d\u00fczenledi\u011fi T\u0131p&hellip;<\/p>\n<\/div><\/div><\/article><\/div><div class=\"column half\"><article class=\"post-11436 post type-post status-publish format-standard has-post-thumbnail category-duyurular category-fotograflar category-mesleki-rehberlik \" itemscope itemtype=\"http:\/\/schema.org\/Article\" ><div class=\"thumbs\"><span class=\"cat-title cat-15\"><a href=\"https:\/\/www.btaytd.org\/web\/tr\/category\/duyurular\/\">Duyurular<\/a><\/span><span class=\"fa fa-circle-o-notch fa-spin loader-img\"><\/span><a href=\"https:\/\/www.btaytd.org\/web\/tr\/duyuru-davetiye-82\/\" itemprop=\"url\"><img loading=\"lazy\" decoding=\"async\" width=\"702\" height=\"336\" src=\"https:\/\/www.btaytd.org\/web\/wp-content\/uploads\/2026\/02\/507f4b07-1ec0-4d68-9d32-27c5a35e412f-702x336.jpg\" class=\"attachment-flipmag-main-slider size-flipmag-main-slider wp-post-image\" alt=\"\" title=\"DUYURU- DAVET\u0130YE\" itemprop=\"image\" srcset=\"https:\/\/www.btaytd.org\/web\/wp-content\/uploads\/2026\/02\/507f4b07-1ec0-4d68-9d32-27c5a35e412f-702x336.jpg 702w, https:\/\/www.btaytd.org\/web\/wp-content\/uploads\/2026\/02\/507f4b07-1ec0-4d68-9d32-27c5a35e412f-1078x516.jpg 1078w\" sizes=\"(max-width: 702px) 100vw, 702px\" \/><\/a><\/div><div class=\"content\"><a href=\"https:\/\/www.btaytd.org\/web\/tr\/duyuru-davetiye-82\/\" title=\"DUYURU- DAVET\u0130YE\" itemprop=\"name url\"><h3>DUYURU- DAVET\u0130YE<\/h3><\/a><div class=\"block-meta\"><span class=\"posted-by\">By <span class=\"author\" itemprop=\"author\"><a href=\"https:\/\/www.btaytd.org\/web\/author\/btaytd\/\">BTAYTD BTAYTD<\/a><\/span><\/span><time datetime=\"2026-02-16T10:20:07+00:00\" itemprop=\"datePublished\"><a href=\"https:\/\/www.btaytd.org\/web\/2026\/02\/16\/\">\u015eubat 16, 2026<\/a><\/time><span class=\"comments\"><a href=\"https:\/\/www.btaytd.org\/web\/tr\/duyuru-davetiye-82\/#respond\"><i class=\"fa fa-comments-o\"><\/i> 0<\/a><\/span><\/div><div class=\"excerpt\"><\/div><\/div><\/article><\/div><\/div><div id=\"page_qothbjnykepazfucwmrivgxld\" class=\"main-pagination\"><span aria-current=\"page\" class=\"page-numbers current\">1<\/span>\n<a class=\"page-numbers\" href=\"\/web\/wp-json\/wp\/v2\/pages\/405?paged=2\">2<\/a>\n<a class=\"page-numbers\" href=\"\/web\/wp-json\/wp\/v2\/pages\/405?paged=3\">3<\/a>\n<span class=\"page-numbers dots\">&hellip;<\/span>\n<a class=\"page-numbers\" href=\"\/web\/wp-json\/wp\/v2\/pages\/405?paged=32\">32<\/a>\n<a class=\"next page-numbers\" href=\"\/web\/wp-json\/wp\/v2\/pages\/405?paged=2\"><span class=\"visuallyhidden\">Next<\/span><i class=\"fa fa-angle-right\"><\/i><\/a><\/div><\/div><\/div><\/div><\/div><\/div><\/div>","protected":false},"excerpt":{"rendered":"","protected":false},"author":2,"featured_media":0,"parent":0,"menu_order":0,"comment_status":"closed","ping_status":"closed","template":"","meta":{"footnotes":""},"class_list":["post-405","page","type-page","status-publish"],"_links":{"self":[{"href":"https:\/\/www.btaytd.org\/web\/wp-json\/wp\/v2\/pages\/405"}],"collection":[{"href":"https:\/\/www.btaytd.org\/web\/wp-json\/wp\/v2\/pages"}],"about":[{"href":"https:\/\/www.btaytd.org\/web\/wp-json\/wp\/v2\/types\/page"}],"author":[{"embeddable":true,"href":"https:\/\/www.btaytd.org\/web\/wp-json\/wp\/v2\/users\/2"}],"replies":[{"embeddable":true,"href":"https:\/\/www.btaytd.org\/web\/wp-json\/wp\/v2\/comments?post=405"}],"version-history":[{"count":3,"href":"https:\/\/www.btaytd.org\/web\/wp-json\/wp\/v2\/pages\/405\/revisions"}],"predecessor-version":[{"id":1521,"href":"https:\/\/www.btaytd.org\/web\/wp-json\/wp\/v2\/pages\/405\/revisions\/1521"}],"wp:attachment":[{"href":"https:\/\/www.btaytd.org\/web\/wp-json\/wp\/v2\/media?parent=405"}],"curies":[{"name":"wp","href":"https:\/\/api.w.org\/{rel}","templated":true}]}}