{"id":408,"date":"2019-09-09T18:01:15","date_gmt":"2019-09-09T18:01:15","guid":{"rendered":"https:\/\/www.btaytd.org\/web\/?page_id=408"},"modified":"2019-09-17T14:04:36","modified_gmt":"2019-09-17T14:04:36","slug":"uzaktan-egitim","status":"publish","type":"page","link":"https:\/\/www.btaytd.org\/web\/tr\/uzaktan-egitim\/","title":{"rendered":"Uzaktan E\u011fitim"},"content":{"rendered":"<div id=\"pl-gb408-69f91b7ee8f1e\"  class=\"panel-layout\" ><div id=\"pg-gb408-69f91b7ee8f1e-0\"  class=\"panel-grid panel-no-style\" ><div id=\"pgc-gb408-69f91b7ee8f1e-0-0\"  class=\"panel-grid-cell\"  data-weight=\"1\" ><div id=\"panel-gb408-69f91b7ee8f1e-0-0-0\" class=\"so-panel widget widget_oc-block-9 panel-first-child panel-last-child\" data-index=\"0\" data-style=\"{&quot;background_image_attachment&quot;:false,&quot;background_display&quot;:&quot;tile&quot;}\" ><div\n\t\t\t\n\t\t\tclass=\"so-widget-oc-block-9 so-widget-oc-block-9-default-0f9d0a708036-408\"\n\t\t\t\n\t\t><div id=\"flipmag-bid-mothuqlpeiryvwcnbzxdfagkj\"><div class=\"oc-block block-9 row\"  data-id=\"mothuqlpeiryvwcnbzxdfagkj\" id=\"block_mothuqlpeiryvwcnbzxdfagkj\" ><div class=\"column half\"><article class=\"post-3455 post type-post status-publish format-standard has-post-thumbnail category-alt-kurullar category-fotograflar category-uzaktan-egitim \" itemscope itemtype=\"http:\/\/schema.org\/Article\" ><div class=\"thumbs\"><span class=\"cat-title cat-44\"><a href=\"https:\/\/www.btaytd.org\/web\/tr\/category\/alt-kurullar\/\">Alt Kurullar<\/a><\/span><span class=\"fa fa-circle-o-notch fa-spin loader-img\"><\/span><a href=\"https:\/\/www.btaytd.org\/web\/tr\/duyuru-14\/\" itemprop=\"url\"><img loading=\"lazy\" decoding=\"async\" width=\"702\" height=\"336\" src=\"https:\/\/www.btaytd.org\/web\/wp-content\/uploads\/2021\/01\/WhatsApp-Image-2021-01-11-at-12.25.56-702x336.jpeg\" class=\"attachment-flipmag-main-slider size-flipmag-main-slider wp-post-image\" alt=\"\" title=\"DUYURU\" itemprop=\"image\" \/><\/a><\/div><div class=\"content\"><a href=\"https:\/\/www.btaytd.org\/web\/tr\/duyuru-14\/\" title=\"DUYURU\" itemprop=\"name url\"><h3>DUYURU<\/h3><\/a><div class=\"block-meta\"><span class=\"posted-by\">By <span class=\"author\" itemprop=\"author\"><a href=\"https:\/\/www.btaytd.org\/web\/author\/btaytd\/\">BTAYTD BTAYTD<\/a><\/span><\/span><time datetime=\"2021-01-15T13:59:48+00:00\" itemprop=\"datePublished\"><a href=\"https:\/\/www.btaytd.org\/web\/2021\/01\/15\/\">Ocak 15, 2021<\/a><\/time><span class=\"comments\"><a href=\"https:\/\/www.btaytd.org\/web\/tr\/duyuru-14\/#respond\"><i class=\"fa fa-comments-o\"><\/i> 0<\/a><\/span><\/div><div class=\"excerpt\"><p>Meeting ID :915 9979 8992 Passcode:210723 Link :https:\/\/zoom.us\/j\/91599798992?pwd=WEZBWGNPU0VzQXNMR2RnVzhIdENzQT09Bu ak\u015fam Yunanistan saati ile saat 20.00<\/p>\n<\/div><\/div><\/article><\/div><div class=\"column half\"><article class=\"post-3449 post type-post status-publish format-standard has-post-thumbnail category-alt-kurullar category-duyurular category-fotograflar category-uzaktan-egitim \" itemscope itemtype=\"http:\/\/schema.org\/Article\" ><div class=\"thumbs\"><span class=\"cat-title cat-44\"><a href=\"https:\/\/www.btaytd.org\/web\/tr\/category\/alt-kurullar\/\">Alt Kurullar<\/a><\/span><span class=\"fa fa-circle-o-notch fa-spin loader-img\"><\/span><a href=\"https:\/\/www.btaytd.org\/web\/tr\/duyuru-davetiye-6\/\" itemprop=\"url\"><img loading=\"lazy\" decoding=\"async\" width=\"702\" height=\"336\" src=\"https:\/\/www.btaytd.org\/web\/wp-content\/uploads\/2021\/01\/WhatsApp-Image-2021-01-11-at-12.25.56-702x336.jpeg\" class=\"attachment-flipmag-main-slider size-flipmag-main-slider wp-post-image\" alt=\"\" title=\"DUYURU- DAVET\u0130YE\" itemprop=\"image\" \/><\/a><\/div><div class=\"content\"><a href=\"https:\/\/www.btaytd.org\/web\/tr\/duyuru-davetiye-6\/\" title=\"DUYURU- DAVET\u0130YE\" itemprop=\"name url\"><h3>DUYURU- DAVET\u0130YE<\/h3><\/a><div class=\"block-meta\"><span class=\"posted-by\">By <span class=\"author\" itemprop=\"author\"><a href=\"https:\/\/www.btaytd.org\/web\/author\/btaytd\/\">BTAYTD BTAYTD<\/a><\/span><\/span><time datetime=\"2021-01-11T18:05:52+00:00\" itemprop=\"datePublished\"><a href=\"https:\/\/www.btaytd.org\/web\/2021\/01\/11\/\">Ocak 11, 2021<\/a><\/time><span class=\"comments\"><a href=\"https:\/\/www.btaytd.org\/web\/tr\/duyuru-davetiye-6\/#respond\"><i class=\"fa fa-comments-o\"><\/i> 0<\/a><\/span><\/div><div class=\"excerpt\"><\/div><\/div><\/article><\/div><div class=\"column half\"><article class=\"post-3028 post type-post status-publish format-standard has-post-thumbnail category-alt-kurullar category-uzaktan-egitim \" itemscope itemtype=\"http:\/\/schema.org\/Article\" ><div class=\"thumbs\"><span class=\"cat-title cat-44\"><a href=\"https:\/\/www.btaytd.org\/web\/tr\/category\/alt-kurullar\/\">Alt Kurullar<\/a><\/span><span class=\"fa fa-circle-o-notch fa-spin loader-img\"><\/span><a href=\"https:\/\/www.btaytd.org\/web\/tr\/muzaffer-salihoglu-online-satranc-turnuvasi\/\" itemprop=\"url\"><img loading=\"lazy\" decoding=\"async\" width=\"702\" height=\"336\" src=\"https:\/\/www.btaytd.org\/web\/wp-content\/uploads\/2020\/06\/SATRAN\u00c7-TURNUVASI-702x336.jpeg\" class=\"attachment-flipmag-main-slider size-flipmag-main-slider wp-post-image\" alt=\"\" title=\"MUZAFFER SAL\u0130HO\u011eLU ONLINE SATRAN\u00c7 TURNUVASI\" itemprop=\"image\" srcset=\"https:\/\/www.btaytd.org\/web\/wp-content\/uploads\/2020\/06\/SATRAN\u00c7-TURNUVASI-702x336.jpeg 702w, https:\/\/www.btaytd.org\/web\/wp-content\/uploads\/2020\/06\/SATRAN\u00c7-TURNUVASI-1078x516.jpeg 1078w\" sizes=\"(max-width: 702px) 100vw, 702px\" \/><\/a><\/div><div class=\"content\"><a href=\"https:\/\/www.btaytd.org\/web\/tr\/muzaffer-salihoglu-online-satranc-turnuvasi\/\" title=\"MUZAFFER SAL\u0130HO\u011eLU ONLINE SATRAN\u00c7 TURNUVASI\" itemprop=\"name url\"><h3>MUZAFFER SAL\u0130HO\u011eLU ONLINE SATRAN\u00c7 TURNUVASI<\/h3><\/a><div class=\"block-meta\"><span class=\"posted-by\">By <span class=\"author\" itemprop=\"author\"><a href=\"https:\/\/www.btaytd.org\/web\/author\/btaytd\/\">BTAYTD BTAYTD<\/a><\/span><\/span><time datetime=\"2020-06-15T06:38:23+00:00\" itemprop=\"datePublished\"><a href=\"https:\/\/www.btaytd.org\/web\/2020\/06\/15\/\">Haziran 15, 2020<\/a><\/time><span class=\"comments\"><a href=\"https:\/\/www.btaytd.org\/web\/tr\/muzaffer-salihoglu-online-satranc-turnuvasi\/#respond\"><i class=\"fa fa-comments-o\"><\/i> 0<\/a><\/span><\/div><div class=\"excerpt\"><p>Derne\u011fimizin organize etti\u011fi online satran\u00e7 turnuvas\u0131na davetlisiniz. https:\/\/docs.google.com\/document\/d\/e\/2PACX-1vT6yu8wkfbSZSW-mii9BgV48LaNN_hz4LWblpGMHlZ3lgoaO9oRHP2zSs8Xhl0IbqXBm4o8_sCfVi86\/pub 21 Haziran 2020 TEMPO 7+3 sporcu ba\u015f\u0131na toplam 10 dk olup turnuva&hellip;<\/p>\n<\/div><\/div><\/article><\/div><div class=\"column half\"><article class=\"post-3022 post type-post status-publish format-standard has-post-thumbnail category-alt-kurullar category-uzaktan-egitim \" itemscope itemtype=\"http:\/\/schema.org\/Article\" ><div class=\"thumbs\"><span class=\"cat-title cat-44\"><a href=\"https:\/\/www.btaytd.org\/web\/tr\/category\/alt-kurullar\/\">Alt Kurullar<\/a><\/span><span class=\"fa fa-circle-o-notch fa-spin loader-img\"><\/span><a href=\"https:\/\/www.btaytd.org\/web\/tr\/aile-terbiyesi\/\" itemprop=\"url\"><img loading=\"lazy\" decoding=\"async\" width=\"702\" height=\"336\" src=\"https:\/\/www.btaytd.org\/web\/wp-content\/uploads\/2020\/06\/Aile-Terbiyesi-702x336.jpeg\" class=\"attachment-flipmag-main-slider size-flipmag-main-slider wp-post-image\" alt=\"\" title=\"A\u0130LE TERB\u0130YES\u0130\" itemprop=\"image\" srcset=\"https:\/\/www.btaytd.org\/web\/wp-content\/uploads\/2020\/06\/Aile-Terbiyesi-702x336.jpeg 702w, https:\/\/www.btaytd.org\/web\/wp-content\/uploads\/2020\/06\/Aile-Terbiyesi-1078x516.jpeg 1078w\" sizes=\"(max-width: 702px) 100vw, 702px\" \/><\/a><\/div><div class=\"content\"><a href=\"https:\/\/www.btaytd.org\/web\/tr\/aile-terbiyesi\/\" title=\"A\u0130LE TERB\u0130YES\u0130\" itemprop=\"name url\"><h3>A\u0130LE TERB\u0130YES\u0130<\/h3><\/a><div class=\"block-meta\"><span class=\"posted-by\">By <span class=\"author\" itemprop=\"author\"><a href=\"https:\/\/www.btaytd.org\/web\/author\/btaytd\/\">BTAYTD BTAYTD<\/a><\/span><\/span><time datetime=\"2020-06-05T07:02:51+00:00\" itemprop=\"datePublished\"><a href=\"https:\/\/www.btaytd.org\/web\/2020\/06\/05\/\">Haziran 5, 2020<\/a><\/time><span class=\"comments\"><a href=\"https:\/\/www.btaytd.org\/web\/tr\/aile-terbiyesi\/#respond\"><i class=\"fa fa-comments-o\"><\/i> 0<\/a><\/span><\/div><div class=\"excerpt\"><\/div><\/div><\/article><\/div><\/div><div id=\"page_mothuqlpeiryvwcnbzxdfagkj\" class=\"main-pagination\"><\/div><\/div><\/div><\/div><\/div><\/div><\/div>","protected":false},"excerpt":{"rendered":"","protected":false},"author":2,"featured_media":0,"parent":0,"menu_order":0,"comment_status":"closed","ping_status":"closed","template":"","meta":{"footnotes":""},"class_list":["post-408","page","type-page","status-publish"],"_links":{"self":[{"href":"https:\/\/www.btaytd.org\/web\/wp-json\/wp\/v2\/pages\/408"}],"collection":[{"href":"https:\/\/www.btaytd.org\/web\/wp-json\/wp\/v2\/pages"}],"about":[{"href":"https:\/\/www.btaytd.org\/web\/wp-json\/wp\/v2\/types\/page"}],"author":[{"embeddable":true,"href":"https:\/\/www.btaytd.org\/web\/wp-json\/wp\/v2\/users\/2"}],"replies":[{"embeddable":true,"href":"https:\/\/www.btaytd.org\/web\/wp-json\/wp\/v2\/comments?post=408"}],"version-history":[{"count":3,"href":"https:\/\/www.btaytd.org\/web\/wp-json\/wp\/v2\/pages\/408\/revisions"}],"predecessor-version":[{"id":1524,"href":"https:\/\/www.btaytd.org\/web\/wp-json\/wp\/v2\/pages\/408\/revisions\/1524"}],"wp:attachment":[{"href":"https:\/\/www.btaytd.org\/web\/wp-json\/wp\/v2\/media?parent=408"}],"curies":[{"name":"wp","href":"https:\/\/api.w.org\/{rel}","templated":true}]}}