{"id":422,"date":"2019-09-09T18:05:49","date_gmt":"2019-09-09T18:05:49","guid":{"rendered":"https:\/\/www.btaytd.org\/web\/?page_id=422"},"modified":"2025-01-28T10:20:18","modified_gmt":"2025-01-28T10:20:18","slug":"faaliyet-raporu","status":"publish","type":"page","link":"https:\/\/www.btaytd.org\/web\/tr\/faaliyet-raporu\/","title":{"rendered":"Faaliyet Raporu"},"content":{"rendered":"\n<p>Bat\u0131 Trakya Az\u0131nl\u0131\u011f\u0131 Y\u00fcksek Tahsilliler Derne\u011fi\u2019nin y\u0131llara g\u00f6re Faaliyet Raporlar\u0131:<\/p>\n\n\n\n<div class=\"wp-block-file\"><a href=\"https:\/\/www.btaytd.org\/web\/wp-content\/uploads\/2019\/09\/FR-2015.pdf\">2015 Faaliyet Raporu<\/a><a href=\"https:\/\/www.btaytd.org\/web\/wp-content\/uploads\/2019\/09\/FR-2015.pdf\" class=\"wp-block-file__button wp-element-button\" download>\u0130ndir<\/a><\/div>\n\n\n\n<div class=\"wp-block-file\"><a href=\"https:\/\/www.btaytd.org\/web\/wp-content\/uploads\/2019\/09\/FR-2014.pdf\">2014 Faaliyet Raporu<\/a><a href=\"https:\/\/www.btaytd.org\/web\/wp-content\/uploads\/2019\/09\/FR-2014.pdf\" class=\"wp-block-file__button wp-element-button\" download>\u0130ndir<\/a><\/div>\n\n\n\n<div class=\"wp-block-file\"><a href=\"https:\/\/www.btaytd.org\/web\/wp-content\/uploads\/2019\/09\/FR-20131.pdf\"><a href=\"http:\/\/www.btaytd.com\/v2\/admin\/filemanager\/source\/Yayinlar\/2012%20FAALIYET%20RAPORU.pdf\">2013 Faaliyet Raporu<\/a><\/a><a href=\"https:\/\/www.btaytd.org\/web\/wp-content\/uploads\/2019\/09\/FR-20131.pdf\" class=\"wp-block-file__button\" download>\u0130ndir<\/a><\/div>\n\n\n\n<div class=\"wp-block-file\"><a href=\"https:\/\/www.btaytd.org\/web\/wp-content\/uploads\/2019\/09\/2012-FAALIYET-RAPORU.pdf\">2012 Faaliyet Raporu<\/a><a href=\"https:\/\/www.btaytd.org\/web\/wp-content\/uploads\/2019\/09\/2012-FAALIYET-RAPORU.pdf\" class=\"wp-block-file__button wp-element-button\" download>\u0130ndir<\/a><\/div>\n\n\n\n<div class=\"wp-block-file\"><a href=\"https:\/\/www.btaytd.org\/web\/wp-content\/uploads\/2019\/09\/FR-2010.pdf\">2010 Faaliyet Raporu<\/a><a href=\"https:\/\/www.btaytd.org\/web\/wp-content\/uploads\/2019\/09\/FR-2010.pdf\" class=\"wp-block-file__button wp-element-button\" download>\u0130ndir<\/a><\/div>\n\n\n\n<div class=\"wp-block-file\"><a href=\"blob:https:\/\/www.btaytd.org\/1a2c1df0-78ee-ad40-b1a8-9ad022a415bb\"><\/a><a href=\"http:\/\/www.btaytd.com\/v2\/files\/FR-2009.pdf\">2009 Faaliyet Raporu<\/a><a href=\"blob:https:\/\/www.btaytd.org\/1a2c1df0-78ee-ad40-b1a8-9ad022a415bb\" class=\"wp-block-file__button\" download=\"\">\u0130ndir<\/a><\/div>\n\n\n\n<div class=\"wp-block-file\"><a href=\"https:\/\/www.btaytd.org\/web\/wp-content\/uploads\/2020\/01\/2019-Faaliyet-Raporu.pdf\">2019 Faaliyet Raporu<\/a><a href=\"https:\/\/www.btaytd.org\/web\/wp-content\/uploads\/2020\/01\/2019-Faaliyet-Raporu.pdf\" class=\"wp-block-file__button wp-element-button\" download>\u0130ndir<\/a><\/div>\n\n\n\n<div class=\"wp-block-file\"><a href=\"https:\/\/www.btaytd.org\/web\/wp-content\/uploads\/2022\/02\/FAALIYET-RAPORU-2021.pdf\">2021 FAAL\u0130YET RAPORU<\/a><a href=\"https:\/\/www.btaytd.org\/web\/wp-content\/uploads\/2022\/02\/FAALIYET-RAPORU-2021.pdf\" class=\"wp-block-file__button wp-element-button\" download>\u0130ndir<\/a><\/div>\n\n\n\n<div class=\"wp-block-file\"><a href=\"https:\/\/www.btaytd.org\/web\/wp-content\/uploads\/2024\/02\/2022-BTAYTD-Faaliyet-Raporu.pdf\">2022-BTAYTD-Faaliyet-Raporu<\/a><a href=\"https:\/\/www.btaytd.org\/web\/wp-content\/uploads\/2024\/02\/2022-BTAYTD-Faaliyet-Raporu.pdf\" class=\"wp-block-file__button wp-element-button\" download>\u0130ndir<\/a><\/div>\n\n\n\n<div class=\"wp-block-file\"><a href=\"https:\/\/www.btaytd.org\/web\/wp-content\/uploads\/2024\/02\/FAAIYET-RAPORU-2023.pdf\">FAAIYET-RAPORU-2023<\/a><a href=\"https:\/\/www.btaytd.org\/web\/wp-content\/uploads\/2024\/02\/FAAIYET-RAPORU-2023.pdf\" class=\"wp-block-file__button wp-element-button\" download>\u0130ndir<\/a><\/div>\n\n\n\n<div data-wp-interactive=\"core\/file\" class=\"wp-block-file\"><object data-wp-bind--hidden=\"!state.hasPdfPreview\"  class=\"wp-block-file__embed\" data=\"https:\/\/www.btaytd.org\/web\/wp-content\/uploads\/2025\/01\/FAALIYET-RAPORU-2024.pdf\" type=\"application\/pdf\" style=\"width:100%;height:600px\" aria-label=\"FAAL\u0130YET RAPORU 2024 g\u00f6m\u00fcs\u00fc.\"><\/object><a id=\"wp-block-file--media-2d4b9918-aada-49f3-9bdd-6b0257085f76\" href=\"https:\/\/www.btaytd.org\/web\/wp-content\/uploads\/2025\/01\/FAALIYET-RAPORU-2024.pdf\">FAAL\u0130YET RAPORU 2024<\/a><a href=\"https:\/\/www.btaytd.org\/web\/wp-content\/uploads\/2025\/01\/FAALIYET-RAPORU-2024.pdf\" class=\"wp-block-file__button wp-element-button\" download aria-describedby=\"wp-block-file--media-2d4b9918-aada-49f3-9bdd-6b0257085f76\">\u0130ndir<\/a><\/div>\n","protected":false},"excerpt":{"rendered":"<p>Bat\u0131 Trakya Az\u0131nl\u0131\u011f\u0131 Y\u00fcksek Tahsilliler Derne\u011fi\u2019nin y\u0131llara g\u00f6re Faaliyet Raporlar\u0131: 2009 Faaliyet Raporu\u0130ndir<\/p>\n","protected":false},"author":4,"featured_media":0,"parent":0,"menu_order":0,"comment_status":"closed","ping_status":"closed","template":"","meta":{"footnotes":""},"class_list":["post-422","page","type-page","status-publish"],"_links":{"self":[{"href":"https:\/\/www.btaytd.org\/web\/wp-json\/wp\/v2\/pages\/422"}],"collection":[{"href":"https:\/\/www.btaytd.org\/web\/wp-json\/wp\/v2\/pages"}],"about":[{"href":"https:\/\/www.btaytd.org\/web\/wp-json\/wp\/v2\/types\/page"}],"author":[{"embeddable":true,"href":"https:\/\/www.btaytd.org\/web\/wp-json\/wp\/v2\/users\/4"}],"replies":[{"embeddable":true,"href":"https:\/\/www.btaytd.org\/web\/wp-json\/wp\/v2\/comments?post=422"}],"version-history":[{"count":12,"href":"https:\/\/www.btaytd.org\/web\/wp-json\/wp\/v2\/pages\/422\/revisions"}],"predecessor-version":[{"id":9301,"href":"https:\/\/www.btaytd.org\/web\/wp-json\/wp\/v2\/pages\/422\/revisions\/9301"}],"wp:attachment":[{"href":"https:\/\/www.btaytd.org\/web\/wp-json\/wp\/v2\/media?parent=422"}],"curies":[{"name":"wp","href":"https:\/\/api.w.org\/{rel}","templated":true}]}}