{"id":437,"date":"2019-09-09T18:08:24","date_gmt":"2019-09-09T18:08:24","guid":{"rendered":"https:\/\/www.btaytd.org\/web\/?page_id=437"},"modified":"2019-09-11T20:01:09","modified_gmt":"2019-09-11T20:01:09","slug":"kayit-bilgileri","status":"publish","type":"page","link":"https:\/\/www.btaytd.org\/web\/tr\/kayit-bilgileri\/","title":{"rendered":"Kay\u0131t Bilgileri"},"content":{"rendered":"\n<p><strong>BTAYTD \u00fcyelik ba\u015fvurusu i\u00e7in gerekli belgeler:<\/strong><\/p>\n\n\n\n<div class=\"wp-block-file\"><a href=\"https:\/\/www.btaytd.org\/web\/wp-content\/uploads\/2019\/09\/UyeBasvuruFormu.pdf\">\u00dcye ba\u015fvuru formu<\/a><a href=\"https:\/\/www.btaytd.org\/web\/wp-content\/uploads\/2019\/09\/UyeBasvuruFormu.pdf\" class=\"wp-block-file__button\" download>\u0130ndir<\/a><\/div>\n\n\n\n<p>\u00dcniversite mezuniyet belgesi\/diplomas\u0131 fotokopisi <\/p>\n\n\n\n<p>Kimlik fotokopisi <\/p>\n\n\n\n<p>\u0130ki (2) vesikal\u0131k foto\u011fraf <\/p>\n\n\n\n<p>On euro (10,00 \u20ac) \u00fcye kay\u0131t \u00fccreti<\/p>\n","protected":false},"excerpt":{"rendered":"<p>BTAYTD \u00fcyelik ba\u015fvurusu i\u00e7in gerekli belgeler: \u00dcniversite mezuniyet belgesi\/diplomas\u0131 fotokopisi Kimlik fotokopisi \u0130ki (2) vesikal\u0131k foto\u011fraf On euro (10,00 \u20ac) \u00fcye kay\u0131t \u00fccreti<\/p>\n","protected":false},"author":2,"featured_media":0,"parent":0,"menu_order":0,"comment_status":"closed","ping_status":"closed","template":"","meta":{"footnotes":""},"class_list":["post-437","page","type-page","status-publish"],"_links":{"self":[{"href":"https:\/\/www.btaytd.org\/web\/wp-json\/wp\/v2\/pages\/437"}],"collection":[{"href":"https:\/\/www.btaytd.org\/web\/wp-json\/wp\/v2\/pages"}],"about":[{"href":"https:\/\/www.btaytd.org\/web\/wp-json\/wp\/v2\/types\/page"}],"author":[{"embeddable":true,"href":"https:\/\/www.btaytd.org\/web\/wp-json\/wp\/v2\/users\/2"}],"replies":[{"embeddable":true,"href":"https:\/\/www.btaytd.org\/web\/wp-json\/wp\/v2\/comments?post=437"}],"version-history":[{"count":2,"href":"https:\/\/www.btaytd.org\/web\/wp-json\/wp\/v2\/pages\/437\/revisions"}],"predecessor-version":[{"id":505,"href":"https:\/\/www.btaytd.org\/web\/wp-json\/wp\/v2\/pages\/437\/revisions\/505"}],"wp:attachment":[{"href":"https:\/\/www.btaytd.org\/web\/wp-json\/wp\/v2\/media?parent=437"}],"curies":[{"name":"wp","href":"https:\/\/api.w.org\/{rel}","templated":true}]}}