{"id":4539,"date":"2022-02-15T15:44:51","date_gmt":"2022-02-15T15:44:51","guid":{"rendered":"https:\/\/www.btaytd.org\/web\/?page_id=4539"},"modified":"2022-06-17T18:34:18","modified_gmt":"2022-06-17T18:34:18","slug":"sanat-etkinligi","status":"publish","type":"page","link":"https:\/\/www.btaytd.org\/web\/tr\/sanat-etkinligi\/","title":{"rendered":"Sanat Etkinli\u011fi"},"content":{"rendered":"\n<p>Babam\u0131za sonsuza kadar saklayaca\u011f\u0131 k\u00fc\u00e7\u00fck bir iz b\u0131rakal\u0131m.<\/p>\n\n\n\n<p>Kurban bayram\u0131 haz\u0131rl\u0131klar\u0131na k\u00fc\u00e7\u00fck kuzucuk ile ba\u015flayal\u0131m.<\/p>\n\n\n\n<figure class=\"wp-block-gallery columns-2 is-cropped wp-block-gallery-1 is-layout-flex wp-block-gallery-is-layout-flex\"><ul class=\"blocks-gallery-grid\"><li class=\"blocks-gallery-item\"><figure><img loading=\"lazy\" decoding=\"async\" width=\"1024\" height=\"1024\" src=\"https:\/\/www.btaytd.org\/web\/wp-content\/uploads\/2022\/06\/Sanat-Etkinligi-2-Babalar-Gunu-Haziran-2022-1-1024x1024.jpg\" alt=\"\" data-id=\"5304\" data-full-url=\"https:\/\/www.btaytd.org\/web\/wp-content\/uploads\/2022\/06\/Sanat-Etkinligi-2-Babalar-Gunu-Haziran-2022-1.jpg\" data-link=\"https:\/\/www.btaytd.org\/web\/tr\/sanat-etkinligi\/sanat-etkinligi-2-babalar-gunu-haziran-2022-1\/\" class=\"wp-image-5304\" srcset=\"https:\/\/www.btaytd.org\/web\/wp-content\/uploads\/2022\/06\/Sanat-Etkinligi-2-Babalar-Gunu-Haziran-2022-1-1024x1024.jpg 1024w, https:\/\/www.btaytd.org\/web\/wp-content\/uploads\/2022\/06\/Sanat-Etkinligi-2-Babalar-Gunu-Haziran-2022-1-300x300.jpg 300w, https:\/\/www.btaytd.org\/web\/wp-content\/uploads\/2022\/06\/Sanat-Etkinligi-2-Babalar-Gunu-Haziran-2022-1-150x150.jpg 150w, https:\/\/www.btaytd.org\/web\/wp-content\/uploads\/2022\/06\/Sanat-Etkinligi-2-Babalar-Gunu-Haziran-2022-1-768x768.jpg 768w, https:\/\/www.btaytd.org\/web\/wp-content\/uploads\/2022\/06\/Sanat-Etkinligi-2-Babalar-Gunu-Haziran-2022-1-45x45.jpg 45w, https:\/\/www.btaytd.org\/web\/wp-content\/uploads\/2022\/06\/Sanat-Etkinligi-2-Babalar-Gunu-Haziran-2022-1.jpg 1080w\" sizes=\"(max-width: 1024px) 100vw, 1024px\" \/><\/figure><\/li><li class=\"blocks-gallery-item\"><figure><img loading=\"lazy\" decoding=\"async\" width=\"1024\" height=\"1024\" src=\"https:\/\/www.btaytd.org\/web\/wp-content\/uploads\/2022\/06\/Sanat-Etkinligi-Haziran-2022-1024x1024.jpg\" alt=\"\" data-id=\"5305\" data-full-url=\"https:\/\/www.btaytd.org\/web\/wp-content\/uploads\/2022\/06\/Sanat-Etkinligi-Haziran-2022.jpg\" data-link=\"https:\/\/www.btaytd.org\/web\/tr\/sanat-etkinligi\/sanat-etkinligi-haziran-2022\/\" class=\"wp-image-5305\" srcset=\"https:\/\/www.btaytd.org\/web\/wp-content\/uploads\/2022\/06\/Sanat-Etkinligi-Haziran-2022-1024x1024.jpg 1024w, https:\/\/www.btaytd.org\/web\/wp-content\/uploads\/2022\/06\/Sanat-Etkinligi-Haziran-2022-300x300.jpg 300w, https:\/\/www.btaytd.org\/web\/wp-content\/uploads\/2022\/06\/Sanat-Etkinligi-Haziran-2022-150x150.jpg 150w, https:\/\/www.btaytd.org\/web\/wp-content\/uploads\/2022\/06\/Sanat-Etkinligi-Haziran-2022-768x768.jpg 768w, https:\/\/www.btaytd.org\/web\/wp-content\/uploads\/2022\/06\/Sanat-Etkinligi-Haziran-2022-45x45.jpg 45w, https:\/\/www.btaytd.org\/web\/wp-content\/uploads\/2022\/06\/Sanat-Etkinligi-Haziran-2022.jpg 1080w\" sizes=\"(max-width: 1024px) 100vw, 1024px\" \/><\/figure><\/li><\/ul><\/figure>\n\n\n\n<div class=\"wp-block-file\"><a href=\"https:\/\/www.btaytd.org\/web\/wp-content\/uploads\/2022\/06\/Sanat-Etkinligi-Haziran-Ayi-babalar-gunu.pdf\">Sanat-Etkinligi-Haziran-Ayi-babalar-gunu<\/a><a href=\"https:\/\/www.btaytd.org\/web\/wp-content\/uploads\/2022\/06\/Sanat-Etkinligi-Haziran-Ayi-babalar-gunu.pdf\" class=\"wp-block-file__button\" download>\u0130ndir<\/a><\/div>\n\n\n\n<div class=\"wp-block-file\"><a href=\"https:\/\/www.btaytd.org\/web\/wp-content\/uploads\/2022\/06\/Sanat-Etkinligi-Haziran-Ayi-kuzucuk.pdf\">Sanat-Etkinligi-Haziran-Ayi-kuzucuk<\/a><a href=\"https:\/\/www.btaytd.org\/web\/wp-content\/uploads\/2022\/06\/Sanat-Etkinligi-Haziran-Ayi-kuzucuk.pdf\" class=\"wp-block-file__button\" download>\u0130ndir<\/a><\/div>\n\n\n\n<p>Yarat\u0131c\u0131l\u0131\u011f\u0131m\u0131z\u0131 harekete ge\u00e7irelim. Hamurumuza \u015fekil verelim.<\/p>\n\n\n\n<figure class=\"wp-block-gallery columns-1 is-cropped wp-block-gallery-2 is-layout-flex wp-block-gallery-is-layout-flex\"><ul class=\"blocks-gallery-grid\"><li class=\"blocks-gallery-item\"><figure><img loading=\"lazy\" decoding=\"async\" width=\"724\" height=\"1024\" src=\"https:\/\/www.btaytd.org\/web\/wp-content\/uploads\/2022\/05\/Sanat-Etkinligi-Mayis-2022-1-724x1024.jpg\" alt=\"\" data-id=\"5150\" data-full-url=\"https:\/\/www.btaytd.org\/web\/wp-content\/uploads\/2022\/05\/Sanat-Etkinligi-Mayis-2022-1.jpg\" data-link=\"https:\/\/www.btaytd.org\/web\/tr\/sanat-etkinligi\/sanat-etkinligi-mayis-2022-1\/\" class=\"wp-image-5150\" srcset=\"https:\/\/www.btaytd.org\/web\/wp-content\/uploads\/2022\/05\/Sanat-Etkinligi-Mayis-2022-1-724x1024.jpg 724w, https:\/\/www.btaytd.org\/web\/wp-content\/uploads\/2022\/05\/Sanat-Etkinligi-Mayis-2022-1-212x300.jpg 212w, https:\/\/www.btaytd.org\/web\/wp-content\/uploads\/2022\/05\/Sanat-Etkinligi-Mayis-2022-1-768x1086.jpg 768w, https:\/\/www.btaytd.org\/web\/wp-content\/uploads\/2022\/05\/Sanat-Etkinligi-Mayis-2022-1-1086x1536.jpg 1086w, https:\/\/www.btaytd.org\/web\/wp-content\/uploads\/2022\/05\/Sanat-Etkinligi-Mayis-2022-1.jpg 1414w\" sizes=\"(max-width: 724px) 100vw, 724px\" \/><\/figure><\/li><\/ul><\/figure>\n\n\n\n<div class=\"wp-block-file\"><a href=\"https:\/\/www.btaytd.org\/web\/wp-content\/uploads\/2022\/05\/Sanat-Etkinligi-Mayis-2022.pdf\">Sanat-Etkinligi-Mayis-2022<\/a><a href=\"https:\/\/www.btaytd.org\/web\/wp-content\/uploads\/2022\/05\/Sanat-Etkinligi-Mayis-2022.pdf\" class=\"wp-block-file__button\" download>\u0130ndir<\/a><\/div>\n\n\n\n<p>De\u011ferli \u00c7ocuklar, Sanat Etkinliklerimiz ile kendi \u00f6zg\u00fcn \u00fcr\u00fcnlerinizi, yarat\u0131c\u0131l\u0131\u011f\u0131n\u0131z\u0131 kullanarak olu\u015fturabilirsiniz! Haydi ellerimiz \u00e7al\u0131\u015fs\u0131n!<\/p>\n\n\n\n<figure class=\"wp-block-gallery columns-2 is-cropped wp-block-gallery-3 is-layout-flex wp-block-gallery-is-layout-flex\"><ul class=\"blocks-gallery-grid\"><li class=\"blocks-gallery-item\"><figure><img loading=\"lazy\" decoding=\"async\" width=\"724\" height=\"1024\" src=\"https:\/\/www.btaytd.org\/web\/wp-content\/uploads\/2022\/02\/1-7-724x1024.jpg\" alt=\"\" data-id=\"4607\" data-full-url=\"https:\/\/www.btaytd.org\/web\/wp-content\/uploads\/2022\/02\/1-7.jpg\" data-link=\"https:\/\/www.btaytd.org\/web\/tr\/sanat-etkinligi\/1-7-3\/\" class=\"wp-image-4607\" srcset=\"https:\/\/www.btaytd.org\/web\/wp-content\/uploads\/2022\/02\/1-7-724x1024.jpg 724w, https:\/\/www.btaytd.org\/web\/wp-content\/uploads\/2022\/02\/1-7-212x300.jpg 212w, https:\/\/www.btaytd.org\/web\/wp-content\/uploads\/2022\/02\/1-7-768x1086.jpg 768w, https:\/\/www.btaytd.org\/web\/wp-content\/uploads\/2022\/02\/1-7-1086x1536.jpg 1086w, https:\/\/www.btaytd.org\/web\/wp-content\/uploads\/2022\/02\/1-7.jpg 1414w\" sizes=\"(max-width: 724px) 100vw, 724px\" \/><\/figure><\/li><li class=\"blocks-gallery-item\"><figure><img loading=\"lazy\" decoding=\"async\" width=\"724\" height=\"1024\" src=\"https:\/\/www.btaytd.org\/web\/wp-content\/uploads\/2022\/02\/2-5-724x1024.jpg\" alt=\"\" data-id=\"4608\" data-full-url=\"https:\/\/www.btaytd.org\/web\/wp-content\/uploads\/2022\/02\/2-5.jpg\" data-link=\"https:\/\/www.btaytd.org\/web\/tr\/sanat-etkinligi\/2-5-6\/\" class=\"wp-image-4608\" srcset=\"https:\/\/www.btaytd.org\/web\/wp-content\/uploads\/2022\/02\/2-5-724x1024.jpg 724w, https:\/\/www.btaytd.org\/web\/wp-content\/uploads\/2022\/02\/2-5-212x300.jpg 212w, https:\/\/www.btaytd.org\/web\/wp-content\/uploads\/2022\/02\/2-5-768x1086.jpg 768w, https:\/\/www.btaytd.org\/web\/wp-content\/uploads\/2022\/02\/2-5-1086x1536.jpg 1086w, https:\/\/www.btaytd.org\/web\/wp-content\/uploads\/2022\/02\/2-5.jpg 1414w\" sizes=\"(max-width: 724px) 100vw, 724px\" \/><\/figure><\/li><\/ul><\/figure>\n\n\n\n<div class=\"wp-block-file\"><a href=\"https:\/\/www.btaytd.org\/web\/wp-content\/uploads\/2022\/02\/Sanat-Etkinligi.pdf\">Sanat-Etkinligi<\/a><a href=\"https:\/\/www.btaytd.org\/web\/wp-content\/uploads\/2022\/02\/Sanat-Etkinligi.pdf\" class=\"wp-block-file__button\" download>\u0130ndir<\/a><\/div>\n\n\n\n<p>\u0130lkbahar\u0131n geli\u015fi ile ku\u015flar da c\u0131v\u0131ldamaya ba\u015flad\u0131. Bizler de kendi ku\u015flar\u0131m\u0131z\u0131 yapal\u0131m! Evde bulunan malzemelerle yapabilece\u011fin bu ku\u015flar tamamen senin yarat\u0131c\u0131l\u0131\u011f\u0131n ile \u015fekillenecek!<\/p>\n\n\n\n<figure class=\"wp-block-gallery columns-3 is-cropped wp-block-gallery-4 is-layout-flex wp-block-gallery-is-layout-flex\"><ul class=\"blocks-gallery-grid\"><li class=\"blocks-gallery-item\"><figure><img loading=\"lazy\" decoding=\"async\" width=\"724\" height=\"1024\" src=\"https:\/\/www.btaytd.org\/web\/wp-content\/uploads\/2022\/03\/1-4-724x1024.jpg\" alt=\"\" data-id=\"4834\" data-full-url=\"https:\/\/www.btaytd.org\/web\/wp-content\/uploads\/2022\/03\/1-4.jpg\" data-link=\"https:\/\/www.btaytd.org\/web\/tr\/sanat-etkinligi\/1-4-6\/\" class=\"wp-image-4834\" srcset=\"https:\/\/www.btaytd.org\/web\/wp-content\/uploads\/2022\/03\/1-4-724x1024.jpg 724w, https:\/\/www.btaytd.org\/web\/wp-content\/uploads\/2022\/03\/1-4-212x300.jpg 212w, https:\/\/www.btaytd.org\/web\/wp-content\/uploads\/2022\/03\/1-4-768x1086.jpg 768w, https:\/\/www.btaytd.org\/web\/wp-content\/uploads\/2022\/03\/1-4-1086x1536.jpg 1086w, https:\/\/www.btaytd.org\/web\/wp-content\/uploads\/2022\/03\/1-4.jpg 1414w\" sizes=\"(max-width: 724px) 100vw, 724px\" \/><\/figure><\/li><li class=\"blocks-gallery-item\"><figure><img loading=\"lazy\" decoding=\"async\" width=\"724\" height=\"1024\" src=\"https:\/\/www.btaytd.org\/web\/wp-content\/uploads\/2022\/03\/2-2-724x1024.jpg\" alt=\"\" data-id=\"4835\" data-full-url=\"https:\/\/www.btaytd.org\/web\/wp-content\/uploads\/2022\/03\/2-2.jpg\" data-link=\"https:\/\/www.btaytd.org\/web\/tr\/sanat-etkinligi\/2-2-11\/\" class=\"wp-image-4835\" srcset=\"https:\/\/www.btaytd.org\/web\/wp-content\/uploads\/2022\/03\/2-2-724x1024.jpg 724w, https:\/\/www.btaytd.org\/web\/wp-content\/uploads\/2022\/03\/2-2-212x300.jpg 212w, https:\/\/www.btaytd.org\/web\/wp-content\/uploads\/2022\/03\/2-2-768x1086.jpg 768w, https:\/\/www.btaytd.org\/web\/wp-content\/uploads\/2022\/03\/2-2-1086x1536.jpg 1086w, https:\/\/www.btaytd.org\/web\/wp-content\/uploads\/2022\/03\/2-2.jpg 1414w\" sizes=\"(max-width: 724px) 100vw, 724px\" \/><\/figure><\/li><li class=\"blocks-gallery-item\"><figure><img loading=\"lazy\" decoding=\"async\" width=\"724\" height=\"1024\" src=\"https:\/\/www.btaytd.org\/web\/wp-content\/uploads\/2022\/03\/3-2-724x1024.jpg\" alt=\"\" data-id=\"4836\" data-full-url=\"https:\/\/www.btaytd.org\/web\/wp-content\/uploads\/2022\/03\/3-2.jpg\" data-link=\"https:\/\/www.btaytd.org\/web\/tr\/sanat-etkinligi\/3-2-8\/\" class=\"wp-image-4836\" srcset=\"https:\/\/www.btaytd.org\/web\/wp-content\/uploads\/2022\/03\/3-2-724x1024.jpg 724w, https:\/\/www.btaytd.org\/web\/wp-content\/uploads\/2022\/03\/3-2-212x300.jpg 212w, https:\/\/www.btaytd.org\/web\/wp-content\/uploads\/2022\/03\/3-2-768x1086.jpg 768w, https:\/\/www.btaytd.org\/web\/wp-content\/uploads\/2022\/03\/3-2-1086x1536.jpg 1086w, https:\/\/www.btaytd.org\/web\/wp-content\/uploads\/2022\/03\/3-2.jpg 1414w\" sizes=\"(max-width: 724px) 100vw, 724px\" \/><\/figure><\/li><li class=\"blocks-gallery-item\"><figure><img loading=\"lazy\" decoding=\"async\" width=\"1414\" height=\"2000\" src=\"https:\/\/www.btaytd.org\/web\/wp-content\/uploads\/2022\/03\/4-724x1024.jpg\" alt=\"\" data-id=\"4837\" data-full-url=\"https:\/\/www.btaytd.org\/web\/wp-content\/uploads\/2022\/03\/4.jpg\" data-link=\"https:\/\/www.btaytd.org\/web\/tr\/sanat-etkinligi\/4-21\/\" class=\"wp-image-4837\" srcset=\"https:\/\/www.btaytd.org\/web\/wp-content\/uploads\/2022\/03\/4-724x1024.jpg 724w, https:\/\/www.btaytd.org\/web\/wp-content\/uploads\/2022\/03\/4-212x300.jpg 212w, https:\/\/www.btaytd.org\/web\/wp-content\/uploads\/2022\/03\/4-768x1086.jpg 768w, https:\/\/www.btaytd.org\/web\/wp-content\/uploads\/2022\/03\/4-1086x1536.jpg 1086w, https:\/\/www.btaytd.org\/web\/wp-content\/uploads\/2022\/03\/4.jpg 1414w\" sizes=\"(max-width: 1414px) 100vw, 1414px\" \/><\/figure><\/li><\/ul><\/figure>\n\n\n\n<div class=\"wp-block-file\"><a href=\"https:\/\/www.btaytd.org\/web\/wp-content\/uploads\/2022\/03\/SANAT-ETKINLIGI.pdf\">SANAT-ETKINLIGI Mart Ay\u0131<\/a><a href=\"https:\/\/www.btaytd.org\/web\/wp-content\/uploads\/2022\/03\/SANAT-ETKINLIGI.pdf\" class=\"wp-block-file__button\" download>\u0130ndir<\/a><\/div>\n\n\n\n<p>Ramazan geldi Ho\u015f geldi, evimizi \u015fenlendirdi! Davulcuyu boyay\u0131p kendi foto\u011fraf\u0131n\u0131z\u0131 yap\u0131\u015ft\u0131rarak siz de bir davulcu olabilirsiniz! Ramazan Bayram\u0131 kart\u0131m\u0131zla da sevdiklerinizi sevindirebilirsiniz! \u00c7i\u00e7ek a\u00e7an bir ilkbahar a\u011fac\u0131m\u0131zla da g\u00f6n\u00fcllerde \u00e7i\u00e7ekler a\u00e7t\u0131rabilirsiniz!<\/p>\n\n\n\n<figure class=\"wp-block-gallery columns-3 is-cropped wp-block-gallery-5 is-layout-flex wp-block-gallery-is-layout-flex\"><ul class=\"blocks-gallery-grid\"><li class=\"blocks-gallery-item\"><figure><img loading=\"lazy\" decoding=\"async\" width=\"724\" height=\"1024\" src=\"https:\/\/www.btaytd.org\/web\/wp-content\/uploads\/2022\/04\/1-4-724x1024.jpg\" alt=\"\" data-id=\"5005\" data-full-url=\"https:\/\/www.btaytd.org\/web\/wp-content\/uploads\/2022\/04\/1-4.jpg\" data-link=\"https:\/\/www.btaytd.org\/web\/tr\/sanat-etkinligi\/1-4-8\/\" class=\"wp-image-5005\" srcset=\"https:\/\/www.btaytd.org\/web\/wp-content\/uploads\/2022\/04\/1-4-724x1024.jpg 724w, https:\/\/www.btaytd.org\/web\/wp-content\/uploads\/2022\/04\/1-4-212x300.jpg 212w, https:\/\/www.btaytd.org\/web\/wp-content\/uploads\/2022\/04\/1-4-768x1086.jpg 768w, https:\/\/www.btaytd.org\/web\/wp-content\/uploads\/2022\/04\/1-4-1086x1536.jpg 1086w, https:\/\/www.btaytd.org\/web\/wp-content\/uploads\/2022\/04\/1-4.jpg 1414w\" sizes=\"(max-width: 724px) 100vw, 724px\" \/><\/figure><\/li><li class=\"blocks-gallery-item\"><figure><img loading=\"lazy\" decoding=\"async\" width=\"724\" height=\"1024\" src=\"https:\/\/www.btaytd.org\/web\/wp-content\/uploads\/2022\/04\/2-3-724x1024.jpg\" alt=\"\" data-id=\"5006\" data-full-url=\"https:\/\/www.btaytd.org\/web\/wp-content\/uploads\/2022\/04\/2-3.jpg\" data-link=\"https:\/\/www.btaytd.org\/web\/tr\/sanat-etkinligi\/2-3-9\/\" class=\"wp-image-5006\" srcset=\"https:\/\/www.btaytd.org\/web\/wp-content\/uploads\/2022\/04\/2-3-724x1024.jpg 724w, https:\/\/www.btaytd.org\/web\/wp-content\/uploads\/2022\/04\/2-3-212x300.jpg 212w, https:\/\/www.btaytd.org\/web\/wp-content\/uploads\/2022\/04\/2-3-768x1086.jpg 768w, https:\/\/www.btaytd.org\/web\/wp-content\/uploads\/2022\/04\/2-3-1086x1536.jpg 1086w, https:\/\/www.btaytd.org\/web\/wp-content\/uploads\/2022\/04\/2-3.jpg 1414w\" sizes=\"(max-width: 724px) 100vw, 724px\" \/><\/figure><\/li><li class=\"blocks-gallery-item\"><figure><img loading=\"lazy\" decoding=\"async\" width=\"723\" height=\"1024\" src=\"https:\/\/www.btaytd.org\/web\/wp-content\/uploads\/2022\/04\/3-1-723x1024.jpeg\" alt=\"\" data-id=\"5007\" data-full-url=\"https:\/\/www.btaytd.org\/web\/wp-content\/uploads\/2022\/04\/3-1.jpeg\" data-link=\"https:\/\/www.btaytd.org\/web\/tr\/sanat-etkinligi\/3-1-17\/\" class=\"wp-image-5007\" srcset=\"https:\/\/www.btaytd.org\/web\/wp-content\/uploads\/2022\/04\/3-1-723x1024.jpeg 723w, https:\/\/www.btaytd.org\/web\/wp-content\/uploads\/2022\/04\/3-1-212x300.jpeg 212w, https:\/\/www.btaytd.org\/web\/wp-content\/uploads\/2022\/04\/3-1-768x1087.jpeg 768w, https:\/\/www.btaytd.org\/web\/wp-content\/uploads\/2022\/04\/3-1.jpeg 904w\" sizes=\"(max-width: 723px) 100vw, 723px\" \/><\/figure><\/li><li class=\"blocks-gallery-item\"><figure><img loading=\"lazy\" decoding=\"async\" width=\"723\" height=\"1024\" src=\"https:\/\/www.btaytd.org\/web\/wp-content\/uploads\/2022\/04\/3-2-723x1024.jpeg\" alt=\"\" data-id=\"5008\" data-full-url=\"https:\/\/www.btaytd.org\/web\/wp-content\/uploads\/2022\/04\/3-2.jpeg\" data-link=\"https:\/\/www.btaytd.org\/web\/tr\/sanat-etkinligi\/3-2-9\/\" class=\"wp-image-5008\" srcset=\"https:\/\/www.btaytd.org\/web\/wp-content\/uploads\/2022\/04\/3-2-723x1024.jpeg 723w, https:\/\/www.btaytd.org\/web\/wp-content\/uploads\/2022\/04\/3-2-212x300.jpeg 212w, https:\/\/www.btaytd.org\/web\/wp-content\/uploads\/2022\/04\/3-2-768x1087.jpeg 768w, https:\/\/www.btaytd.org\/web\/wp-content\/uploads\/2022\/04\/3-2.jpeg 904w\" sizes=\"(max-width: 723px) 100vw, 723px\" \/><\/figure><\/li><li class=\"blocks-gallery-item\"><figure><img loading=\"lazy\" decoding=\"async\" width=\"724\" height=\"1024\" src=\"https:\/\/www.btaytd.org\/web\/wp-content\/uploads\/2022\/04\/Ramazan-Davulcusu-724x1024.jpg\" alt=\"\" data-id=\"5009\" data-full-url=\"https:\/\/www.btaytd.org\/web\/wp-content\/uploads\/2022\/04\/Ramazan-Davulcusu.jpg\" data-link=\"https:\/\/www.btaytd.org\/web\/tr\/sanat-etkinligi\/ramazan-davulcusu\/\" class=\"wp-image-5009\" srcset=\"https:\/\/www.btaytd.org\/web\/wp-content\/uploads\/2022\/04\/Ramazan-Davulcusu-724x1024.jpg 724w, https:\/\/www.btaytd.org\/web\/wp-content\/uploads\/2022\/04\/Ramazan-Davulcusu-212x300.jpg 212w, https:\/\/www.btaytd.org\/web\/wp-content\/uploads\/2022\/04\/Ramazan-Davulcusu-768x1086.jpg 768w, https:\/\/www.btaytd.org\/web\/wp-content\/uploads\/2022\/04\/Ramazan-Davulcusu-1086x1536.jpg 1086w, https:\/\/www.btaytd.org\/web\/wp-content\/uploads\/2022\/04\/Ramazan-Davulcusu.jpg 1414w\" sizes=\"(max-width: 724px) 100vw, 724px\" \/><\/figure><\/li><\/ul><\/figure>\n\n\n\n<div class=\"wp-block-file\"><a href=\"https:\/\/www.btaytd.org\/web\/wp-content\/uploads\/2022\/04\/Ramazan-Davulcusu.pdf\">Ramazan-Davulcusu-Nisan 2022<\/a><a href=\"https:\/\/www.btaytd.org\/web\/wp-content\/uploads\/2022\/04\/Ramazan-Davulcusu.pdf\" class=\"wp-block-file__button\" download>\u0130ndir<\/a><\/div>\n\n\n\n<div class=\"wp-block-file\"><a href=\"https:\/\/www.btaytd.org\/web\/wp-content\/uploads\/2022\/04\/Ramazan-Bayraminiz-Kutlu-Olsun.pdf\">Ramazan-Bayraminiz-Kutlu-Olsun-Nisan 2022<\/a><a href=\"https:\/\/www.btaytd.org\/web\/wp-content\/uploads\/2022\/04\/Ramazan-Bayraminiz-Kutlu-Olsun.pdf\" class=\"wp-block-file__button\" download>\u0130ndir<\/a><\/div>\n\n\n\n<div class=\"wp-block-file\"><a href=\"https:\/\/www.btaytd.org\/web\/wp-content\/uploads\/2022\/04\/Sanat-ETKINLIGI.pdf\">Sanat-ETKINLIGI-Nisan 2022<\/a><a href=\"https:\/\/www.btaytd.org\/web\/wp-content\/uploads\/2022\/04\/Sanat-ETKINLIGI.pdf\" class=\"wp-block-file__button\" download>\u0130ndir<\/a><\/div>\n\n\n\n<p><\/p>\n\n\n","protected":false},"excerpt":{"rendered":"<p>Babam\u0131za sonsuza kadar saklayaca\u011f\u0131 k\u00fc\u00e7\u00fck bir iz b\u0131rakal\u0131m. Kurban bayram\u0131 haz\u0131rl\u0131klar\u0131na k\u00fc\u00e7\u00fck kuzucuk ile ba\u015flayal\u0131m. Yarat\u0131c\u0131l\u0131\u011f\u0131m\u0131z\u0131 harekete ge\u00e7irelim. Hamurumuza \u015fekil verelim. De\u011ferli \u00c7ocuklar, Sanat Etkinliklerimiz ile kendi \u00f6zg\u00fcn \u00fcr\u00fcnlerinizi, yarat\u0131c\u0131l\u0131\u011f\u0131n\u0131z\u0131 kullanarak olu\u015fturabilirsiniz! Haydi ellerimiz \u00e7al\u0131\u015fs\u0131n! \u0130lkbahar\u0131n geli\u015fi ile ku\u015flar da c\u0131v\u0131ldamaya ba\u015flad\u0131. Bizler de kendi ku\u015flar\u0131m\u0131z\u0131 yapal\u0131m! Evde bulunan malzemelerle yapabilece\u011fin bu ku\u015flar tamamen senin<\/p>\n<div class=\"read-more\"><a href=\"https:\/\/www.btaytd.org\/web\/tr\/sanat-etkinligi\/\" title=\"Read More\">Read More<\/a><\/div>\n","protected":false},"author":8,"featured_media":0,"parent":0,"menu_order":0,"comment_status":"closed","ping_status":"closed","template":"","meta":{"footnotes":""},"class_list":["post-4539","page","type-page","status-publish"],"_links":{"self":[{"href":"https:\/\/www.btaytd.org\/web\/wp-json\/wp\/v2\/pages\/4539"}],"collection":[{"href":"https:\/\/www.btaytd.org\/web\/wp-json\/wp\/v2\/pages"}],"about":[{"href":"https:\/\/www.btaytd.org\/web\/wp-json\/wp\/v2\/types\/page"}],"author":[{"embeddable":true,"href":"https:\/\/www.btaytd.org\/web\/wp-json\/wp\/v2\/users\/8"}],"replies":[{"embeddable":true,"href":"https:\/\/www.btaytd.org\/web\/wp-json\/wp\/v2\/comments?post=4539"}],"version-history":[{"count":8,"href":"https:\/\/www.btaytd.org\/web\/wp-json\/wp\/v2\/pages\/4539\/revisions"}],"predecessor-version":[{"id":5308,"href":"https:\/\/www.btaytd.org\/web\/wp-json\/wp\/v2\/pages\/4539\/revisions\/5308"}],"wp:attachment":[{"href":"https:\/\/www.btaytd.org\/web\/wp-json\/wp\/v2\/media?parent=4539"}],"curies":[{"name":"wp","href":"https:\/\/api.w.org\/{rel}","templated":true}]}}