{"id":4542,"date":"2022-02-15T15:47:24","date_gmt":"2022-02-15T15:47:24","guid":{"rendered":"https:\/\/www.btaytd.org\/web\/?page_id=4542"},"modified":"2022-06-17T18:21:12","modified_gmt":"2022-06-17T18:21:12","slug":"hareket-ve-spor","status":"publish","type":"page","link":"https:\/\/www.btaytd.org\/web\/tr\/hareket-ve-spor\/","title":{"rendered":"Hareket ve Spor"},"content":{"rendered":"\n<p>Muhte\u015fem i\u00e7erikli tatil takvimi sizlerle. E\u011flenceye haz\u0131r m\u0131s\u0131n\u0131z?<\/p>\n\n\n\n<p><\/p>\n\n\n\n<figure class=\"wp-block-gallery columns-1 is-cropped wp-block-gallery-1 is-layout-flex wp-block-gallery-is-layout-flex\"><ul class=\"blocks-gallery-grid\"><li class=\"blocks-gallery-item\"><figure><img loading=\"lazy\" decoding=\"async\" width=\"1024\" height=\"576\" src=\"https:\/\/www.btaytd.org\/web\/wp-content\/uploads\/2022\/06\/Oyun-ve-Hareket-Haziran-2022-Aylik-Planlayici-Takvim-1024x576.jpg\" alt=\"\" data-id=\"5299\" data-full-url=\"https:\/\/www.btaytd.org\/web\/wp-content\/uploads\/2022\/06\/Oyun-ve-Hareket-Haziran-2022-Aylik-Planlayici-Takvim.jpg\" data-link=\"https:\/\/www.btaytd.org\/web\/tr\/hareket-ve-spor\/oyun-ve-hareket-haziran-2022-aylik-planlayici-takvim\/\" class=\"wp-image-5299\" srcset=\"https:\/\/www.btaytd.org\/web\/wp-content\/uploads\/2022\/06\/Oyun-ve-Hareket-Haziran-2022-Aylik-Planlayici-Takvim-1024x576.jpg 1024w, https:\/\/www.btaytd.org\/web\/wp-content\/uploads\/2022\/06\/Oyun-ve-Hareket-Haziran-2022-Aylik-Planlayici-Takvim-300x169.jpg 300w, https:\/\/www.btaytd.org\/web\/wp-content\/uploads\/2022\/06\/Oyun-ve-Hareket-Haziran-2022-Aylik-Planlayici-Takvim-768x432.jpg 768w, https:\/\/www.btaytd.org\/web\/wp-content\/uploads\/2022\/06\/Oyun-ve-Hareket-Haziran-2022-Aylik-Planlayici-Takvim-1536x864.jpg 1536w, https:\/\/www.btaytd.org\/web\/wp-content\/uploads\/2022\/06\/Oyun-ve-Hareket-Haziran-2022-Aylik-Planlayici-Takvim.jpg 1920w\" sizes=\"(max-width: 1024px) 100vw, 1024px\" \/><\/figure><\/li><\/ul><\/figure>\n\n\n\n<div class=\"wp-block-file\"><a href=\"https:\/\/www.btaytd.org\/web\/wp-content\/uploads\/2022\/06\/Oyun-ve-Hareket-Haziran-Ayi-Aylik-Planlayici-Takvim.pdf\">Oyun-ve-Hareket-Haziran-Ayi-Aylik-Planlayici-Takvim<\/a><a href=\"https:\/\/www.btaytd.org\/web\/wp-content\/uploads\/2022\/06\/Oyun-ve-Hareket-Haziran-Ayi-Aylik-Planlayici-Takvim.pdf\" class=\"wp-block-file__button\" download>\u0130ndir<\/a><\/div>\n\n\n\n<p>G\u00fc\u00e7l\u00fc kaslara sahip olmak bizim de hakk\u0131m\u0131z.<\/p>\n\n\n\n<figure class=\"wp-block-gallery columns-3 is-cropped wp-block-gallery-2 is-layout-flex wp-block-gallery-is-layout-flex\"><ul class=\"blocks-gallery-grid\"><li class=\"blocks-gallery-item\"><figure><img loading=\"lazy\" decoding=\"async\" width=\"724\" height=\"1024\" src=\"https:\/\/www.btaytd.org\/web\/wp-content\/uploads\/2022\/05\/5-2-724x1024.jpg\" alt=\"\" data-id=\"5143\" data-full-url=\"https:\/\/www.btaytd.org\/web\/wp-content\/uploads\/2022\/05\/5-2.jpg\" data-link=\"https:\/\/www.btaytd.org\/web\/tr\/hareket-ve-spor\/5-2-2\/\" class=\"wp-image-5143\" srcset=\"https:\/\/www.btaytd.org\/web\/wp-content\/uploads\/2022\/05\/5-2-724x1024.jpg 724w, https:\/\/www.btaytd.org\/web\/wp-content\/uploads\/2022\/05\/5-2-212x300.jpg 212w, https:\/\/www.btaytd.org\/web\/wp-content\/uploads\/2022\/05\/5-2-768x1086.jpg 768w, https:\/\/www.btaytd.org\/web\/wp-content\/uploads\/2022\/05\/5-2-1086x1536.jpg 1086w, https:\/\/www.btaytd.org\/web\/wp-content\/uploads\/2022\/05\/5-2.jpg 1414w\" sizes=\"(max-width: 724px) 100vw, 724px\" \/><\/figure><\/li><li class=\"blocks-gallery-item\"><figure><img loading=\"lazy\" decoding=\"async\" width=\"724\" height=\"1024\" src=\"https:\/\/www.btaytd.org\/web\/wp-content\/uploads\/2022\/05\/6-724x1024.jpg\" alt=\"\" data-id=\"5144\" data-full-url=\"https:\/\/www.btaytd.org\/web\/wp-content\/uploads\/2022\/05\/6.jpg\" data-link=\"https:\/\/www.btaytd.org\/web\/tr\/hareket-ve-spor\/6-10\/\" class=\"wp-image-5144\" srcset=\"https:\/\/www.btaytd.org\/web\/wp-content\/uploads\/2022\/05\/6-724x1024.jpg 724w, https:\/\/www.btaytd.org\/web\/wp-content\/uploads\/2022\/05\/6-212x300.jpg 212w, https:\/\/www.btaytd.org\/web\/wp-content\/uploads\/2022\/05\/6-768x1086.jpg 768w, https:\/\/www.btaytd.org\/web\/wp-content\/uploads\/2022\/05\/6-1086x1536.jpg 1086w, https:\/\/www.btaytd.org\/web\/wp-content\/uploads\/2022\/05\/6.jpg 1414w\" sizes=\"(max-width: 724px) 100vw, 724px\" \/><\/figure><\/li><li class=\"blocks-gallery-item\"><figure><img loading=\"lazy\" decoding=\"async\" width=\"724\" height=\"1024\" src=\"https:\/\/www.btaytd.org\/web\/wp-content\/uploads\/2022\/05\/7-724x1024.jpg\" alt=\"\" data-id=\"5145\" data-full-url=\"https:\/\/www.btaytd.org\/web\/wp-content\/uploads\/2022\/05\/7.jpg\" data-link=\"https:\/\/www.btaytd.org\/web\/tr\/hareket-ve-spor\/7-9\/\" class=\"wp-image-5145\" srcset=\"https:\/\/www.btaytd.org\/web\/wp-content\/uploads\/2022\/05\/7-724x1024.jpg 724w, https:\/\/www.btaytd.org\/web\/wp-content\/uploads\/2022\/05\/7-212x300.jpg 212w, https:\/\/www.btaytd.org\/web\/wp-content\/uploads\/2022\/05\/7-768x1086.jpg 768w, https:\/\/www.btaytd.org\/web\/wp-content\/uploads\/2022\/05\/7-1086x1536.jpg 1086w, https:\/\/www.btaytd.org\/web\/wp-content\/uploads\/2022\/05\/7.jpg 1414w\" sizes=\"(max-width: 724px) 100vw, 724px\" \/><\/figure><\/li><\/ul><\/figure>\n\n\n\n<div class=\"wp-block-file\"><a href=\"https:\/\/www.btaytd.org\/web\/wp-content\/uploads\/2022\/05\/hareket-ve-spor.pdf\">hareket-ve-spor<\/a><a href=\"https:\/\/www.btaytd.org\/web\/wp-content\/uploads\/2022\/05\/hareket-ve-spor.pdf\" class=\"wp-block-file__button\" download>\u0130ndir<\/a><\/div>\n\n\n\n<p>Atla, hopla, z\u0131pla, t\u0131rman!<\/p>\n\n\n\n<figure class=\"wp-block-gallery columns-2 is-cropped wp-block-gallery-3 is-layout-flex wp-block-gallery-is-layout-flex\"><ul class=\"blocks-gallery-grid\"><li class=\"blocks-gallery-item\"><figure><img loading=\"lazy\" decoding=\"async\" width=\"724\" height=\"1024\" src=\"https:\/\/www.btaytd.org\/web\/wp-content\/uploads\/2022\/02\/1-12-724x1024.jpg\" alt=\"\" data-id=\"4622\" data-full-url=\"https:\/\/www.btaytd.org\/web\/wp-content\/uploads\/2022\/02\/1-12.jpg\" data-link=\"https:\/\/www.btaytd.org\/web\/tr\/hareket-ve-spor\/1-12-2\/\" class=\"wp-image-4622\" srcset=\"https:\/\/www.btaytd.org\/web\/wp-content\/uploads\/2022\/02\/1-12-724x1024.jpg 724w, https:\/\/www.btaytd.org\/web\/wp-content\/uploads\/2022\/02\/1-12-212x300.jpg 212w, https:\/\/www.btaytd.org\/web\/wp-content\/uploads\/2022\/02\/1-12-768x1086.jpg 768w, https:\/\/www.btaytd.org\/web\/wp-content\/uploads\/2022\/02\/1-12-1086x1536.jpg 1086w, https:\/\/www.btaytd.org\/web\/wp-content\/uploads\/2022\/02\/1-12.jpg 1414w\" sizes=\"(max-width: 724px) 100vw, 724px\" \/><\/figure><\/li><li class=\"blocks-gallery-item\"><figure><img loading=\"lazy\" decoding=\"async\" width=\"724\" height=\"1024\" src=\"https:\/\/www.btaytd.org\/web\/wp-content\/uploads\/2022\/02\/2-8-724x1024.jpg\" alt=\"\" data-id=\"4623\" data-full-url=\"https:\/\/www.btaytd.org\/web\/wp-content\/uploads\/2022\/02\/2-8.jpg\" data-link=\"https:\/\/www.btaytd.org\/web\/tr\/hareket-ve-spor\/2-8-3\/\" class=\"wp-image-4623\" srcset=\"https:\/\/www.btaytd.org\/web\/wp-content\/uploads\/2022\/02\/2-8-724x1024.jpg 724w, https:\/\/www.btaytd.org\/web\/wp-content\/uploads\/2022\/02\/2-8-212x300.jpg 212w, https:\/\/www.btaytd.org\/web\/wp-content\/uploads\/2022\/02\/2-8-768x1086.jpg 768w, https:\/\/www.btaytd.org\/web\/wp-content\/uploads\/2022\/02\/2-8-1086x1536.jpg 1086w, https:\/\/www.btaytd.org\/web\/wp-content\/uploads\/2022\/02\/2-8.jpg 1414w\" sizes=\"(max-width: 724px) 100vw, 724px\" \/><\/figure><\/li><\/ul><\/figure>\n\n\n\n<div class=\"wp-block-file\"><a href=\"https:\/\/www.btaytd.org\/web\/wp-content\/uploads\/2022\/02\/Hareket-ve-Spor.pdf\">Hareket-ve-Spor<\/a><a href=\"https:\/\/www.btaytd.org\/web\/wp-content\/uploads\/2022\/02\/Hareket-ve-Spor.pdf\" class=\"wp-block-file__button\" download>\u0130ndir<\/a><\/div>\n\n\n\n<p>Masa Tenisi oynamak i\u00e7in ihtiyac\u0131n olan malzemeler, iki raket, bir top ve biraz da yarat\u0131c\u0131l\u0131k \ud83d\ude42<\/p>\n\n\n\n<figure class=\"wp-block-gallery columns-2 is-cropped wp-block-gallery-4 is-layout-flex wp-block-gallery-is-layout-flex\"><ul class=\"blocks-gallery-grid\"><li class=\"blocks-gallery-item\"><figure><img loading=\"lazy\" decoding=\"async\" width=\"724\" height=\"1024\" src=\"https:\/\/www.btaytd.org\/web\/wp-content\/uploads\/2022\/03\/Hareket-ve-Spor_1-724x1024.jpg\" alt=\"\" data-id=\"4828\" data-full-url=\"https:\/\/www.btaytd.org\/web\/wp-content\/uploads\/2022\/03\/Hareket-ve-Spor_1.jpg\" data-link=\"https:\/\/www.btaytd.org\/web\/tr\/hareket-ve-spor\/hareket-ve-spor_1\/\" class=\"wp-image-4828\" srcset=\"https:\/\/www.btaytd.org\/web\/wp-content\/uploads\/2022\/03\/Hareket-ve-Spor_1-724x1024.jpg 724w, https:\/\/www.btaytd.org\/web\/wp-content\/uploads\/2022\/03\/Hareket-ve-Spor_1-212x300.jpg 212w, https:\/\/www.btaytd.org\/web\/wp-content\/uploads\/2022\/03\/Hareket-ve-Spor_1-768x1086.jpg 768w, https:\/\/www.btaytd.org\/web\/wp-content\/uploads\/2022\/03\/Hareket-ve-Spor_1-1086x1536.jpg 1086w, https:\/\/www.btaytd.org\/web\/wp-content\/uploads\/2022\/03\/Hareket-ve-Spor_1.jpg 1241w\" sizes=\"(max-width: 724px) 100vw, 724px\" \/><\/figure><\/li><li class=\"blocks-gallery-item\"><figure><img loading=\"lazy\" decoding=\"async\" width=\"724\" height=\"1024\" src=\"https:\/\/www.btaytd.org\/web\/wp-content\/uploads\/2022\/03\/Hareket-ve-Spor_2-724x1024.jpg\" alt=\"\" data-id=\"4829\" data-full-url=\"https:\/\/www.btaytd.org\/web\/wp-content\/uploads\/2022\/03\/Hareket-ve-Spor_2.jpg\" data-link=\"https:\/\/www.btaytd.org\/web\/tr\/hareket-ve-spor\/hareket-ve-spor_2\/\" class=\"wp-image-4829\" srcset=\"https:\/\/www.btaytd.org\/web\/wp-content\/uploads\/2022\/03\/Hareket-ve-Spor_2-724x1024.jpg 724w, https:\/\/www.btaytd.org\/web\/wp-content\/uploads\/2022\/03\/Hareket-ve-Spor_2-212x300.jpg 212w, https:\/\/www.btaytd.org\/web\/wp-content\/uploads\/2022\/03\/Hareket-ve-Spor_2-768x1086.jpg 768w, https:\/\/www.btaytd.org\/web\/wp-content\/uploads\/2022\/03\/Hareket-ve-Spor_2-1086x1536.jpg 1086w, https:\/\/www.btaytd.org\/web\/wp-content\/uploads\/2022\/03\/Hareket-ve-Spor_2.jpg 1241w\" sizes=\"(max-width: 724px) 100vw, 724px\" \/><\/figure><\/li><\/ul><\/figure>\n\n\n\n<div class=\"wp-block-file\"><a href=\"https:\/\/www.btaytd.org\/web\/wp-content\/uploads\/2022\/03\/Hareket-ve-Spor.pdf\">Hareket-ve-Spor Mart Ay\u0131<\/a><a href=\"https:\/\/www.btaytd.org\/web\/wp-content\/uploads\/2022\/03\/Hareket-ve-Spor.pdf\" class=\"wp-block-file__button\" download>\u0130ndir<\/a><\/div>\n\n\n\n<p>Dans zaman\u0131! \u0130stedi\u011fin m\u00fczikte \u00f6zg\u00fcrce dans et! Ek olarak verdi\u011fimiz boyama sayfalar\u0131n\u0131 istedi\u011fin gibi s\u00fcsle ve bizimle payla\u015f!<\/p>\n\n\n\n<figure class=\"wp-block-gallery columns-1 is-cropped wp-block-gallery-5 is-layout-flex wp-block-gallery-is-layout-flex\"><ul class=\"blocks-gallery-grid\"><li class=\"blocks-gallery-item\"><figure><img loading=\"lazy\" decoding=\"async\" width=\"724\" height=\"1024\" src=\"https:\/\/www.btaytd.org\/web\/wp-content\/uploads\/2022\/04\/Hareket-ve-Spor-Dans-Nisan-2022-724x1024.jpg\" alt=\"\" data-id=\"4999\" data-full-url=\"https:\/\/www.btaytd.org\/web\/wp-content\/uploads\/2022\/04\/Hareket-ve-Spor-Dans-Nisan-2022.jpg\" data-link=\"https:\/\/www.btaytd.org\/web\/tr\/hareket-ve-spor\/hareket-ve-spor-dans-nisan-2022\/\" class=\"wp-image-4999\" srcset=\"https:\/\/www.btaytd.org\/web\/wp-content\/uploads\/2022\/04\/Hareket-ve-Spor-Dans-Nisan-2022-724x1024.jpg 724w, https:\/\/www.btaytd.org\/web\/wp-content\/uploads\/2022\/04\/Hareket-ve-Spor-Dans-Nisan-2022-212x300.jpg 212w, https:\/\/www.btaytd.org\/web\/wp-content\/uploads\/2022\/04\/Hareket-ve-Spor-Dans-Nisan-2022-768x1086.jpg 768w, https:\/\/www.btaytd.org\/web\/wp-content\/uploads\/2022\/04\/Hareket-ve-Spor-Dans-Nisan-2022-1086x1536.jpg 1086w, https:\/\/www.btaytd.org\/web\/wp-content\/uploads\/2022\/04\/Hareket-ve-Spor-Dans-Nisan-2022.jpg 1414w\" sizes=\"(max-width: 724px) 100vw, 724px\" \/><\/figure><\/li><\/ul><\/figure>\n\n\n\n<figure class=\"wp-block-gallery columns-3 is-cropped wp-block-gallery-6 is-layout-flex wp-block-gallery-is-layout-flex\"><ul class=\"blocks-gallery-grid\"><li class=\"blocks-gallery-item\"><figure><img loading=\"lazy\" decoding=\"async\" width=\"565\" height=\"350\" src=\"https:\/\/www.btaytd.org\/web\/wp-content\/uploads\/2022\/04\/cocuk_halk_oyunu.jpg\" alt=\"\" data-id=\"5000\" data-full-url=\"https:\/\/www.btaytd.org\/web\/wp-content\/uploads\/2022\/04\/cocuk_halk_oyunu.jpg\" data-link=\"https:\/\/www.btaytd.org\/web\/tr\/hareket-ve-spor\/cocuk_halk_oyunu\/\" class=\"wp-image-5000\" srcset=\"https:\/\/www.btaytd.org\/web\/wp-content\/uploads\/2022\/04\/cocuk_halk_oyunu.jpg 565w, https:\/\/www.btaytd.org\/web\/wp-content\/uploads\/2022\/04\/cocuk_halk_oyunu-300x186.jpg 300w\" sizes=\"(max-width: 565px) 100vw, 565px\" \/><\/figure><\/li><li class=\"blocks-gallery-item\"><figure><img loading=\"lazy\" decoding=\"async\" width=\"600\" height=\"776\" src=\"https:\/\/www.btaytd.org\/web\/wp-content\/uploads\/2022\/04\/dans-boyama-2.jpg\" alt=\"\" data-id=\"5001\" data-full-url=\"https:\/\/www.btaytd.org\/web\/wp-content\/uploads\/2022\/04\/dans-boyama-2.jpg\" data-link=\"https:\/\/www.btaytd.org\/web\/tr\/hareket-ve-spor\/dans-boyama-2\/\" class=\"wp-image-5001\" srcset=\"https:\/\/www.btaytd.org\/web\/wp-content\/uploads\/2022\/04\/dans-boyama-2.jpg 600w, https:\/\/www.btaytd.org\/web\/wp-content\/uploads\/2022\/04\/dans-boyama-2-232x300.jpg 232w\" sizes=\"(max-width: 600px) 100vw, 600px\" \/><\/figure><\/li><li class=\"blocks-gallery-item\"><figure><img loading=\"lazy\" decoding=\"async\" width=\"531\" height=\"794\" src=\"https:\/\/www.btaytd.org\/web\/wp-content\/uploads\/2022\/04\/dans-boyama.jpg\" alt=\"\" data-id=\"5002\" data-full-url=\"https:\/\/www.btaytd.org\/web\/wp-content\/uploads\/2022\/04\/dans-boyama.jpg\" data-link=\"https:\/\/www.btaytd.org\/web\/tr\/hareket-ve-spor\/dans-boyama\/\" class=\"wp-image-5002\" srcset=\"https:\/\/www.btaytd.org\/web\/wp-content\/uploads\/2022\/04\/dans-boyama.jpg 531w, https:\/\/www.btaytd.org\/web\/wp-content\/uploads\/2022\/04\/dans-boyama-201x300.jpg 201w\" sizes=\"(max-width: 531px) 100vw, 531px\" \/><\/figure><\/li><\/ul><\/figure>\n\n\n\n<div class=\"wp-block-file\"><a href=\"https:\/\/www.btaytd.org\/web\/wp-content\/uploads\/2022\/04\/Hareket-ve-Spor-Dans-Nisan-2022.pdf\">Hareket-ve-Spor-Dans-Nisan-2022<\/a><a href=\"https:\/\/www.btaytd.org\/web\/wp-content\/uploads\/2022\/04\/Hareket-ve-Spor-Dans-Nisan-2022.pdf\" class=\"wp-block-file__button\" download>\u0130ndir<\/a><\/div>\n\n\n","protected":false},"excerpt":{"rendered":"<p>Muhte\u015fem i\u00e7erikli tatil takvimi sizlerle. E\u011flenceye haz\u0131r m\u0131s\u0131n\u0131z? G\u00fc\u00e7l\u00fc kaslara sahip olmak bizim de hakk\u0131m\u0131z. Atla, hopla, z\u0131pla, t\u0131rman! Masa Tenisi oynamak i\u00e7in ihtiyac\u0131n olan malzemeler, iki raket, bir top ve biraz da yarat\u0131c\u0131l\u0131k \ud83d\ude42 Dans zaman\u0131! \u0130stedi\u011fin m\u00fczikte \u00f6zg\u00fcrce dans et! Ek olarak verdi\u011fimiz boyama sayfalar\u0131n\u0131 istedi\u011fin gibi s\u00fcsle ve bizimle payla\u015f!<\/p>\n","protected":false},"author":8,"featured_media":0,"parent":0,"menu_order":0,"comment_status":"closed","ping_status":"closed","template":"","meta":{"footnotes":""},"class_list":["post-4542","page","type-page","status-publish"],"_links":{"self":[{"href":"https:\/\/www.btaytd.org\/web\/wp-json\/wp\/v2\/pages\/4542"}],"collection":[{"href":"https:\/\/www.btaytd.org\/web\/wp-json\/wp\/v2\/pages"}],"about":[{"href":"https:\/\/www.btaytd.org\/web\/wp-json\/wp\/v2\/types\/page"}],"author":[{"embeddable":true,"href":"https:\/\/www.btaytd.org\/web\/wp-json\/wp\/v2\/users\/8"}],"replies":[{"embeddable":true,"href":"https:\/\/www.btaytd.org\/web\/wp-json\/wp\/v2\/comments?post=4542"}],"version-history":[{"count":7,"href":"https:\/\/www.btaytd.org\/web\/wp-json\/wp\/v2\/pages\/4542\/revisions"}],"predecessor-version":[{"id":5301,"href":"https:\/\/www.btaytd.org\/web\/wp-json\/wp\/v2\/pages\/4542\/revisions\/5301"}],"wp:attachment":[{"href":"https:\/\/www.btaytd.org\/web\/wp-json\/wp\/v2\/media?parent=4542"}],"curies":[{"name":"wp","href":"https:\/\/api.w.org\/{rel}","templated":true}]}}