{"id":4545,"date":"2022-02-15T15:49:17","date_gmt":"2022-02-15T15:49:17","guid":{"rendered":"https:\/\/www.btaytd.org\/web\/?page_id=4545"},"modified":"2022-06-17T18:01:28","modified_gmt":"2022-06-17T18:01:28","slug":"anadilimiz","status":"publish","type":"page","link":"https:\/\/www.btaytd.org\/web\/tr\/anadilimiz\/","title":{"rendered":"Anadilimiz"},"content":{"rendered":"\n<p>BEN\u0130M BABAM<\/p>\n\n\n\n<p>Babalar g\u00fcn\u00fcn\u00fcz kutlu olsun.<\/p>\n\n\n\n<figure class=\"wp-block-gallery columns-1 is-cropped wp-block-gallery-1 is-layout-flex wp-block-gallery-is-layout-flex\"><ul class=\"blocks-gallery-grid\"><li class=\"blocks-gallery-item\"><figure><img loading=\"lazy\" decoding=\"async\" width=\"724\" height=\"1024\" src=\"https:\/\/www.btaytd.org\/web\/wp-content\/uploads\/2022\/06\/Anadil-Etkinligi-Haziran-2022-BABAM-724x1024.jpg\" alt=\"\" data-id=\"5284\" data-full-url=\"https:\/\/www.btaytd.org\/web\/wp-content\/uploads\/2022\/06\/Anadil-Etkinligi-Haziran-2022-BABAM.jpg\" data-link=\"https:\/\/www.btaytd.org\/web\/tr\/anadilimiz\/anadil-etkinligi-haziran-2022-babam\/\" class=\"wp-image-5284\" srcset=\"https:\/\/www.btaytd.org\/web\/wp-content\/uploads\/2022\/06\/Anadil-Etkinligi-Haziran-2022-BABAM-724x1024.jpg 724w, https:\/\/www.btaytd.org\/web\/wp-content\/uploads\/2022\/06\/Anadil-Etkinligi-Haziran-2022-BABAM-212x300.jpg 212w, https:\/\/www.btaytd.org\/web\/wp-content\/uploads\/2022\/06\/Anadil-Etkinligi-Haziran-2022-BABAM-768x1086.jpg 768w, https:\/\/www.btaytd.org\/web\/wp-content\/uploads\/2022\/06\/Anadil-Etkinligi-Haziran-2022-BABAM-1086x1536.jpg 1086w, https:\/\/www.btaytd.org\/web\/wp-content\/uploads\/2022\/06\/Anadil-Etkinligi-Haziran-2022-BABAM.jpg 1414w\" sizes=\"(max-width: 724px) 100vw, 724px\" \/><\/figure><\/li><\/ul><\/figure>\n\n\n\n<div class=\"wp-block-file\"><a href=\"https:\/\/www.btaytd.org\/web\/wp-content\/uploads\/2022\/06\/Anadil-Etkinligi-Haziran-Ayi-BABAM.pdf\">Anadil-Etkinligi-Haziran-Ayi-BABAM<\/a><a href=\"https:\/\/www.btaytd.org\/web\/wp-content\/uploads\/2022\/06\/Anadil-Etkinligi-Haziran-Ayi-BABAM.pdf\" class=\"wp-block-file__button\" download>\u0130ndir<\/a><\/div>\n\n\n\n<p>Bilmece bildirmece.<\/p>\n\n\n\n<figure class=\"wp-block-gallery columns-1 is-cropped wp-block-gallery-2 is-layout-flex wp-block-gallery-is-layout-flex\"><ul class=\"blocks-gallery-grid\"><li class=\"blocks-gallery-item\"><figure><img loading=\"lazy\" decoding=\"async\" width=\"724\" height=\"1024\" src=\"https:\/\/www.btaytd.org\/web\/wp-content\/uploads\/2022\/05\/Anadil-Etkinligi-Bilmeceler-Mayis-Ayi-724x1024.jpg\" alt=\"\" data-id=\"5128\" data-full-url=\"https:\/\/www.btaytd.org\/web\/wp-content\/uploads\/2022\/05\/Anadil-Etkinligi-Bilmeceler-Mayis-Ayi.jpg\" data-link=\"https:\/\/www.btaytd.org\/web\/tr\/anadilimiz\/anadil-etkinligi-bilmeceler-mayis-ayi\/\" class=\"wp-image-5128\" srcset=\"https:\/\/www.btaytd.org\/web\/wp-content\/uploads\/2022\/05\/Anadil-Etkinligi-Bilmeceler-Mayis-Ayi-724x1024.jpg 724w, https:\/\/www.btaytd.org\/web\/wp-content\/uploads\/2022\/05\/Anadil-Etkinligi-Bilmeceler-Mayis-Ayi-212x300.jpg 212w, https:\/\/www.btaytd.org\/web\/wp-content\/uploads\/2022\/05\/Anadil-Etkinligi-Bilmeceler-Mayis-Ayi-768x1086.jpg 768w, https:\/\/www.btaytd.org\/web\/wp-content\/uploads\/2022\/05\/Anadil-Etkinligi-Bilmeceler-Mayis-Ayi-1086x1536.jpg 1086w, https:\/\/www.btaytd.org\/web\/wp-content\/uploads\/2022\/05\/Anadil-Etkinligi-Bilmeceler-Mayis-Ayi.jpg 1414w\" sizes=\"(max-width: 724px) 100vw, 724px\" \/><\/figure><\/li><\/ul><\/figure>\n\n\n\n<div class=\"wp-block-file\"><a href=\"https:\/\/www.btaytd.org\/web\/wp-content\/uploads\/2022\/05\/Anadil-Etkinligi-Bilmeceler-Mayis.pdf\">Anadil-Etkinligi-Bilmeceler-Mayis<\/a><a href=\"https:\/\/www.btaytd.org\/web\/wp-content\/uploads\/2022\/05\/Anadil-Etkinligi-Bilmeceler-Mayis.pdf\" class=\"wp-block-file__button\" download>\u0130ndir<\/a><\/div>\n\n\n\n<p>Haydi arkada\u015flar, g\u00f6zlerimizi kapatal\u0131m ve hayal d\u00fcnyas\u0131nda bir yolculu\u011fa \u00e7\u0131kal\u0131m!<\/p>\n\n\n\n<figure class=\"wp-block-gallery columns-1 is-cropped wp-block-gallery-3 is-layout-flex wp-block-gallery-is-layout-flex\"><ul class=\"blocks-gallery-grid\"><li class=\"blocks-gallery-item\"><figure><img loading=\"lazy\" decoding=\"async\" width=\"724\" height=\"1024\" src=\"https:\/\/www.btaytd.org\/web\/wp-content\/uploads\/2022\/02\/1-9-724x1024.jpg\" alt=\"\" data-id=\"4613\" data-full-url=\"https:\/\/www.btaytd.org\/web\/wp-content\/uploads\/2022\/02\/1-9.jpg\" data-link=\"https:\/\/www.btaytd.org\/web\/tr\/anadilimiz\/1-9-2\/\" class=\"wp-image-4613\" srcset=\"https:\/\/www.btaytd.org\/web\/wp-content\/uploads\/2022\/02\/1-9-724x1024.jpg 724w, https:\/\/www.btaytd.org\/web\/wp-content\/uploads\/2022\/02\/1-9-212x300.jpg 212w, https:\/\/www.btaytd.org\/web\/wp-content\/uploads\/2022\/02\/1-9-768x1086.jpg 768w, https:\/\/www.btaytd.org\/web\/wp-content\/uploads\/2022\/02\/1-9-1086x1536.jpg 1086w, https:\/\/www.btaytd.org\/web\/wp-content\/uploads\/2022\/02\/1-9.jpg 1414w\" sizes=\"(max-width: 724px) 100vw, 724px\" \/><\/figure><\/li><\/ul><\/figure>\n\n\n\n<div class=\"wp-block-file\"><a href=\"https:\/\/www.btaytd.org\/web\/wp-content\/uploads\/2022\/02\/Anadilimiz.pdf\">Anadilimiz \u015eubat Ay\u0131<\/a><a href=\"https:\/\/www.btaytd.org\/web\/wp-content\/uploads\/2022\/02\/Anadilimiz.pdf\" class=\"wp-block-file__button\" download>\u0130ndir<\/a><\/div>\n\n\n\n<p>Mart Ay\u0131 ile birlikte do\u011fa da canlanmaya ba\u015flad\u0131. Sevimli dostlar\u0131m\u0131z\u0131n tekerlemelerini \u00f6\u011frenelim! <\/p>\n\n\n\n<figure class=\"wp-block-gallery columns-1 is-cropped wp-block-gallery-4 is-layout-flex wp-block-gallery-is-layout-flex\"><ul class=\"blocks-gallery-grid\"><li class=\"blocks-gallery-item\"><figure><img loading=\"lazy\" decoding=\"async\" width=\"724\" height=\"1024\" src=\"https:\/\/www.btaytd.org\/web\/wp-content\/uploads\/2022\/03\/Anadil-Tekerleme-724x1024.jpg\" alt=\"\" data-id=\"4815\" data-full-url=\"https:\/\/www.btaytd.org\/web\/wp-content\/uploads\/2022\/03\/Anadil-Tekerleme.jpg\" data-link=\"https:\/\/www.btaytd.org\/web\/tr\/anadilimiz\/anadil-tekerleme\/\" class=\"wp-image-4815\" srcset=\"https:\/\/www.btaytd.org\/web\/wp-content\/uploads\/2022\/03\/Anadil-Tekerleme-724x1024.jpg 724w, https:\/\/www.btaytd.org\/web\/wp-content\/uploads\/2022\/03\/Anadil-Tekerleme-212x300.jpg 212w, https:\/\/www.btaytd.org\/web\/wp-content\/uploads\/2022\/03\/Anadil-Tekerleme-768x1086.jpg 768w, https:\/\/www.btaytd.org\/web\/wp-content\/uploads\/2022\/03\/Anadil-Tekerleme-1086x1536.jpg 1086w, https:\/\/www.btaytd.org\/web\/wp-content\/uploads\/2022\/03\/Anadil-Tekerleme.jpg 1414w\" sizes=\"(max-width: 724px) 100vw, 724px\" \/><\/figure><\/li><\/ul><\/figure>\n\n\n\n<div class=\"wp-block-file\"><a href=\"https:\/\/www.btaytd.org\/web\/wp-content\/uploads\/2022\/03\/Anadilimiz-2.pdf\">Anadilimiz Mart Ay\u0131<\/a><a href=\"https:\/\/www.btaytd.org\/web\/wp-content\/uploads\/2022\/03\/Anadilimiz-2.pdf\" class=\"wp-block-file__button\" download>\u0130ndir<\/a><\/div>\n\n\n\n<p>Yarat\u0131c\u0131l\u0131\u011f\u0131m\u0131z\u0131 kullanal\u0131m ve kendi hikayemizi olu\u015ftural\u0131m!<\/p>\n\n\n\n<figure class=\"wp-block-gallery columns-1 is-cropped wp-block-gallery-5 is-layout-flex wp-block-gallery-is-layout-flex\"><ul class=\"blocks-gallery-grid\"><li class=\"blocks-gallery-item\"><figure><img loading=\"lazy\" decoding=\"async\" width=\"723\" height=\"1024\" src=\"https:\/\/www.btaytd.org\/web\/wp-content\/uploads\/2022\/04\/1-723x1024.jpeg\" alt=\"\" data-id=\"4982\" data-full-url=\"https:\/\/www.btaytd.org\/web\/wp-content\/uploads\/2022\/04\/1.jpeg\" data-link=\"https:\/\/www.btaytd.org\/web\/tr\/anadilimiz\/1-78\/\" class=\"wp-image-4982\" srcset=\"https:\/\/www.btaytd.org\/web\/wp-content\/uploads\/2022\/04\/1-723x1024.jpeg 723w, https:\/\/www.btaytd.org\/web\/wp-content\/uploads\/2022\/04\/1-212x300.jpeg 212w, https:\/\/www.btaytd.org\/web\/wp-content\/uploads\/2022\/04\/1-768x1087.jpeg 768w, https:\/\/www.btaytd.org\/web\/wp-content\/uploads\/2022\/04\/1.jpeg 904w\" sizes=\"(max-width: 723px) 100vw, 723px\" \/><\/figure><\/li><\/ul><\/figure>\n\n\n\n<div class=\"wp-block-file\"><a href=\"https:\/\/www.btaytd.org\/web\/wp-content\/uploads\/2022\/04\/ANADILIMIZ.pdf\">ANADILIMIZ-Nisan 2022<\/a><a href=\"https:\/\/www.btaytd.org\/web\/wp-content\/uploads\/2022\/04\/ANADILIMIZ.pdf\" class=\"wp-block-file__button\" download>\u0130ndir<\/a><\/div>\n","protected":false},"excerpt":{"rendered":"<p>BEN\u0130M BABAM Babalar g\u00fcn\u00fcn\u00fcz kutlu olsun. Bilmece bildirmece. Haydi arkada\u015flar, g\u00f6zlerimizi kapatal\u0131m ve hayal d\u00fcnyas\u0131nda bir yolculu\u011fa \u00e7\u0131kal\u0131m! Mart Ay\u0131 ile birlikte do\u011fa da canlanmaya ba\u015flad\u0131. Sevimli dostlar\u0131m\u0131z\u0131n tekerlemelerini \u00f6\u011frenelim! Yarat\u0131c\u0131l\u0131\u011f\u0131m\u0131z\u0131 kullanal\u0131m ve kendi hikayemizi olu\u015ftural\u0131m!<\/p>\n","protected":false},"author":8,"featured_media":0,"parent":0,"menu_order":0,"comment_status":"closed","ping_status":"closed","template":"","meta":{"footnotes":""},"class_list":["post-4545","page","type-page","status-publish"],"_links":{"self":[{"href":"https:\/\/www.btaytd.org\/web\/wp-json\/wp\/v2\/pages\/4545"}],"collection":[{"href":"https:\/\/www.btaytd.org\/web\/wp-json\/wp\/v2\/pages"}],"about":[{"href":"https:\/\/www.btaytd.org\/web\/wp-json\/wp\/v2\/types\/page"}],"author":[{"embeddable":true,"href":"https:\/\/www.btaytd.org\/web\/wp-json\/wp\/v2\/users\/8"}],"replies":[{"embeddable":true,"href":"https:\/\/www.btaytd.org\/web\/wp-json\/wp\/v2\/comments?post=4545"}],"version-history":[{"count":8,"href":"https:\/\/www.btaytd.org\/web\/wp-json\/wp\/v2\/pages\/4545\/revisions"}],"predecessor-version":[{"id":5286,"href":"https:\/\/www.btaytd.org\/web\/wp-json\/wp\/v2\/pages\/4545\/revisions\/5286"}],"wp:attachment":[{"href":"https:\/\/www.btaytd.org\/web\/wp-json\/wp\/v2\/media?parent=4545"}],"curies":[{"name":"wp","href":"https:\/\/api.w.org\/{rel}","templated":true}]}}