{"id":455,"date":"2019-09-09T18:09:54","date_gmt":"2019-09-09T18:09:54","guid":{"rendered":"https:\/\/www.btaytd.org\/web\/?page_id=455"},"modified":"2020-01-20T09:37:12","modified_gmt":"2020-01-20T09:37:12","slug":"linkler","status":"publish","type":"page","link":"https:\/\/www.btaytd.org\/web\/tr\/linkler\/","title":{"rendered":"Linkler"},"content":{"rendered":"\n<p><strong>Yerel Kurumlar<\/strong><\/p>\n\n\n\n<p>T.C. G\u00fcm\u00fclcine Ba\u015fkonsoloslu\u011fu<\/p>\n\n\n\n<p><a href=\"http:\/\/komotini.cg.mfa.gov.tr\/\">http:\/\/komotini.cg.mfa.gov.tr\/<\/a><\/p>\n\n\n\n<p>Bat\u0131 Trakya T\u00fcrk Az\u0131nl\u0131\u011f\u0131 Dan\u0131\u015fma Kurulu (B.T.T.A.D.K)<\/p>\n\n\n\n<p><a href=\"http:\/\/www.bttadk.org\/\">http:\/\/www.bttadk.org\/<\/a><\/p>\n\n\n\n<p>Bat\u0131 Trakya Az\u0131nl\u0131\u011f\u0131 K\u00fclt\u00fcr ve E\u011fitim \u015eirketi (B.A.K.E.\u015e.)<\/p>\n\n\n\n<p><a href=\"http:\/\/www.pekem.org\/\">http:\/\/www.pekem.org\/<\/a><\/p>\n\n\n\n<p>Dostluk E\u015fitlik Bar\u0131\u015f Partisi (D.E.B.)<\/p>\n\n\n\n<p><a href=\"http:\/\/www.debpartisi.org\/\">http:\/\/www.debpartisi.org\/<\/a><\/p>\n\n\n\n<p>\u0130ske\u00e7e T\u00fcrk Birli\u011fi (\u0130.T.B.)<\/p>\n\n\n\n<p><a href=\"http:\/\/www.iskeceturkbirligi.org\/\">http:\/\/www.iskeceturkbirligi.org\/<\/a><\/p>\n\n\n\n<p>G\u00fcm\u00fclcine Se\u00e7ilmi\u015f M\u00fcft\u00fcl\u00fc\u011f\u00fc<\/p>\n\n\n\n<p><a href=\"http:\/\/www.gumulcinemuftulugu.eu\/\">http:\/\/www.gumulcinemuftulugu.eu\/<\/a><\/p>\n\n\n\n<p>\u0130ske\u00e7e Se\u00e7ilmi\u015f M\u00fcft\u00fcl\u00fc\u011f\u00fc<\/p>\n\n\n\n<p><a href=\"http:\/\/www.iskecemuftulugu.org\/\">http:\/\/www.iskecemuftulugu.org\/<\/a><\/p>\n\n\n\n<p>Bat\u0131 Trakya Az\u0131nl\u0131\u011f\u0131 G\u00fcney Meri\u00e7 E\u011fitim ve K\u00fclt\u00fcr Derne\u011fi<\/p>\n\n\n\n<p><a href=\"https:\/\/www.facebook.com\/Bat\u0131-Trakya-Az\u0131nl\u0131\u011f\u0131-G\u00fcney-Meri\u00e7-E\u011fitim-ve-K\u00fclt\u00fcr-Derne\u011fi-624511000995746\/\">https:\/\/www.facebook.com\/Bat\u0131-Trakya-Az\u0131nl\u0131\u011f\u0131-G\u00fcney-Meri\u00e7-E\u011fitim-ve-K\u00fclt\u00fcr-Derne\u011fi-624511000995746\/<\/a><\/p>\n\n\n\n<p>Kurcal\u0131 K\u00f6y\u00fc Az\u0131nl\u0131k Kad\u0131nlar\u0131 E\u011fitim ve K\u00fclt\u00fcr Derne\u011fi<\/p>\n\n\n\n<p><a href=\"https:\/\/www.facebook.com\/Kurcal\u0131-K\u00f6y\u00fc-Az\u0131nl\u0131k-Kad\u0131nlar\u0131-E\u011fitim-ve-K\u00fclt\u00fcr-Derne\u011fi-111569535525668\/\">https:\/\/www.facebook.com\/Kurcal\u0131-K\u00f6y\u00fc-Az\u0131nl\u0131k-Kad\u0131nlar\u0131-E\u011fitim-ve-K\u00fclt\u00fcr-Derne\u011fi-111569535525668\/<\/a><\/p>\n\n\n\n<p>Gen\u00e7 Akademisyenler Toplulu\u011fu (G.A.T.)<\/p>\n\n\n\n<p><a href=\"http:\/\/www.gat1995.com\/\">http:\/\/www.gat1995.com\/<\/a><\/p>\n\n\n\n<p>Bat\u0131 Trakya \u00d6\u011frenci Sitesi<\/p>\n\n\n\n<p><a href=\"http:\/\/www.ogrencialemi.com\/\">http:\/\/www.ogrencialemi.com\/<\/a><\/p>\n\n\n\n<p>Tar\u0131m-Hayvanc\u0131l\u0131k Ara\u015ft\u0131rma Enstit\u00fcs\u00fc<\/p>\n\n\n\n<p><a href=\"http:\/\/www.inagre.org\/\">http:\/\/www.inagre.org\/<\/a><\/p>\n\n\n\n<p><strong>Yurtd\u0131\u015f\u0131ndaki Kurumlar<\/strong><\/p>\n\n\n\n<p>Avrupa Bat\u0131 Trakya T\u00fcrkleri Federasyonu (A.B.T.T.F.)<\/p>\n\n\n\n<p><a href=\"http:\/\/www.abttf.org\/\">http:\/\/www.abttf.org\/<\/a><\/p>\n\n\n\n<p>Bat\u0131 Trakya T\u00fcrkleri Dayan\u0131\u015fma Derne\u011fi (B.T.T.D.D.)<\/p>\n\n\n\n<p><a href=\"http:\/\/www.bttdd.org.tr\/\">http:\/\/www.bttdd.org.tr\/<\/a><\/p>\n\n\n\n<p>Avrupan\u0131n Sesi<\/p>\n\n\n\n<p><a href=\"http:\/\/www.avrupaninsesi.eu\/\">http:\/\/www.avrupaninsesi.eu\/<\/a><\/p>\n\n\n\n<p>Bursa B.T.T.D.D. <\/p>\n\n\n\n<p><a href=\"http:\/\/www.bttddbursa.org\/\">http:\/\/www.bttddbursa.org\/<\/a><\/p>\n\n\n\n<p>Zeytinburnu B.T.T.D.D.<\/p>\n\n\n\n<p><a href=\"http:\/\/www.bttdd-zeytinburnu.com\/\">http:\/\/www.bttdd-zeytinburnu.com\/<\/a><\/p>\n\n\n\n<p>Witten B.T.T.D. <\/p>\n\n\n\n<p><a href=\"http:\/\/www.wittenbttd.org\/\">http:\/\/www.wittenbttd.org\/<\/a><\/p>\n\n\n\n<p>Duisburg B.T.T.E.S.D.<\/p>\n\n\n\n<p><a href=\"http:\/\/www.duisburgbttd.org\/\">tp:\/\/www.duisburgbttd.org\/<\/a><\/p>\n\n\n\n<p>Kelsterbach B.T.T.D.<\/p>\n\n\n\n<p><a href=\"http:\/\/www.bttd-kelsterbach.com\/\">http:\/\/www.bttd-kelsterbach.com\/<\/a><\/p>\n\n\n\n<p>Bavyera B.T.T.D.<\/p>\n\n\n\n<p><a href=\"http:\/\/www.sv-west-thrakien.de.tl\/\">http:\/\/www.sv-west-thrakien.de.tl\/<\/a><\/p>\n\n\n\n<p>YunT\u00fcrk<\/p>\n\n\n\n<p><a href=\"http:\/\/www.yunturk.org.tr\/\">http:\/\/www.yunturk.org.tr\/<\/a><\/p>\n\n\n\n<p>Balkan T\u00fcrkleri K.D.D. <\/p>\n\n\n\n<p><a href=\"http:\/\/www.balturk.org.tr\/\">http:\/\/www.balturk.org.tr\/<\/a><\/p>\n\n\n\n<p>Bat\u0131 Trakya Vakf\u0131<\/p>\n\n\n\n<p><a href=\"http:\/\/www.batitrakyavakfi.com\/\">http:\/\/www.batitrakyavakfi.com\/<\/a><\/p>\n\n\n\n<p>Dolap\u00e7\u0131lar K\u00f6y\u00fc<\/p>\n\n\n\n<p><a href=\"http:\/\/www.dolapcilar.tr.gg\/\">http:\/\/www.dolapcilar.tr.gg\/<\/a><\/p>\n\n\n\n<p>Kozlukebir K\u00f6y\u00fc<\/p>\n\n\n\n<p><a href=\"http:\/\/www.kozlukebirli.tr.gg\/\">http:\/\/www.kozlukebirli.tr.gg\/<\/a><\/p>\n\n\n\n<p>Bat\u0131 Trakya Board<\/p>\n\n\n\n<p><a href=\"http:\/\/www.trakyaboard.com\/\">http:\/\/www.trakyaboard.com\/<\/a><\/p>\n\n\n\n<p>Trakyanet<\/p>\n\n\n\n<p><a href=\"http:\/\/www.trakyanet.com\/\">http:\/\/www.trakyanet.com\/<\/a><\/p>\n\n\n\n<p><strong>Az\u0131nl\u0131k Bas\u0131n\u0131<\/strong><\/p>\n\n\n\n<p>G\u00fcndem<\/p>\n\n\n\n<p><a href=\"http:\/\/www.gundemgazetesi.com\/\">http:\/\/www.gundemgazetesi.com\/<\/a><\/p>\n\n\n\n<p>Millet<\/p>\n\n\n\n<p><a href=\"http:\/\/www.milletgazetesi.gr\/\">http:\/\/www.milletgazetesi.gr\/<\/a><\/p>\n\n\n\n<p>Rodop R\u00fczgar\u0131<\/p>\n\n\n\n<p><a href=\"http:\/\/www.burasibatitrakya.com\/\">http:\/\/www.burasibatitrakya.com\/<\/a><\/p>\n\n\n\n<p>Birlik<\/p>\n\n\n\n<p><a href=\"http:\/\/www.birlikgazetesi.net\/\">http:\/\/www.birlikgazetesi.net\/<\/a><\/p>\n\n\n\n<p>Trakya\u2019n\u0131n Sesi<\/p>\n\n\n\n<p><a href=\"http:\/\/www.trakyaninsesi.com\/\">http:\/\/www.trakyaninsesi.com\/<\/a><\/p>\n\n\n\n<p>Bat\u0131 Trakya Online<\/p>\n\n\n\n<p><a href=\"http:\/\/www.batitrakya.org\/\">http:\/\/www.batitrakya.org\/<\/a><\/p>\n\n\n\n<p>\u00d6\u011fretmenin Sesi<\/p>\n\n\n\n<p><a href=\"http:\/\/www.ogretmeninsesi.gr\/\">http:\/\/www.ogretmeninsesi.gr\/<\/a><\/p>\n\n\n\n<p>Bat\u0131 Trakya Haber<\/p>\n\n\n\n<p><a href=\"http:\/\/www.batitrakyahaber.net\/\">http:\/\/www.batitrakyahaber.net\/<\/a><\/p>\n\n\n\n<p>Trakya\u2019dan<\/p>\n\n\n\n<p><a href=\"http:\/\/www.trakyadan.com\/\">http:\/\/www.trakyadan.com\/<\/a><\/p>\n\n\n\n<p><strong>Az\u0131nl\u0131k Radyolar\u0131<\/strong><\/p>\n\n\n\n<p>\u00c7\u0131nar FM<\/p>\n\n\n\n<p><a href=\"http:\/\/www.cinarfm.gr\/\">http:\/\/www.cinarfm.gr\/<\/a><\/p>\n\n\n\n<p>Joy FM<\/p>\n\n\n\n<p><a href=\"http:\/\/www.joyfm.gr\/\">http:\/\/www.joyfm.gr\/<\/a><\/p>\n\n\n\n<p>Radio City<\/p>\n\n\n\n<p><a href=\"http:\/\/www.radiocity.eu\/\">http:\/\/www.radiocity.eu\/<\/a><\/p>\n","protected":false},"excerpt":{"rendered":"<p>Yerel Kurumlar T.C. G\u00fcm\u00fclcine Ba\u015fkonsoloslu\u011fu http:\/\/komotini.cg.mfa.gov.tr\/ Bat\u0131 Trakya T\u00fcrk Az\u0131nl\u0131\u011f\u0131 Dan\u0131\u015fma Kurulu (B.T.T.A.D.K) http:\/\/www.bttadk.org\/ Bat\u0131 Trakya Az\u0131nl\u0131\u011f\u0131 K\u00fclt\u00fcr ve E\u011fitim \u015eirketi (B.A.K.E.\u015e.) http:\/\/www.pekem.org\/ Dostluk E\u015fitlik Bar\u0131\u015f Partisi (D.E.B.) http:\/\/www.debpartisi.org\/ \u0130ske\u00e7e T\u00fcrk Birli\u011fi (\u0130.T.B.) http:\/\/www.iskeceturkbirligi.org\/ G\u00fcm\u00fclcine Se\u00e7ilmi\u015f M\u00fcft\u00fcl\u00fc\u011f\u00fc http:\/\/www.gumulcinemuftulugu.eu\/ \u0130ske\u00e7e Se\u00e7ilmi\u015f M\u00fcft\u00fcl\u00fc\u011f\u00fc http:\/\/www.iskecemuftulugu.org\/ Bat\u0131 Trakya Az\u0131nl\u0131\u011f\u0131 G\u00fcney Meri\u00e7 E\u011fitim ve K\u00fclt\u00fcr Derne\u011fi https:\/\/www.facebook.com\/Bat\u0131-Trakya-Az\u0131nl\u0131\u011f\u0131-G\u00fcney-Meri\u00e7-E\u011fitim-ve-K\u00fclt\u00fcr-Derne\u011fi-624511000995746\/ Kurcal\u0131 K\u00f6y\u00fc Az\u0131nl\u0131k<\/p>\n<div class=\"read-more\"><a href=\"https:\/\/www.btaytd.org\/web\/tr\/linkler\/\" title=\"Read More\">Read More<\/a><\/div>\n","protected":false},"author":4,"featured_media":0,"parent":0,"menu_order":0,"comment_status":"closed","ping_status":"closed","template":"","meta":{"footnotes":""},"class_list":["post-455","page","type-page","status-publish"],"_links":{"self":[{"href":"https:\/\/www.btaytd.org\/web\/wp-json\/wp\/v2\/pages\/455"}],"collection":[{"href":"https:\/\/www.btaytd.org\/web\/wp-json\/wp\/v2\/pages"}],"about":[{"href":"https:\/\/www.btaytd.org\/web\/wp-json\/wp\/v2\/types\/page"}],"author":[{"embeddable":true,"href":"https:\/\/www.btaytd.org\/web\/wp-json\/wp\/v2\/users\/4"}],"replies":[{"embeddable":true,"href":"https:\/\/www.btaytd.org\/web\/wp-json\/wp\/v2\/comments?post=455"}],"version-history":[{"count":6,"href":"https:\/\/www.btaytd.org\/web\/wp-json\/wp\/v2\/pages\/455\/revisions"}],"predecessor-version":[{"id":2723,"href":"https:\/\/www.btaytd.org\/web\/wp-json\/wp\/v2\/pages\/455\/revisions\/2723"}],"wp:attachment":[{"href":"https:\/\/www.btaytd.org\/web\/wp-json\/wp\/v2\/media?parent=455"}],"curies":[{"name":"wp","href":"https:\/\/api.w.org\/{rel}","templated":true}]}}