{"id":4552,"date":"2022-02-15T15:52:18","date_gmt":"2022-02-15T15:52:18","guid":{"rendered":"https:\/\/www.btaytd.org\/web\/?page_id=4552"},"modified":"2022-06-17T18:07:11","modified_gmt":"2022-06-17T18:07:11","slug":"arastirmaci-cocuk","status":"publish","type":"page","link":"https:\/\/www.btaytd.org\/web\/tr\/arastirmaci-cocuk\/","title":{"rendered":"Ara\u015ft\u0131rmac\u0131 \u00c7ocuk"},"content":{"rendered":"\n<p>Bilginlerin Sultan\u0131 MEVLANA.<\/p>\n\n\n\n<figure class=\"wp-block-gallery columns-3 is-cropped wp-block-gallery-1 is-layout-flex wp-block-gallery-is-layout-flex\"><ul class=\"blocks-gallery-grid\"><li class=\"blocks-gallery-item\"><figure><img loading=\"lazy\" decoding=\"async\" width=\"724\" height=\"1024\" src=\"https:\/\/www.btaytd.org\/web\/wp-content\/uploads\/2022\/06\/1-724x1024.jpg\" alt=\"\" data-id=\"5288\" data-full-url=\"https:\/\/www.btaytd.org\/web\/wp-content\/uploads\/2022\/06\/1.jpg\" data-link=\"https:\/\/www.btaytd.org\/web\/tr\/arastirmaci-cocuk\/1-86\/\" class=\"wp-image-5288\" srcset=\"https:\/\/www.btaytd.org\/web\/wp-content\/uploads\/2022\/06\/1-724x1024.jpg 724w, https:\/\/www.btaytd.org\/web\/wp-content\/uploads\/2022\/06\/1-212x300.jpg 212w, https:\/\/www.btaytd.org\/web\/wp-content\/uploads\/2022\/06\/1-768x1086.jpg 768w, https:\/\/www.btaytd.org\/web\/wp-content\/uploads\/2022\/06\/1-1086x1536.jpg 1086w, https:\/\/www.btaytd.org\/web\/wp-content\/uploads\/2022\/06\/1.jpg 1414w\" sizes=\"(max-width: 724px) 100vw, 724px\" \/><\/figure><\/li><li class=\"blocks-gallery-item\"><figure><img loading=\"lazy\" decoding=\"async\" width=\"724\" height=\"1024\" src=\"https:\/\/www.btaytd.org\/web\/wp-content\/uploads\/2022\/06\/2-724x1024.jpg\" alt=\"\" data-id=\"5289\" data-full-url=\"https:\/\/www.btaytd.org\/web\/wp-content\/uploads\/2022\/06\/2.jpg\" data-link=\"https:\/\/www.btaytd.org\/web\/tr\/arastirmaci-cocuk\/2-45\/\" class=\"wp-image-5289\" srcset=\"https:\/\/www.btaytd.org\/web\/wp-content\/uploads\/2022\/06\/2-724x1024.jpg 724w, https:\/\/www.btaytd.org\/web\/wp-content\/uploads\/2022\/06\/2-212x300.jpg 212w, https:\/\/www.btaytd.org\/web\/wp-content\/uploads\/2022\/06\/2-768x1086.jpg 768w, https:\/\/www.btaytd.org\/web\/wp-content\/uploads\/2022\/06\/2-1086x1536.jpg 1086w, https:\/\/www.btaytd.org\/web\/wp-content\/uploads\/2022\/06\/2.jpg 1414w\" sizes=\"(max-width: 724px) 100vw, 724px\" \/><\/figure><\/li><li class=\"blocks-gallery-item\"><figure><img loading=\"lazy\" decoding=\"async\" width=\"724\" height=\"1024\" src=\"https:\/\/www.btaytd.org\/web\/wp-content\/uploads\/2022\/06\/3-724x1024.jpg\" alt=\"\" data-id=\"5290\" data-full-url=\"https:\/\/www.btaytd.org\/web\/wp-content\/uploads\/2022\/06\/3.jpg\" data-link=\"https:\/\/www.btaytd.org\/web\/tr\/arastirmaci-cocuk\/3-30\/\" class=\"wp-image-5290\" srcset=\"https:\/\/www.btaytd.org\/web\/wp-content\/uploads\/2022\/06\/3-724x1024.jpg 724w, https:\/\/www.btaytd.org\/web\/wp-content\/uploads\/2022\/06\/3-212x300.jpg 212w, https:\/\/www.btaytd.org\/web\/wp-content\/uploads\/2022\/06\/3-768x1086.jpg 768w, https:\/\/www.btaytd.org\/web\/wp-content\/uploads\/2022\/06\/3-1086x1536.jpg 1086w, https:\/\/www.btaytd.org\/web\/wp-content\/uploads\/2022\/06\/3.jpg 1414w\" sizes=\"(max-width: 724px) 100vw, 724px\" \/><\/figure><\/li><\/ul><\/figure>\n\n\n\n<div class=\"wp-block-file\"><a href=\"https:\/\/www.btaytd.org\/web\/wp-content\/uploads\/2022\/06\/ARASTIRMACI-COCUK-MEVLANA-HAZIRAN-2022.pdf\">ARASTIRMACI-COCUK-MEVLANA-HAZIRAN-2022<\/a><a href=\"https:\/\/www.btaytd.org\/web\/wp-content\/uploads\/2022\/06\/ARASTIRMACI-COCUK-MEVLANA-HAZIRAN-2022.pdf\" class=\"wp-block-file__button\" download>\u0130ndir<\/a><\/div>\n\n\n\n<p>Denizlerin hakimi K\u0131z\u0131l Sakal.<\/p>\n\n\n\n<figure class=\"wp-block-gallery columns-2 is-cropped wp-block-gallery-2 is-layout-flex wp-block-gallery-is-layout-flex\"><ul class=\"blocks-gallery-grid\"><li class=\"blocks-gallery-item\"><figure><img loading=\"lazy\" decoding=\"async\" width=\"1414\" height=\"2000\" src=\"https:\/\/www.btaytd.org\/web\/wp-content\/uploads\/2022\/05\/4-724x1024.jpg\" alt=\"\" data-id=\"5134\" data-full-url=\"https:\/\/www.btaytd.org\/web\/wp-content\/uploads\/2022\/05\/4.jpg\" data-link=\"https:\/\/www.btaytd.org\/web\/tr\/arastirmaci-cocuk\/4-22\/\" class=\"wp-image-5134\" srcset=\"https:\/\/www.btaytd.org\/web\/wp-content\/uploads\/2022\/05\/4-724x1024.jpg 724w, https:\/\/www.btaytd.org\/web\/wp-content\/uploads\/2022\/05\/4-212x300.jpg 212w, https:\/\/www.btaytd.org\/web\/wp-content\/uploads\/2022\/05\/4-768x1086.jpg 768w, https:\/\/www.btaytd.org\/web\/wp-content\/uploads\/2022\/05\/4-1086x1536.jpg 1086w, https:\/\/www.btaytd.org\/web\/wp-content\/uploads\/2022\/05\/4.jpg 1414w\" sizes=\"(max-width: 1414px) 100vw, 1414px\" \/><\/figure><\/li><li class=\"blocks-gallery-item\"><figure><img loading=\"lazy\" decoding=\"async\" width=\"724\" height=\"1024\" src=\"https:\/\/www.btaytd.org\/web\/wp-content\/uploads\/2022\/05\/5-724x1024.jpg\" alt=\"\" data-id=\"5135\" data-full-url=\"https:\/\/www.btaytd.org\/web\/wp-content\/uploads\/2022\/05\/5.jpg\" data-link=\"https:\/\/www.btaytd.org\/web\/tr\/arastirmaci-cocuk\/5-17\/\" class=\"wp-image-5135\" srcset=\"https:\/\/www.btaytd.org\/web\/wp-content\/uploads\/2022\/05\/5-724x1024.jpg 724w, https:\/\/www.btaytd.org\/web\/wp-content\/uploads\/2022\/05\/5-212x300.jpg 212w, https:\/\/www.btaytd.org\/web\/wp-content\/uploads\/2022\/05\/5-768x1086.jpg 768w, https:\/\/www.btaytd.org\/web\/wp-content\/uploads\/2022\/05\/5-1086x1536.jpg 1086w, https:\/\/www.btaytd.org\/web\/wp-content\/uploads\/2022\/05\/5.jpg 1414w\" sizes=\"(max-width: 724px) 100vw, 724px\" \/><\/figure><\/li><\/ul><\/figure>\n\n\n\n<div class=\"wp-block-file\"><a href=\"https:\/\/www.btaytd.org\/web\/wp-content\/uploads\/2022\/05\/arastirmaci-cocuk.pdf\">arastirmaci-cocuk<\/a><a href=\"https:\/\/www.btaytd.org\/web\/wp-content\/uploads\/2022\/05\/arastirmaci-cocuk.pdf\" class=\"wp-block-file__button\" download>\u0130ndir<\/a><\/div>\n\n\n\n<p>Sevgili Arkada\u015f\u0131m sen de ara\u015ft\u0131rma yapmay\u0131 sever misin? Ben \u00e7ok merakl\u0131 biriyim. S\u00fcrekli ara\u015ft\u0131rmaktan ve yeni bilgiler \u00f6\u011frenmekten \u00e7ok keyif al\u0131r\u0131m. Haydi Mimar Sinan&#8217;\u0131 tan\u0131yal\u0131m. <\/p>\n\n\n\n<figure class=\"wp-block-gallery columns-3 is-cropped wp-block-gallery-3 is-layout-flex wp-block-gallery-is-layout-flex\"><ul class=\"blocks-gallery-grid\"><li class=\"blocks-gallery-item\"><figure><img loading=\"lazy\" decoding=\"async\" width=\"724\" height=\"1024\" src=\"https:\/\/www.btaytd.org\/web\/wp-content\/uploads\/2022\/02\/1-11-724x1024.jpg\" alt=\"\" data-id=\"4617\" data-full-url=\"https:\/\/www.btaytd.org\/web\/wp-content\/uploads\/2022\/02\/1-11.jpg\" data-link=\"https:\/\/www.btaytd.org\/web\/tr\/arastirmaci-cocuk\/1-11-2\/\" class=\"wp-image-4617\" srcset=\"https:\/\/www.btaytd.org\/web\/wp-content\/uploads\/2022\/02\/1-11-724x1024.jpg 724w, https:\/\/www.btaytd.org\/web\/wp-content\/uploads\/2022\/02\/1-11-212x300.jpg 212w, https:\/\/www.btaytd.org\/web\/wp-content\/uploads\/2022\/02\/1-11-768x1086.jpg 768w, https:\/\/www.btaytd.org\/web\/wp-content\/uploads\/2022\/02\/1-11-1086x1536.jpg 1086w, https:\/\/www.btaytd.org\/web\/wp-content\/uploads\/2022\/02\/1-11.jpg 1414w\" sizes=\"(max-width: 724px) 100vw, 724px\" \/><\/figure><\/li><li class=\"blocks-gallery-item\"><figure><img loading=\"lazy\" decoding=\"async\" width=\"724\" height=\"1024\" src=\"https:\/\/www.btaytd.org\/web\/wp-content\/uploads\/2022\/02\/2-7-724x1024.jpg\" alt=\"\" data-id=\"4618\" data-full-url=\"https:\/\/www.btaytd.org\/web\/wp-content\/uploads\/2022\/02\/2-7.jpg\" data-link=\"https:\/\/www.btaytd.org\/web\/tr\/arastirmaci-cocuk\/2-7-3\/\" class=\"wp-image-4618\" srcset=\"https:\/\/www.btaytd.org\/web\/wp-content\/uploads\/2022\/02\/2-7-724x1024.jpg 724w, https:\/\/www.btaytd.org\/web\/wp-content\/uploads\/2022\/02\/2-7-212x300.jpg 212w, https:\/\/www.btaytd.org\/web\/wp-content\/uploads\/2022\/02\/2-7-768x1086.jpg 768w, https:\/\/www.btaytd.org\/web\/wp-content\/uploads\/2022\/02\/2-7-1086x1536.jpg 1086w, https:\/\/www.btaytd.org\/web\/wp-content\/uploads\/2022\/02\/2-7.jpg 1414w\" sizes=\"(max-width: 724px) 100vw, 724px\" \/><\/figure><\/li><li class=\"blocks-gallery-item\"><figure><img loading=\"lazy\" decoding=\"async\" width=\"724\" height=\"1024\" src=\"https:\/\/www.btaytd.org\/web\/wp-content\/uploads\/2022\/02\/3-2-724x1024.jpg\" alt=\"\" data-id=\"4619\" data-full-url=\"https:\/\/www.btaytd.org\/web\/wp-content\/uploads\/2022\/02\/3-2.jpg\" data-link=\"https:\/\/www.btaytd.org\/web\/tr\/arastirmaci-cocuk\/3-2-7\/\" class=\"wp-image-4619\" srcset=\"https:\/\/www.btaytd.org\/web\/wp-content\/uploads\/2022\/02\/3-2-724x1024.jpg 724w, https:\/\/www.btaytd.org\/web\/wp-content\/uploads\/2022\/02\/3-2-212x300.jpg 212w, https:\/\/www.btaytd.org\/web\/wp-content\/uploads\/2022\/02\/3-2-768x1086.jpg 768w, https:\/\/www.btaytd.org\/web\/wp-content\/uploads\/2022\/02\/3-2-1086x1536.jpg 1086w, https:\/\/www.btaytd.org\/web\/wp-content\/uploads\/2022\/02\/3-2.jpg 1414w\" sizes=\"(max-width: 724px) 100vw, 724px\" \/><\/figure><\/li><\/ul><\/figure>\n\n\n\n<div class=\"wp-block-file\"><a href=\"https:\/\/www.btaytd.org\/web\/wp-content\/uploads\/2022\/02\/Arastirmaci-Cocuk.pdf\">Arastirmaci-Cocuk \u015eubat Ay\u0131<\/a><a href=\"https:\/\/www.btaytd.org\/web\/wp-content\/uploads\/2022\/02\/Arastirmaci-Cocuk.pdf\" class=\"wp-block-file__button\" download>\u0130ndir<\/a><\/div>\n\n\n\n<p>Mart Ay\u0131nda doktorlar\u0131n doktoru \u0130bni Sina ile ilgili bir ka\u00e7 \u015fey \u00f6\u011frenmeye ne dersin? S\u00fcrekli ara\u015ft\u0131ran ve \u00f6\u011frenmeyi seven bir \u00e7ocuk olan \u0130bni Sina&#8217;n\u0131n hayat\u0131 ile kar\u015f\u0131n\u0131zday\u0131z..<\/p>\n\n\n\n<figure class=\"wp-block-gallery columns-3 is-cropped wp-block-gallery-4 is-layout-flex wp-block-gallery-is-layout-flex\"><ul class=\"blocks-gallery-grid\"><li class=\"blocks-gallery-item\"><figure><img loading=\"lazy\" decoding=\"async\" width=\"724\" height=\"1024\" src=\"https:\/\/www.btaytd.org\/web\/wp-content\/uploads\/2022\/03\/1-2-724x1024.jpg\" alt=\"\" data-id=\"4818\" data-full-url=\"https:\/\/www.btaytd.org\/web\/wp-content\/uploads\/2022\/03\/1-2.jpg\" data-link=\"https:\/\/www.btaytd.org\/web\/tr\/arastirmaci-cocuk\/1-2-4\/\" class=\"wp-image-4818\" srcset=\"https:\/\/www.btaytd.org\/web\/wp-content\/uploads\/2022\/03\/1-2-724x1024.jpg 724w, https:\/\/www.btaytd.org\/web\/wp-content\/uploads\/2022\/03\/1-2-212x300.jpg 212w, https:\/\/www.btaytd.org\/web\/wp-content\/uploads\/2022\/03\/1-2-768x1086.jpg 768w, https:\/\/www.btaytd.org\/web\/wp-content\/uploads\/2022\/03\/1-2-1086x1536.jpg 1086w, https:\/\/www.btaytd.org\/web\/wp-content\/uploads\/2022\/03\/1-2.jpg 1414w\" sizes=\"(max-width: 724px) 100vw, 724px\" \/><\/figure><\/li><li class=\"blocks-gallery-item\"><figure><img loading=\"lazy\" decoding=\"async\" width=\"724\" height=\"1024\" src=\"https:\/\/www.btaytd.org\/web\/wp-content\/uploads\/2022\/03\/2-724x1024.jpg\" alt=\"\" data-id=\"4819\" data-full-url=\"https:\/\/www.btaytd.org\/web\/wp-content\/uploads\/2022\/03\/2.jpg\" data-link=\"https:\/\/www.btaytd.org\/web\/tr\/arastirmaci-cocuk\/2-39\/\" class=\"wp-image-4819\" srcset=\"https:\/\/www.btaytd.org\/web\/wp-content\/uploads\/2022\/03\/2-724x1024.jpg 724w, https:\/\/www.btaytd.org\/web\/wp-content\/uploads\/2022\/03\/2-212x300.jpg 212w, https:\/\/www.btaytd.org\/web\/wp-content\/uploads\/2022\/03\/2-768x1086.jpg 768w, https:\/\/www.btaytd.org\/web\/wp-content\/uploads\/2022\/03\/2-1086x1536.jpg 1086w, https:\/\/www.btaytd.org\/web\/wp-content\/uploads\/2022\/03\/2.jpg 1414w\" sizes=\"(max-width: 724px) 100vw, 724px\" \/><\/figure><\/li><li class=\"blocks-gallery-item\"><figure><img loading=\"lazy\" decoding=\"async\" width=\"724\" height=\"1024\" src=\"https:\/\/www.btaytd.org\/web\/wp-content\/uploads\/2022\/03\/3-724x1024.jpg\" alt=\"\" data-id=\"4820\" data-full-url=\"https:\/\/www.btaytd.org\/web\/wp-content\/uploads\/2022\/03\/3.jpg\" data-link=\"https:\/\/www.btaytd.org\/web\/tr\/arastirmaci-cocuk\/3-26\/\" class=\"wp-image-4820\" srcset=\"https:\/\/www.btaytd.org\/web\/wp-content\/uploads\/2022\/03\/3-724x1024.jpg 724w, https:\/\/www.btaytd.org\/web\/wp-content\/uploads\/2022\/03\/3-212x300.jpg 212w, https:\/\/www.btaytd.org\/web\/wp-content\/uploads\/2022\/03\/3-768x1086.jpg 768w, https:\/\/www.btaytd.org\/web\/wp-content\/uploads\/2022\/03\/3-1086x1536.jpg 1086w, https:\/\/www.btaytd.org\/web\/wp-content\/uploads\/2022\/03\/3.jpg 1414w\" sizes=\"(max-width: 724px) 100vw, 724px\" \/><\/figure><\/li><\/ul><\/figure>\n\n\n\n<div class=\"wp-block-file\"><a href=\"https:\/\/www.btaytd.org\/web\/wp-content\/uploads\/2022\/03\/Arastirmaci-Cocuk-2.pdf\">Arastirmaci-Cocuk-Mart Ay\u0131<\/a><a href=\"https:\/\/www.btaytd.org\/web\/wp-content\/uploads\/2022\/03\/Arastirmaci-Cocuk-2.pdf\" class=\"wp-block-file__button\" download>\u0130ndir<\/a><\/div>\n\n\n\n<p>Evliya \u00c7elebi&#8217;nin nas\u0131l bir \u00e7ocuk oldu\u011funu merak ediyor musun? O zaman yaz\u0131m\u0131za biraz g\u00f6z atmal\u0131s\u0131n!<\/p>\n\n\n\n<figure class=\"wp-block-gallery columns-3 is-cropped wp-block-gallery-5 is-layout-flex wp-block-gallery-is-layout-flex\"><ul class=\"blocks-gallery-grid\"><li class=\"blocks-gallery-item\"><figure><img loading=\"lazy\" decoding=\"async\" width=\"724\" height=\"1024\" src=\"https:\/\/www.btaytd.org\/web\/wp-content\/uploads\/2022\/04\/1-3-724x1024.jpg\" alt=\"\" data-id=\"4986\" data-full-url=\"https:\/\/www.btaytd.org\/web\/wp-content\/uploads\/2022\/04\/1-3.jpg\" data-link=\"https:\/\/www.btaytd.org\/web\/tr\/arastirmaci-cocuk\/1-3-6\/\" class=\"wp-image-4986\" srcset=\"https:\/\/www.btaytd.org\/web\/wp-content\/uploads\/2022\/04\/1-3-724x1024.jpg 724w, https:\/\/www.btaytd.org\/web\/wp-content\/uploads\/2022\/04\/1-3-212x300.jpg 212w, https:\/\/www.btaytd.org\/web\/wp-content\/uploads\/2022\/04\/1-3-768x1086.jpg 768w, https:\/\/www.btaytd.org\/web\/wp-content\/uploads\/2022\/04\/1-3-1086x1536.jpg 1086w, https:\/\/www.btaytd.org\/web\/wp-content\/uploads\/2022\/04\/1-3.jpg 1414w\" sizes=\"(max-width: 724px) 100vw, 724px\" \/><\/figure><\/li><li class=\"blocks-gallery-item\"><figure><img loading=\"lazy\" decoding=\"async\" width=\"724\" height=\"1024\" src=\"https:\/\/www.btaytd.org\/web\/wp-content\/uploads\/2022\/04\/2-2-724x1024.jpg\" alt=\"\" data-id=\"4987\" data-full-url=\"https:\/\/www.btaytd.org\/web\/wp-content\/uploads\/2022\/04\/2-2.jpg\" data-link=\"https:\/\/www.btaytd.org\/web\/tr\/arastirmaci-cocuk\/2-2-12\/\" class=\"wp-image-4987\" srcset=\"https:\/\/www.btaytd.org\/web\/wp-content\/uploads\/2022\/04\/2-2-724x1024.jpg 724w, https:\/\/www.btaytd.org\/web\/wp-content\/uploads\/2022\/04\/2-2-212x300.jpg 212w, https:\/\/www.btaytd.org\/web\/wp-content\/uploads\/2022\/04\/2-2-768x1086.jpg 768w, https:\/\/www.btaytd.org\/web\/wp-content\/uploads\/2022\/04\/2-2-1086x1536.jpg 1086w, https:\/\/www.btaytd.org\/web\/wp-content\/uploads\/2022\/04\/2-2.jpg 1414w\" sizes=\"(max-width: 724px) 100vw, 724px\" \/><\/figure><\/li><li class=\"blocks-gallery-item\"><figure><img loading=\"lazy\" decoding=\"async\" width=\"724\" height=\"1024\" src=\"https:\/\/www.btaytd.org\/web\/wp-content\/uploads\/2022\/04\/3-1-724x1024.jpg\" alt=\"\" data-id=\"4988\" data-full-url=\"https:\/\/www.btaytd.org\/web\/wp-content\/uploads\/2022\/04\/3-1.jpg\" data-link=\"https:\/\/www.btaytd.org\/web\/tr\/arastirmaci-cocuk\/3-1-16\/\" class=\"wp-image-4988\" srcset=\"https:\/\/www.btaytd.org\/web\/wp-content\/uploads\/2022\/04\/3-1-724x1024.jpg 724w, https:\/\/www.btaytd.org\/web\/wp-content\/uploads\/2022\/04\/3-1-212x300.jpg 212w, https:\/\/www.btaytd.org\/web\/wp-content\/uploads\/2022\/04\/3-1-768x1086.jpg 768w, https:\/\/www.btaytd.org\/web\/wp-content\/uploads\/2022\/04\/3-1-1086x1536.jpg 1086w, https:\/\/www.btaytd.org\/web\/wp-content\/uploads\/2022\/04\/3-1.jpg 1414w\" sizes=\"(max-width: 724px) 100vw, 724px\" \/><\/figure><\/li><\/ul><\/figure>\n\n\n\n<div class=\"wp-block-file\"><a href=\"https:\/\/www.btaytd.org\/web\/wp-content\/uploads\/2022\/04\/Arastirmaci-Cocuk-Evliya-Celebi-Nisan-2022.pdf\">Arastirmaci-Cocuk-Evliya-Celebi-Nisan-2022<\/a><a href=\"https:\/\/www.btaytd.org\/web\/wp-content\/uploads\/2022\/04\/Arastirmaci-Cocuk-Evliya-Celebi-Nisan-2022.pdf\" class=\"wp-block-file__button\" download>\u0130ndir<\/a><\/div>\n","protected":false},"excerpt":{"rendered":"<p>Bilginlerin Sultan\u0131 MEVLANA. Denizlerin hakimi K\u0131z\u0131l Sakal. Sevgili Arkada\u015f\u0131m sen de ara\u015ft\u0131rma yapmay\u0131 sever misin? Ben \u00e7ok merakl\u0131 biriyim. S\u00fcrekli ara\u015ft\u0131rmaktan ve yeni bilgiler \u00f6\u011frenmekten \u00e7ok keyif al\u0131r\u0131m. Haydi Mimar Sinan&#8217;\u0131 tan\u0131yal\u0131m. Mart Ay\u0131nda doktorlar\u0131n doktoru \u0130bni Sina ile ilgili bir ka\u00e7 \u015fey \u00f6\u011frenmeye ne dersin? S\u00fcrekli ara\u015ft\u0131ran ve \u00f6\u011frenmeyi seven bir \u00e7ocuk olan \u0130bni<\/p>\n<div class=\"read-more\"><a href=\"https:\/\/www.btaytd.org\/web\/tr\/arastirmaci-cocuk\/\" title=\"Read More\">Read More<\/a><\/div>\n","protected":false},"author":8,"featured_media":0,"parent":0,"menu_order":0,"comment_status":"closed","ping_status":"closed","template":"","meta":{"footnotes":""},"class_list":["post-4552","page","type-page","status-publish"],"_links":{"self":[{"href":"https:\/\/www.btaytd.org\/web\/wp-json\/wp\/v2\/pages\/4552"}],"collection":[{"href":"https:\/\/www.btaytd.org\/web\/wp-json\/wp\/v2\/pages"}],"about":[{"href":"https:\/\/www.btaytd.org\/web\/wp-json\/wp\/v2\/types\/page"}],"author":[{"embeddable":true,"href":"https:\/\/www.btaytd.org\/web\/wp-json\/wp\/v2\/users\/8"}],"replies":[{"embeddable":true,"href":"https:\/\/www.btaytd.org\/web\/wp-json\/wp\/v2\/comments?post=4552"}],"version-history":[{"count":7,"href":"https:\/\/www.btaytd.org\/web\/wp-json\/wp\/v2\/pages\/4552\/revisions"}],"predecessor-version":[{"id":5292,"href":"https:\/\/www.btaytd.org\/web\/wp-json\/wp\/v2\/pages\/4552\/revisions\/5292"}],"wp:attachment":[{"href":"https:\/\/www.btaytd.org\/web\/wp-json\/wp\/v2\/media?parent=4552"}],"curies":[{"name":"wp","href":"https:\/\/api.w.org\/{rel}","templated":true}]}}