{"id":4555,"date":"2022-02-15T15:53:26","date_gmt":"2022-02-15T15:53:26","guid":{"rendered":"https:\/\/www.btaytd.org\/web\/?page_id=4555"},"modified":"2022-06-17T17:55:18","modified_gmt":"2022-06-17T17:55:18","slug":"ailemle-zaman","status":"publish","type":"page","link":"https:\/\/www.btaytd.org\/web\/tr\/ailemle-zaman\/","title":{"rendered":"Ailemle Zaman"},"content":{"rendered":"\n<p>\u00c7ocuklar, bu s\u0131caklar buz gibi so\u011fuk \u00e7ay olmadan ge\u00e7mez.<\/p>\n\n\n\n<figure class=\"wp-block-gallery columns-1 is-cropped wp-block-gallery-1 is-layout-flex wp-block-gallery-is-layout-flex\"><ul class=\"blocks-gallery-grid\"><li class=\"blocks-gallery-item\"><figure><img loading=\"lazy\" decoding=\"async\" width=\"724\" height=\"1024\" src=\"https:\/\/www.btaytd.org\/web\/wp-content\/uploads\/2022\/06\/Ailemle-Zaman-Haziran-2022-2-724x1024.jpg\" alt=\"\" data-id=\"5280\" data-full-url=\"https:\/\/www.btaytd.org\/web\/wp-content\/uploads\/2022\/06\/Ailemle-Zaman-Haziran-2022-2.jpg\" data-link=\"https:\/\/www.btaytd.org\/web\/tr\/ailemle-zaman\/ailemle-zaman-haziran-2022-2\/\" class=\"wp-image-5280\" srcset=\"https:\/\/www.btaytd.org\/web\/wp-content\/uploads\/2022\/06\/Ailemle-Zaman-Haziran-2022-2-724x1024.jpg 724w, https:\/\/www.btaytd.org\/web\/wp-content\/uploads\/2022\/06\/Ailemle-Zaman-Haziran-2022-2-212x300.jpg 212w, https:\/\/www.btaytd.org\/web\/wp-content\/uploads\/2022\/06\/Ailemle-Zaman-Haziran-2022-2-768x1086.jpg 768w, https:\/\/www.btaytd.org\/web\/wp-content\/uploads\/2022\/06\/Ailemle-Zaman-Haziran-2022-2-1086x1536.jpg 1086w, https:\/\/www.btaytd.org\/web\/wp-content\/uploads\/2022\/06\/Ailemle-Zaman-Haziran-2022-2.jpg 1414w\" sizes=\"(max-width: 724px) 100vw, 724px\" \/><\/figure><\/li><\/ul><\/figure>\n\n\n\n<div class=\"wp-block-file\"><a href=\"https:\/\/www.btaytd.org\/web\/wp-content\/uploads\/2022\/06\/Ailem-ve-Ben-Hairan-2022-1.pdf\">Ailem-ve-Ben-Hairan-2022-1<\/a><a href=\"https:\/\/www.btaytd.org\/web\/wp-content\/uploads\/2022\/06\/Ailem-ve-Ben-Hairan-2022-1.pdf\" class=\"wp-block-file__button\" download>\u0130ndir<\/a><\/div>\n\n\n\n<p>Haydi \u00e7ocuklar hep birlikte mutfa\u011fa.<\/p>\n\n\n\n<figure class=\"wp-block-gallery columns-1 is-cropped wp-block-gallery-2 is-layout-flex wp-block-gallery-is-layout-flex\"><ul class=\"blocks-gallery-grid\"><li class=\"blocks-gallery-item\"><figure><img loading=\"lazy\" decoding=\"async\" width=\"724\" height=\"1024\" src=\"https:\/\/www.btaytd.org\/web\/wp-content\/uploads\/2022\/05\/Ailem-ve-Ben-Mayis-ayi-1-724x1024.jpg\" alt=\"\" data-id=\"5131\" data-full-url=\"https:\/\/www.btaytd.org\/web\/wp-content\/uploads\/2022\/05\/Ailem-ve-Ben-Mayis-ayi-1.jpg\" data-link=\"https:\/\/www.btaytd.org\/web\/tr\/ailemle-zaman\/ailem-ve-ben-mayis-ayi-1\/\" class=\"wp-image-5131\" srcset=\"https:\/\/www.btaytd.org\/web\/wp-content\/uploads\/2022\/05\/Ailem-ve-Ben-Mayis-ayi-1-724x1024.jpg 724w, https:\/\/www.btaytd.org\/web\/wp-content\/uploads\/2022\/05\/Ailem-ve-Ben-Mayis-ayi-1-212x300.jpg 212w, https:\/\/www.btaytd.org\/web\/wp-content\/uploads\/2022\/05\/Ailem-ve-Ben-Mayis-ayi-1-768x1086.jpg 768w, https:\/\/www.btaytd.org\/web\/wp-content\/uploads\/2022\/05\/Ailem-ve-Ben-Mayis-ayi-1-1086x1536.jpg 1086w, https:\/\/www.btaytd.org\/web\/wp-content\/uploads\/2022\/05\/Ailem-ve-Ben-Mayis-ayi-1.jpg 1414w\" sizes=\"(max-width: 724px) 100vw, 724px\" \/><\/figure><\/li><\/ul><\/figure>\n\n\n\n<div class=\"wp-block-file\"><a href=\"https:\/\/www.btaytd.org\/web\/wp-content\/uploads\/2022\/05\/Ailem-ve-Ben-Mayis-2022-1.pdf\">Ailem-ve-Ben-Mayis-2022-1<\/a><a href=\"https:\/\/www.btaytd.org\/web\/wp-content\/uploads\/2022\/05\/Ailem-ve-Ben-Mayis-2022-1.pdf\" class=\"wp-block-file__button\" download>\u0130ndir<\/a><\/div>\n\n\n\n<p>De\u011ferli arkada\u015f\u0131m oyunlar\u0131m\u0131za biraz da anne ve babalar\u0131m\u0131z\u0131 dahil etsek nas\u0131l olur? Keyifli vakit ge\u00e7irmenizi dileriz! <\/p>\n\n\n\n<figure class=\"wp-block-gallery columns-1 is-cropped wp-block-gallery-3 is-layout-flex wp-block-gallery-is-layout-flex\"><ul class=\"blocks-gallery-grid\"><li class=\"blocks-gallery-item\"><figure><img loading=\"lazy\" decoding=\"async\" width=\"724\" height=\"1024\" src=\"https:\/\/www.btaytd.org\/web\/wp-content\/uploads\/2022\/02\/1-10-724x1024.jpg\" alt=\"\" data-id=\"4615\" data-full-url=\"https:\/\/www.btaytd.org\/web\/wp-content\/uploads\/2022\/02\/1-10.jpg\" data-link=\"https:\/\/www.btaytd.org\/web\/tr\/ailemle-zaman\/1-10-2\/\" class=\"wp-image-4615\" srcset=\"https:\/\/www.btaytd.org\/web\/wp-content\/uploads\/2022\/02\/1-10-724x1024.jpg 724w, https:\/\/www.btaytd.org\/web\/wp-content\/uploads\/2022\/02\/1-10-212x300.jpg 212w, https:\/\/www.btaytd.org\/web\/wp-content\/uploads\/2022\/02\/1-10-768x1086.jpg 768w, https:\/\/www.btaytd.org\/web\/wp-content\/uploads\/2022\/02\/1-10-1086x1536.jpg 1086w, https:\/\/www.btaytd.org\/web\/wp-content\/uploads\/2022\/02\/1-10.jpg 1414w\" sizes=\"(max-width: 724px) 100vw, 724px\" \/><\/figure><\/li><\/ul><\/figure>\n\n\n\n<div class=\"wp-block-file\"><a href=\"https:\/\/www.btaytd.org\/web\/wp-content\/uploads\/2022\/02\/Ailem-ve-Ben.pdf\">Ailem-ve-Ben \u015eubat 2022<\/a><a href=\"https:\/\/www.btaytd.org\/web\/wp-content\/uploads\/2022\/02\/Ailem-ve-Ben.pdf\" class=\"wp-block-file__button\" download>\u0130ndir<\/a><\/div>\n\n\n\n<p>Merhabalar! Mart Ay\u0131 etkinliklerimiz ile kar\u015f\u0131n\u0131zday\u0131z! Bir ka\u00e7 kitap \u00f6nerisi sizlerleyiz. Keyifli okumalar dileriz!<\/p>\n\n\n\n<figure class=\"wp-block-gallery columns-2 is-cropped wp-block-gallery-4 is-layout-flex wp-block-gallery-is-layout-flex\"><ul class=\"blocks-gallery-grid\"><li class=\"blocks-gallery-item\"><figure><img loading=\"lazy\" decoding=\"async\" width=\"724\" height=\"1024\" src=\"https:\/\/www.btaytd.org\/web\/wp-content\/uploads\/2022\/03\/Ailem-ve-Ben_1-724x1024.jpg\" alt=\"\" data-id=\"4810\" data-full-url=\"https:\/\/www.btaytd.org\/web\/wp-content\/uploads\/2022\/03\/Ailem-ve-Ben_1.jpg\" data-link=\"https:\/\/www.btaytd.org\/web\/tr\/ailemle-zaman\/ailem-ve-ben_1\/\" class=\"wp-image-4810\" srcset=\"https:\/\/www.btaytd.org\/web\/wp-content\/uploads\/2022\/03\/Ailem-ve-Ben_1-724x1024.jpg 724w, https:\/\/www.btaytd.org\/web\/wp-content\/uploads\/2022\/03\/Ailem-ve-Ben_1-212x300.jpg 212w, https:\/\/www.btaytd.org\/web\/wp-content\/uploads\/2022\/03\/Ailem-ve-Ben_1-768x1086.jpg 768w, https:\/\/www.btaytd.org\/web\/wp-content\/uploads\/2022\/03\/Ailem-ve-Ben_1-1086x1536.jpg 1086w, https:\/\/www.btaytd.org\/web\/wp-content\/uploads\/2022\/03\/Ailem-ve-Ben_1.jpg 1241w\" sizes=\"(max-width: 724px) 100vw, 724px\" \/><\/figure><\/li><li class=\"blocks-gallery-item\"><figure><img loading=\"lazy\" decoding=\"async\" width=\"724\" height=\"1024\" src=\"https:\/\/www.btaytd.org\/web\/wp-content\/uploads\/2022\/03\/Ailem-ve-Ben_2-724x1024.jpg\" alt=\"\" data-id=\"4811\" data-full-url=\"https:\/\/www.btaytd.org\/web\/wp-content\/uploads\/2022\/03\/Ailem-ve-Ben_2.jpg\" data-link=\"https:\/\/www.btaytd.org\/web\/tr\/ailemle-zaman\/ailem-ve-ben_2\/\" class=\"wp-image-4811\" srcset=\"https:\/\/www.btaytd.org\/web\/wp-content\/uploads\/2022\/03\/Ailem-ve-Ben_2-724x1024.jpg 724w, https:\/\/www.btaytd.org\/web\/wp-content\/uploads\/2022\/03\/Ailem-ve-Ben_2-212x300.jpg 212w, https:\/\/www.btaytd.org\/web\/wp-content\/uploads\/2022\/03\/Ailem-ve-Ben_2-768x1086.jpg 768w, https:\/\/www.btaytd.org\/web\/wp-content\/uploads\/2022\/03\/Ailem-ve-Ben_2-1086x1536.jpg 1086w, https:\/\/www.btaytd.org\/web\/wp-content\/uploads\/2022\/03\/Ailem-ve-Ben_2.jpg 1241w\" sizes=\"(max-width: 724px) 100vw, 724px\" \/><\/figure><\/li><\/ul><\/figure>\n\n\n\n<div class=\"wp-block-file\"><a href=\"https:\/\/www.btaytd.org\/web\/wp-content\/uploads\/2022\/03\/Ailem-ve-Ben.pdf\">Ailem-ve-Ben Mart Ay\u0131<\/a><a href=\"https:\/\/www.btaytd.org\/web\/wp-content\/uploads\/2022\/03\/Ailem-ve-Ben.pdf\" class=\"wp-block-file__button\" download>\u0130ndir<\/a><\/div>\n\n\n\n<p>Merhaba arkada\u015flar! Tatil g\u00fcnlerimizde film izlemeye ne dersiniz? Patlam\u0131\u015f m\u0131s\u0131r\u0131 da unutmay\u0131n&#8230; \u0130yi seyirler dileriz.<\/p>\n\n\n\n<figure class=\"wp-block-gallery columns-2 is-cropped wp-block-gallery-5 is-layout-flex wp-block-gallery-is-layout-flex\"><ul class=\"blocks-gallery-grid\"><li class=\"blocks-gallery-item\"><figure><img loading=\"lazy\" decoding=\"async\" width=\"724\" height=\"1024\" src=\"https:\/\/www.btaytd.org\/web\/wp-content\/uploads\/2022\/04\/1-2-724x1024.jpg\" alt=\"\" data-id=\"4978\" data-full-url=\"https:\/\/www.btaytd.org\/web\/wp-content\/uploads\/2022\/04\/1-2.jpg\" data-link=\"https:\/\/www.btaytd.org\/web\/tr\/ailemle-zaman\/1-2-5\/\" class=\"wp-image-4978\" srcset=\"https:\/\/www.btaytd.org\/web\/wp-content\/uploads\/2022\/04\/1-2-724x1024.jpg 724w, https:\/\/www.btaytd.org\/web\/wp-content\/uploads\/2022\/04\/1-2-212x300.jpg 212w, https:\/\/www.btaytd.org\/web\/wp-content\/uploads\/2022\/04\/1-2-768x1086.jpg 768w, https:\/\/www.btaytd.org\/web\/wp-content\/uploads\/2022\/04\/1-2-1086x1536.jpg 1086w, https:\/\/www.btaytd.org\/web\/wp-content\/uploads\/2022\/04\/1-2.jpg 1414w\" sizes=\"(max-width: 724px) 100vw, 724px\" \/><\/figure><\/li><li class=\"blocks-gallery-item\"><figure><img loading=\"lazy\" decoding=\"async\" width=\"724\" height=\"1024\" src=\"https:\/\/www.btaytd.org\/web\/wp-content\/uploads\/2022\/04\/2-1-724x1024.jpg\" alt=\"\" data-id=\"4979\" data-full-url=\"https:\/\/www.btaytd.org\/web\/wp-content\/uploads\/2022\/04\/2-1.jpg\" data-link=\"https:\/\/www.btaytd.org\/web\/tr\/ailemle-zaman\/2-1-17\/\" class=\"wp-image-4979\" srcset=\"https:\/\/www.btaytd.org\/web\/wp-content\/uploads\/2022\/04\/2-1-724x1024.jpg 724w, https:\/\/www.btaytd.org\/web\/wp-content\/uploads\/2022\/04\/2-1-212x300.jpg 212w, https:\/\/www.btaytd.org\/web\/wp-content\/uploads\/2022\/04\/2-1-768x1086.jpg 768w, https:\/\/www.btaytd.org\/web\/wp-content\/uploads\/2022\/04\/2-1-1086x1536.jpg 1086w, https:\/\/www.btaytd.org\/web\/wp-content\/uploads\/2022\/04\/2-1.jpg 1414w\" sizes=\"(max-width: 724px) 100vw, 724px\" \/><\/figure><\/li><\/ul><\/figure>\n\n\n\n<div class=\"wp-block-file\"><a href=\"https:\/\/www.btaytd.org\/web\/wp-content\/uploads\/2022\/04\/Ailemle-Zaman-Film-Onerisi-Nisan-2022.pdf\">Ailemle-Zaman-Film-Onerisi-Nisan-2022<\/a><a href=\"https:\/\/www.btaytd.org\/web\/wp-content\/uploads\/2022\/04\/Ailemle-Zaman-Film-Onerisi-Nisan-2022.pdf\" class=\"wp-block-file__button\" download>\u0130ndir<\/a><\/div>\n\n\n\n<figure class=\"wp-block-gallery columns-0 is-cropped wp-block-gallery-6 is-layout-flex wp-block-gallery-is-layout-flex\"><ul class=\"blocks-gallery-grid\"><\/ul><\/figure>\n\n\n\n<p><\/p>\n","protected":false},"excerpt":{"rendered":"<p>\u00c7ocuklar, bu s\u0131caklar buz gibi so\u011fuk \u00e7ay olmadan ge\u00e7mez. Haydi \u00e7ocuklar hep birlikte mutfa\u011fa. De\u011ferli arkada\u015f\u0131m oyunlar\u0131m\u0131za biraz da anne ve babalar\u0131m\u0131z\u0131 dahil etsek nas\u0131l olur? Keyifli vakit ge\u00e7irmenizi dileriz! Merhabalar! Mart Ay\u0131 etkinliklerimiz ile kar\u015f\u0131n\u0131zday\u0131z! Bir ka\u00e7 kitap \u00f6nerisi sizlerleyiz. Keyifli okumalar dileriz! Merhaba arkada\u015flar! Tatil g\u00fcnlerimizde film izlemeye ne dersiniz? Patlam\u0131\u015f m\u0131s\u0131r\u0131 da<\/p>\n<div class=\"read-more\"><a href=\"https:\/\/www.btaytd.org\/web\/tr\/ailemle-zaman\/\" title=\"Read More\">Read More<\/a><\/div>\n","protected":false},"author":8,"featured_media":0,"parent":0,"menu_order":0,"comment_status":"closed","ping_status":"closed","template":"","meta":{"footnotes":""},"class_list":["post-4555","page","type-page","status-publish"],"_links":{"self":[{"href":"https:\/\/www.btaytd.org\/web\/wp-json\/wp\/v2\/pages\/4555"}],"collection":[{"href":"https:\/\/www.btaytd.org\/web\/wp-json\/wp\/v2\/pages"}],"about":[{"href":"https:\/\/www.btaytd.org\/web\/wp-json\/wp\/v2\/types\/page"}],"author":[{"embeddable":true,"href":"https:\/\/www.btaytd.org\/web\/wp-json\/wp\/v2\/users\/8"}],"replies":[{"embeddable":true,"href":"https:\/\/www.btaytd.org\/web\/wp-json\/wp\/v2\/comments?post=4555"}],"version-history":[{"count":8,"href":"https:\/\/www.btaytd.org\/web\/wp-json\/wp\/v2\/pages\/4555\/revisions"}],"predecessor-version":[{"id":5282,"href":"https:\/\/www.btaytd.org\/web\/wp-json\/wp\/v2\/pages\/4555\/revisions\/5282"}],"wp:attachment":[{"href":"https:\/\/www.btaytd.org\/web\/wp-json\/wp\/v2\/media?parent=4555"}],"curies":[{"name":"wp","href":"https:\/\/api.w.org\/{rel}","templated":true}]}}