{"id":47,"date":"2019-08-30T05:42:47","date_gmt":"2019-08-30T05:42:47","guid":{"rendered":"https:\/\/www.btaytd.org\/web\/?page_id=47"},"modified":"2019-09-17T12:10:28","modified_gmt":"2019-09-17T12:10:28","slug":"alt-kurullar","status":"publish","type":"page","link":"https:\/\/www.btaytd.org\/web\/tr\/alt-kurullar\/","title":{"rendered":"Alt Kurullar"},"content":{"rendered":"<div id=\"pl-gb47-69d451da7a11a\"  class=\"panel-layout\" ><div id=\"pg-gb47-69d451da7a11a-0\"  class=\"panel-grid panel-no-style\" ><div id=\"pgc-gb47-69d451da7a11a-0-0\"  class=\"panel-grid-cell\"  data-weight=\"1\" ><div id=\"panel-gb47-69d451da7a11a-0-0-0\" class=\"so-panel widget widget_oc-block-9 panel-first-child panel-last-child\" data-index=\"0\" data-style=\"{&quot;background_image_attachment&quot;:false,&quot;background_display&quot;:&quot;tile&quot;}\" ><div\n\t\t\t\n\t\t\tclass=\"so-widget-oc-block-9 so-widget-oc-block-9-default-03082a5dc531-47\"\n\t\t\t\n\t\t><div id=\"flipmag-bid-epkfdnvmhgtubyoijwqlcxrza\"><div class=\"oc-block block-9 row\"  data-id=\"epkfdnvmhgtubyoijwqlcxrza\" id=\"block_epkfdnvmhgtubyoijwqlcxrza\" ><div class=\"column half\"><article class=\"post-11640 post type-post status-publish format-standard has-post-thumbnail category-alt-kurullar category-fotograflar category-haberler \" itemscope itemtype=\"http:\/\/schema.org\/Article\" ><div class=\"thumbs\"><span class=\"cat-title cat-44\"><a href=\"https:\/\/www.btaytd.org\/web\/tr\/category\/alt-kurullar\/\">Alt Kurullar<\/a><\/span><span class=\"fa fa-circle-o-notch fa-spin loader-img\"><\/span><a href=\"https:\/\/www.btaytd.org\/web\/tr\/pusula-dergisi-subat-2026-sayisi-genclerin-kalemi\/\" itemprop=\"url\"><img loading=\"lazy\" decoding=\"async\" width=\"702\" height=\"336\" src=\"https:\/\/www.btaytd.org\/web\/wp-content\/uploads\/2026\/03\/GENCLERIN-KALEMI-1-702x336.jpg\" class=\"attachment-flipmag-main-slider size-flipmag-main-slider wp-post-image\" alt=\"\" title=\"PUSULA DERG\u0130S\u0130 \u015eUBAT 2026 SAYISI- GEN\u00c7LER\u0130N KALEM\u0130\" itemprop=\"image\" srcset=\"https:\/\/www.btaytd.org\/web\/wp-content\/uploads\/2026\/03\/GENCLERIN-KALEMI-1-702x336.jpg 702w, https:\/\/www.btaytd.org\/web\/wp-content\/uploads\/2026\/03\/GENCLERIN-KALEMI-1-1078x516.jpg 1078w\" sizes=\"(max-width: 702px) 100vw, 702px\" \/><\/a><\/div><div class=\"content\"><a href=\"https:\/\/www.btaytd.org\/web\/tr\/pusula-dergisi-subat-2026-sayisi-genclerin-kalemi\/\" title=\"PUSULA DERG\u0130S\u0130 \u015eUBAT 2026 SAYISI- GEN\u00c7LER\u0130N KALEM\u0130\" itemprop=\"name url\"><h3>PUSULA DERG\u0130S\u0130 \u015eUBAT 2026 SAYISI- GEN\u00c7LER\u0130N KALEM\u0130<\/h3><\/a><div class=\"block-meta\"><span class=\"posted-by\">By <span class=\"author\" itemprop=\"author\"><a href=\"https:\/\/www.btaytd.org\/web\/author\/btaytd\/\">BTAYTD BTAYTD<\/a><\/span><\/span><time datetime=\"2026-03-27T11:57:59+00:00\" itemprop=\"datePublished\"><a href=\"https:\/\/www.btaytd.org\/web\/2026\/03\/27\/\">Mart 27, 2026<\/a><\/time><span class=\"comments\"><a href=\"https:\/\/www.btaytd.org\/web\/tr\/pusula-dergisi-subat-2026-sayisi-genclerin-kalemi\/#respond\"><i class=\"fa fa-comments-o\"><\/i> 0<\/a><\/span><\/div><div class=\"excerpt\"><p>Felsefe ve Bilimde Ak\u0131l\u2013Kalp \u0130li\u015fkisi      Ak\u0131l ve kalp, insan\u0131n d\u00fc\u015f\u00fcnce ve duygu d\u00fcnyas\u0131n\u0131 \u015fekillendiren iki temel unsur olarak&hellip;<\/p>\n<\/div><\/div><\/article><\/div><div class=\"column half\"><article class=\"post-11637 post type-post status-publish format-standard has-post-thumbnail category-alt-kurullar category-fotograflar category-haberler \" itemscope itemtype=\"http:\/\/schema.org\/Article\" ><div class=\"thumbs\"><span class=\"cat-title cat-44\"><a href=\"https:\/\/www.btaytd.org\/web\/tr\/category\/alt-kurullar\/\">Alt Kurullar<\/a><\/span><span class=\"fa fa-circle-o-notch fa-spin loader-img\"><\/span><a href=\"https:\/\/www.btaytd.org\/web\/tr\/pusula-dergisi-subat-2026-sayisi-yoresel-lezzetler\/\" itemprop=\"url\"><img loading=\"lazy\" decoding=\"async\" width=\"702\" height=\"336\" src=\"https:\/\/www.btaytd.org\/web\/wp-content\/uploads\/2026\/03\/YORESEL-LEZZETLER-1-702x336.jpg\" class=\"attachment-flipmag-main-slider size-flipmag-main-slider wp-post-image\" alt=\"\" title=\"PUSULA DERG\u0130S\u0130 \u015eUBAT 2026 SAYISI- Y\u00d6RESEL LEZZETLER\" itemprop=\"image\" srcset=\"https:\/\/www.btaytd.org\/web\/wp-content\/uploads\/2026\/03\/YORESEL-LEZZETLER-1-702x336.jpg 702w, https:\/\/www.btaytd.org\/web\/wp-content\/uploads\/2026\/03\/YORESEL-LEZZETLER-1-1078x516.jpg 1078w\" sizes=\"(max-width: 702px) 100vw, 702px\" \/><\/a><\/div><div class=\"content\"><a href=\"https:\/\/www.btaytd.org\/web\/tr\/pusula-dergisi-subat-2026-sayisi-yoresel-lezzetler\/\" title=\"PUSULA DERG\u0130S\u0130 \u015eUBAT 2026 SAYISI- Y\u00d6RESEL LEZZETLER\" itemprop=\"name url\"><h3>PUSULA DERG\u0130S\u0130 \u015eUBAT 2026 SAYISI- Y\u00d6RESEL LEZZETLER<\/h3><\/a><div class=\"block-meta\"><span class=\"posted-by\">By <span class=\"author\" itemprop=\"author\"><a href=\"https:\/\/www.btaytd.org\/web\/author\/btaytd\/\">BTAYTD BTAYTD<\/a><\/span><\/span><time datetime=\"2026-03-27T11:08:52+00:00\" itemprop=\"datePublished\"><a href=\"https:\/\/www.btaytd.org\/web\/2026\/03\/27\/\">Mart 27, 2026<\/a><\/time><span class=\"comments\"><a href=\"https:\/\/www.btaytd.org\/web\/tr\/pusula-dergisi-subat-2026-sayisi-yoresel-lezzetler\/#respond\"><i class=\"fa fa-comments-o\"><\/i> 0<\/a><\/span><\/div><div class=\"excerpt\"><p>Mantarlar\u0131n Mollas\u0131; Macrolepiota Procera Latince ad\u0131yla Macrolepiota procera olarak bilinen yabani bir mantar t\u00fcr\u00fcd\u00fcr. Evros b\u00f6lgesinde halk aras\u0131nda \u201cmolla\u201d olarak isimlendirilir. \u0130ske\u00e7e\u2019nin&hellip;<\/p>\n<\/div><\/div><\/article><\/div><div class=\"column half\"><article class=\"post-11628 post type-post status-publish format-standard has-post-thumbnail category-alt-kurullar category-fotograflar category-haberler category-kadinlar-kolu \" itemscope itemtype=\"http:\/\/schema.org\/Article\" ><div class=\"thumbs\"><span class=\"cat-title cat-44\"><a href=\"https:\/\/www.btaytd.org\/web\/tr\/category\/alt-kurullar\/\">Alt Kurullar<\/a><\/span><span class=\"fa fa-circle-o-notch fa-spin loader-img\"><\/span><a href=\"https:\/\/www.btaytd.org\/web\/tr\/btaytd-kadinlar-kolundan-ziyaret-7\/\" itemprop=\"url\"><img loading=\"lazy\" decoding=\"async\" width=\"702\" height=\"336\" src=\"https:\/\/www.btaytd.org\/web\/wp-content\/uploads\/2026\/03\/IMG-20260326-WA0000-702x336.jpg\" class=\"attachment-flipmag-main-slider size-flipmag-main-slider wp-post-image\" alt=\"\" title=\"BTAYTD KADINLAR KOLU\u2019NDAN Z\u0130YARET\" itemprop=\"image\" srcset=\"https:\/\/www.btaytd.org\/web\/wp-content\/uploads\/2026\/03\/IMG-20260326-WA0000-702x336.jpg 702w, https:\/\/www.btaytd.org\/web\/wp-content\/uploads\/2026\/03\/IMG-20260326-WA0000-1078x516.jpg 1078w\" sizes=\"(max-width: 702px) 100vw, 702px\" \/><\/a><\/div><div class=\"content\"><a href=\"https:\/\/www.btaytd.org\/web\/tr\/btaytd-kadinlar-kolundan-ziyaret-7\/\" title=\"BTAYTD KADINLAR KOLU\u2019NDAN Z\u0130YARET\" itemprop=\"name url\"><h3>BTAYTD KADINLAR KOLU\u2019NDAN Z\u0130YARET<\/h3><\/a><div class=\"block-meta\"><span class=\"posted-by\">By <span class=\"author\" itemprop=\"author\"><a href=\"https:\/\/www.btaytd.org\/web\/author\/btaytd\/\">BTAYTD BTAYTD<\/a><\/span><\/span><time datetime=\"2026-03-26T13:21:16+00:00\" itemprop=\"datePublished\"><a href=\"https:\/\/www.btaytd.org\/web\/2026\/03\/26\/\">Mart 26, 2026<\/a><\/time><span class=\"comments\"><a href=\"https:\/\/www.btaytd.org\/web\/tr\/btaytd-kadinlar-kolundan-ziyaret-7\/#respond\"><i class=\"fa fa-comments-o\"><\/i> 0<\/a><\/span><\/div><div class=\"excerpt\"><p>Bat\u0131 Trakya Az\u0131nl\u0131\u011f\u0131 Y\u00fcksek Tahsilliler Derne\u011fi Kad\u0131nlar Kolu 26 Mart 2026 Per\u015fembe g\u00fcn\u00fc G\u00fcm\u00fclcine Se\u00e7ilmi\u015f M\u00fcft\u00fcs\u00fc Say\u0131n \u0130brahim \u015eER\u0130F\u2019 i&hellip;<\/p>\n<\/div><\/div><\/article><\/div><div class=\"column half\"><article class=\"post-11615 post type-post status-publish format-standard has-post-thumbnail category-alt-kurullar category-fotograflar category-haberler \" itemscope itemtype=\"http:\/\/schema.org\/Article\" ><div class=\"thumbs\"><span class=\"cat-title cat-44\"><a href=\"https:\/\/www.btaytd.org\/web\/tr\/category\/alt-kurullar\/\">Alt Kurullar<\/a><\/span><span class=\"fa fa-circle-o-notch fa-spin loader-img\"><\/span><a href=\"https:\/\/www.btaytd.org\/web\/tr\/pusula-dergisi-subat-2026-sayisi-saglik-bolumu\/\" itemprop=\"url\"><img loading=\"lazy\" decoding=\"async\" width=\"702\" height=\"336\" src=\"https:\/\/www.btaytd.org\/web\/wp-content\/uploads\/2026\/03\/SAGLIK-702x336.jpg\" class=\"attachment-flipmag-main-slider size-flipmag-main-slider wp-post-image\" alt=\"\" title=\"PUSULA DERG\u0130S\u0130 \u015eUBAT 2026 SAYISI- SA\u011eLIK B\u00d6L\u00dcM\u00dc\" itemprop=\"image\" srcset=\"https:\/\/www.btaytd.org\/web\/wp-content\/uploads\/2026\/03\/SAGLIK-702x336.jpg 702w, https:\/\/www.btaytd.org\/web\/wp-content\/uploads\/2026\/03\/SAGLIK-1078x516.jpg 1078w\" sizes=\"(max-width: 702px) 100vw, 702px\" \/><\/a><\/div><div class=\"content\"><a href=\"https:\/\/www.btaytd.org\/web\/tr\/pusula-dergisi-subat-2026-sayisi-saglik-bolumu\/\" title=\"PUSULA DERG\u0130S\u0130 \u015eUBAT 2026 SAYISI- SA\u011eLIK B\u00d6L\u00dcM\u00dc\" itemprop=\"name url\"><h3>PUSULA DERG\u0130S\u0130 \u015eUBAT 2026 SAYISI- SA\u011eLIK B\u00d6L\u00dcM\u00dc<\/h3><\/a><div class=\"block-meta\"><span class=\"posted-by\">By <span class=\"author\" itemprop=\"author\"><a href=\"https:\/\/www.btaytd.org\/web\/author\/btaytd\/\">BTAYTD BTAYTD<\/a><\/span><\/span><time datetime=\"2026-03-24T09:48:57+00:00\" itemprop=\"datePublished\"><a href=\"https:\/\/www.btaytd.org\/web\/2026\/03\/24\/\">Mart 24, 2026<\/a><\/time><span class=\"comments\"><a href=\"https:\/\/www.btaytd.org\/web\/tr\/pusula-dergisi-subat-2026-sayisi-saglik-bolumu\/#respond\"><i class=\"fa fa-comments-o\"><\/i> 0<\/a><\/span><\/div><div class=\"excerpt\"><p>Sa\u011fl\u0131kl\u0131 Ad\u0131mlar\u0131n Anahtar\u0131    Ortopedik Ayakkab\u0131lar    G\u00fcnl\u00fck hayat\u0131m\u0131zda ayaklar\u0131m\u0131z, fark etmesek de v\u00fccudumuzun en \u00e7ok \u00e7al\u0131\u015fan b\u00f6l\u00fcmlerinden biridir.&hellip;<\/p>\n<\/div><\/div><\/article><\/div><div class=\"column half\"><article class=\"post-11599 post type-post status-publish format-standard has-post-thumbnail category-alt-kurullar category-fotograflar category-haberler \" itemscope itemtype=\"http:\/\/schema.org\/Article\" ><div class=\"thumbs\"><span class=\"cat-title cat-44\"><a href=\"https:\/\/www.btaytd.org\/web\/tr\/category\/alt-kurullar\/\">Alt Kurullar<\/a><\/span><span class=\"fa fa-circle-o-notch fa-spin loader-img\"><\/span><a href=\"https:\/\/www.btaytd.org\/web\/tr\/pusula-dergisi-subat-2026-sayisi-psikoloji\/\" itemprop=\"url\"><img loading=\"lazy\" decoding=\"async\" width=\"702\" height=\"336\" src=\"https:\/\/www.btaytd.org\/web\/wp-content\/uploads\/2026\/03\/PSK-702x336.jpg\" class=\"attachment-flipmag-main-slider size-flipmag-main-slider wp-post-image\" alt=\"\" title=\"PUSULA DERG\u0130S\u0130 \u015eUBAT 2026 SAYISI-PS\u0130KOLOJ\u0130\" itemprop=\"image\" srcset=\"https:\/\/www.btaytd.org\/web\/wp-content\/uploads\/2026\/03\/PSK-702x336.jpg 702w, https:\/\/www.btaytd.org\/web\/wp-content\/uploads\/2026\/03\/PSK-1078x516.jpg 1078w\" sizes=\"(max-width: 702px) 100vw, 702px\" \/><\/a><\/div><div class=\"content\"><a href=\"https:\/\/www.btaytd.org\/web\/tr\/pusula-dergisi-subat-2026-sayisi-psikoloji\/\" title=\"PUSULA DERG\u0130S\u0130 \u015eUBAT 2026 SAYISI-PS\u0130KOLOJ\u0130\" itemprop=\"name url\"><h3>PUSULA DERG\u0130S\u0130 \u015eUBAT 2026 SAYISI-PS\u0130KOLOJ\u0130<\/h3><\/a><div class=\"block-meta\"><span class=\"posted-by\">By <span class=\"author\" itemprop=\"author\"><a href=\"https:\/\/www.btaytd.org\/web\/author\/btaytd\/\">BTAYTD BTAYTD<\/a><\/span><\/span><time datetime=\"2026-03-19T08:58:39+00:00\" itemprop=\"datePublished\"><a href=\"https:\/\/www.btaytd.org\/web\/2026\/03\/19\/\">Mart 19, 2026<\/a><\/time><span class=\"comments\"><a href=\"https:\/\/www.btaytd.org\/web\/tr\/pusula-dergisi-subat-2026-sayisi-psikoloji\/#respond\"><i class=\"fa fa-comments-o\"><\/i> 0<\/a><\/span><\/div><div class=\"excerpt\"><p>Psikolog \u0130nci Hakk\u0131 ile  \u201cNarsisizm ve Narsist Ki\u015filik Bozuklu\u011fu \u201d \u00fczerine kapsaml\u0131 bir s\u00f6yle\u015fi ger\u00e7ekle\u015ftirdik. G\u00fcn\u00fcm\u00fczde s\u0131k\u00e7a dile getirilen ancak&hellip;<\/p>\n<\/div><\/div><\/article><\/div><div class=\"column half\"><article class=\"post-11590 post type-post status-publish format-standard has-post-thumbnail category-alt-kurullar category-dis-iliskiler-ve-insan-haklari category-fotograflar category-haberler \" itemscope itemtype=\"http:\/\/schema.org\/Article\" ><div class=\"thumbs\"><span class=\"cat-title cat-44\"><a href=\"https:\/\/www.btaytd.org\/web\/tr\/category\/alt-kurullar\/\">Alt Kurullar<\/a><\/span><span class=\"fa fa-circle-o-notch fa-spin loader-img\"><\/span><a href=\"https:\/\/www.btaytd.org\/web\/tr\/bati-trakya-turk-heyeti-agit-tamamlayici-insani-boyut-toplantisina-katildi\/\" itemprop=\"url\"><img loading=\"lazy\" decoding=\"async\" width=\"702\" height=\"336\" src=\"https:\/\/www.btaytd.org\/web\/wp-content\/uploads\/2026\/03\/kpk-702x336.jpeg\" class=\"attachment-flipmag-main-slider size-flipmag-main-slider wp-post-image\" alt=\"\" title=\"BATI TRAKYA T\u00dcRK HEYET\u0130 AG\u0130T TAMAMLAYICI \u0130NSANI BOYUT TOPLANTISINA KATILDI\" itemprop=\"image\" srcset=\"https:\/\/www.btaytd.org\/web\/wp-content\/uploads\/2026\/03\/kpk-702x336.jpeg 702w, https:\/\/www.btaytd.org\/web\/wp-content\/uploads\/2026\/03\/kpk-1078x516.jpeg 1078w\" sizes=\"(max-width: 702px) 100vw, 702px\" \/><\/a><\/div><div class=\"content\"><a href=\"https:\/\/www.btaytd.org\/web\/tr\/bati-trakya-turk-heyeti-agit-tamamlayici-insani-boyut-toplantisina-katildi\/\" title=\"BATI TRAKYA T\u00dcRK HEYET\u0130 AG\u0130T TAMAMLAYICI \u0130NSANI BOYUT TOPLANTISINA KATILDI\" itemprop=\"name url\"><h3>BATI TRAKYA T\u00dcRK HEYET\u0130 AG\u0130T TAMAMLAYICI \u0130NSANI BOYUT TOPLANTISINA KATILDI<\/h3><\/a><div class=\"block-meta\"><span class=\"posted-by\">By <span class=\"author\" itemprop=\"author\"><a href=\"https:\/\/www.btaytd.org\/web\/author\/btaytd\/\">BTAYTD BTAYTD<\/a><\/span><\/span><time datetime=\"2026-03-19T08:40:03+00:00\" itemprop=\"datePublished\"><a href=\"https:\/\/www.btaytd.org\/web\/2026\/03\/19\/\">Mart 19, 2026<\/a><\/time><span class=\"comments\"><a href=\"https:\/\/www.btaytd.org\/web\/tr\/bati-trakya-turk-heyeti-agit-tamamlayici-insani-boyut-toplantisina-katildi\/#respond\"><i class=\"fa fa-comments-o\"><\/i> 0<\/a><\/span><\/div><div class=\"excerpt\"><p>Bat\u0131 Trakya T\u00fcrkleri 2026 y\u0131l\u0131n\u0131n AG\u0130T 1. Tamamlay\u0131c\u0131 \u0130nsani Boyut Toplant\u0131s\u0131nda temsil edildi. 16-17 Mart tarihlerinde Viyana\u2019da ger\u00e7ekle\u015fen toplant\u0131ya BTAYTD&hellip;<\/p>\n<\/div><\/div><\/article><\/div><div class=\"column half\"><article class=\"post-11582 post type-post status-publish format-standard has-post-thumbnail category-alt-kurullar category-fotograflar category-haberler \" itemscope itemtype=\"http:\/\/schema.org\/Article\" ><div class=\"thumbs\"><span class=\"cat-title cat-44\"><a href=\"https:\/\/www.btaytd.org\/web\/tr\/category\/alt-kurullar\/\">Alt Kurullar<\/a><\/span><span class=\"fa fa-circle-o-notch fa-spin loader-img\"><\/span><a href=\"https:\/\/www.btaytd.org\/web\/tr\/btaytd-mucize-tiyatrosu-ve-gat-iftarda-bulustu\/\" itemprop=\"url\"><img loading=\"lazy\" decoding=\"async\" width=\"702\" height=\"336\" src=\"https:\/\/www.btaytd.org\/web\/wp-content\/uploads\/2026\/03\/1-1-702x336.jpeg\" class=\"attachment-flipmag-main-slider size-flipmag-main-slider wp-post-image\" alt=\"\" title=\"BTAYTD, Mucize Tiyatrosu ve GAT \u0130ftarda Bulu\u015ftu\" itemprop=\"image\" srcset=\"https:\/\/www.btaytd.org\/web\/wp-content\/uploads\/2026\/03\/1-1-702x336.jpeg 702w, https:\/\/www.btaytd.org\/web\/wp-content\/uploads\/2026\/03\/1-1-1078x516.jpeg 1078w\" sizes=\"(max-width: 702px) 100vw, 702px\" \/><\/a><\/div><div class=\"content\"><a href=\"https:\/\/www.btaytd.org\/web\/tr\/btaytd-mucize-tiyatrosu-ve-gat-iftarda-bulustu\/\" title=\"BTAYTD, Mucize Tiyatrosu ve GAT \u0130ftarda Bulu\u015ftu\" itemprop=\"name url\"><h3>BTAYTD, Mucize Tiyatrosu ve GAT \u0130ftarda Bulu\u015ftu<\/h3><\/a><div class=\"block-meta\"><span class=\"posted-by\">By <span class=\"author\" itemprop=\"author\"><a href=\"https:\/\/www.btaytd.org\/web\/author\/btaytd\/\">BTAYTD BTAYTD<\/a><\/span><\/span><time datetime=\"2026-03-18T08:32:01+00:00\" itemprop=\"datePublished\"><a href=\"https:\/\/www.btaytd.org\/web\/2026\/03\/18\/\">Mart 18, 2026<\/a><\/time><span class=\"comments\"><a href=\"https:\/\/www.btaytd.org\/web\/tr\/btaytd-mucize-tiyatrosu-ve-gat-iftarda-bulustu\/#respond\"><i class=\"fa fa-comments-o\"><\/i> 0<\/a><\/span><\/div><div class=\"excerpt\"><p>17 Mart Sal\u0131 ak\u015fam\u0131 \u0130ske\u00e7e K\u00fclt\u00fcr Merkezi\u2019nde, Bat\u0131 Trakya Az\u0131nl\u0131\u011f\u0131 Y\u00fcksek Tahsilliler Derne\u011fi ev sahipli\u011finde, Mucize Tiyatrosu ve GAT taraf\u0131ndan&hellip;<\/p>\n<\/div><\/div><\/article><\/div><div class=\"column half\"><article class=\"post-11574 post type-post status-publish format-standard has-post-thumbnail category-alt-kurullar category-fotograflar category-haberler \" itemscope itemtype=\"http:\/\/schema.org\/Article\" ><div class=\"thumbs\"><span class=\"cat-title cat-44\"><a href=\"https:\/\/www.btaytd.org\/web\/tr\/category\/alt-kurullar\/\">Alt Kurullar<\/a><\/span><span class=\"fa fa-circle-o-notch fa-spin loader-img\"><\/span><a href=\"https:\/\/www.btaytd.org\/web\/tr\/pusula-dergisi-subat-2026-sayisi-ozgun-bolum\/\" itemprop=\"url\"><img loading=\"lazy\" decoding=\"async\" width=\"702\" height=\"336\" src=\"https:\/\/www.btaytd.org\/web\/wp-content\/uploads\/2026\/03\/OZGUN-BOLUM-AFIS-702x336.jpg\" class=\"attachment-flipmag-main-slider size-flipmag-main-slider wp-post-image\" alt=\"\" title=\"PUSULA DERG\u0130S\u0130 \u015eUBAT 2026 SAYISI- \u00d6ZG\u00dcN B\u00d6L\u00dcM\" itemprop=\"image\" srcset=\"https:\/\/www.btaytd.org\/web\/wp-content\/uploads\/2026\/03\/OZGUN-BOLUM-AFIS-702x336.jpg 702w, https:\/\/www.btaytd.org\/web\/wp-content\/uploads\/2026\/03\/OZGUN-BOLUM-AFIS-1078x516.jpg 1078w\" sizes=\"(max-width: 702px) 100vw, 702px\" \/><\/a><\/div><div class=\"content\"><a href=\"https:\/\/www.btaytd.org\/web\/tr\/pusula-dergisi-subat-2026-sayisi-ozgun-bolum\/\" title=\"PUSULA DERG\u0130S\u0130 \u015eUBAT 2026 SAYISI- \u00d6ZG\u00dcN B\u00d6L\u00dcM\" itemprop=\"name url\"><h3>PUSULA DERG\u0130S\u0130 \u015eUBAT 2026 SAYISI- \u00d6ZG\u00dcN B\u00d6L\u00dcM<\/h3><\/a><div class=\"block-meta\"><span class=\"posted-by\">By <span class=\"author\" itemprop=\"author\"><a href=\"https:\/\/www.btaytd.org\/web\/author\/btaytd\/\">BTAYTD BTAYTD<\/a><\/span><\/span><time datetime=\"2026-03-16T11:31:34+00:00\" itemprop=\"datePublished\"><a href=\"https:\/\/www.btaytd.org\/web\/2026\/03\/16\/\">Mart 16, 2026<\/a><\/time><span class=\"comments\"><a href=\"https:\/\/www.btaytd.org\/web\/tr\/pusula-dergisi-subat-2026-sayisi-ozgun-bolum\/#respond\"><i class=\"fa fa-comments-o\"><\/i> 0<\/a><\/span><\/div><div class=\"excerpt\"><p>PARMAK \u0130Z\u0130: B\u0130Z\u0130 B\u0130Z YAPAN DETAY Parmak izi, parmak u\u00e7lar\u0131ndaki deri k\u0131vr\u0131mlar\u0131n\u0131n (papil) olu\u015fturdu\u011fu, her insanda e\u015fsiz, \u00f6m\u00fcr boyu de\u011fi\u015fmeyen ve&hellip;<\/p>\n<\/div><\/div><\/article><\/div><div class=\"column half\"><article class=\"post-11566 post type-post status-publish format-standard has-post-thumbnail category-alt-kurullar category-fotograflar category-haberler category-kadinlar-kolu \" itemscope itemtype=\"http:\/\/schema.org\/Article\" ><div class=\"thumbs\"><span class=\"cat-title cat-44\"><a href=\"https:\/\/www.btaytd.org\/web\/tr\/category\/alt-kurullar\/\">Alt Kurullar<\/a><\/span><span class=\"fa fa-circle-o-notch fa-spin loader-img\"><\/span><a href=\"https:\/\/www.btaytd.org\/web\/tr\/btaytd-kadinlar-kolunun-kucuk-bir-oyuncak-buyuk-bir-mutluluk-projesi-basari-ile-tamamlandi\/\" itemprop=\"url\"><img loading=\"lazy\" decoding=\"async\" width=\"702\" height=\"336\" src=\"https:\/\/www.btaytd.org\/web\/wp-content\/uploads\/2026\/03\/1-702x336.jpeg\" class=\"attachment-flipmag-main-slider size-flipmag-main-slider wp-post-image\" alt=\"\" title=\"BTAYTD Kad\u0131nlar Kolu&#8217;nun \u201cK\u00fc\u00e7\u00fck Bir Oyuncak, B\u00fcy\u00fck Bir Mutluluk\u201d Projesi Ba\u015far\u0131 ile Tamamland\u0131\" itemprop=\"image\" srcset=\"https:\/\/www.btaytd.org\/web\/wp-content\/uploads\/2026\/03\/1-702x336.jpeg 702w, https:\/\/www.btaytd.org\/web\/wp-content\/uploads\/2026\/03\/1-1078x516.jpeg 1078w\" sizes=\"(max-width: 702px) 100vw, 702px\" \/><\/a><\/div><div class=\"content\"><a href=\"https:\/\/www.btaytd.org\/web\/tr\/btaytd-kadinlar-kolunun-kucuk-bir-oyuncak-buyuk-bir-mutluluk-projesi-basari-ile-tamamlandi\/\" title=\"BTAYTD Kad\u0131nlar Kolu&#8217;nun \u201cK\u00fc\u00e7\u00fck Bir Oyuncak, B\u00fcy\u00fck Bir Mutluluk\u201d Projesi Ba\u015far\u0131 ile Tamamland\u0131\" itemprop=\"name url\"><h3>BTAYTD Kad\u0131nlar Kolu&#8217;nun \u201cK\u00fc\u00e7\u00fck Bir Oyuncak, B\u00fcy\u00fck Bir Mutluluk\u201d Projesi Ba\u015far\u0131 ile Tamamland\u0131<\/h3><\/a><div class=\"block-meta\"><span class=\"posted-by\">By <span class=\"author\" itemprop=\"author\"><a href=\"https:\/\/www.btaytd.org\/web\/author\/btaytd\/\">BTAYTD BTAYTD<\/a><\/span><\/span><time datetime=\"2026-03-16T08:31:37+00:00\" itemprop=\"datePublished\"><a href=\"https:\/\/www.btaytd.org\/web\/2026\/03\/16\/\">Mart 16, 2026<\/a><\/time><span class=\"comments\"><a href=\"https:\/\/www.btaytd.org\/web\/tr\/btaytd-kadinlar-kolunun-kucuk-bir-oyuncak-buyuk-bir-mutluluk-projesi-basari-ile-tamamlandi\/#respond\"><i class=\"fa fa-comments-o\"><\/i> 0<\/a><\/span><\/div><div class=\"excerpt\"><p>Bat\u0131 Trakya Az\u0131nl\u0131\u011f\u0131 Y\u00fcksek Tahsilliler Derne\u011fi Y\u00f6netimi ve Kad\u0131nlar Kolu olarak, Kad\u0131nlar Kolu\u2019nun y\u00fcr\u00fctt\u00fc\u011f\u00fc \u201cK\u00fc\u00e7\u00fck Bir Oyuncak, B\u00fcy\u00fck Bir Mutluluk\u201d&hellip;<\/p>\n<\/div><\/div><\/article><\/div><div class=\"column half\"><article class=\"post-11557 post type-post status-publish format-standard has-post-thumbnail category-alt-kurullar category-fotograflar category-haberler category-mesleki-rehberlik \" itemscope itemtype=\"http:\/\/schema.org\/Article\" ><div class=\"thumbs\"><span class=\"cat-title cat-44\"><a href=\"https:\/\/www.btaytd.org\/web\/tr\/category\/alt-kurullar\/\">Alt Kurullar<\/a><\/span><span class=\"fa fa-circle-o-notch fa-spin loader-img\"><\/span><a href=\"https:\/\/www.btaytd.org\/web\/tr\/lise-ogrencilerine-yonelik-degerlendirme-yolunda-gelecege-atilan-adim-baslikli-sunumun-ilk-oturumu-gerceklestirildi\/\" itemprop=\"url\"><img loading=\"lazy\" decoding=\"async\" width=\"702\" height=\"336\" src=\"https:\/\/www.btaytd.org\/web\/wp-content\/uploads\/2026\/03\/WhatsApp-Image-2026-03-13-at-3.07.40-PM-702x336.jpeg\" class=\"attachment-flipmag-main-slider size-flipmag-main-slider wp-post-image\" alt=\"\" title=\"Lise \u00a0\u00d6\u011frencilerine Y\u00f6nelik \u201cDe\u011ferlendirme Yolunda Gelece\u011fe At\u0131lan Ad\u0131m\u201d Ba\u015fl\u0131kl\u0131 Sunumun \u0130lk Oturumu Ger\u00e7ekle\u015ftirildi\" itemprop=\"image\" \/><\/a><\/div><div class=\"content\"><a href=\"https:\/\/www.btaytd.org\/web\/tr\/lise-ogrencilerine-yonelik-degerlendirme-yolunda-gelecege-atilan-adim-baslikli-sunumun-ilk-oturumu-gerceklestirildi\/\" title=\"Lise \u00a0\u00d6\u011frencilerine Y\u00f6nelik \u201cDe\u011ferlendirme Yolunda Gelece\u011fe At\u0131lan Ad\u0131m\u201d Ba\u015fl\u0131kl\u0131 Sunumun \u0130lk Oturumu Ger\u00e7ekle\u015ftirildi\" itemprop=\"name url\"><h3>Lise \u00a0\u00d6\u011frencilerine Y\u00f6nelik \u201cDe\u011ferlendirme Yolunda Gelece\u011fe At\u0131lan Ad\u0131m\u201d Ba\u015fl\u0131kl\u0131 Sunumun \u0130lk Oturumu Ger\u00e7ekle\u015ftirildi<\/h3><\/a><div class=\"block-meta\"><span class=\"posted-by\">By <span class=\"author\" itemprop=\"author\"><a href=\"https:\/\/www.btaytd.org\/web\/author\/btaytd\/\">BTAYTD BTAYTD<\/a><\/span><\/span><time datetime=\"2026-03-13T14:18:26+00:00\" itemprop=\"datePublished\"><a href=\"https:\/\/www.btaytd.org\/web\/2026\/03\/13\/\">Mart 13, 2026<\/a><\/time><span class=\"comments\"><a href=\"https:\/\/www.btaytd.org\/web\/tr\/lise-ogrencilerine-yonelik-degerlendirme-yolunda-gelecege-atilan-adim-baslikli-sunumun-ilk-oturumu-gerceklestirildi\/#respond\"><i class=\"fa fa-comments-o\"><\/i> 0<\/a><\/span><\/div><div class=\"excerpt\"><p>Bat\u0131 Trakya Az\u0131nl\u0131\u011f\u0131 Y\u00fcksek Tahsilliler Derne\u011fi b\u00fcnyesinde faaliyet g\u00f6steren Mesleki Tan\u0131t\u0131m ve Rehberlik Kolu taraf\u0131ndan, 13 Mart Cuma g\u00fcn\u00fc saat&hellip;<\/p>\n<\/div><\/div><\/article><\/div><\/div><\/div><\/div><\/div><\/div><\/div><\/div>","protected":false},"excerpt":{"rendered":"","protected":false},"author":2,"featured_media":0,"parent":0,"menu_order":0,"comment_status":"closed","ping_status":"closed","template":"","meta":{"footnotes":""},"class_list":["post-47","page","type-page","status-publish"],"_links":{"self":[{"href":"https:\/\/www.btaytd.org\/web\/wp-json\/wp\/v2\/pages\/47"}],"collection":[{"href":"https:\/\/www.btaytd.org\/web\/wp-json\/wp\/v2\/pages"}],"about":[{"href":"https:\/\/www.btaytd.org\/web\/wp-json\/wp\/v2\/types\/page"}],"author":[{"embeddable":true,"href":"https:\/\/www.btaytd.org\/web\/wp-json\/wp\/v2\/users\/2"}],"replies":[{"embeddable":true,"href":"https:\/\/www.btaytd.org\/web\/wp-json\/wp\/v2\/comments?post=47"}],"version-history":[{"count":9,"href":"https:\/\/www.btaytd.org\/web\/wp-json\/wp\/v2\/pages\/47\/revisions"}],"predecessor-version":[{"id":2442,"href":"https:\/\/www.btaytd.org\/web\/wp-json\/wp\/v2\/pages\/47\/revisions\/2442"}],"wp:attachment":[{"href":"https:\/\/www.btaytd.org\/web\/wp-json\/wp\/v2\/media?parent=47"}],"curies":[{"name":"wp","href":"https:\/\/api.w.org\/{rel}","templated":true}]}}