{"id":506,"date":"2019-09-10T09:56:47","date_gmt":"2019-09-10T09:56:47","guid":{"rendered":"https:\/\/www.btaytd.org\/web\/?page_id=506"},"modified":"2019-09-11T20:00:14","modified_gmt":"2019-09-11T20:00:14","slug":"dernek-genel-anketi","status":"publish","type":"page","link":"https:\/\/www.btaytd.org\/web\/tr\/anket\/dernek-genel-anketi\/","title":{"rendered":"Dernek Genel Anketi"},"content":{"rendered":"<div class=\"wpforms-container wpforms-container-full\" id=\"wpforms-525\"><form id=\"wpforms-form-525\" class=\"wpforms-validate wpforms-form\" data-formid=\"525\" method=\"post\" enctype=\"multipart\/form-data\" action=\"\/web\/wp-json\/wp\/v2\/pages\/506\" data-token=\"7859aa0d9ebea485f41279e8ee82dffb\" data-token-time=\"1775399880\"><noscript class=\"wpforms-error-noscript\">Bu formu bitirebilmek i\u00e7in taray\u0131c\u0131n\u0131zda JavaScript&#039;i etkinle\u015ftirin.<\/noscript><div class=\"wpforms-field-container\"><div id=\"wpforms-525-field_1-container\" class=\"wpforms-field wpforms-field-text\" data-field-id=\"1\"><label class=\"wpforms-field-label\" for=\"wpforms-525-field_1\">\u0130sim <span class=\"wpforms-required-label\">*<\/span><\/label><input type=\"text\" id=\"wpforms-525-field_1\" class=\"wpforms-field-medium wpforms-field-required\" name=\"wpforms[fields][1]\" required><\/div><div id=\"wpforms-525-field_2-container\" class=\"wpforms-field wpforms-field-text\" data-field-id=\"2\"><label class=\"wpforms-field-label\" for=\"wpforms-525-field_2\">E-mail  <span class=\"wpforms-required-label\">*<\/span><\/label><input type=\"text\" id=\"wpforms-525-field_2\" class=\"wpforms-field-medium wpforms-field-required\" name=\"wpforms[fields][2]\" required><\/div><div id=\"wpforms-525-field_4-container\" class=\"wpforms-field wpforms-field-radio\" data-field-id=\"4\"><label class=\"wpforms-field-label\" for=\"wpforms-525-field_4\">1. Derne\u011fin i\u00e7 yap\u0131s\u0131 &amp; i\u015fleyi\u015fini ne derecede yeterli buluyorsunuz? <span class=\"wpforms-required-label\">*<\/span><\/label><ul id=\"wpforms-525-field_4\" class=\"wpforms-field-required\"><li class=\"choice-1 depth-1\"><input type=\"radio\" id=\"wpforms-525-field_4_1\" name=\"wpforms[fields][4]\" value=\"Hi\u00e7 \" required ><label class=\"wpforms-field-label-inline\" for=\"wpforms-525-field_4_1\">Hi\u00e7<\/label><\/li><li class=\"choice-2 depth-1\"><input type=\"radio\" id=\"wpforms-525-field_4_2\" name=\"wpforms[fields][4]\" value=\"\u00c7ok Az\" required ><label class=\"wpforms-field-label-inline\" for=\"wpforms-525-field_4_2\">\u00c7ok Az<\/label><\/li><li class=\"choice-3 depth-1\"><input type=\"radio\" id=\"wpforms-525-field_4_3\" name=\"wpforms[fields][4]\" value=\"Biraz\" required ><label class=\"wpforms-field-label-inline\" for=\"wpforms-525-field_4_3\">Biraz<\/label><\/li><li class=\"choice-6 depth-1\"><input type=\"radio\" id=\"wpforms-525-field_4_6\" name=\"wpforms[fields][4]\" value=\"\u0130yi \" required ><label class=\"wpforms-field-label-inline\" for=\"wpforms-525-field_4_6\">\u0130yi<\/label><\/li><li class=\"choice-5 depth-1\"><input type=\"radio\" id=\"wpforms-525-field_4_5\" name=\"wpforms[fields][4]\" value=\"\u00c7ok \u0130yi\" required ><label class=\"wpforms-field-label-inline\" for=\"wpforms-525-field_4_5\">\u00c7ok \u0130yi<\/label><\/li><\/ul><\/div><div id=\"wpforms-525-field_5-container\" class=\"wpforms-field wpforms-field-radio\" data-field-id=\"5\"><label class=\"wpforms-field-label\" for=\"wpforms-525-field_5\"> 2. Derne\u011fin kendi \u00fcyelerine y\u00f6nelik katk\u0131s\u0131n\u0131 &amp; etkinliklerini ne derecede yeterli buluyorsunuz? <span class=\"wpforms-required-label\">*<\/span><\/label><ul id=\"wpforms-525-field_5\" class=\"wpforms-field-required\"><li class=\"choice-1 depth-1\"><input type=\"radio\" id=\"wpforms-525-field_5_1\" name=\"wpforms[fields][5]\" value=\"Hi\u00e7 \" required ><label class=\"wpforms-field-label-inline\" for=\"wpforms-525-field_5_1\">Hi\u00e7<\/label><\/li><li class=\"choice-2 depth-1\"><input type=\"radio\" id=\"wpforms-525-field_5_2\" name=\"wpforms[fields][5]\" value=\"\u00c7ok Az\" required ><label class=\"wpforms-field-label-inline\" for=\"wpforms-525-field_5_2\">\u00c7ok Az<\/label><\/li><li class=\"choice-3 depth-1\"><input type=\"radio\" id=\"wpforms-525-field_5_3\" name=\"wpforms[fields][5]\" value=\"Biraz\" required ><label class=\"wpforms-field-label-inline\" for=\"wpforms-525-field_5_3\">Biraz<\/label><\/li><li class=\"choice-6 depth-1\"><input type=\"radio\" id=\"wpforms-525-field_5_6\" name=\"wpforms[fields][5]\" value=\"\u0130yi \" required ><label class=\"wpforms-field-label-inline\" for=\"wpforms-525-field_5_6\">\u0130yi<\/label><\/li><li class=\"choice-5 depth-1\"><input type=\"radio\" id=\"wpforms-525-field_5_5\" name=\"wpforms[fields][5]\" value=\"\u00c7ok \u0130yi\" required ><label class=\"wpforms-field-label-inline\" for=\"wpforms-525-field_5_5\">\u00c7ok \u0130yi<\/label><\/li><\/ul><\/div><div id=\"wpforms-525-field_6-container\" class=\"wpforms-field wpforms-field-radio\" data-field-id=\"6\"><label class=\"wpforms-field-label\" for=\"wpforms-525-field_6\">3. Derne\u011fin Az\u0131nl\u0131\u011fa y\u00f6nelik katk\u0131s\u0131n\u0131 &amp; etkinliklerini ne derecede yeterli buluyorsunuz? <span class=\"wpforms-required-label\">*<\/span><\/label><ul id=\"wpforms-525-field_6\" class=\"wpforms-field-required\"><li class=\"choice-1 depth-1\"><input type=\"radio\" id=\"wpforms-525-field_6_1\" name=\"wpforms[fields][6]\" value=\"Hi\u00e7 \" required ><label class=\"wpforms-field-label-inline\" for=\"wpforms-525-field_6_1\">Hi\u00e7<\/label><\/li><li class=\"choice-2 depth-1\"><input type=\"radio\" id=\"wpforms-525-field_6_2\" name=\"wpforms[fields][6]\" value=\"\u00c7ok Az\" required ><label class=\"wpforms-field-label-inline\" for=\"wpforms-525-field_6_2\">\u00c7ok Az<\/label><\/li><li class=\"choice-3 depth-1\"><input type=\"radio\" id=\"wpforms-525-field_6_3\" name=\"wpforms[fields][6]\" value=\"Biraz\" required ><label class=\"wpforms-field-label-inline\" for=\"wpforms-525-field_6_3\">Biraz<\/label><\/li><li class=\"choice-6 depth-1\"><input type=\"radio\" id=\"wpforms-525-field_6_6\" name=\"wpforms[fields][6]\" value=\"\u0130yi \" required ><label class=\"wpforms-field-label-inline\" for=\"wpforms-525-field_6_6\">\u0130yi<\/label><\/li><li class=\"choice-5 depth-1\"><input type=\"radio\" id=\"wpforms-525-field_6_5\" name=\"wpforms[fields][6]\" value=\"\u00c7ok \u0130yi\" required ><label class=\"wpforms-field-label-inline\" for=\"wpforms-525-field_6_5\">\u00c7ok \u0130yi<\/label><\/li><\/ul><\/div><\/div><!-- .wpforms-field-container --><div class=\"wpforms-field wpforms-field-hp\"><label for=\"wpforms-525-field-hp\" class=\"wpforms-field-label\">Phone<\/label><input type=\"text\" name=\"wpforms[hp]\" id=\"wpforms-525-field-hp\" class=\"wpforms-field-medium\"><\/div><div class=\"wpforms-submit-container\" ><input type=\"hidden\" name=\"wpforms[id]\" value=\"525\"><input type=\"hidden\" name=\"page_title\" value=\"\"><input type=\"hidden\" name=\"page_url\" value=\"https:\/\/www.btaytd.org\/web\/wp-json\/wp\/v2\/pages\/506\"><button type=\"submit\" name=\"wpforms[submit]\" id=\"wpforms-submit-525\" class=\"wpforms-submit\" data-alt-text=\"G\u00f6nderiliyor...\" data-submit-text=\"G\u00f6nder\" aria-live=\"assertive\" value=\"wpforms-submit\">G\u00f6nder<\/button><\/div><\/form><\/div>  <!-- .wpforms-container -->","protected":false},"excerpt":{"rendered":"","protected":false},"author":4,"featured_media":0,"parent":428,"menu_order":0,"comment_status":"closed","ping_status":"closed","template":"","meta":{"footnotes":""},"class_list":["post-506","page","type-page","status-publish"],"_links":{"self":[{"href":"https:\/\/www.btaytd.org\/web\/wp-json\/wp\/v2\/pages\/506"}],"collection":[{"href":"https:\/\/www.btaytd.org\/web\/wp-json\/wp\/v2\/pages"}],"about":[{"href":"https:\/\/www.btaytd.org\/web\/wp-json\/wp\/v2\/types\/page"}],"author":[{"embeddable":true,"href":"https:\/\/www.btaytd.org\/web\/wp-json\/wp\/v2\/users\/4"}],"replies":[{"embeddable":true,"href":"https:\/\/www.btaytd.org\/web\/wp-json\/wp\/v2\/comments?post=506"}],"version-history":[{"count":6,"href":"https:\/\/www.btaytd.org\/web\/wp-json\/wp\/v2\/pages\/506\/revisions"}],"predecessor-version":[{"id":530,"href":"https:\/\/www.btaytd.org\/web\/wp-json\/wp\/v2\/pages\/506\/revisions\/530"}],"up":[{"embeddable":true,"href":"https:\/\/www.btaytd.org\/web\/wp-json\/wp\/v2\/pages\/428"}],"wp:attachment":[{"href":"https:\/\/www.btaytd.org\/web\/wp-json\/wp\/v2\/media?parent=506"}],"curies":[{"name":"wp","href":"https:\/\/api.w.org\/{rel}","templated":true}]}}