{"id":83,"date":"2019-08-29T21:00:11","date_gmt":"2019-08-29T21:00:11","guid":{"rendered":"https:\/\/www.btaytd.org\/web\/?page_id=83"},"modified":"2019-09-12T22:11:13","modified_gmt":"2019-09-12T22:11:13","slug":"bize-ulasin","status":"publish","type":"page","link":"https:\/\/www.btaytd.org\/web\/tr\/bize-ulasin\/","title":{"rendered":"Bize Ula\u015f\u0131n"},"content":{"rendered":"<div\n\t\t\t\n\t\t\tclass=\"so-widget-sow-contact-form so-widget-sow-contact-form-default-1ee799c119f7\"\n\t\t\t\n\t\t><h3 class=\"widget-title\">\u0130leti\u015fim Formu<\/h3>\t<form\n\t\taction=\"\/web\/wp-json\/wp\/v2\/pages\/83\"\n\t\tmethod=\"POST\"\n\t\tclass=\"sow-contact-form\"\n\t\tid=\"contact-form-c5bd\"\n\t>\n\n\t\t\n\t\t            <p><em>Doldurulmas\u0131 zorunlu b\u00f6lgeler * ile i\u015faretlenmi\u015ftir.<\/em><\/p>\n\t\t\t\t\t\t<div class=\"sow-form-field sow-form-field-name\">\n\t\t\t\t<label class=\"sow-form-field-label-above\" for=\"sow-contact-form-field-ad-soyad-12287106215d769a698b298169232685\">\n\t\t\t\t<strong>\n\t\t\t\t\tAd-Soyad\t\t\t\t\t\t\t\t\t\t\t<span class=\"sow-form-field-required\">*<\/span>\n\t\t\t\t\t\t\t\t\t<\/strong>\n\t\t\t<\/label>\n\t\t\t\t\t\t\t<span class=\"sow-field-container\">\n\t\t\t\t\t\t\t<input\n\t\t\ttype=\"text\"\n\t\t\tname=\"ad-soyad-12287106215d769a698b298169232685\"\n\t\t\tid=\"sow-contact-form-field-ad-soyad-12287106215d769a698b298169232685\"\n\t\t\tvalue=\"\"\n\t\t\tclass=\"sow-text-field\"\n\t\t\t\t\t\/>\n\t\t\t\t\t\t<\/span>\n\t\t\t\t\t\t\t<\/div>\n\t\t\t\t\t\t<div class=\"sow-form-field sow-form-field-email\">\n\t\t\t\t<label class=\"sow-form-field-label-above\" for=\"sow-contact-form-field-e-posta-adresiniz-12287106215d769a698b298169232685\">\n\t\t\t\t<strong>\n\t\t\t\t\tE-Posta Adresiniz\t\t\t\t\t\t\t\t\t\t\t<span class=\"sow-form-field-required\">*<\/span>\n\t\t\t\t\t\t\t\t\t<\/strong>\n\t\t\t<\/label>\n\t\t\t\t\t\t\t<span class=\"sow-field-container\">\n\t\t\t\t\t\t\t<input\n\t\t\ttype=\"email\"\n\t\t\tname=\"e-posta-adresiniz-12287106215d769a698b298169232685\"\n\t\t\tid=\"sow-contact-form-field-e-posta-adresiniz-12287106215d769a698b298169232685\"\n\t\t\tvalue=\"\"\n\t\t\tclass=\"sow-text-field\"\t\t\t\t\t\t\t\t\/>\n\t\t\t\t\t\t<\/span>\n\t\t\t\t\t\t\t<\/div>\n\t\t\t\t\t\t<div class=\"sow-form-field sow-form-field-subject\">\n\t\t\t\t<label class=\"sow-form-field-label-above\" for=\"sow-contact-form-field-konu-12287106215d769a698b298169232685\">\n\t\t\t\t<strong>\n\t\t\t\t\tKonu\t\t\t\t\t\t\t\t\t<\/strong>\n\t\t\t<\/label>\n\t\t\t\t\t\t\t<span class=\"sow-field-container\">\n\t\t\t\t\t\t\t<input\n\t\t\ttype=\"text\"\n\t\t\tname=\"konu-12287106215d769a698b298169232685\"\n\t\t\tid=\"sow-contact-form-field-konu-12287106215d769a698b298169232685\"\n\t\t\tvalue=\"\"\n\t\t\tclass=\"sow-text-field\"\n\t\t\t\t\t\t\t\t\/>\n\t\t\t\t\t\t<\/span>\n\t\t\t\t\t\t\t<\/div>\n\t\t\t\t\t\t<div class=\"sow-form-field sow-form-field-textarea\">\n\t\t\t\t<label class=\"sow-form-field-label-above\" for=\"sow-contact-form-field-iletiniz-12287106215d769a698b298169232685\">\n\t\t\t\t<strong>\n\t\t\t\t\t\u0130letiniz\t\t\t\t\t\t\t\t\t\t\t<span class=\"sow-form-field-required\">*<\/span>\n\t\t\t\t\t\t\t\t\t<\/strong>\n\t\t\t<\/label>\n\t\t\t\t\t\t\t<span class=\"sow-field-container\">\n\t\t\t\t\t\t\t<textarea\n\t\t\tname=\"iletiniz-12287106215d769a698b298169232685\"\n\t\t\tid=\"sow-contact-form-field-iletiniz-12287106215d769a698b298169232685\"\n\t\t\trows=\"10\"\n\t\t\t\t\t\t\t\t><\/textarea>\n\t\t\t\t\t\t<\/span>\n\t\t\t\t\t\t\t<\/div>\n\t\t\t\n\t\t\n\t\t<div class=\"sow-submit-wrapper sow-submit-styled\">\n\n\t\t\t<button\n\t\t\t\ttype=\"submit\"\n\t\t\t\tclass=\"sow-submit\"\n\t\t\t\t\t\t\t>\n\t\t\t\tMesaj\u0131 G\u00f6nder\t\t\t<\/button>\n\t\t<\/div>\n\t\t\t\t<input type=\"hidden\" name=\"instance_hash\" value=\"c5bd3fcd59a93d88a9d872e194eb8cf9\" \/>\n\t\t<input type=\"hidden\" id=\"_wpnonce\" name=\"_wpnonce\" value=\"36cddd37df\" \/><input type=\"hidden\" name=\"_wp_http_referer\" value=\"\/web\/wp-json\/wp\/v2\/pages\/83\" \/>\t<\/form>\n\t<\/div>\n\n\n<div class=\"wp-block-columns has-2-columns is-layout-flex wp-container-core-columns-is-layout-3 wp-block-columns-is-layout-flex\">\n<div class=\"wp-block-column is-layout-flow wp-block-column-is-layout-flow\">\n<div class=\"wp-block-columns has-2-columns is-layout-flex wp-container-core-columns-is-layout-1 wp-block-columns-is-layout-flex\">\n<div class=\"wp-block-column is-layout-flow wp-block-column-is-layout-flow\">\n<div class=\"wp-block-image\"><figure class=\"aligncenter\"><img loading=\"lazy\" decoding=\"async\" width=\"39\" height=\"39\" src=\"https:\/\/www.btaytd.org\/web\/wp-content\/uploads\/2019\/09\/ADRES.png\" alt=\"\" class=\"wp-image-1190\"\/><\/figure><\/div>\n\n\n\n<p style=\"text-align:center\"><strong>ADRES<\/strong><\/p>\n\n\n\n<p style=\"text-align:center\">Egnatias 75, 69100 G\u00fcm\u00fclcine, YUNAN\u0130STAN <\/p>\n<\/div>\n\n\n\n<div class=\"wp-block-column is-layout-flow wp-block-column-is-layout-flow\">\n<div class=\"wp-block-image\"><figure class=\"aligncenter is-resized\"><img loading=\"lazy\" decoding=\"async\" src=\"https:\/\/www.btaytd.org\/web\/wp-content\/uploads\/2019\/09\/reddd-1.png\" alt=\"\" class=\"wp-image-1187\" width=\"39\" height=\"40\"\/><\/figure><\/div>\n\n\n\n<p style=\"text-align:center\"><strong>TELEFON<\/strong><\/p>\n\n\n\n<p style=\"text-align:center\">+30 25310 29705<\/p>\n<\/div>\n<\/div>\n<\/div>\n\n\n\n<div class=\"wp-block-column is-layout-flow wp-block-column-is-layout-flow\">\n<div class=\"wp-block-columns has-2-columns is-layout-flex wp-container-core-columns-is-layout-2 wp-block-columns-is-layout-flex\">\n<div class=\"wp-block-column is-layout-flow wp-block-column-is-layout-flow\">\n<div class=\"wp-block-image\"><figure class=\"aligncenter is-resized\"><img loading=\"lazy\" decoding=\"async\" src=\"https:\/\/www.btaytd.org\/web\/wp-content\/uploads\/2019\/09\/E-POSTA.png\" alt=\"\" class=\"wp-image-1201\" width=\"43\" height=\"42\"\/><\/figure><\/div>\n\n\n\n<p style=\"text-align:center\"><strong>E-POSTA<\/strong><\/p>\n\n\n\n<p style=\"text-align:center\">info@btaytd.com<\/p>\n<\/div>\n\n\n\n<div class=\"wp-block-column is-layout-flow wp-block-column-is-layout-flow\">\n<div class=\"wp-block-image\"><figure class=\"aligncenter is-resized\"><img loading=\"lazy\" decoding=\"async\" src=\"https:\/\/www.btaytd.org\/web\/wp-content\/uploads\/2019\/09\/person.png\" alt=\"\" class=\"wp-image-1204\" width=\"41\" height=\"41\"\/><\/figure><\/div>\n\n\n\n<p style=\"text-align:center\"><strong>SOSYAL MEDYA<\/strong><\/p>\n\n\n\n<p style=\"text-align:center\"><a href=\"https:\/\/www.facebook.com\/btaytd.wtmuga\">https:\/\/www.facebook.com\/btaytd.wtmuga<\/a> <a href=\"https:\/\/twitter.com\/BTAYTD\">https:\/\/twitter.com\/BTAYTD<\/a><\/p>\n<\/div>\n<\/div>\n<\/div>\n<\/div>\n\n\n<div id=\"pl-gb83-69cec4af244f2\"  class=\"panel-layout\" ><div id=\"pg-gb83-69cec4af244f2-0\"  class=\"panel-grid panel-no-style\" ><div id=\"pgc-gb83-69cec4af244f2-0-0\"  class=\"panel-grid-cell\"  data-weight=\"1\" ><div id=\"panel-gb83-69cec4af244f2-0-0-0\" class=\"so-panel widget widget_sow-google-map panel-first-child panel-last-child\" data-index=\"0\" data-style=\"{&quot;background_image_attachment&quot;:false,&quot;background_display&quot;:&quot;tile&quot;}\" ><div\n\t\t\t\n\t\t\tclass=\"so-widget-sow-google-map so-widget-sow-google-map-default-6b23895f316e-83\"\n\t\t\t\n\t\t>\n<div class=\"sow-google-map-canvas\"\n\tstyle=\"\"\n\tid=\"map-canvas-30a8dda3eddd077fbb016491f774daff\"\n\tdata-options=\"{&quot;address&quot;:&quot;&quot;,&quot;zoom&quot;:12,&quot;mobileZoom&quot;:12,&quot;gestureHandling&quot;:&quot;greedy&quot;,&quot;disableUi&quot;:false,&quot;markerIcon&quot;:&quot;&quot;,&quot;markersDraggable&quot;:false,&quot;markerAtCenter&quot;:true,&quot;markerInfoDisplay&quot;:&quot;click&quot;,&quot;markerInfoMultiple&quot;:true,&quot;markerPositions&quot;:&quot;&quot;,&quot;mapName&quot;:&quot;&quot;,&quot;mapStyles&quot;:&quot;&quot;,&quot;directions&quot;:&quot;&quot;,&quot;apiKey&quot;:&quot;AIzaSyB7zRNjwj6GH_tomJZlXt7P1PnVJabS9lo&quot;,&quot;breakpoint&quot;:780}\"\n\tdata-fallback-image=\"{&quot;img&quot;:&quot;&quot;}\"><\/div>\n<\/div><\/div><\/div><\/div><\/div>","protected":false},"excerpt":{"rendered":"<p>ADRES Egnatias 75, 69100 G\u00fcm\u00fclcine, YUNAN\u0130STAN TELEFON +30 25310 29705 E-POSTA info@btaytd.com SOSYAL MEDYA https:\/\/www.facebook.com\/btaytd.wtmuga https:\/\/twitter.com\/BTAYTD<\/p>\n","protected":false},"author":2,"featured_media":0,"parent":0,"menu_order":0,"comment_status":"closed","ping_status":"closed","template":"","meta":{"footnotes":""},"class_list":["post-83","page","type-page","status-publish"],"_links":{"self":[{"href":"https:\/\/www.btaytd.org\/web\/wp-json\/wp\/v2\/pages\/83"}],"collection":[{"href":"https:\/\/www.btaytd.org\/web\/wp-json\/wp\/v2\/pages"}],"about":[{"href":"https:\/\/www.btaytd.org\/web\/wp-json\/wp\/v2\/types\/page"}],"author":[{"embeddable":true,"href":"https:\/\/www.btaytd.org\/web\/wp-json\/wp\/v2\/users\/2"}],"replies":[{"embeddable":true,"href":"https:\/\/www.btaytd.org\/web\/wp-json\/wp\/v2\/comments?post=83"}],"version-history":[{"count":31,"href":"https:\/\/www.btaytd.org\/web\/wp-json\/wp\/v2\/pages\/83\/revisions"}],"predecessor-version":[{"id":1213,"href":"https:\/\/www.btaytd.org\/web\/wp-json\/wp\/v2\/pages\/83\/revisions\/1213"}],"wp:attachment":[{"href":"https:\/\/www.btaytd.org\/web\/wp-json\/wp\/v2\/media?parent=83"}],"curies":[{"name":"wp","href":"https:\/\/api.w.org\/{rel}","templated":true}]}}