{"id":95,"date":"2019-08-30T05:42:08","date_gmt":"2019-08-30T05:42:08","guid":{"rendered":"https:\/\/www.btaytd.org\/web\/?page_id=95"},"modified":"2026-01-22T11:54:46","modified_gmt":"2026-01-22T11:54:46","slug":"tarihce","status":"publish","type":"page","link":"https:\/\/www.btaytd.org\/web\/tr\/tarihce\/","title":{"rendered":"Tarih\u00e7e"},"content":{"rendered":"\n<p><strong>BATI TRAKYA AZINLI\u011eI Y\u00dcKSEK TAHS\u0130LL\u0130LER DERNE\u011e\u0130<\/strong><\/p>\n\n\n\n<p>1982 y\u0131l\u0131nda 28 kurucu \u00fcye taraf\u0131ndan kurulan B.T.A.Y.T. Derne\u011fi 31 Mart 1982\u2019de \u00fclkenin resmi makamlar\u0131nca tan\u0131narak faaliyet g\u00f6stermeye ba\u015flam\u0131\u015ft\u0131r. Dernek her y\u0131l Ocak ay\u0131 i\u00e7erisinde yap\u0131lan Genel Kurulda se\u00e7imle i\u015f ba\u015f\u0131na gelen 7 ki\u015filik Y\u00f6netim ve 3 ki\u015filik Denetim Kurulu\u2019ndan m\u00fcte\u015fekkil bir kadroyla bir y\u0131l s\u00fcreyle y\u00f6netilir. G\u00f6reve getirilen y\u00f6netim kurullar\u0131 kendi aralar\u0131nda Ba\u015fkan, Asba\u015fkan, Genel Sekreter ve Kasadar\u0131n\u0131 belirleme hakk\u0131na sahiptir.<\/p>\n\n\n\n<p><strong>Kurulu\u015f Tarih\u00e7esi<\/strong><\/p>\n\n\n\n<p>Yeni bir dernek kurma d\u00fc\u015f\u00fcncesi 1968 y\u0131l\u0131nda \u201cCelal Bayar Lisesi\u201d mezunlar\u0131 derne\u011fi olarak olu\u015fmaya ba\u015flam\u0131\u015ft\u0131r. Temel d\u00fc\u015f\u00fcnce b\u00f6yle bir derne\u011fi kurmak ve kraliyet ailesinden daha fazla ilgi g\u00f6rebilmekti. Fakat bu d\u00fc\u015f\u00fcnce, Celal Bayar Lisesi mezunlar\u0131n\u0131n azl\u0131\u011f\u0131ndan dolay\u0131 ger\u00e7ekle\u015fmemi\u015f ve fikir d\u00fczeyinde kalm\u0131\u015ft\u0131r.<\/p>\n\n\n\n<p>Kral Yunanistan&#8217;dan ayr\u0131l\u0131nca art\u0131k kraliyet ailesinin ilgisi s\u00f6z konusu de\u011fildi. Daha sonralar\u0131 1970&#8217;li y\u0131llar\u0131n ilk yar\u0131s\u0131ndan itibaren Celal Bayar Lisesi mezunlar\u0131 de\u011fil de, Bat\u0131 Trakya T\u00fcrk Az\u0131nl\u0131\u011f\u0131&#8217;n\u0131 kapsayacak bir derne\u011fin kurulmas\u0131 g\u00fcndeme gelmi\u015ftir. Esas istenen, Bat\u0131 Trakya T\u00fcrk Az\u0131nl\u0131\u011f\u0131 Y\u00fcksek Tahsilliler Derne\u011fi ad\u0131 alt\u0131nda bir derne\u011fin kurulmas\u0131yd\u0131. Bu arada 1972 y\u0131l\u0131nda Yunanistan&#8217;da Dernekler Kanunu&#8217;nda de\u011fi\u015fiklik yap\u0131lm\u0131\u015ft\u0131r. Bat\u0131 Trakya T\u00fcrk \u00d6\u011fretmenler Birli\u011fi ad\u0131ndan &#8220;T\u00fcrk&#8221; kelimesinin \u00e7\u0131kar\u0131lmas\u0131 istenince, ad\u0131nda &#8220;T\u00fcrk&#8221; kelimesi bulunan ba\u015fka bir derne\u011fin kurulmas\u0131 da m\u00fcmk\u00fcn de\u011fildi. Mahkemeye yap\u0131lacak Ba\u015fvuru sonucunda; dernek e\u011fer ad\u0131nda &#8220;T\u00fcrk&#8221; kelimesi oldu\u011fundan dolay\u0131 reddedilirse, bu sefer de &#8220;T\u00fcrk&#8221; s\u00f6zc\u00fc\u011f\u00fc olmaks\u0131z\u0131n mahkemeye ba\u015fvurulmas\u0131 \u00f6ng\u00f6r\u00fcl\u00fcyordu.<\/p>\n\n\n\n<p>Yunanistan&#8217;a demokrasinin gelmesine ra\u011fmen, Cunta y\u00f6netiminin Bat\u0131 Trakya T\u00fcrk Az\u0131nl\u0131\u011f\u0131&#8217;na uygulad\u0131\u011f\u0131 bask\u0131lar aynen devam ediyordu, i\u015fte, Bat\u0131 Trakya T\u00fcrk Az\u0131nl\u0131\u011f\u0131&#8217;n\u0131n sorunlar\u0131n\u0131 dile getirecek resmi bir kurulu\u015fun varl\u0131\u011f\u0131na&nbsp;\u015fiddetle ihtiya\u00e7 duyuldu\u011fundan, b\u00f6yle bir derne\u011fin bir an \u00f6nce kurulmas\u0131 zarureti \u00fczerinde duruluyordu.<\/p>\n\n\n\n<p><strong>Birinci toplant\u0131:<\/strong><\/p>\n\n\n\n<p><strong><em>Derne\u011fin kurulu\u015f nedeni&#8230;<\/em><\/strong><\/p>\n\n\n\n<p>Bat\u0131 Trakya Az\u0131nl\u0131\u011f\u0131 Y\u00fcksek Tahsilliler Derne\u011fi ile ilgili ilk ciddi kurulu\u015f \u00e7al\u0131\u015fmalar\u0131 17 Ekim 1976&#8217;da Bat\u0131 Trakya T\u00fcrk \u00d6\u011fretmenler Birli\u011fi&#8217;nde ba\u015flat\u0131lm\u0131\u015ft\u0131r. \u0130lk toplant\u0131n\u0131n ba\u015fkanl\u0131\u011f\u0131na en ya\u015fl\u0131 \u00fcye s\u0131fat\u0131yla As\u0131m Halilo\u011flu getirilmi\u015ftir. Yap\u0131lan bu ilk kurulu\u015f toplant\u0131s\u0131nda t\u00fcz\u00fck maddeleri tart\u0131\u015f\u0131lm\u0131\u015f ve derne\u011fin kurulu\u015f zarureti ve amac\u0131 \u00fczerinde durulmu\u015ftur. Derne\u011fin kurulmas\u0131na y\u00f6nelik itici g\u00fc\u00e7; Bat\u0131 Trakya T\u00fcrk Az\u0131nl\u0131\u011f\u0131&#8217;nda \u00fcniversite mezunlar\u0131n\u0131n teker teker de\u011fil de, bir grup olarak neler yapt\u0131klar\u0131n\u0131 halk\u0131n sorgulamas\u0131 olmu\u015ftur. Derne\u011fin kurulu\u015f nedenlerinin ba\u015f\u0131nda, halktan gelen toplu hareket etme iste\u011fi b\u00fcy\u00fck rol oynam\u0131\u015ft\u0131r. Yap\u0131lan ilk toplant\u0131da di\u011fer derneklerimizin toplum sorunlar\u0131na hizmet edecek \u00e7apta t\u00fcz\u00fckleri olmad\u0131\u011f\u0131 da dile getirilmi\u015f ve b\u00f6yle bir derne\u011fin kurulmas\u0131n\u0131n gerekli oldu\u011fu sonucuna var\u0131lm\u0131\u015ft\u0131r.<\/p>\n\n\n\n<p><strong>\u0130kinci toplant\u0131:<\/strong><\/p>\n\n\n\n<p><strong><em>Az\u0131nl\u0131\u011f\u0131m\u0131z, Bat\u0131 Trakya T\u00fcrk Az\u0131nl\u0131\u011f\u0131d\u0131r&#8230;<\/em><\/strong><\/p>\n\n\n\n<p>Derne\u011fin kurulu\u015f \u00e7al\u0131\u015fmalar\u0131na 24-10-1976 g\u00fcn\u00fc Bat\u0131 Trakya T\u00fcrk \u00d6\u011fretmenler Birli\u011fi&#8217;nde yap\u0131lan ikinci toplant\u0131yla devam edilmi\u015ftir. \u0130kinci kurulu\u015f toplant\u0131s\u0131na yeni \u00fcyelerle birlikte toplam 22 ki\u015fi kat\u0131lm\u0131\u015ft\u0131r. Bu toplant\u0131n\u0131n ba\u015fkanl\u0131\u011f\u0131n\u0131 da As\u0131m Halilo\u011flu \u00fcstlenmi\u015ftir. As\u0131m Halilo\u011flu, bu toplant\u0131da &#8220;Az\u0131nl\u0131\u011f\u0131m\u0131z, Bat\u0131 Trakya T\u00fcrk Az\u0131nl\u0131\u011f\u0131&#8217;d\u0131r&#8221; s\u00f6zlerinin derne\u011fe \u00fcye kayd\u0131 esnas\u0131nda b\u00fct\u00fcn \u00fcyelere bildirilmesini \u00f6nermi\u015f ve&nbsp; teklif oy birli\u011fiyle kabul edilmi\u015ftir. Bu toplant\u0131n\u0131n en \u00f6nemli \u00f6zelli\u011fini, dernek t\u00fcz\u00fc\u011f\u00fcnde, &#8220;T\u00fcrk&#8221; kelimesinin kullan\u0131l\u0131p kullan\u0131lmamas\u0131 \u00fczerinde yap\u0131lan tart\u0131\u015fmalar olu\u015fturmu\u015ftur. Baz\u0131 \u00fcyeler, &#8220;T\u00fcrk&#8221; kelimesinin mahkeme \u00fcyelerini olumsuz y\u00f6nde etkileyece\u011fi g\u00f6r\u00fc\u015f\u00fcn\u00fc savunurken, baz\u0131lar\u0131 da &#8220;M\u00fcsl\u00fcman&#8221; s\u00f6zc\u00fc\u011f\u00fcn\u00fcn mahkeme esnas\u0131nda fayda sa\u011flayaca\u011f\u0131n\u0131 belirtmi\u015flerdir. \u00dcyelerden baz\u0131lar\u0131 ise t\u00fcz\u00fckte sadece &#8220;Az\u0131nl\u0131k&#8221; kelimesinin ge\u00e7mesini savunmu\u015ftur. Di\u011fer bir g\u00f6r\u00fc\u015f ise &#8220;T\u00fcrk -M\u00fcsl\u00fcman&#8221; kelimeleri \u00fczerinde duruyordu. Avukat Orhan Hac\u0131ibram&#8217;\u0131n haz\u0131rlad\u0131\u011f\u0131 t\u00fcz\u00fck tasla\u011f\u0131n\u0131n maddeleri g\u00f6r\u00fc\u015f\u00fclmeye ba\u015flay\u0131nca, derne\u011fin ad\u0131 \u201cBat\u0131 Trakya Az\u0131nl\u0131\u011f\u0131 Y\u00fcksek Tahsilliler Deme\u011fi\u201d olarak oy birli\u011fiyle kabul edilmi\u015ftir.<\/p>\n\n\n\n<p><strong>\u00dc\u00e7\u00fcnc\u00fc toplant\u0131:<\/strong><\/p>\n\n\n\n<p><strong><em>Hukuk komisyonu kuruluyor&#8230;<\/em><\/strong><\/p>\n\n\n\n<p>Derne\u011fin tart\u0131\u015fmal\u0131 ge\u00e7en ikinci toplant\u0131s\u0131ndan sonra, \u00fc\u00e7\u00fcnc\u00fc toplant\u0131 31-10-1976 g\u00fcn\u00fc Bat\u0131 Trakya T\u00fcrk \u00d6\u011fretmenler Birli\u011fi&#8217;nde yap\u0131ld\u0131. Toplant\u0131da t\u00fcz\u00fck \u00fczerindeki tart\u0131\u015fmalar devam etti ve \u00fcyelik konusunda bir hukuk komisyonunun kurulmas\u0131na karar verildi.<\/p>\n\n\n\n<p><strong>D\u00f6rd\u00fcnc\u00fc Toplant\u0131:<\/strong><\/p>\n\n\n\n<p><strong><em>T\u00fcz\u00fck \u00fczerindeki tart\u0131\u015fmalar devam etti&#8230;<\/em><\/strong><\/p>\n\n\n\n<p>Dernek kurma \u00e7al\u0131\u015fmalar\u0131 h\u0131zla devam etti ve kurucular d\u00f6rd\u00fcnc\u00fc defa bir araya geldiler. D\u00f6rd\u00fcnc\u00fc kurulu\u015f toplant\u0131s\u0131 14-11-1976 g\u00fcn\u00fc Bat\u0131 Trakya T\u00fcrk \u00d6\u011fretmenler Birli\u011fi&#8217;nde ger\u00e7ekle\u015fti. Toplant\u0131ya 12 kurucu \u00fcye kat\u0131ld\u0131. Bu toplant\u0131da da t\u00fcz\u00fck \u00fczerindeki tart\u0131\u015fmalar yo\u011fun bir \u015fekilde devam etti.<\/p>\n\n\n\n<p><strong>Be\u015finci toplant\u0131:<\/strong><\/p>\n\n\n\n<p><strong><em>\u00dcniversite \u00f6\u011frencileri \u201caday \u00fcye\u201d olabilir&#8230;<\/em><\/strong><\/p>\n\n\n\n<p>Kurulu\u015f toplant\u0131lar\u0131n\u0131n be\u015fincisi 21-11 -1976 tarihinde G\u00fcm\u00fclcine T\u00fcrk Gen\u00e7ler Birli\u011fi&#8217;nde yap\u0131ld\u0131. Toplant\u0131n\u0131n g\u00fcndemini \u00fcniversite \u00f6\u011frencilerinin &#8220;aday \u00fcye&#8221; olabilecekleri g\u00f6r\u00fc\u015f\u00fc olu\u015fturdu. T\u00fcz\u00fck \u00fczerindeki tart\u0131\u015fmalar devam etti. Yine bu toplant\u0131da baz\u0131 \u00fcyeler t\u00fcz\u00fckte yeri geldi\u011finde ve bir defaya mahsus olmak \u00fczere, &#8220;M\u00fcsl\u00fcman &#8211; T\u00fcrk&#8221; kelimelerinin ge\u00e7mesini \u00f6nerdiler. Di\u011fer baz\u0131 \u00fcyeler de &#8220;M\u00fcsl\u00fcman&#8221; kelimesinin Lozan Antla\u015fmas\u0131&#8217;nda var oldu\u011funu ve dolay\u0131s\u0131yla t\u00fcz\u00fckte yer almas\u0131na gerek olmad\u0131\u011f\u0131n\u0131 belirttiler. Toplant\u0131 sonunda yap\u0131lan oylamada t\u00fcz\u00fckte &#8220;T\u00fcrk&#8221; kelimesinin ge\u00e7mesine karar verildi.<\/p>\n\n\n\n<p><strong>Alt\u0131nc\u0131 toplant\u0131:<\/strong><\/p>\n\n\n\n<p><strong><em>\u0130lkokul \u00f6\u011fretmeni yeti\u015ftiren kurumlardan mezun olanlar\u0131n derne\u011fe \u00fcye olarak kabul edilmeyecekleri belirlendi&#8230;<\/em><\/strong><\/p>\n\n\n\n<p>Kurulu\u015f \u00e7al\u0131\u015fmalar\u0131n\u0131n alt\u0131nc\u0131s\u0131 5-12-1976 g\u00fcn\u00fc G\u00fcm\u00fclcine T\u00fcrk Gen\u00e7ler Birli\u011fi&#8217;nde yap\u0131ld\u0131. Bu toplant\u0131da t\u00fcz\u00fc\u011fe, &#8220;ilkokul \u00f6\u011fretmeni yeti\u015ftiren kurumlardan mezun olanlar derne\u011fe kabul edilmezler&#8221; c\u00fcmlesinin eklenmesine karar verildi.<\/p>\n\n\n\n<p>Derne\u011fin kurulu\u015f \u00e7al\u0131\u015fmalar\u0131 ile ilgili toplant\u0131lar; \u0130ske\u00e7e T\u00fcrk Birli\u011fi, G\u00fcm\u00fclcine T\u00fcrk Gen\u00e7ler Birli\u011fi ve Bat\u0131 Trakya T\u00fcrk \u00d6\u011fretmenler Birli\u011fi&#8217;nde yap\u0131lm\u0131\u015ft\u0131r. Toplant\u0131lara genellikle 10-15 ki\u015fi kat\u0131l\u0131yordu. Genelde b\u00fct\u00fcn toplant\u0131lara a\u015fa\u011f\u0131daki \u00fcyeler kat\u0131lmaktayd\u0131lar:<\/p>\n\n\n\n<p>1- As\u0131m Halilo\u011flu<\/p>\n\n\n\n<p>2- Hasan \u0130mamo\u011flu<\/p>\n\n\n\n<p>3- Orhan Hac\u0131ibram<\/p>\n\n\n\n<p>4- Tevfik H\u00fcseyino\u011flu<\/p>\n\n\n\n<p>5- \u0130smail Rodoplu<\/p>\n\n\n\n<p>6- Hikmet Cemilo\u011flu<\/p>\n\n\n\n<p>7- Enver Kasapo\u011flu<\/p>\n\n\n\n<p>8- Mehmet Ba\u011fdatl\u0131<\/p>\n\n\n\n<p>9- Adem Bekiro\u011flu<\/p>\n\n\n\n<p>10- H\u00fcseyin Aga<\/p>\n\n\n\n<p>11- Musa Nuri Ali<\/p>\n\n\n\n<p>12- Necmi Delio\u011flu<\/p>\n\n\n\n<p>Dernek kurma \u00e7al\u0131\u015fmalar\u0131 1980 y\u0131l\u0131nda ciddi bir \u015fekilde ele al\u0131nd\u0131. T\u00fcz\u00fck haz\u0131rland\u0131. T\u00fcz\u00fc\u011f\u00fc Avukat Orhan Hac\u0131ibram haz\u0131rlad\u0131. Yap\u0131lan toplant\u0131larda t\u00fcz\u00fck okundu ve gereken d\u00fczenlemeler yap\u0131ld\u0131. Daha sonra mahkemeye m\u00fcracaat edildi ve dernek 1982 y\u0131l\u0131nda 28 kurucu \u00fcye ile resmen kurulmu\u015f oldu. Kurucu \u00fcyelerin kat\u0131l\u0131m\u0131yla Dr. Hikmet Cemilo\u011flu derne\u011fin ilk ba\u015fkan\u0131 oldu.<\/p>\n\n\n\n<p><strong><em>Mahkemeye verilen listede a\u015fa\u011f\u0131daki kurucu \u00fcyeler yer alm\u0131\u015ft\u0131:<\/em><\/strong><\/p>\n\n\n\n<p>1- Mehmet Ba\u011fdatl\u0131 &#8211; Doktor<\/p>\n\n\n\n<p>2- Mehmet M\u00fcft\u00fco\u011flu &#8211; Avukat<\/p>\n\n\n\n<p>3- Feruz Boyac\u0131 &#8211; in\u015faat M\u00fchendisi<\/p>\n\n\n\n<p>4- Adem Bekiro\u011flu &#8211; Avukat<\/p>\n\n\n\n<p>5- \u0130bram Onsuno\u011flu &#8211; Doktor<\/p>\n\n\n\n<p>6- Sad\u0131k Ahmet &#8211; Doktor<\/p>\n\n\n\n<p>7- \u0130smail Molla (Rodoplu) &#8211; Gazeteci<\/p>\n\n\n\n<p>8- Necati S\u00fct\u00e7\u00fco\u011flu &#8211; Doktor<\/p>\n\n\n\n<p>9- Hikmet Cemilo\u011flu &#8211; Doktor<\/p>\n\n\n\n<p>10- H\u00fcseyin Aga &#8211; Avukat<\/p>\n\n\n\n<p>11- Orhan Hac\u0131ibram- Avukat<\/p>\n\n\n\n<p>12- Nihat Tevfiko\u011flu &#8211; Di\u015f Hekimi<\/p>\n\n\n\n<p>13- Ali Nuri Musa &#8211; Veteriner Hekim<\/p>\n\n\n\n<p>14- \u0130bram \u015eerif &#8211; il\u00e2hiyat\u00e7\u0131<\/p>\n\n\n\n<p>15- AIi Besim &#8211; Di\u015f Hekimi<\/p>\n\n\n\n<p>16- Mehmet Devecio\u011flu &#8211; Veteriner Hekim<\/p>\n\n\n\n<p>17- Nait Sad\u0131k &#8211; Kimyager<\/p>\n\n\n\n<p>18- Hasan Ka\u015f\u0131k\u00e7\u0131o\u011flu &#8211; Avukat<\/p>\n\n\n\n<p>19- Hasan \u0130mamo\u011flu &#8211; Avukat<\/p>\n\n\n\n<p>20- Necati Hasano\u011flu &#8211; Doktor<\/p>\n\n\n\n<p>21- Tevfik H\u00fcseyino\u011flu &#8211; Lise \u00d6\u011fretmeni<\/p>\n\n\n\n<p>22- Hamdi B\u0131y\u0131kl\u0131 &#8211; Lise \u00d6\u011fretmeni<\/p>\n\n\n\n<p>23- Yusuf \u0130smail &#8211; Lise \u00d6\u011fretmeni<\/p>\n\n\n\n<p>24- Necmi Delio\u011flu &#8211; Lise \u00d6\u011fretmeni<\/p>\n\n\n\n<p>25- Hac\u0131saliho\u011flu Ziya &#8211; Lise \u00d6\u011fretmeni<\/p>\n\n\n\n<p>26- Y\u00fcksel Ahmet Beyo\u011flu &#8211; Lise \u00d6\u011fretmeni<\/p>\n\n\n\n<p>27- Recep Onba\u015f\u0131 &#8211; \u00d6\u011fretmen<\/p>\n\n\n\n<p>28- Ahmet Hac\u0131 Ahmet &#8211; \u0130n\u015faat M\u00fchendisi<\/p>\n\n\n\n<p><strong><em>\u0130lk ge\u00e7ici y\u00f6netim kurulu:<\/em><\/strong><\/p>\n\n\n\n<p>1- Aga H\u00fcseyin,<\/p>\n\n\n\n<p>2- Ba\u011fdatl\u0131 Mehmet,<\/p>\n\n\n\n<p>3- Bekiro\u011flu Adem,<\/p>\n\n\n\n<p>4- Cemilo\u011flu Hikmet,<\/p>\n\n\n\n<p>5- Ka\u015f\u0131k\u00e7\u0131o\u011flu Hasan,<\/p>\n\n\n\n<p>6- M\u00fcft\u00fco\u011flu Mehmet,<\/p>\n\n\n\n<p>7- Onsuno\u011flu \u0130bram.<\/p>\n\n\n\n<p>Ge\u00e7ici Y\u00f6netim Kurulu g\u00f6rev da\u011f\u0131l\u0131m\u0131na gerek g\u00f6rmedi. Ge\u00e7ici Y\u00f6netim Kurulu derne\u011fin ilk genel kurulunun 9 May\u0131s 1982 g\u00fcn\u00fc G\u00fcm\u00fclcine T\u00fcrk Gen\u00e7ler Birli\u011fi&#8217;nde yap\u0131lmas\u0131n\u0131 kararla\u015ft\u0131rd\u0131.<\/p>\n\n\n\n<p><strong><em>Dr. Hikmet Cemilo\u011flu derne\u011fin ilk ba\u015fkan\u0131 se\u00e7ildi&#8230;<\/em><\/strong><\/p>\n\n\n\n<p>Ge\u00e7ici y\u00f6netim kurulunun ald\u0131\u011f\u0131 karar uyar\u0131nca derne\u011fin ilk genel kurulu 9 May\u0131s 1982 g\u00fcn\u00fc G\u00fcm\u00fclcine T\u00fcrk Gen\u00e7ler Birli\u011fi&#8217;nde yap\u0131ld\u0131, ilk genel kurulda olu\u015fan y\u00f6netim kurulu 16 May\u0131s 1982&#8217;de G\u00fcm\u00fclcine T\u00fcrk Gen\u00e7ler Birli\u011fi&#8217;nde bir araya geldi. Y\u00f6netim kurulu kendi aras\u0131nda yapt\u0131\u011f\u0131 g\u00f6rev da\u011f\u0131l\u0131m\u0131 sonucunda Dr. Hikmet Cemilo\u011flu&#8217;nu derne\u011fin ilk ba\u015fkan\u0131 olarak se\u00e7ti. Derne\u011fin ilk y\u00f6netim kurulu a\u015fa\u011f\u0131daki \u00fcyelerden olu\u015ftu:<\/p>\n\n\n\n<p>1- Ba\u015fkan: Dr. Hikmet Cemilo\u011flu<\/p>\n\n\n\n<p>2- Asba\u015fkan: Dr. Mehmet Ba\u011fdatl\u0131<\/p>\n\n\n\n<p>3- Genel Sekreter: Dr. \u0130bram Onsuno\u011flu<\/p>\n\n\n\n<p>4- Kasadar: Av. Adem Bekiro\u011flu<\/p>\n\n\n\n<p>5- \u00dcye: Av, Orhan Hac\u0131ibram<\/p>\n\n\n\n<p>6- \u00dcye: \u00d6\u011fr. Enver Kasapo\u011flu<\/p>\n\n\n\n<p>7- \u00dcye: Gazeteci \u0130smail Molla &#8211; Rodoplu<\/p>\n","protected":false},"excerpt":{"rendered":"<p>BATI TRAKYA AZINLI\u011eI Y\u00dcKSEK TAHS\u0130LL\u0130LER DERNE\u011e\u0130 1982 y\u0131l\u0131nda 28 kurucu \u00fcye taraf\u0131ndan kurulan B.T.A.Y.T. Derne\u011fi 31 Mart 1982\u2019de \u00fclkenin resmi makamlar\u0131nca tan\u0131narak faaliyet g\u00f6stermeye ba\u015flam\u0131\u015ft\u0131r. Dernek her y\u0131l Ocak ay\u0131 i\u00e7erisinde yap\u0131lan Genel Kurulda se\u00e7imle i\u015f ba\u015f\u0131na gelen 7 ki\u015filik Y\u00f6netim ve 3 ki\u015filik Denetim Kurulu\u2019ndan m\u00fcte\u015fekkil bir kadroyla bir y\u0131l s\u00fcreyle y\u00f6netilir. G\u00f6reve getirilen<\/p>\n<div class=\"read-more\"><a href=\"https:\/\/www.btaytd.org\/web\/tr\/tarihce\/\" title=\"Read More\">Read More<\/a><\/div>\n","protected":false},"author":2,"featured_media":0,"parent":0,"menu_order":0,"comment_status":"closed","ping_status":"closed","template":"","meta":{"footnotes":""},"class_list":["post-95","page","type-page","status-publish"],"_links":{"self":[{"href":"https:\/\/www.btaytd.org\/web\/wp-json\/wp\/v2\/pages\/95"}],"collection":[{"href":"https:\/\/www.btaytd.org\/web\/wp-json\/wp\/v2\/pages"}],"about":[{"href":"https:\/\/www.btaytd.org\/web\/wp-json\/wp\/v2\/types\/page"}],"author":[{"embeddable":true,"href":"https:\/\/www.btaytd.org\/web\/wp-json\/wp\/v2\/users\/2"}],"replies":[{"embeddable":true,"href":"https:\/\/www.btaytd.org\/web\/wp-json\/wp\/v2\/comments?post=95"}],"version-history":[{"count":4,"href":"https:\/\/www.btaytd.org\/web\/wp-json\/wp\/v2\/pages\/95\/revisions"}],"predecessor-version":[{"id":11364,"href":"https:\/\/www.btaytd.org\/web\/wp-json\/wp\/v2\/pages\/95\/revisions\/11364"}],"wp:attachment":[{"href":"https:\/\/www.btaytd.org\/web\/wp-json\/wp\/v2\/media?parent=95"}],"curies":[{"name":"wp","href":"https:\/\/api.w.org\/{rel}","templated":true}]}}