{"id":9635,"date":"2025-04-04T08:21:01","date_gmt":"2025-04-04T08:21:01","guid":{"rendered":"https:\/\/www.btaytd.org\/web\/?page_id=9635"},"modified":"2025-04-04T08:21:08","modified_gmt":"2025-04-04T08:21:08","slug":"pusula-dergisi-mart-sayisi","status":"publish","type":"page","link":"https:\/\/www.btaytd.org\/web\/tr\/pusula-dergisi-mart-sayisi\/","title":{"rendered":"Pusula Dergisi Mart Say\u0131s\u0131"},"content":{"rendered":"\n<p>Bat\u0131 Trakya Az\u0131nl\u0131\u011f\u0131 Y\u00fcksek Tahsilliler Derne\u011fi Ayl\u0131k Dijital Dergisi Pusula Mart Say\u0131s\u0131 ile Sizlerle.Keyifli Okumalar Dileriz.<\/p>\n\n\n\n<div data-wp-interactive=\"core\/file\" class=\"wp-block-file\"><object data-wp-bind--hidden=\"!state.hasPdfPreview\"  class=\"wp-block-file__embed\" data=\"https:\/\/www.btaytd.org\/web\/wp-content\/uploads\/2025\/04\/PUSULA-DERGI-SAYI-49-MART-1-1.pdf\" type=\"application\/pdf\" style=\"width:100%;height:600px\" aria-label=\"PUSULA DERG\u0130 SAYI 49- MART (1) g\u00f6m\u00fcs\u00fc.\"><\/object><a id=\"wp-block-file--media-d1a65fbc-7645-4c52-9081-30720535f155\" href=\"https:\/\/www.btaytd.org\/web\/wp-content\/uploads\/2025\/04\/PUSULA-DERGI-SAYI-49-MART-1-1.pdf\">PUSULA DERG\u0130 SAYI 49- MART (1)<\/a><a href=\"https:\/\/www.btaytd.org\/web\/wp-content\/uploads\/2025\/04\/PUSULA-DERGI-SAYI-49-MART-1-1.pdf\" class=\"wp-block-file__button wp-element-button\" download aria-describedby=\"wp-block-file--media-d1a65fbc-7645-4c52-9081-30720535f155\">\u0130ndir<\/a><\/div>\n","protected":false},"excerpt":{"rendered":"<p>Bat\u0131 Trakya Az\u0131nl\u0131\u011f\u0131 Y\u00fcksek Tahsilliler Derne\u011fi Ayl\u0131k Dijital Dergisi Pusula Mart Say\u0131s\u0131 ile Sizlerle.Keyifli Okumalar Dileriz.<\/p>\n","protected":false},"author":8,"featured_media":9626,"parent":0,"menu_order":0,"comment_status":"closed","ping_status":"closed","template":"","meta":{"footnotes":""},"class_list":["post-9635","page","type-page","status-publish","has-post-thumbnail"],"_links":{"self":[{"href":"https:\/\/www.btaytd.org\/web\/wp-json\/wp\/v2\/pages\/9635"}],"collection":[{"href":"https:\/\/www.btaytd.org\/web\/wp-json\/wp\/v2\/pages"}],"about":[{"href":"https:\/\/www.btaytd.org\/web\/wp-json\/wp\/v2\/types\/page"}],"author":[{"embeddable":true,"href":"https:\/\/www.btaytd.org\/web\/wp-json\/wp\/v2\/users\/8"}],"replies":[{"embeddable":true,"href":"https:\/\/www.btaytd.org\/web\/wp-json\/wp\/v2\/comments?post=9635"}],"version-history":[{"count":1,"href":"https:\/\/www.btaytd.org\/web\/wp-json\/wp\/v2\/pages\/9635\/revisions"}],"predecessor-version":[{"id":9636,"href":"https:\/\/www.btaytd.org\/web\/wp-json\/wp\/v2\/pages\/9635\/revisions\/9636"}],"wp:featuredmedia":[{"embeddable":true,"href":"https:\/\/www.btaytd.org\/web\/wp-json\/wp\/v2\/media\/9626"}],"wp:attachment":[{"href":"https:\/\/www.btaytd.org\/web\/wp-json\/wp\/v2\/media?parent=9635"}],"curies":[{"name":"wp","href":"https:\/\/api.w.org\/{rel}","templated":true}]}}